{"id":5304,"date":"2023-02-23T11:01:11","date_gmt":"2023-02-23T17:01:11","guid":{"rendered":"https:\/\/tecsecmty.com\/index.php\/producto\/ubiquiti-ltu-pro-cliente-ptmp-ltu-pro-5-ghz-4-8-6-2-ghz-con-antena-integrada-de-24-dbi-cctv\/"},"modified":"2023-03-22T23:24:31","modified_gmt":"2023-03-23T05:24:31","slug":"ubiquiti-ltu-pro-cliente-ptmp-ltu-pro-5-ghz-4-8-6-2-ghz-con-antena-integrada-de-24-dbi-cctv","status":"publish","type":"product","link":"https:\/\/tecsecmty.com\/index.php\/producto\/ubiquiti-ltu-pro-cliente-ptmp-ltu-pro-5-ghz-4-8-6-2-ghz-con-antena-integrada-de-24-dbi-cctv\/","title":{"rendered":"UBIQUITI LTU-PRO Cliente PtMP LTU Pro, 5 GHz (4.8 &#8211; 6-2 GHz) con antena integrada de 24 dBi #CCTV"},"content":{"rendered":"<p><img decoding=\"async\" class=\"aligncenter\" src=\"https:\/\/tvc.mx\/media\/319659\/LTU-Pro_Front_Mounted_7f6e14e7-7774-453b-a98c-aec4dcac074d_grande.png\" alt=\" \" \/><\/p>\n<h2>Cliente LTU PtMP de 5 GHz con rendimiento de RF avanzado.<\/h2>\n<p class=\"text-muted\">\n<p class=\"ql-align-justify\">La LTU Pro, que incorpora un dise\u00f1o industrial innovador con tecnolog\u00eda avanzada, es una estaci\u00f3n de suscriptor de alto rendimiento de punto a multipunto (PtMP) de 5 GHz.<\/p>\n<p class=\"ql-align-justify\">Basado en la tecnolog\u00eda LTU patentada de Ubiquiti, el LTU Pro no se ve obstaculizado por las limitaciones de la tecnolog\u00eda Wi-Fi est\u00e1ndar 802.11.<\/p>\n<p class=\"ql-align-justify\">Cuenta con un plato de alta ganancia integrado para largo alcance y alto rendimiento.\u00a0La flexibilidad de ancho de canal (10\/20\/30\/40\/50 MHz) permite configuraciones de frecuencia de canal TX y RX independientes en cualquier lugar dentro de la banda de radio para evitar interferencias locales.<\/p>\n<p>&nbsp;<\/p>\n<div class=\"col-md-5\"><img decoding=\"async\" class=\"d-block m-auto img-thumbnail aligncenter\" src=\"https:\/\/tvc.mx\/media\/492910\/LTU-Pro_Back_Mounted_grande.png\" alt=\" \" \/><\/div>\n<div class=\"col-md-7 text-md-left text-center\">\n<h2>Principales Caracter\u00edsticas<\/h2>\n<p class=\"text-muted\">\n<ul>\n<li>PtMP CPE<\/li>\n<li class=\"ql-indent-1\">1024 QAM<\/li>\n<li class=\"ql-indent-1\">Ancho de banda de canal de 10\/20\/30\/40\/50 MHz<\/li>\n<li class=\"ql-indent-1\">Gesti\u00f3n de configuraci\u00f3n central desde el lado del AP<\/li>\n<li class=\"ql-indent-1\">Divisi\u00f3n de frecuencia<\/li>\n<li class=\"ql-indent-1\">Ajustes autom\u00e1ticos de potencia<\/li>\n<li class=\"ql-indent-1\">Soporte de modo de enrutador<\/li>\n<li class=\"ql-indent-1\">Se alimenta con Gigabit PoE 24V, 0,5 A (Incluido)<\/li>\n<\/ul>\n<p>Funciona en un entorno PtMP con LTU-Rocket como estaci\u00f3n base<\/p>\n<\/div>\n<p><img decoding=\"async\" class=\"aligncenter\" src=\"https:\/\/tvc.mx\/media\/492912\/Captura-de-pantalla-2022-08-17-112226.png\" alt=\" \" \/><\/p>\n<h2>Incluye<\/h2>\n<p class=\"text-muted\">\n<ul>\n<li class=\"ql-align-justify\">LTU-Pro<\/li>\n<li class=\"ql-align-justify\"><img decoding=\"async\" src=\"http:\/\/dl-origin.ubnt.com\/qsg\/LTU-Pro\/image\/Contents_Mounting_Bracket.png\" \/>Soporte de montaje<\/li>\n<li class=\"ql-align-justify\"><img decoding=\"async\" src=\"http:\/\/dl-origin.ubnt.com\/qsg\/LTU-Pro\/image\/Contents_Bracket_Clamp.png\" \/>Abrazadera de sujeci\u00f3n<\/li>\n<li class=\"ql-align-justify\"><img decoding=\"async\" src=\"http:\/\/dl-origin.ubnt.com\/qsg\/LTU-Pro\/image\/Contents_Pole_Clamp.png\" \/>Abrazadera de sujeci\u00f3n<\/li>\n<li class=\"ql-align-justify\"><img decoding=\"async\" src=\"http:\/\/dl-origin.ubnt.com\/qsg\/LTU-Pro\/image\/Contents_M8_Carriage_Bolt_Qty_2.png\" \/>Tornillos de cabeza redonda (cant.: 2)<\/li>\n<li class=\"ql-align-justify\"><img decoding=\"async\" src=\"http:\/\/dl-origin.ubnt.com\/qsg\/LTU-Pro\/image\/Contents_M8_Flange_Nuts_x2.png\" \/>Tuercas de brida (cant.: 2)<\/li>\n<li class=\"ql-align-justify\"><img decoding=\"async\" src=\"http:\/\/dl-origin.ubnt.com\/qsg\/LTU-Pro\/image\/Contents__PoE_smallFF_24V_0.5A.png\" \/>Gigabit PoE (24V, 0,5 A) con soporte de montaje<\/li>\n<li class=\"ql-align-justify\"><img decoding=\"async\" src=\"http:\/\/dl-origin.ubnt.com\/qsg\/LTU-Pro\/image\/Contents_Power-Cord_White.png\" \/>Cable de alimentaci\u00f3n<\/li>\n<\/ul>\n<p>&nbsp;<\/p>\n<p>&nbsp;<\/p>\n<p>&nbsp;<\/p>\n","protected":false},"excerpt":{"rendered":"<p>Cliente LTU PtMP de 5 GHz con rendimiento de RF avanzado. La LTU Pro, que incorpora un dise\u00f1o industrial innovador con tecnolog\u00eda avanzada, es una estaci\u00f3n de suscriptor de alto rendimiento de punto a multipunto (PtMP) de 5 GHz. Basado en la tecnolog\u00eda LTU patentada&hellip;<\/p>\n","protected":false},"featured_media":5303,"comment_status":"open","ping_status":"closed","template":"","meta":{"om_disable_all_campaigns":false,"_monsterinsights_skip_tracking":false,"_monsterinsights_sitenote_active":false,"_monsterinsights_sitenote_note":"","_monsterinsights_sitenote_category":0},"product_brand":[],"product_cat":[451],"product_tag":[438,437,431,436,434,439,432,433,435,185,430],"class_list":{"0":"post-5304","1":"product","2":"type-product","3":"status-publish","4":"has-post-thumbnail","6":"product_cat-banda-5-8-ghz-enlaces-ptp-y-ptmp","7":"product_tag-controladores","8":"product_tag-fibra","9":"product_tag-networkin","10":"product_tag-poe","11":"product_tag-ptp-y-ptmp","12":"product_tag-punto-de-acceso","13":"product_tag-redes","14":"product_tag-sectoriales","15":"product_tag-switches-poe","16":"product_tag-tranceptores","17":"product_tag-ubiquiti","19":"first","20":"instock","21":"sale","22":"taxable","23":"shipping-taxable","24":"purchasable","25":"product-type-simple"},"aioseo_notices":[],"_links":{"self":[{"href":"https:\/\/tecsecmty.com\/index.php\/wp-json\/wp\/v2\/product\/5304","targetHints":{"allow":["GET"]}}],"collection":[{"href":"https:\/\/tecsecmty.com\/index.php\/wp-json\/wp\/v2\/product"}],"about":[{"href":"https:\/\/tecsecmty.com\/index.php\/wp-json\/wp\/v2\/types\/product"}],"replies":[{"embeddable":true,"href":"https:\/\/tecsecmty.com\/index.php\/wp-json\/wp\/v2\/comments?post=5304"}],"version-history":[{"count":0,"href":"https:\/\/tecsecmty.com\/index.php\/wp-json\/wp\/v2\/product\/5304\/revisions"}],"wp:featuredmedia":[{"embeddable":true,"href":"https:\/\/tecsecmty.com\/index.php\/wp-json\/wp\/v2\/media\/5303"}],"wp:attachment":[{"href":"https:\/\/tecsecmty.com\/index.php\/wp-json\/wp\/v2\/media?parent=5304"}],"wp:term":[{"taxonomy":"product_brand","embeddable":true,"href":"https:\/\/tecsecmty.com\/index.php\/wp-json\/wp\/v2\/product_brand?post=5304"},{"taxonomy":"product_cat","embeddable":true,"href":"https:\/\/tecsecmty.com\/index.php\/wp-json\/wp\/v2\/product_cat?post=5304"},{"taxonomy":"product_tag","embeddable":true,"href":"https:\/\/tecsecmty.com\/index.php\/wp-json\/wp\/v2\/product_tag?post=5304"}],"curies":[{"name":"wp","href":"https:\/\/api.w.org\/{rel}","templated":true}]}}