{"id":5306,"date":"2023-02-23T11:01:12","date_gmt":"2023-02-23T17:01:12","guid":{"rendered":"https:\/\/tecsecmty.com\/index.php\/producto\/ubiquiti-ltu-rocket-radio-estacion-base-ptmp-lturocket-5ghz-ideal-para-cctv-exterior-29-dbm-rendimiento-hasta-600-mbps-sincronizacion-gps-filtrado-rf-propietario-cctv\/"},"modified":"2023-03-22T23:24:31","modified_gmt":"2023-03-23T05:24:31","slug":"ubiquiti-ltu-rocket-radio-estacion-base-ptmp-lturocket-5ghz-ideal-para-cctv-exterior-29-dbm-rendimiento-hasta-600-mbps-sincronizacion-gps-filtrado-rf-propietario-cctv","status":"publish","type":"product","link":"https:\/\/tecsecmty.com\/index.php\/producto\/ubiquiti-ltu-rocket-radio-estacion-base-ptmp-lturocket-5ghz-ideal-para-cctv-exterior-29-dbm-rendimiento-hasta-600-mbps-sincronizacion-gps-filtrado-rf-propietario-cctv\/","title":{"rendered":"UBIQUITI LTU-ROCKET &#8211; Radio Estaci\u00f3n Base PtMP LTURocket 5GHz Ideal Para CCTV \/ Exterior \/ 29 dBm \/ Rendimiento hasta 600 Mbps \/ Sincronizaci\u00f3n GPS \/ Filtrado RF Propietario #CCTV"},"content":{"rendered":"<p><img decoding=\"async\" src=\"https:\/\/tvc.mx\/media\/187699\/Ubiquiti-Ltu-Rocket-Radio-Principal1.PNG\" alt=\" \" \/><\/p>\n<h2>Radio LTU-Tocket para Punto Multi punto<\/h2>\n<p class=\"text-muted\">\n<p class=\"ql-align-justify\">Al incorporar la tecnolog\u00eda LTU patentada de Ubiquiti, el LTU-Rocket es un punto de acceso de 5 GHz con procesamiento de 2+ Mpps, filtrado de RF patentado y sincronizaci\u00f3n GPS flexible para un rendimiento superior. La flexibilidad de ancho de canal (10\/20\/30\/40\/50 MHz) permite configuraciones de frecuencia de canal TX y RX independientes en cualquier lugar dentro de la banda de radio, esto para evitar interferencias locales. Se incluye un procesador personalizado para el rendimiento futuro y las actualizaciones de funciones.<\/p>\n<p>&nbsp;<\/p>\n<div class=\"col-md-5\"><img decoding=\"async\" class=\"d-block m-auto img-thumbnail\" src=\"https:\/\/tvc.mx\/media\/187719\/Ubiquiti-Ltu-Rocket-Radio-Principal2.PNG\" alt=\" \" \/><\/div>\n<div class=\"col-md-7 text-md-left text-center\">\n<h2>Tecnolog\u00eda LTU revolucionaria<\/h2>\n<p class=\"text-muted\">\n<p class=\"ql-align-justify\">La tecnolog\u00eda LTU cuenta con una eficiencia espectral superior a comparaci\u00f3n de las tecnolog\u00edas 802.11n, 802.11ac, airFiber original.<\/p>\n<\/div>\n<p>&nbsp;<\/p>\n<h2>Excepcional rendimiento<\/h2>\n<p class=\"text-muted\">\n<p class=\"ql-align-justify\">Los equipos con tecnolog\u00eda LTU est\u00e1n dise\u00f1ados para el funcionamiento en ambientes de RF dif\u00edciles y poder ofrecer le mejor capacidad de trabajo sobre los mismos.<\/p>\n<p>&nbsp;<\/p>\n<h2>Paquete de programas completos.<\/h2>\n<p class=\"text-muted\">\n<p class=\"ql-align-justify\">Al momento de adquirir sus equipos LTU Ubiquiti, no solo se adquiere un equipo para sus enlaces, sino que, se ofrece una serie de programas para el funcionamiento \u00f3ptico de su implementaci\u00f3n, programas tales como: Administraci\u00f3n de los dispositivos, administraci\u00f3n de la red, planeaci\u00f3n de enlaces, etc.<\/p>\n<p>&nbsp;<\/p>\n<div class=\"col-md-5\"><img decoding=\"async\" class=\"d-block m-auto img-thumbnail\" src=\"https:\/\/tvc.mx\/media\/187739\/Ubiquiti-Ltu-Rocket-Radio-Especificaciones-Tecnicas.png\" alt=\" \" \/><\/div>\n<div class=\"col-md-7 text-md-left text-center\">\n<h2>Especificaciones t\u00e9cnicas<\/h2>\n<p><img decoding=\"async\" src=\"https:\/\/tvc.mx\/media\/522923\/Captura-de-pantalla-2022-09-29-112036.png\" alt=\" \" \/><\/p>\n<\/div>\n<h2>Incluye<\/h2>\n<p class=\"text-muted\">\n<ul>\n<li>LTU-Rocket<\/li>\n<li>Soporte para antena GPS<\/li>\n<li>Antena de GPS externa<\/li>\n<li>Tira de metal<\/li>\n<li>Kit de actualizaci\u00f3n IP67 (ventilaci\u00f3n y junta)<\/li>\n<li>Bridas (cant.: 2)<\/li>\n<li>Gigabit PoE (24V, 1A) con soporte de montaje<\/li>\n<li>Soporte universal<\/li>\n<li>Cable de alimentaci\u00f3n<\/li>\n<\/ul>\n","protected":false},"excerpt":{"rendered":"<p>Radio LTU-Tocket para Punto Multi punto Al incorporar la tecnolog\u00eda LTU patentada de Ubiquiti, el LTU-Rocket es un punto de acceso de 5 GHz con procesamiento de 2+ Mpps, filtrado de RF patentado y sincronizaci\u00f3n GPS flexible para un rendimiento superior. La flexibilidad de ancho&hellip;<\/p>\n","protected":false},"featured_media":5305,"comment_status":"open","ping_status":"closed","template":"","meta":{"om_disable_all_campaigns":false,"_monsterinsights_skip_tracking":false,"_monsterinsights_sitenote_active":false,"_monsterinsights_sitenote_note":"","_monsterinsights_sitenote_category":0},"product_brand":[],"product_cat":[451],"product_tag":[438,437,431,436,434,439,432,433,435,185,430],"class_list":{"0":"post-5306","1":"product","2":"type-product","3":"status-publish","4":"has-post-thumbnail","6":"product_cat-banda-5-8-ghz-enlaces-ptp-y-ptmp","7":"product_tag-controladores","8":"product_tag-fibra","9":"product_tag-networkin","10":"product_tag-poe","11":"product_tag-ptp-y-ptmp","12":"product_tag-punto-de-acceso","13":"product_tag-redes","14":"product_tag-sectoriales","15":"product_tag-switches-poe","16":"product_tag-tranceptores","17":"product_tag-ubiquiti","19":"first","20":"instock","21":"sale","22":"taxable","23":"shipping-taxable","24":"purchasable","25":"product-type-simple"},"aioseo_notices":[],"_links":{"self":[{"href":"https:\/\/tecsecmty.com\/index.php\/wp-json\/wp\/v2\/product\/5306","targetHints":{"allow":["GET"]}}],"collection":[{"href":"https:\/\/tecsecmty.com\/index.php\/wp-json\/wp\/v2\/product"}],"about":[{"href":"https:\/\/tecsecmty.com\/index.php\/wp-json\/wp\/v2\/types\/product"}],"replies":[{"embeddable":true,"href":"https:\/\/tecsecmty.com\/index.php\/wp-json\/wp\/v2\/comments?post=5306"}],"version-history":[{"count":0,"href":"https:\/\/tecsecmty.com\/index.php\/wp-json\/wp\/v2\/product\/5306\/revisions"}],"wp:featuredmedia":[{"embeddable":true,"href":"https:\/\/tecsecmty.com\/index.php\/wp-json\/wp\/v2\/media\/5305"}],"wp:attachment":[{"href":"https:\/\/tecsecmty.com\/index.php\/wp-json\/wp\/v2\/media?parent=5306"}],"wp:term":[{"taxonomy":"product_brand","embeddable":true,"href":"https:\/\/tecsecmty.com\/index.php\/wp-json\/wp\/v2\/product_brand?post=5306"},{"taxonomy":"product_cat","embeddable":true,"href":"https:\/\/tecsecmty.com\/index.php\/wp-json\/wp\/v2\/product_cat?post=5306"},{"taxonomy":"product_tag","embeddable":true,"href":"https:\/\/tecsecmty.com\/index.php\/wp-json\/wp\/v2\/product_tag?post=5306"}],"curies":[{"name":"wp","href":"https:\/\/api.w.org\/{rel}","templated":true}]}}