{"id":5308,"date":"2023-02-23T11:01:15","date_gmt":"2023-02-23T17:01:15","guid":{"rendered":"https:\/\/tecsecmty.com\/index.php\/producto\/ubiquiti-litebeam-m5-lbe-m5-23-radio-cpe-airmax-m5-5-ghz-5150-5875-mhz-antena-integrada-de-23-dbi-25-dbm-1-puerto-ethernet-10-100-rendimiento-de-hasta-100-mbps\/"},"modified":"2023-03-22T23:24:31","modified_gmt":"2023-03-23T05:24:31","slug":"ubiquiti-litebeam-m5-lbe-m5-23-radio-cpe-airmax-m5-5-ghz-5150-5875-mhz-antena-integrada-de-23-dbi-25-dbm-1-puerto-ethernet-10-100-rendimiento-de-hasta-100-mbps","status":"publish","type":"product","link":"https:\/\/tecsecmty.com\/index.php\/producto\/ubiquiti-litebeam-m5-lbe-m5-23-radio-cpe-airmax-m5-5-ghz-5150-5875-mhz-antena-integrada-de-23-dbi-25-dbm-1-puerto-ethernet-10-100-rendimiento-de-hasta-100-mbps\/","title":{"rendered":"UBIQUITI LiteBeam M5 LBE-M5-23 &#8211; Radio (CPE) airMAX M5\/ 5 GHz (5150 &#8211; 5875 MHz)\/ Antena Integrada de 23 dBi\/ 25 dBm\/ 1 Puerto Ethernet (10\/100)\/ Rendimiento de Hasta 100 Mbps\/"},"content":{"rendered":"<p><img decoding=\"async\" class=\"aligncenter\" src=\"https:\/\/tvc.mx\/media\/400987\/imgprincipalpng.png\" alt=\" \" \/><\/p>\n<h2>Descripci\u00f3n General<\/h2>\n<p class=\"text-muted\">\n<p class=\"ql-align-justify\">LiteBeam M5 airMax con antena integrada de 23 dBi, 802.11a\/n (5.1 &#8211; 5.8 GHz).<\/p>\n<p class=\"ql-align-justify\">De largo alcance, ligero CPE airMAX\u00ae El LiteBeam M es un dispositivo CPE airMax ultra ligero, con un incre\u00edble rango de precios.<\/p>\n<p>&nbsp;<\/p>\n<div class=\"col-md-5\"><img decoding=\"async\" class=\"d-block m-auto img-thumbnail aligncenter\" src=\"https:\/\/tvc.mx\/media\/400991\/Alignment.png\" alt=\" \" \/><\/div>\n<div class=\"col-md-7 text-md-left text-center\">\n<h2>Dise\u00f1o Industrial Avanzado.<\/h2>\n<p class=\"text-muted\">\n<p>Con la libertad de la alineaci\u00f3n de tres ejes, la LiteBeam completamente es montado en cuesti\u00f3n de segundos &#8211; sin necesidad de herramientas. S\u00f3lo se requiere una \u00fanica llave para el poste de montaje.<\/p>\n<\/div>\n<p>&nbsp;<\/p>\n<h2>Caracter\u00edsticas<\/h2>\n<p class=\"text-muted\">\n<ul>\n<li>Puertos: (1) 10\/100 Mbps.<\/li>\n<li>Modos de Operaci\u00f3n: Access Point.Estaci\u00f3n.<\/li>\n<li>Equipo de polaridad simple, SISO 1&#215;1.<\/li>\n<li>Tecnolog\u00eda airMAX.<\/li>\n<li>Potencia de Salida: 25 dBm<\/li>\n<li>Ganancia: 23 dBi<\/li>\n<li>Procesador Atheros MIPS.<\/li>\n<li>Fuerte seguridad WPA2 AES.<\/li>\n<li>Dimensiones: 362 x 267 x 184 mm.<\/li>\n<li>Peso: 750 g.<\/li>\n<li>Temperatura de Operaci\u00f3n: -40 a 70\u00b0 C.<\/li>\n<\/ul>\n<p>&nbsp;<\/p>\n<div class=\"col-md-5\"><img decoding=\"async\" class=\"d-block m-auto img-thumbnail aligncenter\" src=\"https:\/\/tvc.mx\/media\/401003\/rgegerg-%281%29.png\" alt=\" \" \/><\/div>\n<div class=\"col-md-7 text-md-left text-center\">\n<h2>Incluye<\/h2>\n<p class=\"text-muted\">\n<ul>\n<li>Bocina de alimentaci\u00f3n<\/li>\n<li>Panel reflector central<\/li>\n<li>Paneles reflectores laterales (cant.: 2)<\/li>\n<li>Receptor de alimentaci\u00f3n<\/li>\n<li>Montaje de r\u00f3tula<\/li>\n<li>Tira de metal<\/li>\n<li>Tornillos (cant.: 2)<\/li>\n<li>PoE (25 V, 0,2A)<\/li>\n<li>Cable de alimentaci\u00f3n<\/li>\n<\/ul>\n<\/div>\n","protected":false},"excerpt":{"rendered":"<p>Descripci\u00f3n General LiteBeam M5 airMax con antena integrada de 23 dBi, 802.11a\/n (5.1 &#8211; 5.8 GHz). De largo alcance, ligero CPE airMAX\u00ae El LiteBeam M es un dispositivo CPE airMax ultra ligero, con un incre\u00edble rango de precios. &nbsp; Dise\u00f1o Industrial Avanzado. Con la libertad&hellip;<\/p>\n","protected":false},"featured_media":5307,"comment_status":"open","ping_status":"closed","template":"","meta":{"om_disable_all_campaigns":false,"_monsterinsights_skip_tracking":false,"_monsterinsights_sitenote_active":false,"_monsterinsights_sitenote_note":"","_monsterinsights_sitenote_category":0},"product_brand":[],"product_cat":[451],"product_tag":[438,437,431,436,434,439,432,433,435,185,430],"class_list":{"0":"post-5308","1":"product","2":"type-product","3":"status-publish","4":"has-post-thumbnail","6":"product_cat-banda-5-8-ghz-enlaces-ptp-y-ptmp","7":"product_tag-controladores","8":"product_tag-fibra","9":"product_tag-networkin","10":"product_tag-poe","11":"product_tag-ptp-y-ptmp","12":"product_tag-punto-de-acceso","13":"product_tag-redes","14":"product_tag-sectoriales","15":"product_tag-switches-poe","16":"product_tag-tranceptores","17":"product_tag-ubiquiti","19":"first","20":"instock","21":"sale","22":"taxable","23":"shipping-taxable","24":"purchasable","25":"product-type-simple"},"aioseo_notices":[],"_links":{"self":[{"href":"https:\/\/tecsecmty.com\/index.php\/wp-json\/wp\/v2\/product\/5308","targetHints":{"allow":["GET"]}}],"collection":[{"href":"https:\/\/tecsecmty.com\/index.php\/wp-json\/wp\/v2\/product"}],"about":[{"href":"https:\/\/tecsecmty.com\/index.php\/wp-json\/wp\/v2\/types\/product"}],"replies":[{"embeddable":true,"href":"https:\/\/tecsecmty.com\/index.php\/wp-json\/wp\/v2\/comments?post=5308"}],"version-history":[{"count":0,"href":"https:\/\/tecsecmty.com\/index.php\/wp-json\/wp\/v2\/product\/5308\/revisions"}],"wp:featuredmedia":[{"embeddable":true,"href":"https:\/\/tecsecmty.com\/index.php\/wp-json\/wp\/v2\/media\/5307"}],"wp:attachment":[{"href":"https:\/\/tecsecmty.com\/index.php\/wp-json\/wp\/v2\/media?parent=5308"}],"wp:term":[{"taxonomy":"product_brand","embeddable":true,"href":"https:\/\/tecsecmty.com\/index.php\/wp-json\/wp\/v2\/product_brand?post=5308"},{"taxonomy":"product_cat","embeddable":true,"href":"https:\/\/tecsecmty.com\/index.php\/wp-json\/wp\/v2\/product_cat?post=5308"},{"taxonomy":"product_tag","embeddable":true,"href":"https:\/\/tecsecmty.com\/index.php\/wp-json\/wp\/v2\/product_tag?post=5308"}],"curies":[{"name":"wp","href":"https:\/\/api.w.org\/{rel}","templated":true}]}}