{"id":5316,"date":"2023-02-23T11:01:28","date_gmt":"2023-02-23T17:01:28","guid":{"rendered":"https:\/\/tecsecmty.com\/index.php\/producto\/ubiquiti-powerbeam-ac-pbe-5ac-500-radio-con-antena-integrada-airmax-ac-5-8ghz-exterior-mimo-antena-27-dbi-con-radomo-rendimiento-hasta-450-mbps\/"},"modified":"2023-03-22T23:24:32","modified_gmt":"2023-03-23T05:24:32","slug":"ubiquiti-powerbeam-ac-pbe-5ac-500-radio-con-antena-integrada-airmax-ac-5-8ghz-exterior-mimo-antena-27-dbi-con-radomo-rendimiento-hasta-450-mbps","status":"publish","type":"product","link":"https:\/\/tecsecmty.com\/index.php\/producto\/ubiquiti-powerbeam-ac-pbe-5ac-500-radio-con-antena-integrada-airmax-ac-5-8ghz-exterior-mimo-antena-27-dbi-con-radomo-rendimiento-hasta-450-mbps\/","title":{"rendered":"UBIQUITI POWERBEAM AC PBE-5AC-500 &#8211; Radio con antena integrada Airmax AC 5.8GHz \/ Exterior \/ MIMO \/ Antena 27 dBi con Radomo \/ Rendimiento hasta 450 Mbps"},"content":{"rendered":"<p><img decoding=\"async\" src=\"https:\/\/tvc.mx\/media\/15263\/PBE5AC500-2.png\" alt=\" \" \/><\/p>\n<h2>Radio con antena integrada<\/h2>\n<p class=\"text-muted\">\n<p class=\"ql-align-justify\">La incorporaci\u00f3n de un plato reflector de dise\u00f1o con la tecnolog\u00eda patentada airMAX\u00ae AC, el AC PowerBeam &amp;trade es ideal para implementaciones de CPE que requieren el m\u00e1ximo rendimiento.<\/p>\n<p>&nbsp;<\/p>\n<div class=\"col-md-5\"><img decoding=\"async\" class=\"d-block m-auto img-thumbnail\" src=\"https:\/\/tvc.mx\/media\/15264\/IntegratedRadio.png\" alt=\" \" \/><\/div>\n<div class=\"col-md-7 text-md-left text-center\">\n<h2>Dise\u00f1o integrado de Radio<\/h2>\n<p class=\"text-muted\">\n<p class=\"ql-align-justify\">Dise\u00f1o integrado InnerFeed\u00ae tecnolog\u00eda de Ubiquiti integra la radio en el feedhorn de una antena, por lo que no hay necesidad de un cable. Esto mejora el rendimiento ya que elimina las p\u00e9rdidas del cable. Con un alto rendimiento e innovador dise\u00f1o mec\u00e1nico, PowerBeam es altamente rentable y f\u00e1cil de desplegar.<\/p>\n<\/div>\n<p>&nbsp;<\/p>\n<h2>Inmunidad al ruido mejorada<\/h2>\n<p class=\"text-muted\">\n<p class=\"ql-align-justify\">El PowerBeam ac dirige la energ\u00eda de RF en una anchura de haz m\u00e1s apretado. Con el foco en una direcci\u00f3n, la antena PowerBeam bloquea o especialmente filtra el ruido, por lo que la inmunidad al ruido se mejora. Esta caracter\u00edstica es especialmente importante en una zona llena de otras se\u00f1ales de RF de el mismo o similar frecuencia.<\/p>\n<div class=\"col-md-5\"><img decoding=\"async\" class=\"d-block m-auto img-thumbnail\" src=\"https:\/\/tvc.mx\/media\/15267\/Radomo.png\" alt=\" \" \/><\/div>\n<div class=\"col-md-7 text-md-left text-center\">\n<h2>Radomo de protecci\u00f3n<\/h2>\n<p class=\"text-muted\">\n<p class=\"ql-align-justify\">La antena Powerbeam PBE-5AC-500 incluye un radomo protector para proteger la radio de los elementos m\u00e1s duros de la naturaleza.<\/p>\n<h2>Especificaciones t\u00e9cnicas<\/h2>\n<p class=\"text-muted\">\n<ul>\n<li class=\"ql-align-justify\">Ganancia: antena integrada de 27 dBi.<\/li>\n<li class=\"ql-align-justify\">Rango de operaci\u00f3n: 5150-5875 MHz.<\/li>\n<li class=\"ql-align-justify\">Interfaz de red: 1 puerto RJ-45 10\/100\/1000Mbps.<\/li>\n<li class=\"ql-align-justify\">M\u00e1ximo consumo de corriente: 8W.<\/li>\n<li class=\"ql-align-justify\">Temperatura: -40\u00b0C a 70\u00b0C.<\/li>\n<li class=\"ql-align-justify\">Incluye Radomo.<\/li>\n<li class=\"ql-align-justify\">Dimensiones (di\u00e1metro): 520 mm.<\/li>\n<\/ul>\n<p>Se alimenta con\u00a0Gigabit PoE 24 Vcd, 0.5 A (Integrado)<\/p>\n<\/div>\n<p>&nbsp;<\/p>\n<div class=\"col-md-5\"><img decoding=\"async\" class=\"d-block m-auto img-thumbnail aligncenter\" src=\"https:\/\/tvc.mx\/media\/508092\/Captura-de-pantalla-2022-09-12-095229.png\" alt=\" \" \/><\/div>\n<div class=\"col-md-7 text-md-left text-center\">\n<h2>Incluye<\/h2>\n<p class=\"text-muted\">\n<ul>\n<li>Reflector<\/li>\n<li>Radomo<\/li>\n<li>Bocina de alimentaci\u00f3n<\/li>\n<li>Carcasa trasera<\/li>\n<li>Soporte de montaje<\/li>\n<li>Soporte de ajuste<\/li>\n<li>Tornillos hexagonales con arandelas (cant.: 4)<\/li>\n<li>Abrazadera de pie (cant.: 2)<\/li>\n<li>Tornillos de cabeza redonda (cant.: 4)<\/li>\n<\/ul>\n<\/div>\n","protected":false},"excerpt":{"rendered":"<p>Radio con antena integrada La incorporaci\u00f3n de un plato reflector de dise\u00f1o con la tecnolog\u00eda patentada airMAX\u00ae AC, el AC PowerBeam &amp;trade es ideal para implementaciones de CPE que requieren el m\u00e1ximo rendimiento. &nbsp; Dise\u00f1o integrado de Radio Dise\u00f1o integrado InnerFeed\u00ae tecnolog\u00eda de Ubiquiti integra&hellip;<\/p>\n","protected":false},"featured_media":5315,"comment_status":"open","ping_status":"closed","template":"","meta":{"om_disable_all_campaigns":false,"_monsterinsights_skip_tracking":false,"_monsterinsights_sitenote_active":false,"_monsterinsights_sitenote_note":"","_monsterinsights_sitenote_category":0},"product_brand":[],"product_cat":[451],"product_tag":[438,437,431,436,434,439,432,433,435,185,430],"class_list":{"0":"post-5316","1":"product","2":"type-product","3":"status-publish","4":"has-post-thumbnail","6":"product_cat-banda-5-8-ghz-enlaces-ptp-y-ptmp","7":"product_tag-controladores","8":"product_tag-fibra","9":"product_tag-networkin","10":"product_tag-poe","11":"product_tag-ptp-y-ptmp","12":"product_tag-punto-de-acceso","13":"product_tag-redes","14":"product_tag-sectoriales","15":"product_tag-switches-poe","16":"product_tag-tranceptores","17":"product_tag-ubiquiti","19":"first","20":"instock","21":"sale","22":"taxable","23":"shipping-taxable","24":"purchasable","25":"product-type-simple"},"aioseo_notices":[],"_links":{"self":[{"href":"https:\/\/tecsecmty.com\/index.php\/wp-json\/wp\/v2\/product\/5316","targetHints":{"allow":["GET"]}}],"collection":[{"href":"https:\/\/tecsecmty.com\/index.php\/wp-json\/wp\/v2\/product"}],"about":[{"href":"https:\/\/tecsecmty.com\/index.php\/wp-json\/wp\/v2\/types\/product"}],"replies":[{"embeddable":true,"href":"https:\/\/tecsecmty.com\/index.php\/wp-json\/wp\/v2\/comments?post=5316"}],"version-history":[{"count":0,"href":"https:\/\/tecsecmty.com\/index.php\/wp-json\/wp\/v2\/product\/5316\/revisions"}],"wp:featuredmedia":[{"embeddable":true,"href":"https:\/\/tecsecmty.com\/index.php\/wp-json\/wp\/v2\/media\/5315"}],"wp:attachment":[{"href":"https:\/\/tecsecmty.com\/index.php\/wp-json\/wp\/v2\/media?parent=5316"}],"wp:term":[{"taxonomy":"product_brand","embeddable":true,"href":"https:\/\/tecsecmty.com\/index.php\/wp-json\/wp\/v2\/product_brand?post=5316"},{"taxonomy":"product_cat","embeddable":true,"href":"https:\/\/tecsecmty.com\/index.php\/wp-json\/wp\/v2\/product_cat?post=5316"},{"taxonomy":"product_tag","embeddable":true,"href":"https:\/\/tecsecmty.com\/index.php\/wp-json\/wp\/v2\/product_tag?post=5316"}],"curies":[{"name":"wp","href":"https:\/\/api.w.org\/{rel}","templated":true}]}}