{"id":5318,"date":"2023-02-23T11:01:33","date_gmt":"2023-02-23T17:01:33","guid":{"rendered":"https:\/\/tecsecmty.com\/index.php\/producto\/ubiquiti-powerbeam-ac-pbe-5ac-620-radio-con-antena-integrada-airmax-ac-5-8ghz-exterior-mimo-antena-29-dbi-rendimiento-hasta-450-mbps\/"},"modified":"2023-03-22T23:24:32","modified_gmt":"2023-03-23T05:24:32","slug":"ubiquiti-powerbeam-ac-pbe-5ac-620-radio-con-antena-integrada-airmax-ac-5-8ghz-exterior-mimo-antena-29-dbi-rendimiento-hasta-450-mbps","status":"publish","type":"product","link":"https:\/\/tecsecmty.com\/index.php\/producto\/ubiquiti-powerbeam-ac-pbe-5ac-620-radio-con-antena-integrada-airmax-ac-5-8ghz-exterior-mimo-antena-29-dbi-rendimiento-hasta-450-mbps\/","title":{"rendered":"UBIQUITI POWERBEAM AC PBE-5AC-620 &#8211; Radio con antena integrada Airmax AC 5.8GHz \/ Exterior \/ MIMO \/ Antena 29 dBi \/ Rendimiento hasta 450 Mbps"},"content":{"rendered":"<div class=\"col-md-5 order-md-2\"><img decoding=\"async\" class=\"d-block m-auto img-thumbnail aligncenter\" src=\"https:\/\/tvc.mx\/media\/73467\/PBE5AC620400x3001.png\" alt=\" \" \/><\/div>\n<div class=\"col-md-7 order-md-1 text-md-left text-center\">\n<h2>Descripci\u00f3n General<\/h2>\n<p class=\"ql-align-justify\">Los equipos PowerBeamAC incorporan un plato reflector el cual cuenta con la tecnolog\u00eda airMax AC, lo cual lo hace un CPE ideal para el despliegue de sus redes inal\u00e1mbricas con un m\u00e1ximo rendimiento.<\/p>\n<\/div>\n<p>&nbsp;<\/p>\n<hr class=\"padding-bottom-2x\" \/>\n<div class=\"row align-items-center padding-bottom-2x\">\n<div class=\"col-md-5\"><img decoding=\"async\" class=\"d-block m-auto img-thumbnail aligncenter\" src=\"https:\/\/tvc.mx\/media\/508076\/PBE_5AC_Back_copy_grande.png\" alt=\" \" \/><\/div>\n<div class=\"col-md-7 text-md-left text-center\">\n<h2>Principales Caracter\u00edsticas<\/h2>\n<ul>\n<li>Fuente de alimentaci\u00f3n de 24V, 0.5A. Gigabit PoE.<\/li>\n<li>M\u00e9todo de alimentaci\u00f3n: PoE pasivo (Hilos 4,5, retorno 7,8).<\/li>\n<li>M\u00e1ximo consumo de corriente: 8.5W.<\/li>\n<li>Frecuencia de operaci\u00f3n: 5150 &#8211; 5875 MHz.<\/li>\n<li>Ganancia: 29dBi.<\/li>\n<li>Interfaz de red: 1 Puerto Ethernet RJ-45 10\/100\/1000.<\/li>\n<li>Polarizaci\u00f3n: lineal doble.<\/li>\n<li>Rendimiento: 450+ Mbps.<\/li>\n<\/ul>\n<\/div>\n<\/div>\n<p>&nbsp;<\/p>\n<div class=\"col-md-5\"><img decoding=\"async\" class=\"d-block m-auto img-thumbnail aligncenter\" src=\"https:\/\/tvc.mx\/media\/73473\/PBE5AC620400x3003.png\" alt=\" \" \/><\/div>\n<div class=\"col-md-7 text-md-left text-center\">\n<h2>Rendimiento superior<\/h2>\n<p class=\"ql-align-justify\">Los productos de airMax ac proveen una latencia mejorada, inmunidad al ruido, escalabilidad y un incremento considerable de rendimiento.<\/p>\n<p class=\"ql-align-justify\">Las caracter\u00edsticas y factores de forma de la antena PowerBeam ac, permite una ganancia alta para su tama\u00f1o, ya que cuenta con una excelente directividad que provee los mejores rendimientos en ambientes de altas perdidas de se\u00f1al.<\/p>\n<\/div>\n<p>&nbsp;<\/p>\n<div class=\"col-md-5\"><img decoding=\"async\" class=\"d-block m-auto img-thumbnail aligncenter\" src=\"https:\/\/tvc.mx\/media\/73479\/PBE5AC620400x3005.png\" alt=\" \" \/><\/div>\n<div class=\"col-md-7 text-md-left text-center\">\n<h2>Software de Tecnolog\u00eda Avanzada<\/h2>\n<p class=\"ql-align-justify\">La tecnolog\u00eda de Ubiquiti airMAX\u00ae\u00a0ha sido probada en millones de implementaciones alrededor del mundo, exhibiendo un rendimiento excepcional en ambientes al aire libre.\u00a0El protocolo TDMA airMAX permite una escalabilidad sin precedentes, alto rendimiento y baja latencia en redes multipunto sin licencia.<\/p>\n<\/div>\n<p><img decoding=\"async\" class=\"aligncenter\" src=\"https:\/\/tvc.mx\/media\/508070\/Captura-de-pantalla-2022-09-12-093954.png\" alt=\" \" \/><\/p>\n<p>&nbsp;<\/p>\n<h2 style=\"text-align: center\">Incluye<\/h2>\n<ul>\n<li>Reflector parab\u00f3lico con soporte de montaje<\/li>\n<li>Bocina de alimentaci\u00f3n<\/li>\n<li>Carcasa trasera<\/li>\n<li>Brazo de soporte<\/li>\n<li>Conjunto del soporte del poste superior<\/li>\n<li>Soporte del poste inferior<\/li>\n<li>Abrazadera<\/li>\n<li>Tornillos (cant.: 4)<\/li>\n<li>Tornillos de cabeza hexagonal (cant.: 5)<\/li>\n<\/ul>\n","protected":false},"excerpt":{"rendered":"<p>Descripci\u00f3n General Los equipos PowerBeamAC incorporan un plato reflector el cual cuenta con la tecnolog\u00eda airMax AC, lo cual lo hace un CPE ideal para el despliegue de sus redes inal\u00e1mbricas con un m\u00e1ximo rendimiento. &nbsp; Principales Caracter\u00edsticas Fuente de alimentaci\u00f3n de 24V, 0.5A. Gigabit&hellip;<\/p>\n","protected":false},"featured_media":5317,"comment_status":"open","ping_status":"closed","template":"","meta":{"om_disable_all_campaigns":false,"_monsterinsights_skip_tracking":false,"_monsterinsights_sitenote_active":false,"_monsterinsights_sitenote_note":"","_monsterinsights_sitenote_category":0},"product_brand":[],"product_cat":[451],"product_tag":[438,437,431,436,434,439,432,433,435,185,430],"class_list":{"0":"post-5318","1":"product","2":"type-product","3":"status-publish","4":"has-post-thumbnail","6":"product_cat-banda-5-8-ghz-enlaces-ptp-y-ptmp","7":"product_tag-controladores","8":"product_tag-fibra","9":"product_tag-networkin","10":"product_tag-poe","11":"product_tag-ptp-y-ptmp","12":"product_tag-punto-de-acceso","13":"product_tag-redes","14":"product_tag-sectoriales","15":"product_tag-switches-poe","16":"product_tag-tranceptores","17":"product_tag-ubiquiti","19":"first","20":"instock","21":"sale","22":"taxable","23":"shipping-taxable","24":"purchasable","25":"product-type-simple"},"aioseo_notices":[],"_links":{"self":[{"href":"https:\/\/tecsecmty.com\/index.php\/wp-json\/wp\/v2\/product\/5318","targetHints":{"allow":["GET"]}}],"collection":[{"href":"https:\/\/tecsecmty.com\/index.php\/wp-json\/wp\/v2\/product"}],"about":[{"href":"https:\/\/tecsecmty.com\/index.php\/wp-json\/wp\/v2\/types\/product"}],"replies":[{"embeddable":true,"href":"https:\/\/tecsecmty.com\/index.php\/wp-json\/wp\/v2\/comments?post=5318"}],"version-history":[{"count":0,"href":"https:\/\/tecsecmty.com\/index.php\/wp-json\/wp\/v2\/product\/5318\/revisions"}],"wp:featuredmedia":[{"embeddable":true,"href":"https:\/\/tecsecmty.com\/index.php\/wp-json\/wp\/v2\/media\/5317"}],"wp:attachment":[{"href":"https:\/\/tecsecmty.com\/index.php\/wp-json\/wp\/v2\/media?parent=5318"}],"wp:term":[{"taxonomy":"product_brand","embeddable":true,"href":"https:\/\/tecsecmty.com\/index.php\/wp-json\/wp\/v2\/product_brand?post=5318"},{"taxonomy":"product_cat","embeddable":true,"href":"https:\/\/tecsecmty.com\/index.php\/wp-json\/wp\/v2\/product_cat?post=5318"},{"taxonomy":"product_tag","embeddable":true,"href":"https:\/\/tecsecmty.com\/index.php\/wp-json\/wp\/v2\/product_tag?post=5318"}],"curies":[{"name":"wp","href":"https:\/\/api.w.org\/{rel}","templated":true}]}}