{"id":5320,"date":"2023-02-23T11:01:37","date_gmt":"2023-02-23T17:01:37","guid":{"rendered":"https:\/\/tecsecmty.com\/index.php\/producto\/ubiquiti-powerbeam-ac-pbe-5ac-gen2-radio-con-antena-integrada-airmax-ac-gen2-5-8ghz-exterior-mimo-antena-25-dbi-25-dbm-rendimiento-hasta-450-mbps-ofertasubiquiti-ofertasredes\/"},"modified":"2023-03-22T23:24:32","modified_gmt":"2023-03-23T05:24:32","slug":"ubiquiti-powerbeam-ac-pbe-5ac-gen2-radio-con-antena-integrada-airmax-ac-gen2-5-8ghz-exterior-mimo-antena-25-dbi-25-dbm-rendimiento-hasta-450-mbps-ofertasubiquiti-ofertasredes","status":"publish","type":"product","link":"https:\/\/tecsecmty.com\/index.php\/producto\/ubiquiti-powerbeam-ac-pbe-5ac-gen2-radio-con-antena-integrada-airmax-ac-gen2-5-8ghz-exterior-mimo-antena-25-dbi-25-dbm-rendimiento-hasta-450-mbps-ofertasubiquiti-ofertasredes\/","title":{"rendered":"UBIQUITI POWERBEAM AC PBE-5AC-GEN2 &#8211; Radio con antena integrada Airmax AC GEN2 5.8GHz \/ Exterior \/ MIMO \/ Antena 25 dBi \/ 25 dBm \/ Rendimiento hasta 450 Mbps #OfertasUbiquiti #OfertasRedes"},"content":{"rendered":"<p><img decoding=\"async\" class=\"aligncenter\" src=\"https:\/\/tvc.mx\/media\/67473\/powerbeamAcgen2400x3001.png\" alt=\" \" \/><\/p>\n<h2>Descripci\u00f3n General PowerBeam AC Gen2<\/h2>\n<p>La incorporaci\u00f3n de un dise\u00f1o de plato reflector con Airmax patentada\u00a0\u00aetecnolog\u00eda de corriente, PowerBeam\u00a0\u00ae\u00a0AC es ideal para implementaciones de CPE que requieren el m\u00e1ximo rendimiento.<\/p>\n<p>&nbsp;<\/p>\n<hr class=\"padding-bottom-2x\" \/>\n<div class=\"row align-items-center padding-bottom-2x\">\n<div class=\"col-md-5\"><img decoding=\"async\" class=\"d-block m-auto img-thumbnail aligncenter\" src=\"https:\/\/tvc.mx\/media\/67476\/powerbeamAcgen2400x3002.png\" alt=\" \" \/><\/div>\n<div class=\"col-md-7 text-md-left text-center\">\n<h2>Principales Caracteristicas<\/h2>\n<ul>\n<li>Interfaz de red: 1 puerto ethernet RJ-45 10\/100\/1000<\/li>\n<li>&#8211; PtP: 10\/20\/30\/40\/50\/60\/80 MHz\u00a0(anchos de canal)<\/li>\n<li>&#8211; PtMP: 10\/20\/30\/40 MHz (anchos de canal)<\/li>\n<li>Potencia de Salida: 24 dBm<\/li>\n<li>Ganancia de antena: 25 dBi<\/li>\n<li>Rango de operaci\u00f3n: 5150 &#8211; 5875 MHz<\/li>\n<li>Radio de administraci\u00f3n: en 2.4 Ghz.<\/li>\n<li>Fuente de alimentaci\u00f3n: 24 VDC, 0.5 A. Adaptador PoE Gigabit (Incluido)<\/li>\n<li>Seguridad inalambrica: WEP, WPA-PSK, WPA-Enterprise (WPA\/WPA2, TKIP\/AES).<\/li>\n<li>Maximo consumo de corriente: 8.5W.<\/li>\n<li>Temperatura de operaci\u00f3n: -40\u00b0C ~ 70\u00b0C.<\/li>\n<\/ul>\n<p>Incluye Kit de Montaje<\/p>\n<p>&nbsp;<\/p>\n<div class=\"col-md-5\"><\/div>\n<div><\/div>\n<div class=\"col-md-5\"><img decoding=\"async\" class=\"d-block m-auto img-thumbnail\" src=\"https:\/\/tvc.mx\/media\/508054\/Captura-de-pantalla-2022-09-12-093230.png\" alt=\" \" \/><\/div>\n<div class=\"col-md-7 text-md-left text-center\">\n<h2>Incluye<\/h2>\n<ul>\n<li>Reflector de plato<\/li>\n<li>Alimentaci\u00f3n de antena<\/li>\n<li>Carcasa trasera<\/li>\n<li>Soporte de montaje<\/li>\n<li>Pernos hexagonales con arandelas (cant. 4)<\/li>\n<li>Abrazadera de poste<\/li>\n<li>Pernos de carro (cant. 2)<\/li>\n<li>Tuercas de brida (cant. 2)<\/li>\n<li>Gigabit PoE (24 V, 0,5 A) con soporte de montaje<\/li>\n<li>Cable de alimentaci\u00f3n<\/li>\n<\/ul>\n<\/div>\n<\/div>\n<\/div>\n","protected":false},"excerpt":{"rendered":"<p>Descripci\u00f3n General PowerBeam AC Gen2 La incorporaci\u00f3n de un dise\u00f1o de plato reflector con Airmax patentada\u00a0\u00aetecnolog\u00eda de corriente, PowerBeam\u00a0\u00ae\u00a0AC es ideal para implementaciones de CPE que requieren el m\u00e1ximo rendimiento. &nbsp; Principales Caracteristicas Interfaz de red: 1 puerto ethernet RJ-45 10\/100\/1000 &#8211; PtP: 10\/20\/30\/40\/50\/60\/80 MHz\u00a0(anchos&hellip;<\/p>\n","protected":false},"featured_media":5319,"comment_status":"open","ping_status":"closed","template":"","meta":{"om_disable_all_campaigns":false,"_monsterinsights_skip_tracking":false,"_monsterinsights_sitenote_active":false,"_monsterinsights_sitenote_note":"","_monsterinsights_sitenote_category":0},"product_brand":[],"product_cat":[451],"product_tag":[438,437,431,436,434,439,432,433,435,185,430],"class_list":{"0":"post-5320","1":"product","2":"type-product","3":"status-publish","4":"has-post-thumbnail","6":"product_cat-banda-5-8-ghz-enlaces-ptp-y-ptmp","7":"product_tag-controladores","8":"product_tag-fibra","9":"product_tag-networkin","10":"product_tag-poe","11":"product_tag-ptp-y-ptmp","12":"product_tag-punto-de-acceso","13":"product_tag-redes","14":"product_tag-sectoriales","15":"product_tag-switches-poe","16":"product_tag-tranceptores","17":"product_tag-ubiquiti","19":"first","20":"instock","21":"sale","22":"taxable","23":"shipping-taxable","24":"purchasable","25":"product-type-simple"},"aioseo_notices":[],"_links":{"self":[{"href":"https:\/\/tecsecmty.com\/index.php\/wp-json\/wp\/v2\/product\/5320","targetHints":{"allow":["GET"]}}],"collection":[{"href":"https:\/\/tecsecmty.com\/index.php\/wp-json\/wp\/v2\/product"}],"about":[{"href":"https:\/\/tecsecmty.com\/index.php\/wp-json\/wp\/v2\/types\/product"}],"replies":[{"embeddable":true,"href":"https:\/\/tecsecmty.com\/index.php\/wp-json\/wp\/v2\/comments?post=5320"}],"version-history":[{"count":0,"href":"https:\/\/tecsecmty.com\/index.php\/wp-json\/wp\/v2\/product\/5320\/revisions"}],"wp:featuredmedia":[{"embeddable":true,"href":"https:\/\/tecsecmty.com\/index.php\/wp-json\/wp\/v2\/media\/5319"}],"wp:attachment":[{"href":"https:\/\/tecsecmty.com\/index.php\/wp-json\/wp\/v2\/media?parent=5320"}],"wp:term":[{"taxonomy":"product_brand","embeddable":true,"href":"https:\/\/tecsecmty.com\/index.php\/wp-json\/wp\/v2\/product_brand?post=5320"},{"taxonomy":"product_cat","embeddable":true,"href":"https:\/\/tecsecmty.com\/index.php\/wp-json\/wp\/v2\/product_cat?post=5320"},{"taxonomy":"product_tag","embeddable":true,"href":"https:\/\/tecsecmty.com\/index.php\/wp-json\/wp\/v2\/product_tag?post=5320"}],"curies":[{"name":"wp","href":"https:\/\/api.w.org\/{rel}","templated":true}]}}