{"id":5326,"date":"2023-02-23T11:01:47","date_gmt":"2023-02-23T17:01:47","guid":{"rendered":"https:\/\/tecsecmty.com\/index.php\/producto\/ubiquiti-rocket-rp-5ac-gen2-radio-conectorizado-airmax-ac-prism-gen2-5ghz-exterior-mimo-27-dbm-rendimiento-hasta-500-mbps\/"},"modified":"2023-03-22T23:24:32","modified_gmt":"2023-03-23T05:24:32","slug":"ubiquiti-rocket-rp-5ac-gen2-radio-conectorizado-airmax-ac-prism-gen2-5ghz-exterior-mimo-27-dbm-rendimiento-hasta-500-mbps","status":"publish","type":"product","link":"https:\/\/tecsecmty.com\/index.php\/producto\/ubiquiti-rocket-rp-5ac-gen2-radio-conectorizado-airmax-ac-prism-gen2-5ghz-exterior-mimo-27-dbm-rendimiento-hasta-500-mbps\/","title":{"rendered":"UBIQUITI ROCKET RP-5AC-GEN2 &#8211; Radio Conectorizado Airmax AC Prism Gen2 5GHz \/ Exterior \/ MIMO \/ 27 dBm \/ Rendimiento hasta 500 Mbps"},"content":{"rendered":"<p><img decoding=\"async\" class=\"aligncenter\" src=\"https:\/\/tvc.mx\/media\/73314\/RP5ACGEN2400x3001.png\" alt=\" \" \/><\/p>\n<h2>Descripci\u00f3n General<\/h2>\n<p class=\"text-muted\">\n<p class=\"ql-align-justify\">Airmax\u00a0\u00ae\u00a0BaseStation ac con Tecnolog\u00eda airPrism\u00a0\u00ae<\/p>\n<p class=\"ql-align-justify\">Los\u00a0puntos de acceso\u00a0Rocket\u00a0\u00ae\u00a0Prism incorporan las tecnolog\u00edas airMAX ac y airPrism de alto rendimiento para un m\u00e1ximo rendimiento de redes inal\u00e1mbricas en \u00e1reas de alta densidad, tanto en 5 como a 2,4 GHz.<\/p>\n<div class=\"col-md-5\"><img decoding=\"async\" class=\"d-block m-auto img-thumbnail aligncenter\" src=\"https:\/\/tvc.mx\/media\/505396\/RP-5AC-G2_Ports_grande.png\" alt=\" \" \/><\/div>\n<div class=\"col-md-7 text-md-left text-center\">\n<h2>Principales Caracter\u00edsticas<\/h2>\n<p class=\"text-muted\">\n<ul>\n<li>1 puerto de datos 10\/100\/1000 Mbps.<\/li>\n<li>2 x Conectores RP-SMA, 1 x GPS.<\/li>\n<li>Modos de Operaci\u00f3n:Access Point,Estaci\u00f3n.<\/li>\n<li>Rango de operaci\u00f3n (5150 &#8211; 5875 MHz) depende del pa\u00eds.<\/li>\n<li>seguridad WPA2 AES.<\/li>\n<li>Radio de administraci\u00f3n en 2.4 GHz.<\/li>\n<li>SNR mejorado.<\/li>\n<li>Inmunidad al ruido mejorada.<\/li>\n<li>Caracter\u00edsticas F\u00edsicas y El\u00e9ctricas: Alimentaci\u00f3n: 24 VDC, 1 A. Adaptador PoE Gigabit (Incluido)<\/li>\n<li>Dimensiones: 88 x 230 x 40 mm.<\/li>\n<li>Peso: 400 g.<\/li>\n<\/ul>\n<p>Temperatura de Operaci\u00f3n: -40 a 80\u00b0 C.<\/p>\n<h2>Radio de administraci\u00f3n de Wi-Fi<\/h2>\n<p class=\"text-muted\">\n<p class=\"ql-align-justify\">El Rocket\u00a0\u00ae\u00a0Prism AC integra una radio Wi-Fi separada para una configuraci\u00f3n r\u00e1pida y f\u00e1cil usando su dispositivo m\u00f3vil<\/p>\n<div class=\"col-md-5\"><img decoding=\"async\" class=\"d-block m-auto img-thumbnail\" src=\"https:\/\/tvc.mx\/media\/73323\/RP5ACGEN2400x3003.png\" alt=\" \" \/><\/div>\n<div class=\"col-md-7 text-md-left text-center\">\n<h2>Protecci\u00f3n contra sobretensiones mejorada<\/h2>\n<p class=\"text-muted\">\n<p class=\"ql-align-justify\">El Rocket\u00a0\u00ae\u00a0Prism AC presenta una protecci\u00f3n mejorada contra los eventos de ESD<\/p>\n<h2>Sincronizaci\u00f3n de GPS<\/h2>\n<p class=\"text-muted\">\n<p class=\"ql-align-justify\">El Rocket\u00a0\u00ae\u00a0Prism AC es compatible con GPS Sync para redes de clase portadora m\u00e1s r\u00e1pidas y escalables, con un 90% m\u00e1s de rendimiento que las soluciones de la competencia.<\/p>\n<div class=\"col-md-5\"><img decoding=\"async\" class=\"d-block m-auto img-thumbnail\" src=\"https:\/\/tvc.mx\/media\/73329\/RP5ACGEN2400x3005.png\" alt=\" \" \/><\/div>\n<div class=\"col-md-7 text-md-left text-center\">\n<h2>Revolucionaria tecnolog\u00eda de filtrado<\/h2>\n<p class=\"text-muted\">\n<p class=\"ql-align-justify\">La tecnolog\u00eda airPrism patentada de Ubiquiti proporciona una avanzada selectividad de radio en el desempe\u00f1o de banda inal\u00e1mbrica sin licencia.\u00a0La tecnolog\u00eda airPrism a\u00edsla las se\u00f1ales dentro del canal operativo para aumentar la capacidad y el rendimiento en las implementaciones de coubicaci\u00f3n.<\/p>\n<h2>Dise\u00f1ado para alto rendimiento<\/h2>\n<p class=\"text-muted\">\n<p class=\"ql-align-justify\">El Rocket\u00a0\u00ae\u00a0Prism AC cuenta con carcasa de metal con blindaje EMI, GPS, circuito de airePrism y el\u00a0analizador de espectro en tiempo real\u00a0airView\u00a0\u00ae\u00a0para ofrecer la m\u00e1xima eficiencia \/ rendimiento espectral.<\/p>\n<div class=\"col-md-5\"><img decoding=\"async\" class=\"d-block m-auto img-thumbnail\" src=\"https:\/\/tvc.mx\/media\/73335\/RP5ACGEN2400x3007.png\" alt=\" \" \/><\/div>\n<div class=\"col-md-7 text-md-left text-center\">\n<h2>Ahora con airOS \u00ae 8<\/h2>\n<p class=\"text-muted\">\n<p class=\"ql-align-justify\">AIROS\u00a0\u00ae\u00a08 proporciona caracter\u00edsticas de gran alcance, incluyendo Airmax\u00a0\u00ae\u00a0apoyo ac protocolo, an\u00e1lisis de RF en tiempo real, y un dise\u00f1o totalmente nuevo para mayor facilidad de uso.<\/p>\n<\/div>\n<\/div>\n<\/div>\n<\/div>\n<p class=\"ql-align-justify\">\n<p><img decoding=\"async\" class=\"aligncenter\" src=\"https:\/\/tvc.mx\/media\/505398\/Captura-de-pantalla-2022-09-08-123624.png\" alt=\" \" \/><\/p>\n<h2>Incluye<\/h2>\n<p class=\"text-muted\">\n<ul>\n<li>Prisma Rocket 5 CA<\/li>\n<li>Antena GPS<\/li>\n<li>Gigabit PoE (24V, 1A) con soporte de montaje<\/li>\n<li>Cable de alimentaci\u00f3n<\/li>\n<\/ul>\n","protected":false},"excerpt":{"rendered":"<p>Descripci\u00f3n General Airmax\u00a0\u00ae\u00a0BaseStation ac con Tecnolog\u00eda airPrism\u00a0\u00ae Los\u00a0puntos de acceso\u00a0Rocket\u00a0\u00ae\u00a0Prism incorporan las tecnolog\u00edas airMAX ac y airPrism de alto rendimiento para un m\u00e1ximo rendimiento de redes inal\u00e1mbricas en \u00e1reas de alta densidad, tanto en 5 como a 2,4 GHz. Principales Caracter\u00edsticas 1 puerto de datos&hellip;<\/p>\n","protected":false},"featured_media":5325,"comment_status":"open","ping_status":"closed","template":"","meta":{"om_disable_all_campaigns":false,"_monsterinsights_skip_tracking":false,"_monsterinsights_sitenote_active":false,"_monsterinsights_sitenote_note":"","_monsterinsights_sitenote_category":0},"product_brand":[],"product_cat":[451],"product_tag":[438,437,431,436,434,439,432,433,435,185,430],"class_list":{"0":"post-5326","1":"product","2":"type-product","3":"status-publish","4":"has-post-thumbnail","6":"product_cat-banda-5-8-ghz-enlaces-ptp-y-ptmp","7":"product_tag-controladores","8":"product_tag-fibra","9":"product_tag-networkin","10":"product_tag-poe","11":"product_tag-ptp-y-ptmp","12":"product_tag-punto-de-acceso","13":"product_tag-redes","14":"product_tag-sectoriales","15":"product_tag-switches-poe","16":"product_tag-tranceptores","17":"product_tag-ubiquiti","19":"first","20":"instock","21":"sale","22":"taxable","23":"shipping-taxable","24":"purchasable","25":"product-type-simple"},"aioseo_notices":[],"_links":{"self":[{"href":"https:\/\/tecsecmty.com\/index.php\/wp-json\/wp\/v2\/product\/5326","targetHints":{"allow":["GET"]}}],"collection":[{"href":"https:\/\/tecsecmty.com\/index.php\/wp-json\/wp\/v2\/product"}],"about":[{"href":"https:\/\/tecsecmty.com\/index.php\/wp-json\/wp\/v2\/types\/product"}],"replies":[{"embeddable":true,"href":"https:\/\/tecsecmty.com\/index.php\/wp-json\/wp\/v2\/comments?post=5326"}],"version-history":[{"count":0,"href":"https:\/\/tecsecmty.com\/index.php\/wp-json\/wp\/v2\/product\/5326\/revisions"}],"wp:featuredmedia":[{"embeddable":true,"href":"https:\/\/tecsecmty.com\/index.php\/wp-json\/wp\/v2\/media\/5325"}],"wp:attachment":[{"href":"https:\/\/tecsecmty.com\/index.php\/wp-json\/wp\/v2\/media?parent=5326"}],"wp:term":[{"taxonomy":"product_brand","embeddable":true,"href":"https:\/\/tecsecmty.com\/index.php\/wp-json\/wp\/v2\/product_brand?post=5326"},{"taxonomy":"product_cat","embeddable":true,"href":"https:\/\/tecsecmty.com\/index.php\/wp-json\/wp\/v2\/product_cat?post=5326"},{"taxonomy":"product_tag","embeddable":true,"href":"https:\/\/tecsecmty.com\/index.php\/wp-json\/wp\/v2\/product_tag?post=5326"}],"curies":[{"name":"wp","href":"https:\/\/api.w.org\/{rel}","templated":true}]}}