{"id":5328,"date":"2023-02-23T11:01:48","date_gmt":"2023-02-23T17:01:48","guid":{"rendered":"https:\/\/tecsecmty.com\/index.php\/producto\/ubiquiti-rocketm5-radio-conectorizado-airmax-5-8ghz-exterior-mimo-2-conectores-rp-sma-27-dbm-rendimiento-hasta-150-mbps\/"},"modified":"2023-03-22T23:24:33","modified_gmt":"2023-03-23T05:24:33","slug":"ubiquiti-rocketm5-radio-conectorizado-airmax-5-8ghz-exterior-mimo-2-conectores-rp-sma-27-dbm-rendimiento-hasta-150-mbps","status":"publish","type":"product","link":"https:\/\/tecsecmty.com\/index.php\/producto\/ubiquiti-rocketm5-radio-conectorizado-airmax-5-8ghz-exterior-mimo-2-conectores-rp-sma-27-dbm-rendimiento-hasta-150-mbps\/","title":{"rendered":"UBIQUITI ROCKETM5 &#8211; Radio Conectorizado Airmax 5.8GHz \/ Exterior \/ MIMO \/ 2 Conectores RP-SMA \/ 27 dBm \/ Rendimiento hasta 150 Mbps"},"content":{"rendered":"<h2><\/h2>\n<h2><img decoding=\"async\" class=\"aligncenter\" src=\"https:\/\/tvc.mx\/media\/71241\/RocketM5400x3001.png\" alt=\" \" \/><\/h2>\n<h2>Descripci\u00f3n General Rocket M5<\/h2>\n<p class=\"text-muted\">\n<p class=\"ql-align-justify\">La serie de equipos Rocket\u00ae M5 cuentan con un radio de rendimiento mejorado que mezcla e iguala el dise\u00f1o industrial, el Rocket &amp;trade M es ideal para utilizarlo en aplicaciones Punto-a-Punto (PTP) de puente o punto a multipunto (PtMP).<\/p>\n<p class=\"ql-align-justify\">El dise\u00f1o y caracter\u00edsticas de nuestro CPE NanoStation\u00aeM se enfocan en ampliar la industria global para el mercado inal\u00e1mbrico.<\/p>\n<div class=\"col-md-5\"><img decoding=\"async\" class=\"d-block m-auto img-thumbnail aligncenter\" src=\"https:\/\/tvc.mx\/media\/71253\/Rocket5acLite400x3002.png\" alt=\" \" \/><\/div>\n<div class=\"col-md-7 text-md-left text-center\">\n<h2>Flexibilidad en frecuencias y canales.<\/h2>\n<p class=\"text-muted\">\n<p>Dise\u00f1ado para soportar ambientes dr\u00e1sticos. Estos equipos est\u00e1n disponibles con diferentes frecuencias y soporta m\u00faltiples canales de ancho de banda (esto depende de las especificaciones, modelos y regulaciones regionales).<\/p>\n<p>&nbsp;<\/p>\n<h2>Herramientas de an\u00e1lisis de espectro.<\/h2>\n<p class=\"text-muted\">\n<p>El analizador de espectro airView\u00ae permite a los operadores identificar firmas de ruido y analizar el uso de la frecuencia y los niveles de actividad en el sitio, por lo que los nuevos puntos de acceso se pueden configurar en los canales menos usados para optimizar el rendimiento inal\u00e1mbrico.<\/p>\n<h2>Software de Tecnolog\u00eda Avanzada.<\/h2>\n<p class=\"text-muted\">\n<p>La tecnolog\u00eda de Ubiquiti airMAX\u00ae ha sido probada en millones de implementaciones alrededor del mundo, exhibiendo un rendimiento excepcional en ambientes al aire libre.\u00a0El protocolo TDMA airMAX permite una escalabilidad sin precedentes, alto rendimiento y baja latencia en redes multipunto sin licencia.<\/p>\n<p><img fetchpriority=\"high\" decoding=\"async\" class=\"alignnone size-full wp-image-10579\" src=\"https:\/\/tecsecmty.com\/wp-content\/uploads\/2023\/02\/AM-5G20-90_Connect_RF_Cable_to_Sector_Rocket_QSG.png\" alt=\"\" width=\"400\" height=\"300\" \/><\/p>\n<h2>Principales Caracter\u00edsticas<\/h2>\n<p class=\"text-muted\">\n<ul>\n<li class=\"ql-align-justify\">Fuente de alimentaci\u00f3n de 24V, 1A. Adaptador PoE incluido.<\/li>\n<li class=\"ql-align-justify\">Frecuencia de operaci\u00f3n: 5170 &#8211; 5875MHz.<\/li>\n<li class=\"ql-align-justify\">Rendimiento: 150+ Mbps.<\/li>\n<li class=\"ql-align-justify\">M\u00e1ximo consumo de corriente: 8W.<\/li>\n<li class=\"ql-align-justify\">M\u00e9todo de alimentaci\u00f3n: PoE pasivo (Hilos 4,5, retorno 7,8).<\/li>\n<li class=\"ql-align-justify\">Conectores RF: 2 RP-SMA (a prueba de agua).<\/li>\n<li class=\"ql-align-justify\">Interfaz de red: puerto Ethernet 10\/100<\/li>\n<\/ul>\n<p>Temperatura de operaci\u00f3n: -30\u00b0C ~ 75\u00b0C.<\/p>\n<div class=\"col-md-5\"><img decoding=\"async\" class=\"d-block m-auto img-thumbnail\" src=\"https:\/\/tvc.mx\/media\/404975\/Captura-de-pantalla-2022-04-08-155820.png\" alt=\" \" \/><\/div>\n<div class=\"col-md-7 text-md-left text-center\">\n<h2>Incluye<\/h2>\n<p class=\"text-muted\">\n<ul>\n<li>Rocket<\/li>\n<li>Tira de metal<\/li>\n<li>Adaptador PoE (24 Vcd, 1\u00a0A)<\/li>\n<li>Cable de alimentaci\u00f3n<\/li>\n<\/ul>\n<\/div>\n<\/div>\n","protected":false},"excerpt":{"rendered":"<p>Descripci\u00f3n General Rocket M5 La serie de equipos Rocket\u00ae M5 cuentan con un radio de rendimiento mejorado que mezcla e iguala el dise\u00f1o industrial, el Rocket &amp;trade M es ideal para utilizarlo en aplicaciones Punto-a-Punto (PTP) de puente o punto a multipunto (PtMP). El dise\u00f1o&hellip;<\/p>\n","protected":false},"featured_media":5327,"comment_status":"open","ping_status":"closed","template":"","meta":{"om_disable_all_campaigns":false,"_monsterinsights_skip_tracking":false,"_monsterinsights_sitenote_active":false,"_monsterinsights_sitenote_note":"","_monsterinsights_sitenote_category":0},"product_brand":[],"product_cat":[451],"product_tag":[438,437,431,436,434,439,432,433,435,185,430],"class_list":{"0":"post-5328","1":"product","2":"type-product","3":"status-publish","4":"has-post-thumbnail","6":"product_cat-banda-5-8-ghz-enlaces-ptp-y-ptmp","7":"product_tag-controladores","8":"product_tag-fibra","9":"product_tag-networkin","10":"product_tag-poe","11":"product_tag-ptp-y-ptmp","12":"product_tag-punto-de-acceso","13":"product_tag-redes","14":"product_tag-sectoriales","15":"product_tag-switches-poe","16":"product_tag-tranceptores","17":"product_tag-ubiquiti","19":"first","20":"instock","21":"sale","22":"taxable","23":"shipping-taxable","24":"purchasable","25":"product-type-simple"},"aioseo_notices":[],"_links":{"self":[{"href":"https:\/\/tecsecmty.com\/index.php\/wp-json\/wp\/v2\/product\/5328","targetHints":{"allow":["GET"]}}],"collection":[{"href":"https:\/\/tecsecmty.com\/index.php\/wp-json\/wp\/v2\/product"}],"about":[{"href":"https:\/\/tecsecmty.com\/index.php\/wp-json\/wp\/v2\/types\/product"}],"replies":[{"embeddable":true,"href":"https:\/\/tecsecmty.com\/index.php\/wp-json\/wp\/v2\/comments?post=5328"}],"version-history":[{"count":0,"href":"https:\/\/tecsecmty.com\/index.php\/wp-json\/wp\/v2\/product\/5328\/revisions"}],"wp:featuredmedia":[{"embeddable":true,"href":"https:\/\/tecsecmty.com\/index.php\/wp-json\/wp\/v2\/media\/5327"}],"wp:attachment":[{"href":"https:\/\/tecsecmty.com\/index.php\/wp-json\/wp\/v2\/media?parent=5328"}],"wp:term":[{"taxonomy":"product_brand","embeddable":true,"href":"https:\/\/tecsecmty.com\/index.php\/wp-json\/wp\/v2\/product_brand?post=5328"},{"taxonomy":"product_cat","embeddable":true,"href":"https:\/\/tecsecmty.com\/index.php\/wp-json\/wp\/v2\/product_cat?post=5328"},{"taxonomy":"product_tag","embeddable":true,"href":"https:\/\/tecsecmty.com\/index.php\/wp-json\/wp\/v2\/product_tag?post=5328"}],"curies":[{"name":"wp","href":"https:\/\/api.w.org\/{rel}","templated":true}]}}