{"id":5330,"date":"2023-02-23T11:01:50","date_gmt":"2023-02-23T17:01:50","guid":{"rendered":"https:\/\/tecsecmty.com\/index.php\/producto\/ubiquiti-ub-am-montaje-de-brazo-universal-compatible-con-suscriptores-ubiquiti-networks-lonuevo\/"},"modified":"2023-03-22T23:24:34","modified_gmt":"2023-03-23T05:24:34","slug":"ubiquiti-ub-am-montaje-de-brazo-universal-compatible-con-suscriptores-ubiquiti-networks-lonuevo","status":"publish","type":"product","link":"https:\/\/tecsecmty.com\/index.php\/producto\/ubiquiti-ub-am-montaje-de-brazo-universal-compatible-con-suscriptores-ubiquiti-networks-lonuevo\/","title":{"rendered":"UBIQUITI UB-AM &#8211; Montaje de Brazo Universal \/ Compatible con Suscriptores Ubiquiti Networks #LONUEVO"},"content":{"rendered":"<h2><img fetchpriority=\"high\" decoding=\"async\" class=\"alignnone size-full wp-image-10576\" src=\"https:\/\/tecsecmty.com\/wp-content\/uploads\/2023\/02\/bann2.png\" alt=\"\" width=\"1920\" height=\"400\" \/><\/h2>\n<h2><\/h2>\n<h2>Descripci\u00f3n General<\/h2>\n<p class=\"text-muted\">\n<p>El soporte universal de brazo est\u00e1 dise\u00f1ado para el montaje conveniente de pared o poste de equipos airMAX. El ajuste de inclinaci\u00f3n de 90 \u00b0 permite una colocaci\u00f3n f\u00e1cil.<\/p>\n<div class=\"col-md-5\"><img decoding=\"async\" class=\"d-block m-auto img-thumbnail aligncenter\" src=\"https:\/\/tvc.mx\/media\/404603\/ubamsinantena.png\" alt=\" \" \/><\/div>\n<div class=\"col-md-7 text-md-left text-center\">\n<h2>Caracter\u00edsticas Principales<\/h2>\n<p class=\"text-muted\">\n<ul>\n<li>Peso\u00a01.65 kg<\/li>\n<li>Referencia: UB-AM<\/li>\n<li>Modelo:\u00a0UBAM<\/li>\n<li>Marca:\u00a0UBIQUITI NETWORKS<\/li>\n<\/ul>\n<p>Incluye: base met\u00e1lica, tornillos y tuercas<\/p>\n<h2>Incluye<\/h2>\n<p class=\"text-muted\">\n<ul>\n<li>Base &#8211; Cant: 1<\/li>\n<li>Polo &#8211; Cant: 1<\/li>\n<li>Perno de pivote M6 &#8211; Cant: 1<\/li>\n<li>Perno de ajuste M6 &#8211; Cant: 2<\/li>\n<li>Tuerca angular dentada M6 &#8211; Cant: 3<\/li>\n<\/ul>\n<\/div>\n<p>&nbsp;<\/p>\n","protected":false},"excerpt":{"rendered":"<p>Descripci\u00f3n General El soporte universal de brazo est\u00e1 dise\u00f1ado para el montaje conveniente de pared o poste de equipos airMAX. El ajuste de inclinaci\u00f3n de 90 \u00b0 permite una colocaci\u00f3n f\u00e1cil. Caracter\u00edsticas Principales Peso\u00a01.65 kg Referencia: UB-AM Modelo:\u00a0UBAM Marca:\u00a0UBIQUITI NETWORKS Incluye: base met\u00e1lica, tornillos y&hellip;<\/p>\n","protected":false},"featured_media":5329,"comment_status":"open","ping_status":"closed","template":"","meta":{"om_disable_all_campaigns":false,"_monsterinsights_skip_tracking":false,"_monsterinsights_sitenote_active":false,"_monsterinsights_sitenote_note":"","_monsterinsights_sitenote_category":0},"product_brand":[],"product_cat":[451],"product_tag":[438,437,431,436,434,439,432,433,435,185,430],"class_list":{"0":"post-5330","1":"product","2":"type-product","3":"status-publish","4":"has-post-thumbnail","6":"product_cat-banda-5-8-ghz-enlaces-ptp-y-ptmp","7":"product_tag-controladores","8":"product_tag-fibra","9":"product_tag-networkin","10":"product_tag-poe","11":"product_tag-ptp-y-ptmp","12":"product_tag-punto-de-acceso","13":"product_tag-redes","14":"product_tag-sectoriales","15":"product_tag-switches-poe","16":"product_tag-tranceptores","17":"product_tag-ubiquiti","19":"first","20":"instock","21":"sale","22":"taxable","23":"shipping-taxable","24":"purchasable","25":"product-type-simple"},"aioseo_notices":[],"_links":{"self":[{"href":"https:\/\/tecsecmty.com\/index.php\/wp-json\/wp\/v2\/product\/5330","targetHints":{"allow":["GET"]}}],"collection":[{"href":"https:\/\/tecsecmty.com\/index.php\/wp-json\/wp\/v2\/product"}],"about":[{"href":"https:\/\/tecsecmty.com\/index.php\/wp-json\/wp\/v2\/types\/product"}],"replies":[{"embeddable":true,"href":"https:\/\/tecsecmty.com\/index.php\/wp-json\/wp\/v2\/comments?post=5330"}],"version-history":[{"count":0,"href":"https:\/\/tecsecmty.com\/index.php\/wp-json\/wp\/v2\/product\/5330\/revisions"}],"wp:featuredmedia":[{"embeddable":true,"href":"https:\/\/tecsecmty.com\/index.php\/wp-json\/wp\/v2\/media\/5329"}],"wp:attachment":[{"href":"https:\/\/tecsecmty.com\/index.php\/wp-json\/wp\/v2\/media?parent=5330"}],"wp:term":[{"taxonomy":"product_brand","embeddable":true,"href":"https:\/\/tecsecmty.com\/index.php\/wp-json\/wp\/v2\/product_brand?post=5330"},{"taxonomy":"product_cat","embeddable":true,"href":"https:\/\/tecsecmty.com\/index.php\/wp-json\/wp\/v2\/product_cat?post=5330"},{"taxonomy":"product_tag","embeddable":true,"href":"https:\/\/tecsecmty.com\/index.php\/wp-json\/wp\/v2\/product_tag?post=5330"}],"curies":[{"name":"wp","href":"https:\/\/api.w.org\/{rel}","templated":true}]}}