{"id":5332,"date":"2023-02-23T11:01:53","date_gmt":"2023-02-23T17:01:53","guid":{"rendered":"https:\/\/tecsecmty.com\/index.php\/producto\/bosch-v_cnfe2mcin-convertidor-de-medios-fibra-optica-ethernet-10-100-mbps-un-puerto\/"},"modified":"2023-03-22T23:21:43","modified_gmt":"2023-03-23T05:21:43","slug":"bosch-v_cnfe2mcin-convertidor-de-medios-fibra-optica-ethernet-10-100-mbps-un-puerto","status":"publish","type":"product","link":"https:\/\/tecsecmty.com\/index.php\/producto\/bosch-v_cnfe2mcin-convertidor-de-medios-fibra-optica-ethernet-10-100-mbps-un-puerto\/","title":{"rendered":"BOSCH V_CNFE2MCIN &#8211; Convertidor de medios fibra optica ethernet 10-100 Mbps un puerto"},"content":{"rendered":"<h5 class=\"card-title text-center\">Convertidor de medios CNFE2MC \/ IN con conector SFP<\/h5>\n<p class=\"ql-align-justify\">El conversor de medios ComNet &amp;trade CNFE2MC [M] Ethernet 2 puertos y CNFE22MC<\/p>\n<p class=\"ql-align-justify\">Los dos puertos duales est\u00e1n dise\u00f1ados para transmitir y recibir datos de 10\/100 Mbps sobre \u00f3pticos fibra a trav\u00e9s de opciones de SFP seleccionables por el usuario.<\/p>\n<p class=\"ql-align-justify\">Estos modelos requieren el pedido de SFP intercambiables vendidos por separado.<\/p>\n<p class=\"ql-align-justify\">M\u00f3dulos para tipo de fibra, distancia y conectores. Ver instrucciones incluidas con SFP para la instalaci\u00f3n del m\u00f3dulo seleccionado.<\/p>\n<p class=\"ql-align-justify\">El CNFE2MC y el CNFE2MCM transmiten y reciben cada uno un solo canal de Datos de Ethernet y el CNFE22MC transmite y recibe dos independientea canales en una unidad. La interfaz el\u00e9ctrica se negociar\u00e1 autom\u00e1ticamente a 10 Mbps, o tarifa de Ethernet de 100 Mbps sin ning\u00fan ajuste.<\/p>\n<p class=\"ql-align-justify\">La interfaz \u00f3ptica funciona, a una velocidad de Ethernet de 100 Mbps.<\/p>\n<p class=\"ql-align-justify\">Ambos est\u00e1n endurecidos ambientalmente para operar en temperaturas extremas.<\/p>\n<p><img decoding=\"async\" class=\"overview-center-img-\" src=\"https:\/\/tvc.mx\/media\/8413\/Logoopaginas-oficial.png\" alt=\"\" \/><\/p>\n","protected":false},"excerpt":{"rendered":"<p>Convertidor de medios CNFE2MC \/ IN con conector SFP El conversor de medios ComNet &amp;trade CNFE2MC [M] Ethernet 2 puertos y CNFE22MC Los dos puertos duales est\u00e1n dise\u00f1ados para transmitir y recibir datos de 10\/100 Mbps sobre \u00f3pticos fibra a trav\u00e9s de opciones de SFP&hellip;<\/p>\n","protected":false},"featured_media":5331,"comment_status":"open","ping_status":"closed","template":"","meta":{"om_disable_all_campaigns":false,"_monsterinsights_skip_tracking":false,"_monsterinsights_sitenote_active":false,"_monsterinsights_sitenote_note":"","_monsterinsights_sitenote_category":0},"product_brand":[],"product_cat":[454],"product_tag":[438,437,431,436,434,439,432,433,435,185,430],"class_list":{"0":"post-5332","1":"product","2":"type-product","3":"status-publish","4":"has-post-thumbnail","6":"product_cat-convertidor-de-medios","7":"product_tag-controladores","8":"product_tag-fibra","9":"product_tag-networkin","10":"product_tag-poe","11":"product_tag-ptp-y-ptmp","12":"product_tag-punto-de-acceso","13":"product_tag-redes","14":"product_tag-sectoriales","15":"product_tag-switches-poe","16":"product_tag-tranceptores","17":"product_tag-ubiquiti","19":"first","20":"instock","21":"sale","22":"taxable","23":"shipping-taxable","24":"purchasable","25":"product-type-simple"},"aioseo_notices":[],"_links":{"self":[{"href":"https:\/\/tecsecmty.com\/index.php\/wp-json\/wp\/v2\/product\/5332","targetHints":{"allow":["GET"]}}],"collection":[{"href":"https:\/\/tecsecmty.com\/index.php\/wp-json\/wp\/v2\/product"}],"about":[{"href":"https:\/\/tecsecmty.com\/index.php\/wp-json\/wp\/v2\/types\/product"}],"replies":[{"embeddable":true,"href":"https:\/\/tecsecmty.com\/index.php\/wp-json\/wp\/v2\/comments?post=5332"}],"version-history":[{"count":0,"href":"https:\/\/tecsecmty.com\/index.php\/wp-json\/wp\/v2\/product\/5332\/revisions"}],"wp:featuredmedia":[{"embeddable":true,"href":"https:\/\/tecsecmty.com\/index.php\/wp-json\/wp\/v2\/media\/5331"}],"wp:attachment":[{"href":"https:\/\/tecsecmty.com\/index.php\/wp-json\/wp\/v2\/media?parent=5332"}],"wp:term":[{"taxonomy":"product_brand","embeddable":true,"href":"https:\/\/tecsecmty.com\/index.php\/wp-json\/wp\/v2\/product_brand?post=5332"},{"taxonomy":"product_cat","embeddable":true,"href":"https:\/\/tecsecmty.com\/index.php\/wp-json\/wp\/v2\/product_cat?post=5332"},{"taxonomy":"product_tag","embeddable":true,"href":"https:\/\/tecsecmty.com\/index.php\/wp-json\/wp\/v2\/product_tag?post=5332"}],"curies":[{"name":"wp","href":"https:\/\/api.w.org\/{rel}","templated":true}]}}