{"id":5336,"date":"2023-02-23T11:01:57","date_gmt":"2023-02-23T17:01:57","guid":{"rendered":"https:\/\/tecsecmty.com\/index.php\/producto\/saxxon-uutp704-extensor-ip-para-4-puertos-de-hasta-1000-metros-por-cable-utpcat5-para-4-puertos\/"},"modified":"2023-03-22T23:24:10","modified_gmt":"2023-03-23T05:24:10","slug":"saxxon-uutp704-extensor-ip-para-4-puertos-de-hasta-1000-metros-por-cable-utpcat5-para-4-puertos","status":"publish","type":"product","link":"https:\/\/tecsecmty.com\/index.php\/producto\/saxxon-uutp704-extensor-ip-para-4-puertos-de-hasta-1000-metros-por-cable-utpcat5-para-4-puertos\/","title":{"rendered":"SAXXON uUTP704 &#8211; Extensor IP para 4 puertos de hasta 1000 metros por cable UTPCAT5 para 4 puertos"},"content":{"rendered":"<h5 class=\"card-title text-center\">Caracter\u00cdsticas<\/h5>\n<p>Extensor IP para 4 puertos de hasta 1000 metros por cable UTPCAT5 o UTPCAT5E para 4 puertos.<\/p>\n<p class=\"ql-align-justify\"><strong>Caracter\u00edsticas Principales:<\/strong><\/p>\n<ul>\n<li class=\"ql-align-justify\">Usando\u00a0<strong>cable UTP<\/strong>\u00a0\u00f3 Cable de L\u00ednea Telef\u00f3nica extiende la se\u00f1al de Red Ethernet.<\/li>\n<li class=\"ql-align-justify\">M\u00e1xima Longitud\u00a0<strong>1200 metros<\/strong>.<\/li>\n<li class=\"ql-align-justify\">Arriba de\u00a0<strong>100 MBPS<\/strong>\u00a0en el rango de 0-300 metros.<\/li>\n<li class=\"ql-align-justify\">Arriba de\u00a0<strong>10 MBPS<\/strong>\u00a0hasta 1200 metros.<\/li>\n<li class=\"ql-align-justify\">Compatible con\u00a0<strong>10M\/100M Network<\/strong>.<\/li>\n<li class=\"ql-align-justify\">S\u00faper\u00a0<strong>Rechazo de interferencia<\/strong>.<\/li>\n<li class=\"ql-align-justify\"><strong>Plug and Play<\/strong>, no necesita ning\u00fan driver.<\/li>\n<\/ul>\n<p><img decoding=\"async\" class=\"overview-center-img-web\" src=\"https:\/\/tvc.mx\/media\/149190\/Saxxon-uUTP704-Extensor-IP-para-4-puertos.jpg\" alt=\"\" \/><\/p>\n","protected":false},"excerpt":{"rendered":"<p>Caracter\u00cdsticas Extensor IP para 4 puertos de hasta 1000 metros por cable UTPCAT5 o UTPCAT5E para 4 puertos. Caracter\u00edsticas Principales: Usando\u00a0cable UTP\u00a0\u00f3 Cable de L\u00ednea Telef\u00f3nica extiende la se\u00f1al de Red Ethernet. M\u00e1xima Longitud\u00a01200 metros. Arriba de\u00a0100 MBPS\u00a0en el rango de 0-300 metros. Arriba de\u00a010&hellip;<\/p>\n","protected":false},"featured_media":5335,"comment_status":"open","ping_status":"closed","template":"","meta":{"om_disable_all_campaigns":false,"_monsterinsights_skip_tracking":false,"_monsterinsights_sitenote_active":false,"_monsterinsights_sitenote_note":"","_monsterinsights_sitenote_category":0},"product_brand":[],"product_cat":[456],"product_tag":[438,437,431,436,434,439,432,433,435,185,430],"class_list":{"0":"post-5336","1":"product","2":"type-product","3":"status-publish","4":"has-post-thumbnail","6":"product_cat-extensores-ip","7":"product_tag-controladores","8":"product_tag-fibra","9":"product_tag-networkin","10":"product_tag-poe","11":"product_tag-ptp-y-ptmp","12":"product_tag-punto-de-acceso","13":"product_tag-redes","14":"product_tag-sectoriales","15":"product_tag-switches-poe","16":"product_tag-tranceptores","17":"product_tag-ubiquiti","19":"first","20":"instock","21":"sale","22":"taxable","23":"shipping-taxable","24":"purchasable","25":"product-type-simple"},"aioseo_notices":[],"_links":{"self":[{"href":"https:\/\/tecsecmty.com\/index.php\/wp-json\/wp\/v2\/product\/5336","targetHints":{"allow":["GET"]}}],"collection":[{"href":"https:\/\/tecsecmty.com\/index.php\/wp-json\/wp\/v2\/product"}],"about":[{"href":"https:\/\/tecsecmty.com\/index.php\/wp-json\/wp\/v2\/types\/product"}],"replies":[{"embeddable":true,"href":"https:\/\/tecsecmty.com\/index.php\/wp-json\/wp\/v2\/comments?post=5336"}],"version-history":[{"count":0,"href":"https:\/\/tecsecmty.com\/index.php\/wp-json\/wp\/v2\/product\/5336\/revisions"}],"wp:featuredmedia":[{"embeddable":true,"href":"https:\/\/tecsecmty.com\/index.php\/wp-json\/wp\/v2\/media\/5335"}],"wp:attachment":[{"href":"https:\/\/tecsecmty.com\/index.php\/wp-json\/wp\/v2\/media?parent=5336"}],"wp:term":[{"taxonomy":"product_brand","embeddable":true,"href":"https:\/\/tecsecmty.com\/index.php\/wp-json\/wp\/v2\/product_brand?post=5336"},{"taxonomy":"product_cat","embeddable":true,"href":"https:\/\/tecsecmty.com\/index.php\/wp-json\/wp\/v2\/product_cat?post=5336"},{"taxonomy":"product_tag","embeddable":true,"href":"https:\/\/tecsecmty.com\/index.php\/wp-json\/wp\/v2\/product_tag?post=5336"}],"curies":[{"name":"wp","href":"https:\/\/api.w.org\/{rel}","templated":true}]}}