{"id":5338,"date":"2023-02-23T11:01:59","date_gmt":"2023-02-23T17:01:59","guid":{"rendered":"https:\/\/tecsecmty.com\/index.php\/producto\/ubiquiti-uf-loco-unidad-de-red-optica-ufiber-onu-1-puerto-wan-gpon-1-puerto-lan-gigabit-adaptador-de-alimentacion-micro-usb-5-v-1-a-incluido-ofertasredes\/"},"modified":"2023-03-22T23:24:34","modified_gmt":"2023-03-23T05:24:34","slug":"ubiquiti-uf-loco-unidad-de-red-optica-ufiber-onu-1-puerto-wan-gpon-1-puerto-lan-gigabit-adaptador-de-alimentacion-micro-usb-5-v-1-a-incluido-ofertasredes","status":"publish","type":"product","link":"https:\/\/tecsecmty.com\/index.php\/producto\/ubiquiti-uf-loco-unidad-de-red-optica-ufiber-onu-1-puerto-wan-gpon-1-puerto-lan-gigabit-adaptador-de-alimentacion-micro-usb-5-v-1-a-incluido-ofertasredes\/","title":{"rendered":"UBIQUITI UF-LOCO- Unidad de Red Optica UFIBER ONU\/ 1 Puerto WAN GPON\/ 1 Puerto LAN Gigabit\/ Adaptador de alimentaci\u00f3n Micro-USB 5 V, 1 A (Incluido) #OfertasRedes"},"content":{"rendered":"<p><img decoding=\"async\" class=\"aligncenter\" src=\"https:\/\/tvc.mx\/media\/401111\/Ubiquiti-UF-LOCO-Gpon-Principal1-%281%29.png\" alt=\" \" \/><\/p>\n<h2 style=\"text-align: center\">Unidad de red \u00f3ptica GPON de bajo costo<\/h2>\n<p class=\"text-muted\">\n<p>Con un elegante dise\u00f1o industrial, la locomotora U Fiber es un CPE GPON robusto y de alto rendimiento que presenta un consumo de energ\u00eda extremadamente bajo y dos opciones de energ\u00eda.<\/p>\n<div class=\"col-md-5\"><img decoding=\"async\" class=\"d-block m-auto img-thumbnail aligncenter\" src=\"https:\/\/tvc.mx\/media\/401115\/Ubiquiti-UF-LOCO-Gpon-Funcion2.png\" alt=\" \" \/><\/div>\n<div class=\"col-md-7 text-md-left text-center\">\n<h2>LED\u00b4s de estado<\/h2>\n<p class=\"text-muted\">\n<p>Los LED de f\u00e1cil lectura proporcionan informaci\u00f3n de estado: conexi\u00f3n Ethernet, intensidad de la se\u00f1al y alimentaci\u00f3n.<\/p>\n<p><img decoding=\"async\" src=\"https:\/\/tvc.mx\/media\/401119\/Ubiquiti-UF-LOCO-Gpon-Funcion3.png\" alt=\" \" \/><\/p>\n<h2>Versatilidad en energ\u00eda<\/h2>\n<p class=\"text-muted\">\n<p>El UFiber loco puede ser alimentado por un adaptador de corriente Micro-USB (incluido) o PoE pasivo de 24V.<\/p>\n<div class=\"col-md-5\"><img decoding=\"async\" class=\"d-block m-auto img-thumbnail\" src=\"https:\/\/tvc.mx\/media\/401123\/Ubiquiti-UF-LOCO-Gpon-Funcion4.png\" alt=\" \" \/><\/div>\n<div class=\"col-md-7 text-md-left text-center\">\n<h2>Dise\u00f1ado para la integraci\u00f3n<\/h2>\n<p class=\"text-muted\">\n<p>Se pueden conectar hasta 128 dispositivos UFiber loco a un solo puerto GPON. Permite enlaces GPON de hasta 20 km, UFiber loco se integra con UFiber OLT, UFiber OLT 4 y dispositivos OLT de terceros.<\/p>\n<h2><\/h2>\n<h2>Principales Caracter\u00edsticas<\/h2>\n<p class=\"text-muted\">\n<ul>\n<li>CPE GPON de alto rendimiento<\/li>\n<li>Hasta 2,4 Gbps de bajada y 1,2 Gbps de subida<\/li>\n<li>Admite enlaces GPON de hasta 20 km<\/li>\n<li>Potentes funciones de gesti\u00f3n de capa 2\/3<\/li>\n<li>Puerto WAN GPON<\/li>\n<li>Puerto LAN Gigabit RJ45<\/li>\n<\/ul>\n<p>Conector de fibra SC\/APC<\/p>\n<div class=\"col-md-5\"><img decoding=\"async\" class=\"d-block m-auto img-thumbnail\" src=\"https:\/\/tvc.mx\/media\/401131\/sgwrgreg-%281%29.png\" alt=\" \" \/><\/div>\n<div class=\"col-md-7 text-md-left text-center\">\n<h2>Incluye<\/h2>\n<p class=\"text-muted\">\n<ul>\n<li>UFiber loco<\/li>\n<li>Soporte de montaje en pared<\/li>\n<li>Tornillos (cant.: 4)<\/li>\n<li>Tacos para tornillos (cant.: 4)<\/li>\n<li>Adaptador de alimentaci\u00f3n Micro-USB* (5 V, 1 A)<\/li>\n<\/ul>\n<\/div>\n<\/div>\n<\/div>\n","protected":false},"excerpt":{"rendered":"<p>Unidad de red \u00f3ptica GPON de bajo costo Con un elegante dise\u00f1o industrial, la locomotora U Fiber es un CPE GPON robusto y de alto rendimiento que presenta un consumo de energ\u00eda extremadamente bajo y dos opciones de energ\u00eda. LED\u00b4s de estado Los LED de&hellip;<\/p>\n","protected":false},"featured_media":5337,"comment_status":"open","ping_status":"closed","template":"","meta":{"om_disable_all_campaigns":false,"_monsterinsights_skip_tracking":false,"_monsterinsights_sitenote_active":false,"_monsterinsights_sitenote_note":"","_monsterinsights_sitenote_category":0},"product_brand":[],"product_cat":[458],"product_tag":[438,437,431,436,434,439,432,433,435,185,430],"class_list":{"0":"post-5338","1":"product","2":"type-product","3":"status-publish","4":"has-post-thumbnail","6":"product_cat-gpon-olt-ont-onu","7":"product_tag-controladores","8":"product_tag-fibra","9":"product_tag-networkin","10":"product_tag-poe","11":"product_tag-ptp-y-ptmp","12":"product_tag-punto-de-acceso","13":"product_tag-redes","14":"product_tag-sectoriales","15":"product_tag-switches-poe","16":"product_tag-tranceptores","17":"product_tag-ubiquiti","19":"first","20":"instock","21":"sale","22":"taxable","23":"shipping-taxable","24":"purchasable","25":"product-type-simple"},"aioseo_notices":[],"_links":{"self":[{"href":"https:\/\/tecsecmty.com\/index.php\/wp-json\/wp\/v2\/product\/5338","targetHints":{"allow":["GET"]}}],"collection":[{"href":"https:\/\/tecsecmty.com\/index.php\/wp-json\/wp\/v2\/product"}],"about":[{"href":"https:\/\/tecsecmty.com\/index.php\/wp-json\/wp\/v2\/types\/product"}],"replies":[{"embeddable":true,"href":"https:\/\/tecsecmty.com\/index.php\/wp-json\/wp\/v2\/comments?post=5338"}],"version-history":[{"count":0,"href":"https:\/\/tecsecmty.com\/index.php\/wp-json\/wp\/v2\/product\/5338\/revisions"}],"wp:featuredmedia":[{"embeddable":true,"href":"https:\/\/tecsecmty.com\/index.php\/wp-json\/wp\/v2\/media\/5337"}],"wp:attachment":[{"href":"https:\/\/tecsecmty.com\/index.php\/wp-json\/wp\/v2\/media?parent=5338"}],"wp:term":[{"taxonomy":"product_brand","embeddable":true,"href":"https:\/\/tecsecmty.com\/index.php\/wp-json\/wp\/v2\/product_brand?post=5338"},{"taxonomy":"product_cat","embeddable":true,"href":"https:\/\/tecsecmty.com\/index.php\/wp-json\/wp\/v2\/product_cat?post=5338"},{"taxonomy":"product_tag","embeddable":true,"href":"https:\/\/tecsecmty.com\/index.php\/wp-json\/wp\/v2\/product_tag?post=5338"}],"curies":[{"name":"wp","href":"https:\/\/api.w.org\/{rel}","templated":true}]}}