{"id":5344,"date":"2023-02-23T11:02:06","date_gmt":"2023-02-23T17:02:06","guid":{"rendered":"https:\/\/tecsecmty.com\/index.php\/producto\/ubiquiti-uf-wifi-ufiber-wifi-802-11n-gpon-onu-unidad-de-red-optica-con-1-puerto-wan-gpon-sc-apc-4-puertos-lan-gigabit-ethernet-lonuevo\/"},"modified":"2023-03-22T23:24:35","modified_gmt":"2023-03-23T05:24:35","slug":"ubiquiti-uf-wifi-ufiber-wifi-802-11n-gpon-onu-unidad-de-red-optica-con-1-puerto-wan-gpon-sc-apc-4-puertos-lan-gigabit-ethernet-lonuevo","status":"publish","type":"product","link":"https:\/\/tecsecmty.com\/index.php\/producto\/ubiquiti-uf-wifi-ufiber-wifi-802-11n-gpon-onu-unidad-de-red-optica-con-1-puerto-wan-gpon-sc-apc-4-puertos-lan-gigabit-ethernet-lonuevo\/","title":{"rendered":"UBIQUITI UF-WIFI UFiber WiFi 802.11n GPON ONU, Unidad de red \u00f3ptica con 1 puerto WAN GPON (SC\/APC) + 4 puertos LAN Gigabit Ethernet #LONUEVO"},"content":{"rendered":"<p><img decoding=\"async\" class=\"aligncenter\" src=\"https:\/\/tvc.mx\/media\/402339\/UBUFWIFI_01.png\" alt=\" \" \/><\/p>\n<h2>Descripci\u00f3n General<\/h2>\n<p class=\"text-muted\">\n<p class=\"ql-align-justify\">Luciendo un elegante dise\u00f1o industrial, el U-Fiber Wi-Fi es un CPE GPON robusto y de alto rendimiento que cuenta con una pantalla LED informativa con 4 puertos Ethernet y Wi-Fi.<\/p>\n<hr class=\"padding-bottom-2x\" \/>\n<div class=\"row align-items-center padding-bottom-2x\">\n<div class=\"col-md-5\"><img decoding=\"async\" class=\"d-block m-auto img-thumbnail aligncenter\" src=\"https:\/\/tvc.mx\/media\/402343\/UF-WiFi_Top_Front_Angle_grande.png\" alt=\" \" \/><\/div>\n<div class=\"col-md-7 text-md-left text-center\">\n<h2>Principales Caracter\u00edsticas<\/h2>\n<p class=\"text-muted\">\n<ul>\n<li class=\"ql-align-justify\">Puertos:<\/li>\n<li class=\"ql-align-justify\">1 puerto WAN GPON (SC\/APC).<\/li>\n<li class=\"ql-align-justify\">4 puertos LAN Gigabit Ethernet.<\/li>\n<li class=\"ql-align-justify\">Caracter\u00edsticas:<\/li>\n<li class=\"ql-align-justify\">Velocidades de hasta 2.488 Gbps de downstream y 1.244 Gbps de upstream.<\/li>\n<li class=\"ql-align-justify\">Longitud de onda: 1310 nm Upstream (TX), 1490nm Downstream (RX).<\/li>\n<li class=\"ql-align-justify\">LED &#8216;s de estatus.<\/li>\n<li class=\"ql-align-justify\">Caracter\u00edsticas F\u00edsicas y El\u00e9ctricas:<\/li>\n<li class=\"ql-align-justify\">Alimentaci\u00f3n: PoE pasivo (24V, 1 A) o Adaptador de alimentaci\u00f3n (24 V, 0.5A).<\/li>\n<li class=\"ql-align-justify\">Dimensiones: 126.34 x 126.09 x 31.65 mm.<\/li>\n<li class=\"ql-align-justify\">Peso: 190 g.<\/li>\n<li class=\"ql-align-justify\">Temperatura de Operaci\u00f3n: -10 a 45\u00b0C.<img decoding=\"async\" class=\"aligncenter\" src=\"https:\/\/tvc.mx\/media\/402347\/ufiber_wifi_600x.png\" alt=\" \" \/><br \/>\n<h2>Incluye<\/h2>\n<p class=\"text-muted\">\n<ul>\n<li class=\"ql-align-justify\">U-Fiber UF-WIFI<\/li>\n<li class=\"ql-align-justify\">Tornillos (cant.: 4)<\/li>\n<li class=\"ql-align-justify\">Tacos para tornillos (cant.: 4)<\/li>\n<li class=\"ql-align-justify\">Adaptador de alimentaci\u00f3n (24V, 0,5A)<\/li>\n<\/ul>\n<\/li>\n<\/ul>\n<\/div>\n<\/div>\n<p>&nbsp;<\/p>\n","protected":false},"excerpt":{"rendered":"<p>Descripci\u00f3n General Luciendo un elegante dise\u00f1o industrial, el U-Fiber Wi-Fi es un CPE GPON robusto y de alto rendimiento que cuenta con una pantalla LED informativa con 4 puertos Ethernet y Wi-Fi. Principales Caracter\u00edsticas Puertos: 1 puerto WAN GPON (SC\/APC). 4 puertos LAN Gigabit Ethernet.&hellip;<\/p>\n","protected":false},"featured_media":5343,"comment_status":"open","ping_status":"closed","template":"","meta":{"om_disable_all_campaigns":false,"_monsterinsights_skip_tracking":false,"_monsterinsights_sitenote_active":false,"_monsterinsights_sitenote_note":"","_monsterinsights_sitenote_category":0},"product_brand":[],"product_cat":[458],"product_tag":[438,437,431,436,434,439,432,433,435,185,430],"class_list":{"0":"post-5344","1":"product","2":"type-product","3":"status-publish","4":"has-post-thumbnail","6":"product_cat-gpon-olt-ont-onu","7":"product_tag-controladores","8":"product_tag-fibra","9":"product_tag-networkin","10":"product_tag-poe","11":"product_tag-ptp-y-ptmp","12":"product_tag-punto-de-acceso","13":"product_tag-redes","14":"product_tag-sectoriales","15":"product_tag-switches-poe","16":"product_tag-tranceptores","17":"product_tag-ubiquiti","19":"first","20":"instock","21":"sale","22":"taxable","23":"shipping-taxable","24":"purchasable","25":"product-type-simple"},"aioseo_notices":[],"_links":{"self":[{"href":"https:\/\/tecsecmty.com\/index.php\/wp-json\/wp\/v2\/product\/5344","targetHints":{"allow":["GET"]}}],"collection":[{"href":"https:\/\/tecsecmty.com\/index.php\/wp-json\/wp\/v2\/product"}],"about":[{"href":"https:\/\/tecsecmty.com\/index.php\/wp-json\/wp\/v2\/types\/product"}],"replies":[{"embeddable":true,"href":"https:\/\/tecsecmty.com\/index.php\/wp-json\/wp\/v2\/comments?post=5344"}],"version-history":[{"count":0,"href":"https:\/\/tecsecmty.com\/index.php\/wp-json\/wp\/v2\/product\/5344\/revisions"}],"wp:featuredmedia":[{"embeddable":true,"href":"https:\/\/tecsecmty.com\/index.php\/wp-json\/wp\/v2\/media\/5343"}],"wp:attachment":[{"href":"https:\/\/tecsecmty.com\/index.php\/wp-json\/wp\/v2\/media?parent=5344"}],"wp:term":[{"taxonomy":"product_brand","embeddable":true,"href":"https:\/\/tecsecmty.com\/index.php\/wp-json\/wp\/v2\/product_brand?post=5344"},{"taxonomy":"product_cat","embeddable":true,"href":"https:\/\/tecsecmty.com\/index.php\/wp-json\/wp\/v2\/product_cat?post=5344"},{"taxonomy":"product_tag","embeddable":true,"href":"https:\/\/tecsecmty.com\/index.php\/wp-json\/wp\/v2\/product_tag?post=5344"}],"curies":[{"name":"wp","href":"https:\/\/api.w.org\/{rel}","templated":true}]}}