{"id":5350,"date":"2023-02-23T11:02:20","date_gmt":"2023-02-23T17:02:20","guid":{"rendered":"https:\/\/tecsecmty.com\/index.php\/producto\/draytek-silvercard-licencia-de-filtrado-de-contenido-web-compatible-con-vigor-300b-2960-3220-ippbx3510-3900-3910-2962-5510-12-meses\/"},"modified":"2023-03-22T23:23:14","modified_gmt":"2023-03-23T05:23:14","slug":"draytek-silvercard-licencia-de-filtrado-de-contenido-web-compatible-con-vigor-300b-2960-3220-ippbx3510-3900-3910-2962-5510-12-meses","status":"publish","type":"product","link":"https:\/\/tecsecmty.com\/index.php\/producto\/draytek-silvercard-licencia-de-filtrado-de-contenido-web-compatible-con-vigor-300b-2960-3220-ippbx3510-3900-3910-2962-5510-12-meses\/","title":{"rendered":"DRAYTEK SILVERCARD- Licencia de Filtrado de Contenido WEB Compatible con Vigor 300B\/ 2960\/ 3220\/ IPPBX3510\/ 3900\/ 3910\/ 2962\/ 5510\/ 12 Meses"},"content":{"rendered":"<div id=\"product-details-container\" class=\"container-fluid mb-1\">\n<div class=\"tab-content\">\n<div id=\"overviews\" class=\"tab-pane fade show active\" role=\"tabpanel\">\n<div class=\"container-fluid padding-bottom-2x mb-2\">\n<div class=\"row aling-items-center padding-bottom-2x\">\n<div class=\"col-lg-12\">\n<h5 class=\"card-title text-center\">Licencia de filtrado de contenido<\/h5>\n<div class=\"row aling-items-center padding-bottom-2x\">\n<div class=\"col-lg-12\">\n<h5 class=\"card-title text-center\">Gran capacidad de funcionamiento<\/h5>\n<p class=\"ql-align-justify\">DrayTek ofrece la licencia de prueba para Cyren GlobalView Filtrado de Contenido Web en routers Vigor compatibles (Duraci\u00f3n: un mes despu\u00e9s de la activaci\u00f3n). Usted tendr\u00eda que activar la licencia de prueba a trav\u00e9s del procedimiento del Asistente de Servicio de Activaci\u00f3n en el portal MyVigor.<\/p>\n<p><img decoding=\"async\" class=\"overview-center-img-web\" src=\"https:\/\/tvc.mx\/media\/45051\/LicenciaWcf.png\" alt=\"\" \/><\/div>\n<\/div>\n<div class=\"row aling-items-center padding-bottom-2x\">\n<div class=\"col-lg-12\">\n<h5 class=\"card-title text-center\">Categorizaci\u00f3n de solicitudes de licencia Cyren GlobalView.<\/h5>\n<p class=\"ql-align-justify\">La licencia GlobalView de Cyren se instala en dispositivos DrayTek.<\/p>\n<p class=\"ql-align-justify\">El dispositivo DrayTek recibe una solicitud http.<\/p>\n<p class=\"ql-align-justify\">La consulta del dispositivo DrayTek se env\u00eda al servidor de GlobalView para la categorizaci\u00f3n de la clasificaci\u00f3n.<\/p>\n<p class=\"ql-align-justify\">Si es necesario, la licencia URL de GlobalView analiza la consulta para la detecci\u00f3n de Cyren y la clasifica para actualizaciones relevantes.<\/p>\n<p class=\"ql-align-justify\">El dispositivo DrayTek bloquea, permite o retiene el contenido de acuerdo al tipo de clasificaci\u00f3n que recibe del motor de GlobalView.<\/p>\n<p><img decoding=\"async\" class=\"overview-center-img-web\" src=\"https:\/\/tvc.mx\/media\/45054\/Wcf1.png\" alt=\"\" \/><\/div>\n<\/div>\n<p class=\"ql-align-justify\">Precisi\u00f3n sin igual; Clasificaci\u00f3n orientada a los clientes, que se alerta por cada nuevo sitio al que ingrese los clientes.<\/p>\n<p>GlobalView, es la soluci\u00f3n de filtrado de URL de Cyren, la cual aprovecha su infraestructura \u00fanica \u00aben la nube\u00bb para proporcionar la amplitud sin precedentes de la cobertura web. La soluci\u00f3n cuenta con una respuesta espec\u00edfica a las necesidades de los clientes finales, evitando la \u00abtalla \u00fanica para todos\u00bb de las soluciones tradicionales. Con casi dos d\u00e9cadas en la industria de seguridad de correo electr\u00f3nico, Cyren proporciona una visi\u00f3n sin igual de las amenazas, el bloqueo de sitios web perjudiciales en la hora cero, a menudo mucho antes de que los usuarios est\u00e9n expuestos a ellos.<\/p>\n<p><img decoding=\"async\" class=\"overview-center-img-web\" src=\"https:\/\/tvc.mx\/media\/45048\/UrlFilteringObjectives.png\" alt=\"\" \/><\/p>\n<\/div>\n<\/div>\n<div class=\"row aling-items-center padding-bottom-2x\">\n<div class=\"col-lg-12\">\n<h5 class=\"card-title text-center\">Gran capacidad de funcionamiento<\/h5>\n<p class=\"ql-align-justify\">DrayTek ofrece la licencia de prueba para Cyren GlobalView Filtrado de Contenido Web en routers Vigor compatibles (Duraci\u00f3n: un mes despu\u00e9s de la activaci\u00f3n). Usted tendr\u00eda que activar la licencia de prueba a trav\u00e9s del procedimiento del Asistente de Servicio de Activaci\u00f3n en el portal MyVigor.<\/p>\n<p><img decoding=\"async\" class=\"overview-center-img-web\" src=\"https:\/\/tvc.mx\/media\/45051\/LicenciaWcf.png\" alt=\"\" \/><\/p>\n<\/div>\n<\/div>\n<div class=\"row aling-items-center padding-bottom-2x\">\n<div class=\"col-lg-12\">\n<h5 class=\"card-title text-center\">Categorizaci\u00f3n de solicitudes de licencia Cyren GlobalView.<\/h5>\n<p class=\"ql-align-justify\">La licencia GlobalView de Cyren se instala en dispositivos DrayTek.<\/p>\n<p class=\"ql-align-justify\">El dispositivo DrayTek recibe una solicitud http.<\/p>\n<p class=\"ql-align-justify\">La consulta del dispositivo DrayTek se env\u00eda al servidor de GlobalView para la categorizaci\u00f3n de la clasificaci\u00f3n.<\/p>\n<p class=\"ql-align-justify\">Si es necesario, la licencia URL de GlobalView analiza la consulta para la detecci\u00f3n de Cyren y la clasifica para actualizaciones relevantes.<\/p>\n<p class=\"ql-align-justify\">El dispositivo DrayTek bloquea, permite o retiene el contenido de acuerdo al tipo de clasificaci\u00f3n que recibe del motor de GlobalView.<\/p>\n<p><img decoding=\"async\" class=\"overview-center-img-web\" src=\"https:\/\/tvc.mx\/media\/45054\/Wcf1.png\" alt=\"\" \/><\/p>\n<\/div>\n<\/div>\n<div class=\"row aling-items-center padding-bottom-2x\">\n<div class=\"col-lg-12\">\n<h5 class=\"card-title text-center\">Especificaciones t\u00e9cnicas<\/h5>\n<ul>\n<li class=\"ql-align-justify\">Cuenta con 64 categorias, 8 de las cuales son relacionada con la seguridad<\/li>\n<li class=\"ql-align-justify\">Soporta Protocolo HTTP<\/li>\n<li class=\"ql-align-justify\">Bloquea paginas HTTPS<\/li>\n<li class=\"ql-align-justify\">Maneja mas de 50,000 solicitudes.<\/li>\n<li class=\"ql-align-justify\">Compatible con routers de las series: Vigor2952 \/ Vigor2960 \/ Vigor300B \/ Vigor3220 \/ Vigor3900 \/ Vigor5510.<\/li>\n<\/ul>\n<p><img decoding=\"async\" class=\"overview-center-img-web\" src=\"https:\/\/tvc.mx\/media\/45057\/Draytek_Overview.png\" alt=\"\" \/><\/p>\n<\/div>\n<\/div>\n<\/div>\n<\/div>\n<\/div>\n<\/div>\n<div class=\"container padding-bottom-3x mb-1\"><\/div>\n","protected":false},"excerpt":{"rendered":"<h5 class=\"card-title text-center\">Licencia de filtrado de contenido<\/h5>\n<p class=\"ql-align-justify\">La licencia de Filtrado de Contenido Web, cuenta con la opci\u00f3n de identificar brotes de seguridad a los usuarios.<\/p>\n<p class=\"ql-align-justify\">Precisi\u00f3n sin igual; Clasificaci\u00f3n orientada a los clientes, que se alerta por cada nuevo sitio al que ingrese los clientes.<\/p>\n<p>GlobalView, es la soluci\u00f3n de filtrado de URL de Cyren, la cual aprovecha su infraestructura \u00fanica \u00aben la nube\u00bb para proporcionar la amplitud sin precedentes de la cobertura web. La soluci\u00f3n cuenta con una respuesta espec\u00edfica a las necesidades de los clientes finales, evitando la \u00abtalla \u00fanica para todos\u00bb de las soluciones tradicionales. Con casi dos d\u00e9cadas en la industria de seguridad de correo electr\u00f3nico, Cyren proporciona una visi\u00f3n sin igual de las amenazas, el bloqueo de sitios web perjudiciales en la hora cero, a menudo mucho antes de que los usuarios est\u00e9n expuestos a ellos.<\/p>\n<p><img decoding=\"async\" class=\"overview-center-img-web\" src=\"https:\/\/tvc.mx\/media\/45048\/UrlFilteringObjectives.png\" alt=\"\" \/><\/p>\n<div class=\"row aling-items-center padding-bottom-2x\">\n<div class=\"col-lg-12\">\n<h5 class=\"card-title text-center\">Gran capacidad de funcionamiento<\/h5>\n<p class=\"ql-align-justify\">DrayTek ofrece la licencia de prueba para Cyren GlobalView Filtrado de Contenido Web en routers Vigor compatibles (Duraci\u00f3n: un mes despu\u00e9s de la activaci\u00f3n). Usted tendr\u00eda que activar la licencia de prueba a trav\u00e9s del procedimiento del Asistente de Servicio de Activaci\u00f3n en el portal MyVigor.<\/p>\n<p><img decoding=\"async\" class=\"overview-center-img-web\" src=\"https:\/\/tvc.mx\/media\/45051\/LicenciaWcf.png\" alt=\"\" \/><\/div>\n<\/div>\n<div class=\"row aling-items-center padding-bottom-2x\">\n<div class=\"col-lg-12\">\n<h5 class=\"card-title text-center\">Categorizaci\u00f3n de solicitudes de licencia Cyren GlobalView.<\/h5>\n<p class=\"ql-align-justify\">La licencia GlobalView de Cyren se instala en dispositivos DrayTek.<\/p>\n<p class=\"ql-align-justify\">El dispositivo DrayTek recibe una solicitud http.<\/p>\n<p class=\"ql-align-justify\">La consulta del dispositivo DrayTek se env\u00eda al servidor de GlobalView para la categorizaci\u00f3n de la clasificaci\u00f3n.<\/p>\n<p class=\"ql-align-justify\">Si es necesario, la licencia URL de GlobalView analiza la consulta para la detecci\u00f3n de Cyren y la clasifica para actualizaciones relevantes.<\/p>\n<p class=\"ql-align-justify\">El dispositivo DrayTek bloquea, permite o retiene el contenido de acuerdo al tipo de clasificaci\u00f3n que recibe del motor de GlobalView.<\/p>\n<p><img decoding=\"async\" class=\"overview-center-img-web aligncenter\" src=\"https:\/\/tvc.mx\/media\/45054\/Wcf1.png\" alt=\"\" \/><\/div>\n<div>\n<h5 class=\"card-title text-center\">Especificaciones t\u00e9cnicas<\/h5>\n<ul>\n<li class=\"ql-align-justify\">Cuenta con 64 categorias, 8 de las cuales son relacionada con la seguridad<\/li>\n<li class=\"ql-align-justify\">Soporta Protocolo HTTP<\/li>\n<li class=\"ql-align-justify\">Bloquea paginas HTTPS<\/li>\n<li class=\"ql-align-justify\">Maneja mas de 50,000 solicitudes.<\/li>\n<li class=\"ql-align-justify\">Compatible con routers de las series: Vigor2952 \/ Vigor2960 \/ Vigor300B \/ Vigor3220 \/ Vigor3900 \/ Vigor5510.<\/li>\n<\/ul>\n<p><img decoding=\"async\" class=\"overview-center-img-web\" src=\"https:\/\/tvc.mx\/media\/45057\/Draytek_Overview.png\" alt=\"\" \/><\/div>\n<\/div>\n","protected":false},"featured_media":5349,"comment_status":"open","ping_status":"closed","template":"","meta":{"om_disable_all_campaigns":false,"_monsterinsights_skip_tracking":false,"_monsterinsights_sitenote_active":false,"_monsterinsights_sitenote_note":"","_monsterinsights_sitenote_category":0},"product_brand":[],"product_cat":[461],"product_tag":[438,437,431,436,434,439,432,433,435,185,430],"class_list":{"0":"post-5350","1":"product","2":"type-product","3":"status-publish","4":"has-post-thumbnail","6":"product_cat-licencias-ruteadores-firewalls-balanceadores-de-carga","7":"product_tag-controladores","8":"product_tag-fibra","9":"product_tag-networkin","10":"product_tag-poe","11":"product_tag-ptp-y-ptmp","12":"product_tag-punto-de-acceso","13":"product_tag-redes","14":"product_tag-sectoriales","15":"product_tag-switches-poe","16":"product_tag-tranceptores","17":"product_tag-ubiquiti","19":"first","20":"instock","21":"sale","22":"taxable","23":"shipping-taxable","24":"purchasable","25":"product-type-simple"},"aioseo_notices":[],"_links":{"self":[{"href":"https:\/\/tecsecmty.com\/index.php\/wp-json\/wp\/v2\/product\/5350","targetHints":{"allow":["GET"]}}],"collection":[{"href":"https:\/\/tecsecmty.com\/index.php\/wp-json\/wp\/v2\/product"}],"about":[{"href":"https:\/\/tecsecmty.com\/index.php\/wp-json\/wp\/v2\/types\/product"}],"replies":[{"embeddable":true,"href":"https:\/\/tecsecmty.com\/index.php\/wp-json\/wp\/v2\/comments?post=5350"}],"version-history":[{"count":0,"href":"https:\/\/tecsecmty.com\/index.php\/wp-json\/wp\/v2\/product\/5350\/revisions"}],"wp:featuredmedia":[{"embeddable":true,"href":"https:\/\/tecsecmty.com\/index.php\/wp-json\/wp\/v2\/media\/5349"}],"wp:attachment":[{"href":"https:\/\/tecsecmty.com\/index.php\/wp-json\/wp\/v2\/media?parent=5350"}],"wp:term":[{"taxonomy":"product_brand","embeddable":true,"href":"https:\/\/tecsecmty.com\/index.php\/wp-json\/wp\/v2\/product_brand?post=5350"},{"taxonomy":"product_cat","embeddable":true,"href":"https:\/\/tecsecmty.com\/index.php\/wp-json\/wp\/v2\/product_cat?post=5350"},{"taxonomy":"product_tag","embeddable":true,"href":"https:\/\/tecsecmty.com\/index.php\/wp-json\/wp\/v2\/product_tag?post=5350"}],"curies":[{"name":"wp","href":"https:\/\/api.w.org\/{rel}","templated":true}]}}