{"id":5352,"date":"2023-02-23T11:02:22","date_gmt":"2023-02-23T17:02:22","guid":{"rendered":"https:\/\/tecsecmty.com\/index.php\/producto\/draytek-vigor2135-router-gigabit-de-1-puerto-wan-rj45-2-tuneles-vpn-funciones-firewall-bloqueo-de-paginas-web-soporta-licencia-de-filtrado-de-contenido-drayddns-soporta-hasta-4-puertos-lan-giga\/"},"modified":"2023-03-22T23:23:14","modified_gmt":"2023-03-23T05:23:14","slug":"draytek-vigor2135-router-gigabit-de-1-puerto-wan-rj45-2-tuneles-vpn-funciones-firewall-bloqueo-de-paginas-web-soporta-licencia-de-filtrado-de-contenido-drayddns-soporta-hasta-4-puertos-lan-giga","status":"publish","type":"product","link":"https:\/\/tecsecmty.com\/index.php\/producto\/draytek-vigor2135-router-gigabit-de-1-puerto-wan-rj45-2-tuneles-vpn-funciones-firewall-bloqueo-de-paginas-web-soporta-licencia-de-filtrado-de-contenido-drayddns-soporta-hasta-4-puertos-lan-giga\/","title":{"rendered":"DRAYTEK VIGOR2135- Router Gigabit de 1 Puerto WAN RJ45\/ 2 Tuneles VPN\/ Funciones Firewall\/ Bloqueo de Paginas Web\/ Soporta Licencia de Filtrado de Contenido\/ DrayDDNS\/ Soporta Hasta 4 Puertos LAN Gigabit\/ 2 Puertos USB\/ #ParejaIdeal"},"content":{"rendered":"<div class=\"row align-items-center padding-bottom-2x\">\n<div class=\"col-md-7 order-md-1 text-md-left text-center\">\n<h2><img decoding=\"async\" src=\"https:\/\/tvc.mx\/media\/420679\/2135_right_H1125.png\" alt=\" \" \/><\/h2>\n<h2><\/h2>\n<h2>Enrutador NAT de hardware para profesionales<\/h2>\n<p class=\"text-muted\">\n<p>Vigor2135 Series es un firewall de banda ancha y un enrutador VPN.\u00a0Con acelerador de hardware, ofrece un rendimiento de hasta 940 Mbps sin sacrificar las funciones de control de ancho de banda.\u00a0Tambi\u00e9n est\u00e1 equipado con funciones de nivel empresarial, que incluyen filtrado de contenido web, pol\u00edtica de ruta, QoS basado en aplicaciones y mucho m\u00e1s, y es perfecto para usuarios profesionales de hogares inteligentes\/SOHO que deseen tomar el control total de su propia red.\u00a0La serie incluye modelos con est\u00e1ndar inal\u00e1mbrico 11ac Wave 2 integrado y WAN de fibra.<\/p>\n<p>&nbsp;<\/p>\n<\/div>\n<\/div>\n<hr class=\"padding-bottom-2x\" \/>\n<div class=\"row align-items-center padding-bottom-2x\">\n<div class=\"col-md-5\"><img decoding=\"async\" class=\"d-block m-auto img-thumbnail\" src=\"https:\/\/tvc.mx\/media\/420683\/2135ac_port_H1125-%282%29-%281%29.png\" alt=\" \" \/><\/div>\n<div class=\"col-md-7 text-md-left text-center\">\n<h2>Principales Caracter\u00edsticas<\/h2>\n<p class=\"text-muted\">\n<p>VPN (red privada virtual)<\/p>\n<ul>\n<li>Cree un t\u00fanel seguro y privado desde la LAN de la serie Vigor2135 hasta las oficinas remotas y los teletrabajadores a trav\u00e9s de Internet.<\/li>\n<\/ul>\n<p>Compatible con VoIP<\/p>\n<ul>\n<li>La serie Vigor2135 puede realizar el reenv\u00edo de puertos y reservar ancho de banda para el tr\u00e1fico de VoIP autom\u00e1ticamente, lo que facilita la configuraci\u00f3n de VoIP.<\/li>\n<\/ul>\n<p>Gesti\u00f3n de ancho de banda<\/p>\n<ul>\n<li>Evite que un dispositivo use todo el ancho de banda mediante la pol\u00edtica de l\u00edmite de ancho de banda, la pol\u00edtica de l\u00edmite de sesi\u00f3n y la configuraci\u00f3n de QoS.<\/li>\n<\/ul>\n<p>Cortafuegos y filtro de contenido<\/p>\n<p>Filtre las p\u00e1ginas web por palabra clave de URL o categor\u00eda web para bloquear el acceso a contenidos inseguros o inapropiados.<\/p>\n<div class=\"row align-items-center padding-bottom-2x\">\n<div class=\"col-md-7 order-md-1 text-md-left text-center\">\n<h2>Hardware NAT y enrutamiento con hardware QoS<\/h2>\n<p class=\"text-muted\">\n<p>El acelerador admite hasta 4k NAT y conexiones de enrutamiento.\u00a0Con la aceleraci\u00f3n habilitada, el rendimiento del cortafuegos de Vigor2135 puede alcanzar los 940 Mbps, al mismo tiempo que cumple con las altas expectativas de calidad de QoS.\u00a0Puede priorizar f\u00e1cilmente las aplicaciones cr\u00edticas para el negocio y mantener siempre VoIP en primera prioridad.<\/p>\n<p>&nbsp;<\/p>\n<\/div>\n<\/div>\n<hr class=\"padding-bottom-2x\" \/>\n<div class=\"row align-items-center padding-bottom-2x\">\n<div class=\"col-md-5\"><img decoding=\"async\" class=\"d-block m-auto img-thumbnail\" src=\"https:\/\/tvc.mx\/media\/420691\/2135_lan_management-%281%29.png\" alt=\" \" \/><\/div>\n<div class=\"col-md-7 text-md-left text-center\">\n<h2>Gesti\u00f3n de LAN<\/h2>\n<p class=\"text-muted\">\n<p>Detecci\u00f3n autom\u00e1tica de dispositivos<\/p>\n<ul>\n<li>Todo lo que necesita es conectar el Vigor Switch\/AP al lado LAN del enrutador, Vigor Router luego descubrir\u00e1 los dispositivos que se administrar\u00e1n.<\/li>\n<\/ul>\n<p>Aprovisionamiento<\/p>\n<ul>\n<li>La configuraci\u00f3n b\u00e1sica se puede realizar en el Vigor Router y aprovisionar al VigorAP administrado.<\/li>\n<\/ul>\n<p>Vigilancia<\/p>\n<p>Vigor Router proporciona una vista centralizada de la administraci\u00f3n de dispositivos, siempre puede verificar si el VigorAP administrado est\u00e1 en l\u00ednea.<\/p>\n<h2>Incluye:<\/h2>\n<p class=\"text-muted\">\n<ul>\n<li>Antena x 2 (Aplica para modelo inal\u00e1mbrico Vigor2135ac, Vigor2135Vac)<\/li>\n<li>\u00a0Cable Ethernet RJ-45 Cat-5<\/li>\n<li>\u00a0Adaptador de corriente<\/li>\n<li>\u00a0Gu\u00eda de inicio r\u00e1pido<\/li>\n<\/ul>\n<\/div>\n<\/div>\n<\/div>\n<div class=\"col-md-7 text-md-left text-center\">\n<p>&nbsp;<\/p>\n<\/div>\n<\/div>\n","protected":false},"excerpt":{"rendered":"<p>Enrutador NAT de hardware para profesionales Vigor2135 Series es un firewall de banda ancha y un enrutador VPN.\u00a0Con acelerador de hardware, ofrece un rendimiento de hasta 940 Mbps sin sacrificar las funciones de control de ancho de banda.\u00a0Tambi\u00e9n est\u00e1 equipado con funciones de nivel empresarial,&hellip;<\/p>\n","protected":false},"featured_media":5351,"comment_status":"open","ping_status":"closed","template":"","meta":{"om_disable_all_campaigns":false,"_monsterinsights_skip_tracking":false,"_monsterinsights_sitenote_active":false,"_monsterinsights_sitenote_note":"","_monsterinsights_sitenote_category":0},"product_brand":[],"product_cat":[462],"product_tag":[438,437,431,436,434,439,432,433,435,185,430],"class_list":{"0":"post-5352","1":"product","2":"type-product","3":"status-publish","4":"has-post-thumbnail","6":"product_cat-ruteadores-firewalls-balanceadores-de-carga","7":"product_tag-controladores","8":"product_tag-fibra","9":"product_tag-networkin","10":"product_tag-poe","11":"product_tag-ptp-y-ptmp","12":"product_tag-punto-de-acceso","13":"product_tag-redes","14":"product_tag-sectoriales","15":"product_tag-switches-poe","16":"product_tag-tranceptores","17":"product_tag-ubiquiti","19":"first","20":"instock","21":"sale","22":"taxable","23":"shipping-taxable","24":"purchasable","25":"product-type-simple"},"aioseo_notices":[],"_links":{"self":[{"href":"https:\/\/tecsecmty.com\/index.php\/wp-json\/wp\/v2\/product\/5352","targetHints":{"allow":["GET"]}}],"collection":[{"href":"https:\/\/tecsecmty.com\/index.php\/wp-json\/wp\/v2\/product"}],"about":[{"href":"https:\/\/tecsecmty.com\/index.php\/wp-json\/wp\/v2\/types\/product"}],"replies":[{"embeddable":true,"href":"https:\/\/tecsecmty.com\/index.php\/wp-json\/wp\/v2\/comments?post=5352"}],"version-history":[{"count":0,"href":"https:\/\/tecsecmty.com\/index.php\/wp-json\/wp\/v2\/product\/5352\/revisions"}],"wp:featuredmedia":[{"embeddable":true,"href":"https:\/\/tecsecmty.com\/index.php\/wp-json\/wp\/v2\/media\/5351"}],"wp:attachment":[{"href":"https:\/\/tecsecmty.com\/index.php\/wp-json\/wp\/v2\/media?parent=5352"}],"wp:term":[{"taxonomy":"product_brand","embeddable":true,"href":"https:\/\/tecsecmty.com\/index.php\/wp-json\/wp\/v2\/product_brand?post=5352"},{"taxonomy":"product_cat","embeddable":true,"href":"https:\/\/tecsecmty.com\/index.php\/wp-json\/wp\/v2\/product_cat?post=5352"},{"taxonomy":"product_tag","embeddable":true,"href":"https:\/\/tecsecmty.com\/index.php\/wp-json\/wp\/v2\/product_tag?post=5352"}],"curies":[{"name":"wp","href":"https:\/\/api.w.org\/{rel}","templated":true}]}}