{"id":5356,"date":"2023-02-23T11:02:27","date_gmt":"2023-02-23T17:02:27","guid":{"rendered":"https:\/\/tecsecmty.com\/index.php\/producto\/draytek-vigor2915ac-ruteador-inalambrico-multi-wan-balanceador-de-cargas-2-puertos-wan-gigabit-rj45-hasta-4-puertos-lan-gigabit-capacidad-de-hasta-16-tuneles-vpn-filtrado-de-contenido-web-ideal\/"},"modified":"2023-03-22T23:23:14","modified_gmt":"2023-03-23T05:23:14","slug":"draytek-vigor2915ac-ruteador-inalambrico-multi-wan-balanceador-de-cargas-2-puertos-wan-gigabit-rj45-hasta-4-puertos-lan-gigabit-capacidad-de-hasta-16-tuneles-vpn-filtrado-de-contenido-web-ideal","status":"publish","type":"product","link":"https:\/\/tecsecmty.com\/index.php\/producto\/draytek-vigor2915ac-ruteador-inalambrico-multi-wan-balanceador-de-cargas-2-puertos-wan-gigabit-rj45-hasta-4-puertos-lan-gigabit-capacidad-de-hasta-16-tuneles-vpn-filtrado-de-contenido-web-ideal\/","title":{"rendered":"DRAYTEK VIGOR2915AC &#8211; Ruteador Inal\u00e1mbrico Multi-WAN Balanceador de Cargas\/ 2 Puertos WAN Gigabit RJ45\/ Hasta 4 Puertos LAN Gigabit\/ Capacidad de hasta 16 T\u00faneles VPN\/ Filtrado de contenido WEB\/ Ideal para PyMEs"},"content":{"rendered":"","protected":false},"excerpt":{"rendered":"<div class=\"col-md-5 order-md-2\"><img decoding=\"async\" class=\"d-block m-auto img-thumbnail\" src=\"https:\/\/tvc.mx\/media\/37365\/2915ac_Back.png\" alt=\" \" \/><\/div>\n<div class=\"col-md-7 order-md-1 text-md-left text-center\">\n<h2>Descripci\u00f3n general<\/h2>\n<p class=\"text-muted\">\n<p class=\"ql-align-justify\">La serie Vigor2915 es una soluci\u00f3n de gesti\u00f3n de red integrada dise\u00f1ada para una peque\u00f1a empresa. La interfaz WAN principal es de capacidad Gigabit Ethernet, y los usuarios pueden agregar una conexi\u00f3n WAN secundaria utilizando el puerto LAN 4 o el puerto USB. Cuenta con doble WAN lo que proporciona una capacidad para balanceo de cargas o modo respaldo lo cual garantiza un acceso confiable a Internet. La serie Vigor2915 tambi\u00e9n es un servidor VPN robusto con capacidad de hasta 16 t\u00faneles concurrentes. El cortafuegos y las funciones de filtrado de contenido pueden controlar el tr\u00e1fico de red entrante y saliente, y tambi\u00e9n ofrece funciones de administraci\u00f3n de ancho de banda que optimizan la asignaci\u00f3n de ancho de banda y hacen el mejor uso del mismo<\/p>\n<hr class=\"padding-bottom-2x\" \/>\n<div class=\"row align-items-center padding-bottom-2x\">\n<div class=\"col-md-5\"><img decoding=\"async\" class=\"d-block m-auto img-thumbnail\" src=\"https:\/\/tvc.mx\/media\/37371\/Princ2.png\" alt=\" \" \/><\/div>\n<div class=\"col-md-7 text-md-left text-center\">\n<h2>Gran capacidad de t\u00faneles VPN<\/h2>\n<p class=\"text-muted\">\n<p class=\"ql-align-justify\">la serie Vigor 2915 cuenta con una capacidad de soportar hasta 16 t\u00faneles VPN de forma simultanea con rendimientos superiores de transmisi\u00f3n, los tipos de t\u00faneles que puede crear son IPSEC, SSL, PPTP, as\u00ed como t\u00faneles VPN teleworker para poder enlazar usuarios donde se encuentren hacia su oficina.<\/p>\n<div class=\"row align-items-center padding-bottom-2x\">\n<div class=\"col-md-7 order-md-1 text-md-left text-center\">\n<h2>Puertos WAN y LAN Gigabit Ethernet<\/h2>\n<p class=\"text-muted\">\n<p class=\"ql-align-justify\">Los puertos WAN y LAN son con capacidad Gigabit Ethernet por tal motivo la serie Vigor2915 cuenta con una gran capacidad de transmisi\u00f3n en la red interna, as\u00ed como capacidad de anchos de banda muy superiores para la conectividad WAN.<\/p>\n<p class=\"ql-align-justify\">\n<p>&nbsp;<\/p>\n<\/div>\n<\/div>\n<hr class=\"padding-bottom-2x\" \/>\n<div class=\"row align-items-center padding-bottom-2x\">\n<div class=\"col-md-5\"><img decoding=\"async\" class=\"d-block m-auto img-thumbnail\" src=\"https:\/\/tvc.mx\/media\/37383\/Draytek_logo.png\" alt=\" \" \/><\/div>\n<div class=\"col-md-7 text-md-left text-center\">\n<h2>Principales caracter\u00edsticas<\/h2>\n<p class=\"text-muted\">\n<ul>\n<li class=\"ql-align-justify\">Puertos WAN fijos: 1 10\/100\/1000Mbps RJ-45 Base-TX.<\/li>\n<li class=\"ql-align-justify\">Puerto WAN\/LAN intercambiable: 1 10\/100\/1000Mbps RJ-45 Base-TX (WAN2\/LAN4).<\/li>\n<li class=\"ql-align-justify\">Puertos LAN fijos: 3 10\/100\/1000Mbps RJ-45 Base-TX.<\/li>\n<li class=\"ql-align-justify\">1 puerto USB 2.0 para BAM, impresoras en red, servidor de almacenamiento.<\/li>\n<li class=\"ql-align-justify\">2 antenas frecuencia 2.4\/5GHz concurrentes.<\/li>\n<li class=\"ql-align-justify\">Fuente de alimentaci\u00f3n: 12VDC a 1A.<\/li>\n<li class=\"ql-align-justify\">M\u00e1ximo consumo de corriente: 12W (modelo ac).<\/li>\n<li class=\"ql-align-justify\">Temperatura de operaci\u00f3n: 0 a 45\u00b0C.<\/li>\n<li class=\"ql-align-justify\">Humedad de operaci\u00f3n: 10 a 90% (sin condensaci\u00f3n).<\/li>\n<\/ul>\n<p>&nbsp;<\/p>\n<\/div>\n<\/div>\n<hr class=\"padding-bottom-2x\" \/>\n<div class=\"row align-items-center padding-bottom-2x\">\n<div class=\"col-md-5 order-md-2\"><img decoding=\"async\" class=\"d-block m-auto img-thumbnail\" src=\"https:\/\/tvc.mx\/media\/415375\/IncGral-%282%29.png\" alt=\" \" \/><\/div>\n<div class=\"col-md-7 order-md-1 text-md-left text-center\">\n<h2>Incluye<\/h2>\n<p class=\"text-muted\">\n<ul>\n<li>Vigor2915<\/li>\n<li>2 Antenas<\/li>\n<li>Cable Rj-45 Cat5<\/li>\n<li>Adaptador de corriente<\/li>\n<li>Gu\u00eda de inicio r\u00e1pido<\/li>\n<\/ul>\n<\/div>\n<\/div>\n<\/div>\n<\/div>\n<p>&nbsp;<\/p>\n<\/div>\n","protected":false},"featured_media":5355,"comment_status":"open","ping_status":"closed","template":"","meta":{"om_disable_all_campaigns":false,"_monsterinsights_skip_tracking":false,"_monsterinsights_sitenote_active":false,"_monsterinsights_sitenote_note":"","_monsterinsights_sitenote_category":0},"product_brand":[],"product_cat":[462],"product_tag":[438,437,431,436,434,439,432,433,435,185,430],"class_list":{"0":"post-5356","1":"product","2":"type-product","3":"status-publish","4":"has-post-thumbnail","6":"product_cat-ruteadores-firewalls-balanceadores-de-carga","7":"product_tag-controladores","8":"product_tag-fibra","9":"product_tag-networkin","10":"product_tag-poe","11":"product_tag-ptp-y-ptmp","12":"product_tag-punto-de-acceso","13":"product_tag-redes","14":"product_tag-sectoriales","15":"product_tag-switches-poe","16":"product_tag-tranceptores","17":"product_tag-ubiquiti","19":"first","20":"instock","21":"sale","22":"taxable","23":"shipping-taxable","24":"purchasable","25":"product-type-simple"},"aioseo_notices":[],"_links":{"self":[{"href":"https:\/\/tecsecmty.com\/index.php\/wp-json\/wp\/v2\/product\/5356","targetHints":{"allow":["GET"]}}],"collection":[{"href":"https:\/\/tecsecmty.com\/index.php\/wp-json\/wp\/v2\/product"}],"about":[{"href":"https:\/\/tecsecmty.com\/index.php\/wp-json\/wp\/v2\/types\/product"}],"replies":[{"embeddable":true,"href":"https:\/\/tecsecmty.com\/index.php\/wp-json\/wp\/v2\/comments?post=5356"}],"version-history":[{"count":0,"href":"https:\/\/tecsecmty.com\/index.php\/wp-json\/wp\/v2\/product\/5356\/revisions"}],"wp:featuredmedia":[{"embeddable":true,"href":"https:\/\/tecsecmty.com\/index.php\/wp-json\/wp\/v2\/media\/5355"}],"wp:attachment":[{"href":"https:\/\/tecsecmty.com\/index.php\/wp-json\/wp\/v2\/media?parent=5356"}],"wp:term":[{"taxonomy":"product_brand","embeddable":true,"href":"https:\/\/tecsecmty.com\/index.php\/wp-json\/wp\/v2\/product_brand?post=5356"},{"taxonomy":"product_cat","embeddable":true,"href":"https:\/\/tecsecmty.com\/index.php\/wp-json\/wp\/v2\/product_cat?post=5356"},{"taxonomy":"product_tag","embeddable":true,"href":"https:\/\/tecsecmty.com\/index.php\/wp-json\/wp\/v2\/product_tag?post=5356"}],"curies":[{"name":"wp","href":"https:\/\/api.w.org\/{rel}","templated":true}]}}