{"id":5362,"date":"2023-02-23T11:02:33","date_gmt":"2023-02-23T17:02:33","guid":{"rendered":"https:\/\/tecsecmty.com\/index.php\/producto\/draytek-vigor2960-ruteador-200-vpn-2-puertos-gb-wan-4-gb-lan-soporta-ipv6\/"},"modified":"2023-03-05T20:32:38","modified_gmt":"2023-03-06T02:32:38","slug":"draytek-vigor2960-ruteador-200-vpn-2-puertos-gb-wan-4-gb-lan-soporta-ipv6","status":"publish","type":"product","link":"https:\/\/tecsecmty.com\/index.php\/producto\/draytek-vigor2960-ruteador-200-vpn-2-puertos-gb-wan-4-gb-lan-soporta-ipv6\/","title":{"rendered":"DRAYTEK VIGOR2960- Ruteador 200 VPN\/ 2 Puertos GB WAN\/ 4 GB LAN\/ Soporta IPv6"},"content":{"rendered":"<h5 class=\"card-title text-center\">Descripci\u00f3n general<\/h5>\n<p class=\"ql-align-justify\">La serie de ruteadores Vigor2960 sirve como Gateway VPN y firewall central para oficinas multi-sitio y teleworkers. Con el alto rendimiento de sus dos puertos Gigabit WAN, 4 puertos Gigabit Ethernet LAN y VPN trunking el dispositivo facilita la productividad de las operaciones comerciales vers\u00e1tiles. Para asegurar las comunicaciones entre los sitios se implementan t\u00faneles VPN ya que tiene la facilidad de crear hasta 200 t\u00faneles.<\/p>\n<p class=\"ql-align-justify\">Los dos puertos Gigabit WAN pueden proporcionar balanceo de carga y failover WAN. Basado en la nueva plataforma DrayTek OS, el Vigor 2960 ofrece un alto rendimiento con la tradicional facilidad de uso y caracter\u00edsticas de conjunto integral de DrayTek. QoS, VLAN caracter\u00edsticas de filtrado de contenido Web ayudan a mantener la eficiencia de la red y la productividad en l\u00ednea.<\/p>\n<p><img fetchpriority=\"high\" decoding=\"async\" class=\"alignnone size-full wp-image-10102\" src=\"https:\/\/tecsecmty.com\/wp-content\/uploads\/2023\/02\/2960Front.png\" alt=\"\" width=\"1920\" height=\"400\" \/><\/p>\n<h5 class=\"card-title text-center\">Principales caracter\u00edsticas<\/h5>\n<ul>\n<li class=\"ql-align-justify\">2 Puertos WAN, RJ45<\/li>\n<li class=\"ql-align-justify\">4 Puertos LAN 10\/100\/100 Base Tx, RJ45.<\/li>\n<li class=\"ql-align-justify\">2 Puertos USB (Para internet m\u00f3vil 3G\/4G*, servidor FTP).<\/li>\n<li class=\"ql-align-justify\">200 T\u00faneles de VPN.<\/li>\n<li class=\"ql-align-justify\">Firewall (Re direccionamiento de puerto, filtro de direcciones MAC, URL Keyword Filter, Web Content Filter y CSM)<\/li>\n<li class=\"ql-align-justify\">Licencia de Filtrado de Contenido Web\u00a0SILVERCARD clave\u00a0<a href=\"https:\/\/www.tvc.mx\/shop\/catalog\/product_info.php?products_id=2315\" target=\"_blank\" rel=\"noopener\">67026<\/a>(se vende por separado*)<\/li>\n<li class=\"ql-align-justify\">Banda Dual con capacidad de auto failover y balanceo de carga.<\/li>\n<\/ul>\n<p>Fuente de alimentaci\u00f3n: 100 ~ 240VAC, 50\/60Hz, 1A.<img decoding=\"async\" class=\"alignnone size-full wp-image-10103\" src=\"https:\/\/tecsecmty.com\/wp-content\/uploads\/2023\/02\/Draytek_Overview.png\" alt=\"\" width=\"1920\" height=\"400\" \/><\/p>\n<h5 class=\"card-title text-center\">Alta disponibilidad.<\/h5>\n<p class=\"ql-align-justify\">La alta disponibilidad de la Serie Vigor2960 est\u00e1 dise\u00f1ado para evitar puntos de fallo individuales. Cuando se producen fallos, el proceso de conmutaci\u00f3n por error se mueve procesamiento realizado por el componente que ha fallado (el \u00abMaestro\u00bb) para el componente de reserva (el \u00abesclavo\u00bb). Este proceso se mantiene recursos en todo el sistema, recupera parcial de transacciones fallidas, y restaura el sistema a la normalidad en cuesti\u00f3n de microsegundos.<\/p>\n<p class=\"ql-align-justify\">Tome la siguiente imagen como ejemplo. La parte superior Vigor2960 es considerada como principal dispositivo (activo), el Vigor2960 menor es considerado como Esclavo (en espera) del dispositivo. Cuando el Maestro Vigor2960 Series se descompone, el dispositivo esclavo podr\u00eda reemplazar el papel principal para hacerse cargo de todos los puestos de trabajo tan pronto como sea posible. Sin embargo, una vez que el master original est\u00e1 trabajando de nuevo, el esclavo ser\u00eda cambiado a la funci\u00f3n original de hacer una pausa.<\/p>\n<p><img decoding=\"async\" class=\"alignnone size-full wp-image-10104\" src=\"https:\/\/tecsecmty.com\/wp-content\/uploads\/2023\/02\/App2-1.png\" alt=\"\" width=\"1920\" height=\"400\" \/><\/p>\n<h5 class=\"card-title text-center\">Seguridad sin compromiso.<\/h5>\n<p class=\"ql-align-justify\">La serie Vigor2960 tambi\u00e9n proporciona opciones de firewall de alta seguridad con la protecci\u00f3n tanto de IP-capa y basado en contenido. Tambi\u00e9n cuenta con prevenci\u00f3n DoS \/ DDoS y filtrado de contenidos por medio de URL \/ Web que fortalecen la seguridad de su red. La seguridad por medio de CSM a nivel de empresa (Content Security Management) permite a los usuarios controlar y gestionar aplicaciones de IM (Instant Messenger) y P2P (Peer to Peer) de manera m\u00e1s eficiente, por tanto, impide contenido inapropiado que puedan distraer a los empleados y obstaculizar la productividad. Adem\u00e1s, el CSM puede mantener redes de oficinas amenaza libre y disponible. Con CSM, puede proteger los datos confidenciales y esenciales de modificaci\u00f3n o robo.<\/p>\n<p><img loading=\"lazy\" decoding=\"async\" class=\"alignnone size-full wp-image-10105\" src=\"https:\/\/tecsecmty.com\/wp-content\/uploads\/2023\/02\/Vigor2960WCF.png\" alt=\"\" width=\"1920\" height=\"400\" \/><\/p>\n<h5 class=\"card-title text-center\">T\u00faneles VPN a nivel Empresarial.<\/h5>\n<p class=\"ql-align-justify\">El equipo Vigor2960 soporta hasta 200 t\u00faneles VPN simult\u00e1neos (como IPSec \/ PPTP \/ L2TP) y el rendimiento de VPN puede alcanzar hasta 400Mbps-(IPsec) gracias a su coprocesador dedicado para t\u00faneles de VPN y a su encriptaci\u00f3n\u00a0de hardware de AES\/ DES\/ 3DES lo cual permite mantener el rendimiento m\u00e1ximo del router.<img loading=\"lazy\" decoding=\"async\" class=\"alignnone size-full wp-image-10106\" src=\"https:\/\/tecsecmty.com\/wp-content\/uploads\/2023\/02\/Vigor2960Vpn.png\" alt=\"\" width=\"1920\" height=\"400\" \/><\/p>\n","protected":false},"excerpt":{"rendered":"<p>Descripci\u00f3n general La serie de ruteadores Vigor2960 sirve como Gateway VPN y firewall central para oficinas multi-sitio y teleworkers. Con el alto rendimiento de sus dos puertos Gigabit WAN, 4 puertos Gigabit Ethernet LAN y VPN trunking el dispositivo facilita la productividad de las operaciones&hellip;<\/p>\n","protected":false},"featured_media":5361,"comment_status":"open","ping_status":"closed","template":"","meta":{"om_disable_all_campaigns":false,"_monsterinsights_skip_tracking":false,"_monsterinsights_sitenote_active":false,"_monsterinsights_sitenote_note":"","_monsterinsights_sitenote_category":0},"product_brand":[],"product_cat":[462],"product_tag":[438,437,431,436,434,439,432,433,435,185,430],"class_list":{"0":"post-5362","1":"product","2":"type-product","3":"status-publish","4":"has-post-thumbnail","6":"product_cat-ruteadores-firewalls-balanceadores-de-carga","7":"product_tag-controladores","8":"product_tag-fibra","9":"product_tag-networkin","10":"product_tag-poe","11":"product_tag-ptp-y-ptmp","12":"product_tag-punto-de-acceso","13":"product_tag-redes","14":"product_tag-sectoriales","15":"product_tag-switches-poe","16":"product_tag-tranceptores","17":"product_tag-ubiquiti","19":"first","20":"instock","21":"sale","22":"taxable","23":"shipping-taxable","24":"purchasable","25":"product-type-simple"},"aioseo_notices":[],"_links":{"self":[{"href":"https:\/\/tecsecmty.com\/index.php\/wp-json\/wp\/v2\/product\/5362","targetHints":{"allow":["GET"]}}],"collection":[{"href":"https:\/\/tecsecmty.com\/index.php\/wp-json\/wp\/v2\/product"}],"about":[{"href":"https:\/\/tecsecmty.com\/index.php\/wp-json\/wp\/v2\/types\/product"}],"replies":[{"embeddable":true,"href":"https:\/\/tecsecmty.com\/index.php\/wp-json\/wp\/v2\/comments?post=5362"}],"version-history":[{"count":0,"href":"https:\/\/tecsecmty.com\/index.php\/wp-json\/wp\/v2\/product\/5362\/revisions"}],"wp:featuredmedia":[{"embeddable":true,"href":"https:\/\/tecsecmty.com\/index.php\/wp-json\/wp\/v2\/media\/5361"}],"wp:attachment":[{"href":"https:\/\/tecsecmty.com\/index.php\/wp-json\/wp\/v2\/media?parent=5362"}],"wp:term":[{"taxonomy":"product_brand","embeddable":true,"href":"https:\/\/tecsecmty.com\/index.php\/wp-json\/wp\/v2\/product_brand?post=5362"},{"taxonomy":"product_cat","embeddable":true,"href":"https:\/\/tecsecmty.com\/index.php\/wp-json\/wp\/v2\/product_cat?post=5362"},{"taxonomy":"product_tag","embeddable":true,"href":"https:\/\/tecsecmty.com\/index.php\/wp-json\/wp\/v2\/product_tag?post=5362"}],"curies":[{"name":"wp","href":"https:\/\/api.w.org\/{rel}","templated":true}]}}