{"id":5370,"date":"2023-02-23T11:02:45","date_gmt":"2023-02-23T17:02:45","guid":{"rendered":"https:\/\/tecsecmty.com\/index.php\/producto\/ubiquiti-er-x-edgerouter-x-5-puertos-gigabit-ethernet\/"},"modified":"2023-03-22T23:24:30","modified_gmt":"2023-03-23T05:24:30","slug":"ubiquiti-er-x-edgerouter-x-5-puertos-gigabit-ethernet","status":"publish","type":"product","link":"https:\/\/tecsecmty.com\/index.php\/producto\/ubiquiti-er-x-edgerouter-x-5-puertos-gigabit-ethernet\/","title":{"rendered":"UBIQUITI ER-X &#8211; EDGEROUTER X \/ 5 Puertos Gigabit ethernet"},"content":{"rendered":"<h2>EdgeRouter X<\/h2>\n<p class=\"ql-align-justify\">Los equipos EdgeRouter X de Ubiquiti cuentan con la capacidad de poder ofrecer rendimiento en ruteo superior y con un dise\u00f1o ultra compacto.<\/p>\n<p><img fetchpriority=\"high\" decoding=\"async\" class=\"alignnone size-full wp-image-10066\" src=\"https:\/\/tecsecmty.com\/wp-content\/uploads\/2023\/02\/ERX_1.png\" alt=\"\" width=\"960\" height=\"540\" \/><\/p>\n<h2>Versatilidad en PoE.<\/h2>\n<p class=\"ql-align-justify\">Cuenta con una alimentaci\u00f3n de corriente de 24V en PoE pasivo, o bien con un adaptador de corriente, por tal motivo una de las caracter\u00edsticas de los equipos EdgeRouter X es poder ofrecer un puerto Ethernet con suministro PoE pasivo para as\u00ed poder conectar alg\u00fan dispositivo airMAX directamente al router.<\/p>\n<p><img decoding=\"async\" class=\"alignnone size-full wp-image-10068\" src=\"https:\/\/tecsecmty.com\/wp-content\/uploads\/2023\/02\/VersatilePoe.png\" alt=\"\" width=\"960\" height=\"540\" \/><\/p>\n<h2>Lider en rendimiento\/precio.<\/h2>\n<p class=\"ql-align-justify\">Este tipo de modelos ofrecen una combinaci\u00f3n en el precio del equipo y en rendimiento de tecnolog\u00eda de ruteo.<\/p>\n<p><img decoding=\"async\" class=\"alignnone size-full wp-image-10069\" src=\"https:\/\/tecsecmty.com\/wp-content\/uploads\/2023\/02\/ErxFront.png\" alt=\"\" width=\"960\" height=\"540\" \/><\/p>\n<h2>Conectividad Gigabit.<\/h2>\n<p class=\"ql-align-justify\">El router EdgeRouter X cuenta con 5 puertos Gigabit RJ-45 totalmente independientes los cuales pueden ser configurados para switching.<\/p>\n<p><img loading=\"lazy\" decoding=\"async\" class=\"alignnone size-full wp-image-10070\" src=\"https:\/\/tecsecmty.com\/wp-content\/uploads\/2023\/02\/FeaturesGigabitPoe.png\" alt=\"\" width=\"960\" height=\"540\" \/><\/p>\n<h2>Especificaciones t\u00e9cnicas<\/h2>\n<ul>\n<li>Interfaz de red: 5 puertos Gigabit Ethernet RJ-45 10\/100\/1000Mbps.<\/li>\n<li>Entrada de PoE: 24V de PoE pasivo.<\/li>\n<li>Fuente de alimentaci\u00f3n: 12VDC, 0.5A (incluida).<\/li>\n<li>M\u00e1ximo consumo de corriente: 5W.<\/li>\n<li>Temperatura de operaci\u00f3n: -10\u00b0C\u00a0~\u00a045\u00b0C.<\/li>\n<\/ul>\n<p>Humedad de operaci\u00f3n: 10 ~\u00a090% sin condensaci\u00f3n.<\/p>\n<p><img loading=\"lazy\" decoding=\"async\" class=\"alignnone size-full wp-image-10071\" src=\"https:\/\/tecsecmty.com\/wp-content\/uploads\/2023\/02\/Especificaciones-2.png\" alt=\"\" width=\"960\" height=\"540\" \/><\/p>\n<h2>Incluye<\/h2>\n<ul>\n<li>1 Edge Router<\/li>\n<\/ul>\n<p>1 Adaptador de alimentaci\u00f3n 12V, 0.5A<\/p>\n<p><img loading=\"lazy\" decoding=\"async\" class=\"size-full wp-image-10072 aligncenter\" src=\"https:\/\/tecsecmty.com\/wp-content\/uploads\/2023\/02\/Captura-de-pantalla-2022-06-28-173651.png\" alt=\"\" width=\"400\" height=\"300\" \/><\/p>\n<p>&nbsp;<\/p>\n<p>&nbsp;<\/p>\n","protected":false},"excerpt":{"rendered":"<p>EdgeRouter X Los equipos EdgeRouter X de Ubiquiti cuentan con la capacidad de poder ofrecer rendimiento en ruteo superior y con un dise\u00f1o ultra compacto. Versatilidad en PoE. Cuenta con una alimentaci\u00f3n de corriente de 24V en PoE pasivo, o bien con un adaptador de&hellip;<\/p>\n","protected":false},"featured_media":5369,"comment_status":"open","ping_status":"closed","template":"","meta":{"om_disable_all_campaigns":false,"_monsterinsights_skip_tracking":false,"_monsterinsights_sitenote_active":false,"_monsterinsights_sitenote_note":"","_monsterinsights_sitenote_category":0},"product_brand":[],"product_cat":[463],"product_tag":[438,437,431,436,434,439,432,433,435,185,430],"class_list":{"0":"post-5370","1":"product","2":"type-product","3":"status-publish","4":"has-post-thumbnail","6":"product_cat-ruteadores-firewalls-balanceadores-de-carga-networking-ubiquiti-redes","7":"product_tag-controladores","8":"product_tag-fibra","9":"product_tag-networkin","10":"product_tag-poe","11":"product_tag-ptp-y-ptmp","12":"product_tag-punto-de-acceso","13":"product_tag-redes","14":"product_tag-sectoriales","15":"product_tag-switches-poe","16":"product_tag-tranceptores","17":"product_tag-ubiquiti","19":"first","20":"instock","21":"sale","22":"taxable","23":"shipping-taxable","24":"purchasable","25":"product-type-simple"},"aioseo_notices":[],"_links":{"self":[{"href":"https:\/\/tecsecmty.com\/index.php\/wp-json\/wp\/v2\/product\/5370","targetHints":{"allow":["GET"]}}],"collection":[{"href":"https:\/\/tecsecmty.com\/index.php\/wp-json\/wp\/v2\/product"}],"about":[{"href":"https:\/\/tecsecmty.com\/index.php\/wp-json\/wp\/v2\/types\/product"}],"replies":[{"embeddable":true,"href":"https:\/\/tecsecmty.com\/index.php\/wp-json\/wp\/v2\/comments?post=5370"}],"version-history":[{"count":0,"href":"https:\/\/tecsecmty.com\/index.php\/wp-json\/wp\/v2\/product\/5370\/revisions"}],"wp:featuredmedia":[{"embeddable":true,"href":"https:\/\/tecsecmty.com\/index.php\/wp-json\/wp\/v2\/media\/5369"}],"wp:attachment":[{"href":"https:\/\/tecsecmty.com\/index.php\/wp-json\/wp\/v2\/media?parent=5370"}],"wp:term":[{"taxonomy":"product_brand","embeddable":true,"href":"https:\/\/tecsecmty.com\/index.php\/wp-json\/wp\/v2\/product_brand?post=5370"},{"taxonomy":"product_cat","embeddable":true,"href":"https:\/\/tecsecmty.com\/index.php\/wp-json\/wp\/v2\/product_cat?post=5370"},{"taxonomy":"product_tag","embeddable":true,"href":"https:\/\/tecsecmty.com\/index.php\/wp-json\/wp\/v2\/product_tag?post=5370"}],"curies":[{"name":"wp","href":"https:\/\/api.w.org\/{rel}","templated":true}]}}