{"id":5374,"date":"2023-02-23T11:02:50","date_gmt":"2023-02-23T17:02:50","guid":{"rendered":"https:\/\/tecsecmty.com\/index.php\/producto\/dahua-dh-pfs3005-4et-36-switch-poe-de-4-puertos-capa-2-1-puerto-10-100-base-t-4-puertos-poe-10-100-36-watts-totales-switching-1-gbps-tasa-de-reenvio-de-paquetes-744-kbps-memoria-buffer-de-pa\/"},"modified":"2023-03-05T19:49:57","modified_gmt":"2023-03-06T01:49:57","slug":"dahua-dh-pfs3005-4et-36-switch-poe-de-4-puertos-capa-2-1-puerto-10-100-base-t-4-puertos-poe-10-100-36-watts-totales-switching-1-gbps-tasa-de-reenvio-de-paquetes-744-kbps-memoria-buffer-de-pa","status":"publish","type":"product","link":"https:\/\/tecsecmty.com\/index.php\/producto\/dahua-dh-pfs3005-4et-36-switch-poe-de-4-puertos-capa-2-1-puerto-10-100-base-t-4-puertos-poe-10-100-36-watts-totales-switching-1-gbps-tasa-de-reenvio-de-paquetes-744-kbps-memoria-buffer-de-pa\/","title":{"rendered":"DAHUA DH-PFS3005-4ET-36 &#8211; Switch PoE de 4 Puertos\/ Capa 2\/ 1 Puerto 10\/100 Base T\/ 4 Puertos PoE 10\/100 \/ 36 Watts Totales\/ Switching 1 Gbps\/ Tasa de Reenvio de Paquetes 744 Kbps\/ Memoria Buffer de Paquetes 448 Kb\/ Protecci\u00f3n de Descargas\/"},"content":{"rendered":"<h5 class=\"card-title text-center\">Informaci\u00f3n general.<\/h5>\n<p><strong>DH-PFS3005-4ET-36<\/strong>\u00a0es un switch de red Ethernet\u00a0<strong>PoE capa 2<\/strong>, puede alcanzar un nivel de protecci\u00f3n contra descargas grado 3. Este dispositivo puede admitir hasta 4 puertos PoE (potencia m\u00e1xima total 36W).<\/p>\n<p><img fetchpriority=\"high\" decoding=\"async\" class=\"alignnone size-full wp-image-10050\" src=\"https:\/\/tecsecmty.com\/wp-content\/uploads\/2023\/02\/SWITCH-NO-ADMINISTRABLE-CAPA-2-4-PUERTOS-POE-DAHUA.png\" alt=\"\" width=\"1920\" height=\"400\" \/><\/p>\n<h5 class=\"card-title text-center\">Aplicaciones.<\/h5>\n<p>El switch\u00a0<strong>DH-PFS3005-4ET-36<\/strong>\u00a0cuenta con una gran versatilidad en cuanto aplicaciones gracias a sus\u00a0<strong>4 puertos PoE<\/strong>\u00a0puede energizar equipos bajo los est\u00e1ndares\u00a0<strong>IEEE802.3af y IEEE802.3at<\/strong>\u00a0as\u00ed como suministrar red a equipos no PoE.<\/p>\n<p><img decoding=\"async\" class=\"alignnone size-full wp-image-10052\" src=\"https:\/\/tecsecmty.com\/wp-content\/uploads\/2023\/02\/SWITCH-NO-ADMINISTRABLE-CAPA-2-4-PUERTOS-POE-APLICACIONES-DAHUA.png\" alt=\"\" width=\"1920\" height=\"400\" \/><\/p>\n<h5 class=\"card-title text-center\">\u00bfQu\u00e9 es PoE?<\/h5>\n<p><strong>PoE (Power over Ethernet)<\/strong>\u00a0energ\u00eda sobre ethernet por sus siglas en ingl\u00e9s es una tecnolog\u00eda que permite que el mismo cable ethernet, alimente y suministre red LAN a un dispositivo logrando minimizar el n\u00famero de cables a utilizar en una instalaci\u00f3n y con ello los costos de instalaci\u00f3n.<\/p>\n<p><img decoding=\"async\" class=\"alignnone size-full wp-image-10053\" src=\"https:\/\/tecsecmty.com\/wp-content\/uploads\/2023\/02\/SWITCH-NO-ADMINISTRABLE-CAPA-2-4-PUERTOS-POE.png\" alt=\"\" width=\"1920\" height=\"400\" \/><\/p>\n<h5 class=\"card-title text-center\">Diferencia entre PoE, PoE+.<\/h5>\n<p>La diferencia principal entre PoE y PoE+ radica en la potencia m\u00e1xima de wattaje en cuanto al env\u00edo de energ\u00eda, mientras el\u00a0<strong>PoE (IEEE 802.3af)<\/strong>\u00a0tiene una potencia\u00a0<strong>m\u00e1xima de 15W, el PoE+ (IEEE 802.3at)<\/strong>\u00a0cuenta con una potencia\u00a0<strong>m\u00e1xima de 30W<\/strong>.<\/p>\n<p><img loading=\"lazy\" decoding=\"async\" class=\"alignnone size-full wp-image-10054\" src=\"https:\/\/tecsecmty.com\/wp-content\/uploads\/2023\/02\/SWITCH-NO-ADMINISTRABLE-CAPA-2-4-PUERTOS-TIPOS-POE.png\" alt=\"\" width=\"1920\" height=\"400\" \/><\/p>\n<h5 class=\"card-title text-center\">Principales caracter\u00edsticas.<\/h5>\n<ul>\n<li>1 Puerto Ethernet 10\/100 Base-T.<\/li>\n<li>4 Puertos 10\/100 Base-T (con suministro PoE).<\/li>\n<li>Consumo m\u00e1ximo 36W.<\/li>\n<li>Protocolos PoE IEEE802.3af, IEEE802.3at.<\/li>\n<li>Capacidad de Switching 1Gbps.<\/li>\n<li>Tasa de reenv\u00edo de paquetes de datos: 744Kpps<\/li>\n<li>Memoria de Buffer de paquetes: 448Kb<\/li>\n<li>Tama\u00f1o de tabla de MAC 1K.<\/li>\n<li>Entrada de corriente 100~240V AC.<\/li>\n<\/ul>\n<p>Protecci\u00f3n antidescargas Modo com\u00fan 2KV, Modo diferencial 1KV.<img loading=\"lazy\" decoding=\"async\" class=\"alignnone size-full wp-image-10055\" src=\"https:\/\/tecsecmty.com\/wp-content\/uploads\/2023\/02\/DAHUA-TECHNOLOGY-LOGO.png\" alt=\"\" width=\"1920\" height=\"400\" \/><\/p>\n","protected":false},"excerpt":{"rendered":"<p>Informaci\u00f3n general. DH-PFS3005-4ET-36\u00a0es un switch de red Ethernet\u00a0PoE capa 2, puede alcanzar un nivel de protecci\u00f3n contra descargas grado 3. Este dispositivo puede admitir hasta 4 puertos PoE (potencia m\u00e1xima total 36W). Aplicaciones. El switch\u00a0DH-PFS3005-4ET-36\u00a0cuenta con una gran versatilidad en cuanto aplicaciones gracias a sus\u00a04&hellip;<\/p>\n","protected":false},"featured_media":5373,"comment_status":"open","ping_status":"closed","template":"","meta":{"om_disable_all_campaigns":false,"_monsterinsights_skip_tracking":false,"_monsterinsights_sitenote_active":false,"_monsterinsights_sitenote_note":"","_monsterinsights_sitenote_category":0},"product_brand":[],"product_cat":[466],"product_tag":[438,437,431,436,434,439,432,433,435,185,430],"class_list":{"0":"post-5374","1":"product","2":"type-product","3":"status-publish","4":"has-post-thumbnail","6":"product_cat-switches-poe","7":"product_tag-controladores","8":"product_tag-fibra","9":"product_tag-networkin","10":"product_tag-poe","11":"product_tag-ptp-y-ptmp","12":"product_tag-punto-de-acceso","13":"product_tag-redes","14":"product_tag-sectoriales","15":"product_tag-switches-poe","16":"product_tag-tranceptores","17":"product_tag-ubiquiti","19":"first","20":"instock","21":"sale","22":"taxable","23":"shipping-taxable","24":"purchasable","25":"product-type-simple"},"aioseo_notices":[],"_links":{"self":[{"href":"https:\/\/tecsecmty.com\/index.php\/wp-json\/wp\/v2\/product\/5374","targetHints":{"allow":["GET"]}}],"collection":[{"href":"https:\/\/tecsecmty.com\/index.php\/wp-json\/wp\/v2\/product"}],"about":[{"href":"https:\/\/tecsecmty.com\/index.php\/wp-json\/wp\/v2\/types\/product"}],"replies":[{"embeddable":true,"href":"https:\/\/tecsecmty.com\/index.php\/wp-json\/wp\/v2\/comments?post=5374"}],"version-history":[{"count":0,"href":"https:\/\/tecsecmty.com\/index.php\/wp-json\/wp\/v2\/product\/5374\/revisions"}],"wp:featuredmedia":[{"embeddable":true,"href":"https:\/\/tecsecmty.com\/index.php\/wp-json\/wp\/v2\/media\/5373"}],"wp:attachment":[{"href":"https:\/\/tecsecmty.com\/index.php\/wp-json\/wp\/v2\/media?parent=5374"}],"wp:term":[{"taxonomy":"product_brand","embeddable":true,"href":"https:\/\/tecsecmty.com\/index.php\/wp-json\/wp\/v2\/product_brand?post=5374"},{"taxonomy":"product_cat","embeddable":true,"href":"https:\/\/tecsecmty.com\/index.php\/wp-json\/wp\/v2\/product_cat?post=5374"},{"taxonomy":"product_tag","embeddable":true,"href":"https:\/\/tecsecmty.com\/index.php\/wp-json\/wp\/v2\/product_tag?post=5374"}],"curies":[{"name":"wp","href":"https:\/\/api.w.org\/{rel}","templated":true}]}}