{"id":5378,"date":"2023-02-23T11:02:54","date_gmt":"2023-02-23T17:02:54","guid":{"rendered":"https:\/\/tecsecmty.com\/index.php\/producto\/dahua-dh-pfs3010-8et-65-switch-poe-de-10-puertos-fast-ethernet-8-puertos-poe-2-puertos-uplink-65-watts-totales-soporta-poe-watchdog-switching-2-0-gbps-con-proteccion-de-descargas\/"},"modified":"2023-03-22T23:22:26","modified_gmt":"2023-03-23T05:22:26","slug":"dahua-dh-pfs3010-8et-65-switch-poe-de-10-puertos-fast-ethernet-8-puertos-poe-2-puertos-uplink-65-watts-totales-soporta-poe-watchdog-switching-2-0-gbps-con-proteccion-de-descargas","status":"publish","type":"product","link":"https:\/\/tecsecmty.com\/index.php\/producto\/dahua-dh-pfs3010-8et-65-switch-poe-de-10-puertos-fast-ethernet-8-puertos-poe-2-puertos-uplink-65-watts-totales-soporta-poe-watchdog-switching-2-0-gbps-con-proteccion-de-descargas\/","title":{"rendered":"DAHUA DH-PFS3010-8ET-65 &#8211; Switch Poe de 10 Puertos Fast Ethernet\/ 8 Puertos Poe\/ 2 Puertos Uplink\/ 65 Watts Totales\/ Soporta PoE Watchdog\/ Switching 2.0 Gbps\/ Con Protecci\u00f3n de Descargas\/"},"content":{"rendered":"<h5 class=\"card-title text-center\">Informaci\u00f3n General<\/h5>\n<p>El switch dahua modelo\u00a0<strong>PFS3010-8ET-65<\/strong>\u00a0 no administrable esta dise\u00f1ado para administrar el env\u00edo de energ\u00eda PoE ( m\u00e1ximo 65 W ), cuenta con 8 puertos PoE 10\/100 Mbps Base-TX + 2 puertos 2 puertos Uplink 10\/100Mbps Base-TX , adem\u00e1s la protecci\u00f3n y el amplio rango de temperatura de trabajo lo convierten en un equipo con mejor rendimiento para trabajo en exteriores y\/o ambientes hostiles.<\/p>\n<p><img fetchpriority=\"high\" decoding=\"async\" class=\"alignnone size-full wp-image-10038\" src=\"https:\/\/tecsecmty.com\/wp-content\/uploads\/2023\/02\/Dahua_DH-PFS3010-8ET-65-Switch-10-puertos-poe-2-uplink-65wats-proteccion-descargas.png\" alt=\"\" width=\"1920\" height=\"400\" \/><\/p>\n<h2>Modo Extendido<\/h2>\n<p class=\"text-muted\">\n<p>El switch\u00a0<strong>PFS3010-8ET-65\u00a0<\/strong>est\u00e1 equipado con dos modos de transmisi\u00f3n: predeterminado y extendido, que son controlados por el interruptor DIP. Este Dip\u00a0permite transmitir los datos en Modo Extendido hasta 250 metros con cable CAT6 y con un ancho de banda de 10M.<\/p>\n<p><img decoding=\"async\" class=\"size-full wp-image-10039 aligncenter\" src=\"https:\/\/tecsecmty.com\/wp-content\/uploads\/2023\/02\/modo-extendido-dahua.png\" alt=\"\" width=\"400\" height=\"300\" \/><\/p>\n<h2>Larga Distancia PoE<\/h2>\n<p class=\"text-muted\">\n<p>El switch\u00a0<strong>PFS3010-8ET-65<\/strong>\u00a0cuenta con 8 puertos para alimentaci\u00f3n\u00a0<strong>PoE\u00a0<\/strong>de 10 \/ 100 Mbps y dos enlaces ascendentes de 10 \/ 100 Mbps autoadaptables, la transmisi\u00f3n m\u00e1xima es hasta\u00a0<strong>250 metros<\/strong>\u00a0de larga distancia ( Modo Extendido ). Un puerto se puede proporcionar m\u00e1ximo 30 W. El consumo de energ\u00eda a plena carga es de\u00a0<strong>65 W<\/strong>.<\/p>\n<p><img decoding=\"async\" class=\"size-full wp-image-10040 aligncenter\" src=\"https:\/\/tecsecmty.com\/wp-content\/uploads\/2023\/02\/larga-distancia-dahua.png\" alt=\"\" width=\"400\" height=\"300\" \/><\/p>\n<h2>Watch Dog ( PD Alive )<\/h2>\n<p class=\"text-muted\">\n<p>Nuestro Switch cuenta con la funci\u00f3n\u00a0<strong>Watch Dog<\/strong>, esta funci\u00f3n aparece cuando falla la comunicaci\u00f3n del puerto del switch con el puerto correspondiente POE, detectar\u00e1 la desconexi\u00f3n y reiniciar\u00e1 autom\u00e1ticamente, restaurar\u00e1 la comunicaci\u00f3n de red por s\u00ed mismo y reducir\u00e1 la intervenci\u00f3n manual y el mantenimiento.<\/p>\n<p><img loading=\"lazy\" decoding=\"async\" class=\"size-full wp-image-10041 aligncenter\" src=\"https:\/\/tecsecmty.com\/wp-content\/uploads\/2023\/02\/PoE-Watchdog-Dahua.png\" alt=\"\" width=\"400\" height=\"300\" \/><\/p>\n<h2>Principales caracter\u00edsticas.<\/h2>\n<p class=\"text-muted\">\n<ul>\n<li>Modo de alimentaci\u00f3n PoE : El dispositivo soporta la alimentaci\u00f3n de 8 pines<\/li>\n<li>EXTEND mode &#8211; ports PoE1 &#8230; PoE8 support transmission up to 250 m<\/li>\n<li>Watchdog PoE \/ Modo PD Alive &#8211; monitorizaci\u00f3n de los puertos que alimentan los dispositivos PoE y reinicio autom\u00e1tico interrumpiendo la alimentaci\u00f3n cuando se detecta un dispositivo que no responde<\/li>\n<li>Protecci\u00f3n contra las descargas atmosf\u00e9ricas y las diferencias de voltaje entre los dispositivos<\/li>\n<\/ul>\n<p>Kensington Lock<\/p>\n<p><img loading=\"lazy\" decoding=\"async\" class=\"size-full wp-image-10042 aligncenter\" src=\"https:\/\/tecsecmty.com\/wp-content\/uploads\/2023\/02\/Dahua_DH-PFS3010-8ET-65-Switch-10-puertos-poe-2-uplink-65wats-proteccion-descargas-pp-caracteristicas.png\" alt=\"\" width=\"400\" height=\"300\" \/><\/p>\n<h2>Especificaciones<\/h2>\n<p class=\"text-muted\">\n<ul>\n<li>Power, Link\/Act, PoE<\/li>\n<li>10 \/ 100\u00a0Mbps : 2\u00a0Puertos LAN + 8\u00a0Puertos LAN &amp; PoE<\/li>\n<li>Potencia de salida m\u00e1xima:30\u00a0W \/ puerto PoE<\/li>\n<li>Potencia m\u00e1xima total:65\u00a0W<\/li>\n<li>Modos de funcionamiento: Extend On : 250\u00a0m, 10\u00a0Mbps; Extend Off : 100\u00a0m, 100\u00a0Mbps<\/li>\n<\/ul>\n<p>Alimentaci\u00f3n:100\u00a0V -240\u00a0V\u00a0AC<\/p>\n<p><img loading=\"lazy\" decoding=\"async\" class=\"size-full wp-image-10043 aligncenter\" src=\"https:\/\/tecsecmty.com\/wp-content\/uploads\/2023\/02\/Dahua_DH-PFS3010-8ET-65-Switch-10-puertos-poe-2-uplink-65wats-proteccion-descargas-especificaciones.png\" alt=\"\" width=\"400\" height=\"300\" \/><\/p>\n","protected":false},"excerpt":{"rendered":"<p>Informaci\u00f3n General El switch dahua modelo\u00a0PFS3010-8ET-65\u00a0 no administrable esta dise\u00f1ado para administrar el env\u00edo de energ\u00eda PoE ( m\u00e1ximo 65 W ), cuenta con 8 puertos PoE 10\/100 Mbps Base-TX + 2 puertos 2 puertos Uplink 10\/100Mbps Base-TX , adem\u00e1s la protecci\u00f3n y el amplio&hellip;<\/p>\n","protected":false},"featured_media":5377,"comment_status":"open","ping_status":"closed","template":"","meta":{"om_disable_all_campaigns":false,"_monsterinsights_skip_tracking":false,"_monsterinsights_sitenote_active":false,"_monsterinsights_sitenote_note":"","_monsterinsights_sitenote_category":0},"product_brand":[],"product_cat":[466],"product_tag":[438,437,431,436,434,439,432,433,435,185,430],"class_list":{"0":"post-5378","1":"product","2":"type-product","3":"status-publish","4":"has-post-thumbnail","6":"product_cat-switches-poe","7":"product_tag-controladores","8":"product_tag-fibra","9":"product_tag-networkin","10":"product_tag-poe","11":"product_tag-ptp-y-ptmp","12":"product_tag-punto-de-acceso","13":"product_tag-redes","14":"product_tag-sectoriales","15":"product_tag-switches-poe","16":"product_tag-tranceptores","17":"product_tag-ubiquiti","19":"first","20":"instock","21":"sale","22":"taxable","23":"shipping-taxable","24":"purchasable","25":"product-type-simple"},"aioseo_notices":[],"_links":{"self":[{"href":"https:\/\/tecsecmty.com\/index.php\/wp-json\/wp\/v2\/product\/5378","targetHints":{"allow":["GET"]}}],"collection":[{"href":"https:\/\/tecsecmty.com\/index.php\/wp-json\/wp\/v2\/product"}],"about":[{"href":"https:\/\/tecsecmty.com\/index.php\/wp-json\/wp\/v2\/types\/product"}],"replies":[{"embeddable":true,"href":"https:\/\/tecsecmty.com\/index.php\/wp-json\/wp\/v2\/comments?post=5378"}],"version-history":[{"count":0,"href":"https:\/\/tecsecmty.com\/index.php\/wp-json\/wp\/v2\/product\/5378\/revisions"}],"wp:featuredmedia":[{"embeddable":true,"href":"https:\/\/tecsecmty.com\/index.php\/wp-json\/wp\/v2\/media\/5377"}],"wp:attachment":[{"href":"https:\/\/tecsecmty.com\/index.php\/wp-json\/wp\/v2\/media?parent=5378"}],"wp:term":[{"taxonomy":"product_brand","embeddable":true,"href":"https:\/\/tecsecmty.com\/index.php\/wp-json\/wp\/v2\/product_brand?post=5378"},{"taxonomy":"product_cat","embeddable":true,"href":"https:\/\/tecsecmty.com\/index.php\/wp-json\/wp\/v2\/product_cat?post=5378"},{"taxonomy":"product_tag","embeddable":true,"href":"https:\/\/tecsecmty.com\/index.php\/wp-json\/wp\/v2\/product_tag?post=5378"}],"curies":[{"name":"wp","href":"https:\/\/api.w.org\/{rel}","templated":true}]}}