{"id":5380,"date":"2023-02-23T11:02:55","date_gmt":"2023-02-23T17:02:55","guid":{"rendered":"https:\/\/tecsecmty.com\/index.php\/producto\/dahua-dh-pfs3016-16gt-190-switch-poe-gigabit-de-16-puertos-poe-gigabit-190-watts-totales-los-2-puertos-naranjas-soportan-hi-poe-estandar-switching-32-gbps-tasa-de-reenvio-de-paquetes-23-808-mbps\/"},"modified":"2023-03-22T23:22:27","modified_gmt":"2023-03-23T05:22:27","slug":"dahua-dh-pfs3016-16gt-190-switch-poe-gigabit-de-16-puertos-poe-gigabit-190-watts-totales-los-2-puertos-naranjas-soportan-hi-poe-estandar-switching-32-gbps-tasa-de-reenvio-de-paquetes-23-808-mbps","status":"publish","type":"product","link":"https:\/\/tecsecmty.com\/index.php\/producto\/dahua-dh-pfs3016-16gt-190-switch-poe-gigabit-de-16-puertos-poe-gigabit-190-watts-totales-los-2-puertos-naranjas-soportan-hi-poe-estandar-switching-32-gbps-tasa-de-reenvio-de-paquetes-23-808-mbps\/","title":{"rendered":"DAHUA DH-PFS3016-16GT-190 &#8211; Switch Poe Gigabit de 16 Puertos PoE Gigabit\/ 190 Watts Totales\/ Los 2 Puertos Naranjas Soportan Hi-PoE Estandar\/ Switching 32 Gbps\/ Tasa de Reenvio de paquetes 23.808 Mbps\/ Protecci\u00f3n Contra Descargas\/"},"content":{"rendered":"<h5 class=\"card-title text-center\">Informaci\u00f3n general<\/h5>\n<p>DH-PFS3016-16GT-190 es un conmutador de escritorio PoE no administrado gigabit de 16 puertos y la carga completa es de 190 W.<\/p>\n<p><img fetchpriority=\"high\" decoding=\"async\" class=\"alignnone size-full wp-image-10030\" src=\"https:\/\/tecsecmty.com\/wp-content\/uploads\/2023\/02\/Switch-PoE-Gigabit-16-Puertos-PFS3016-16GT-190-Dahua-b.png\" alt=\"\" width=\"1920\" height=\"400\" \/><\/p>\n<h2>Que es el PoE?<\/h2>\n<p class=\"text-muted\">\n<p>PoE (Power over Ethernet) energ\u00eda sobre ethernet por sus siglas en ingl\u00e9s es una tecnolog\u00eda que permite que el mismo cable ethernet, alimente y suministre red LAN a un dispositivo logrando minimizar el n\u00famero de cables a utilizar en una instalaci\u00f3n y con ello los costos de instalaci\u00f3n.<\/p>\n<p><img decoding=\"async\" class=\"size-full wp-image-9980 aligncenter\" src=\"https:\/\/tecsecmty.com\/wp-content\/uploads\/2023\/02\/PoE-dahua.png\" alt=\"\" width=\"400\" height=\"300\" \/><\/p>\n<h2>PoE Inteligente<\/h2>\n<p class=\"text-muted\">\n<p>Adopte la estrategia de gesti\u00f3n del consumo de energ\u00eda PoE y suministre energ\u00eda a los puertos importantes primero. Cuando el consumo de energ\u00eda total exceda el valor de umbral establecido del sistema, apague los puertos de un n\u00famero de puerto grande a un n\u00famero de puerto peque\u00f1o. Adopte la detecci\u00f3n inteligente para evitar interrupciones.<\/p>\n<p><img decoding=\"async\" class=\"size-full wp-image-9968 aligncenter\" src=\"https:\/\/tecsecmty.com\/wp-content\/uploads\/2023\/02\/PoE-Inteligente-Dahua.png\" alt=\"\" width=\"400\" height=\"300\" \/><\/p>\n<h2>Tipos de Poe<\/h2>\n<p class=\"text-muted\">\n<p>La diferencia principal entre PoE, PoE+ y H-PoE radica en la potencia m\u00e1xima de wataje en cuanto al env\u00edo de energ\u00eda, mientras el\u00a0PoE (IEEE 802.3af)\u00a0tiene una potencia\u00a0m\u00e1xima de 15W, el PoE+ (IEEE 802.3at)\u00a0cuenta con una potencia\u00a0m\u00e1xima de 30W\u00a0y el\u00a0H-PoE (IEEE802.3bt)\u00a0cuenta con una\u00a0potencia que va desde los 60W hasta los 90W.<\/p>\n<p><img loading=\"lazy\" decoding=\"async\" class=\"size-full wp-image-10032 aligncenter\" src=\"https:\/\/tecsecmty.com\/wp-content\/uploads\/2023\/02\/TIPOS-DE-PoE.png\" alt=\"\" width=\"400\" height=\"300\" \/><\/p>\n<h2>Caracter\u00edsticas<\/h2>\n<p class=\"text-muted\">\n<ul>\n<li>El puerto naranja admite el est\u00e1ndar Hi-PoE de 60 W.<\/li>\n<li>PoE inteligente.<\/li>\n<li>Plug &amp; play.<\/li>\n<li>El puerto Ethernet admite PoE de ocho pines.<\/li>\n<li>Amplio rango de temperatura de trabajo: \u201310 a + 55 \u00b0 C (14 \u00b0 F a + 131 \u00b0 F).<\/li>\n<\/ul>\n<p>Dise\u00f1o de puerto gigabit completo.<\/p>\n<p><img loading=\"lazy\" decoding=\"async\" class=\"size-full wp-image-10033 aligncenter\" src=\"https:\/\/tecsecmty.com\/wp-content\/uploads\/2023\/02\/Switch-PoE-Gigabit-16-Puertos-PFS3016-16GT-190-Dahua-pp-caracteristicas.png\" alt=\"\" width=\"400\" height=\"300\" \/><\/p>\n<h2>Especificaciones<\/h2>\n<p class=\"text-muted\">\n<ul>\n<li>Capa 2<\/li>\n<li>Tasa de reenv\u00edo de paquetes: 23,808 Mpps<\/li>\n<li>\u00a016 \u00d7 RJ-45 10M \/ 100M \/ 1000M (PoE)<\/li>\n<li>Est\u00e1ndar PoE IEEE802:.3af, IEEE802.3at, Hi-PoE<\/li>\n<li>Descarga de aire: 8kV<\/li>\n<li>Descarga de contacto: 6kV<\/li>\n<\/ul>\n<p>Fuente de alimentaci\u00f3n: 100 V CA \u2013240 V CA<\/p>\n<p><img loading=\"lazy\" decoding=\"async\" class=\"size-full wp-image-10034 aligncenter\" src=\"https:\/\/tecsecmty.com\/wp-content\/uploads\/2023\/02\/Switch-PoE-Gigabit-16-Puertos-PFS3016-16GT-190-Dahua-especificaciones.png\" alt=\"\" width=\"400\" height=\"300\" \/><\/p>\n<h2>Incluye<\/h2>\n<p class=\"text-muted\">\n<ul>\n<li>Switch\u00a0<strong>PFS3016-16GT-190<\/strong><\/li>\n<li>Adaptador de corriente<\/li>\n<li>Manual de instalaci\u00f3n<\/li>\n<li>P\u00f3liza de garant\u00eda<\/li>\n<\/ul>\n<p><img loading=\"lazy\" decoding=\"async\" class=\"size-full wp-image-10035 aligncenter\" src=\"https:\/\/tecsecmty.com\/wp-content\/uploads\/2023\/02\/Switch-PoE-Gigabit-16-Puertos-PFS3016-16GT-190-Dahua-incluye.png\" alt=\"\" width=\"400\" height=\"300\" \/><\/p>\n<p>&nbsp;<\/p>\n","protected":false},"excerpt":{"rendered":"<p>Informaci\u00f3n general DH-PFS3016-16GT-190 es un conmutador de escritorio PoE no administrado gigabit de 16 puertos y la carga completa es de 190 W. Que es el PoE? PoE (Power over Ethernet) energ\u00eda sobre ethernet por sus siglas en ingl\u00e9s es una tecnolog\u00eda que permite que&hellip;<\/p>\n","protected":false},"featured_media":5379,"comment_status":"open","ping_status":"closed","template":"","meta":{"om_disable_all_campaigns":false,"_monsterinsights_skip_tracking":false,"_monsterinsights_sitenote_active":false,"_monsterinsights_sitenote_note":"","_monsterinsights_sitenote_category":0},"product_brand":[],"product_cat":[466],"product_tag":[438,437,431,436,434,439,432,433,435,185,430],"class_list":{"0":"post-5380","1":"product","2":"type-product","3":"status-publish","4":"has-post-thumbnail","6":"product_cat-switches-poe","7":"product_tag-controladores","8":"product_tag-fibra","9":"product_tag-networkin","10":"product_tag-poe","11":"product_tag-ptp-y-ptmp","12":"product_tag-punto-de-acceso","13":"product_tag-redes","14":"product_tag-sectoriales","15":"product_tag-switches-poe","16":"product_tag-tranceptores","17":"product_tag-ubiquiti","19":"first","20":"instock","21":"sale","22":"taxable","23":"shipping-taxable","24":"purchasable","25":"product-type-simple"},"aioseo_notices":[],"_links":{"self":[{"href":"https:\/\/tecsecmty.com\/index.php\/wp-json\/wp\/v2\/product\/5380","targetHints":{"allow":["GET"]}}],"collection":[{"href":"https:\/\/tecsecmty.com\/index.php\/wp-json\/wp\/v2\/product"}],"about":[{"href":"https:\/\/tecsecmty.com\/index.php\/wp-json\/wp\/v2\/types\/product"}],"replies":[{"embeddable":true,"href":"https:\/\/tecsecmty.com\/index.php\/wp-json\/wp\/v2\/comments?post=5380"}],"version-history":[{"count":0,"href":"https:\/\/tecsecmty.com\/index.php\/wp-json\/wp\/v2\/product\/5380\/revisions"}],"wp:featuredmedia":[{"embeddable":true,"href":"https:\/\/tecsecmty.com\/index.php\/wp-json\/wp\/v2\/media\/5379"}],"wp:attachment":[{"href":"https:\/\/tecsecmty.com\/index.php\/wp-json\/wp\/v2\/media?parent=5380"}],"wp:term":[{"taxonomy":"product_brand","embeddable":true,"href":"https:\/\/tecsecmty.com\/index.php\/wp-json\/wp\/v2\/product_brand?post=5380"},{"taxonomy":"product_cat","embeddable":true,"href":"https:\/\/tecsecmty.com\/index.php\/wp-json\/wp\/v2\/product_cat?post=5380"},{"taxonomy":"product_tag","embeddable":true,"href":"https:\/\/tecsecmty.com\/index.php\/wp-json\/wp\/v2\/product_tag?post=5380"}],"curies":[{"name":"wp","href":"https:\/\/api.w.org\/{rel}","templated":true}]}}