{"id":5382,"date":"2023-02-23T11:02:58","date_gmt":"2023-02-23T17:02:58","guid":{"rendered":"https:\/\/tecsecmty.com\/index.php\/producto\/dahua-dh-pfs3218-16et-135-switch-poe-ethernet-de-18-puertos-16-puertos-poe-10-100-mbps-135-watts-totales-2-puertos-sfp-poe-watchdog-switching-7-2-gbps-tasa-de-reenvio-de-paquetes-5-3568\/"},"modified":"2023-03-22T23:22:27","modified_gmt":"2023-03-23T05:22:27","slug":"dahua-dh-pfs3218-16et-135-switch-poe-ethernet-de-18-puertos-16-puertos-poe-10-100-mbps-135-watts-totales-2-puertos-sfp-poe-watchdog-switching-7-2-gbps-tasa-de-reenvio-de-paquetes-5-3568","status":"publish","type":"product","link":"https:\/\/tecsecmty.com\/index.php\/producto\/dahua-dh-pfs3218-16et-135-switch-poe-ethernet-de-18-puertos-16-puertos-poe-10-100-mbps-135-watts-totales-2-puertos-sfp-poe-watchdog-switching-7-2-gbps-tasa-de-reenvio-de-paquetes-5-3568\/","title":{"rendered":"DAHUA DH-PFS3218-16ET-135 &#8211; Switch Poe Ethernet de 18 puertos\/ 16 puertos PoE 10\/100 Mbps\/ 135 Watts Totales\/ 2 Puertos SFP\/ PoE Watchdog\/ Switching 7.2 Gbps\/ Tasa de Reenvio de paquetes 5.3568\/"},"content":{"rendered":"<h5 class=\"card-title text-center\">Informaci\u00f3n general<\/h5>\n<p>DH-PFS3218-16ET-135 es un conmutador PoE no administrado de enlace ascendente de doble puerto de 100 Mbps. Es compatible con el conmutador DIP funcional que proporciona aislamiento de puerto, fuente de alimentaci\u00f3n de larga distancia, perro guardi\u00e1n de PoE y control de QoS. Presentado con puertos \u00f3pticos de enlace ascendente Gigabit, satisface la necesidad de transmisi\u00f3n de larga distancia.<\/p>\n<p><img fetchpriority=\"high\" decoding=\"async\" class=\"alignnone size-full wp-image-10024\" src=\"https:\/\/tecsecmty.com\/wp-content\/uploads\/2023\/02\/Switch-PoE-Ethernet-18-Puertos-PoE-Watchdog-PFS3218-16ET-135-Dahua-b.png\" alt=\"\" width=\"1920\" height=\"400\" \/><\/p>\n<h2>Que es el PoE?<\/h2>\n<p class=\"text-muted\">\n<p>PoE (Power over Ethernet) energ\u00eda sobre ethernet por sus siglas en ingl\u00e9s es una tecnolog\u00eda que permite que el mismo cable ethernet, alimente y suministre red LAN a un dispositivo logrando minimizar el n\u00famero de cables a utilizar en una instalaci\u00f3n y con ello los costos de instalaci\u00f3n.<\/p>\n<p><img decoding=\"async\" class=\"size-full wp-image-9980 aligncenter\" src=\"https:\/\/tecsecmty.com\/wp-content\/uploads\/2023\/02\/PoE-dahua.png\" alt=\"\" width=\"400\" height=\"300\" \/><\/p>\n<h2>PoE Inteligente<\/h2>\n<p class=\"text-muted\">\n<p>Adopte la estrategia de gesti\u00f3n del consumo de energ\u00eda PoE y suministre energ\u00eda a los puertos importantes primero. Cuando el consumo de energ\u00eda total exceda el valor de umbral establecido del sistema, apague los puertos de un n\u00famero de puerto grande a un n\u00famero de puerto peque\u00f1o. Adopte la detecci\u00f3n inteligente para evitar interrupciones. Suministre energ\u00eda con un rango de energ\u00eda ultra amplio y ad\u00e1ptese a las fluctuaciones de consumo de energ\u00eda de IPC en entornos severos.<\/p>\n<p><img decoding=\"async\" class=\"size-full wp-image-9968 aligncenter\" src=\"https:\/\/tecsecmty.com\/wp-content\/uploads\/2023\/02\/PoE-Inteligente-Dahua.png\" alt=\"\" width=\"400\" height=\"300\" \/><\/p>\n<h2>Aplicaciones<\/h2>\n<p class=\"text-muted\">\n<p>Aplicable a redes de monitoreo de peque\u00f1a y micro escala, como escritorios de oficina, escuelas, hoteles, supermercados, hospitales.<\/p>\n<p><img loading=\"lazy\" decoding=\"async\" class=\"size-full wp-image-10026 aligncenter\" src=\"https:\/\/tecsecmty.com\/wp-content\/uploads\/2023\/02\/aplicaciones-switch-dahua-1.png\" alt=\"\" width=\"400\" height=\"300\" \/><\/p>\n<h2>Caracter\u00edsticas<\/h2>\n<p class=\"text-muted\">\n<ul>\n<li>PoE inteligente<\/li>\n<li>PD Alive (watchdog PoE)<\/li>\n<li>Transmisi\u00f3n PoE de larga distancia<\/li>\n<li>Transmisi\u00f3n suave<\/li>\n<li>Amplia temperatura de trabajo: -10 a 55 \u00b0 C (14 \u00b0 F a 131 \u00b0 F)<\/li>\n<\/ul>\n<p>Aislamiento del puerto<\/p>\n<p><img loading=\"lazy\" decoding=\"async\" class=\"size-full wp-image-10027 aligncenter\" src=\"https:\/\/tecsecmty.com\/wp-content\/uploads\/2023\/02\/Switch-PoE-Ethernet-18-Puertos-PoE-Watchdog-PFS3218-16ET-135-Dahua-caracteristicas.png\" alt=\"\" width=\"400\" height=\"300\" \/><\/p>\n<h2>Especificaciones<\/h2>\n<p class=\"text-muted\">\n<ul>\n<li>Capa 2<\/li>\n<li>Capacidad de conmutaci\u00f3n 7,2 Gbps<\/li>\n<li>Tasa de reenv\u00edo de paquetes 5.3568 Mpps<\/li>\n<li>Puerto Ethernet 16<\/li>\n<li>Puerto \u00f3ptico 2<\/li>\n<li>Tasa de puerto Ethernet 100 Mbp<\/li>\n<li>Presupuesto PoE Puerto 1\u20132\u226460W, Puerto 3\u201316\u226430W, total\u2264135W<\/li>\n<\/ul>\n<p>Fuente de alimentaci\u00f3n 100 V CA \u2013 240 V CA<\/p>\n<p><img loading=\"lazy\" decoding=\"async\" class=\"size-full wp-image-10021 aligncenter\" src=\"https:\/\/tecsecmty.com\/wp-content\/uploads\/2023\/02\/Dahua-1-1.png\" alt=\"\" width=\"400\" height=\"300\" \/><\/p>\n<h2>Incluye<\/h2>\n<p class=\"text-muted\">\n<ul>\n<li>Switch\u00a0<strong>PFS3218-16ET-135<\/strong><\/li>\n<li>Cable de corriente<\/li>\n<li>Manual de instalaci\u00f3n<\/li>\n<\/ul>\n<p>P\u00f3liza de garant\u00eda<\/p>\n<p><img loading=\"lazy\" decoding=\"async\" class=\"size-full wp-image-10028 aligncenter\" src=\"https:\/\/tecsecmty.com\/wp-content\/uploads\/2023\/02\/Switch-PoE-Ethernet-18-Puertos-PoE-Watchdog-PFS3218-16ET-135-Dahua-incluye.png\" alt=\"\" width=\"400\" height=\"300\" \/><\/p>\n<p>&nbsp;<\/p>\n","protected":false},"excerpt":{"rendered":"<p>Informaci\u00f3n general DH-PFS3218-16ET-135 es un conmutador PoE no administrado de enlace ascendente de doble puerto de 100 Mbps. Es compatible con el conmutador DIP funcional que proporciona aislamiento de puerto, fuente de alimentaci\u00f3n de larga distancia, perro guardi\u00e1n de PoE y control de QoS. Presentado&hellip;<\/p>\n","protected":false},"featured_media":5381,"comment_status":"open","ping_status":"closed","template":"","meta":{"om_disable_all_campaigns":false,"_monsterinsights_skip_tracking":false,"_monsterinsights_sitenote_active":false,"_monsterinsights_sitenote_note":"","_monsterinsights_sitenote_category":0},"product_brand":[],"product_cat":[466],"product_tag":[438,437,431,436,434,439,432,433,435,185,430],"class_list":{"0":"post-5382","1":"product","2":"type-product","3":"status-publish","4":"has-post-thumbnail","6":"product_cat-switches-poe","7":"product_tag-controladores","8":"product_tag-fibra","9":"product_tag-networkin","10":"product_tag-poe","11":"product_tag-ptp-y-ptmp","12":"product_tag-punto-de-acceso","13":"product_tag-redes","14":"product_tag-sectoriales","15":"product_tag-switches-poe","16":"product_tag-tranceptores","17":"product_tag-ubiquiti","19":"first","20":"instock","21":"sale","22":"taxable","23":"shipping-taxable","24":"purchasable","25":"product-type-simple"},"aioseo_notices":[],"_links":{"self":[{"href":"https:\/\/tecsecmty.com\/index.php\/wp-json\/wp\/v2\/product\/5382","targetHints":{"allow":["GET"]}}],"collection":[{"href":"https:\/\/tecsecmty.com\/index.php\/wp-json\/wp\/v2\/product"}],"about":[{"href":"https:\/\/tecsecmty.com\/index.php\/wp-json\/wp\/v2\/types\/product"}],"replies":[{"embeddable":true,"href":"https:\/\/tecsecmty.com\/index.php\/wp-json\/wp\/v2\/comments?post=5382"}],"version-history":[{"count":0,"href":"https:\/\/tecsecmty.com\/index.php\/wp-json\/wp\/v2\/product\/5382\/revisions"}],"wp:featuredmedia":[{"embeddable":true,"href":"https:\/\/tecsecmty.com\/index.php\/wp-json\/wp\/v2\/media\/5381"}],"wp:attachment":[{"href":"https:\/\/tecsecmty.com\/index.php\/wp-json\/wp\/v2\/media?parent=5382"}],"wp:term":[{"taxonomy":"product_brand","embeddable":true,"href":"https:\/\/tecsecmty.com\/index.php\/wp-json\/wp\/v2\/product_brand?post=5382"},{"taxonomy":"product_cat","embeddable":true,"href":"https:\/\/tecsecmty.com\/index.php\/wp-json\/wp\/v2\/product_cat?post=5382"},{"taxonomy":"product_tag","embeddable":true,"href":"https:\/\/tecsecmty.com\/index.php\/wp-json\/wp\/v2\/product_tag?post=5382"}],"curies":[{"name":"wp","href":"https:\/\/api.w.org\/{rel}","templated":true}]}}