{"id":5402,"date":"2023-02-23T11:03:18","date_gmt":"2023-02-23T17:03:18","guid":{"rendered":"https:\/\/tecsecmty.com\/index.php\/producto\/dahua-pfs3220-16gt-190-switch-poe-de-16-puertos-gigabit-poe-inteligente-puerto-rojo-de-90w-190-watts-totales-2-puertos-sfp-opticos-protocolos-poeieee802-3af-ieee802-3at-hi-poe-ieee802-3bt\/"},"modified":"2023-03-22T23:23:06","modified_gmt":"2023-03-23T05:23:06","slug":"dahua-pfs3220-16gt-190-switch-poe-de-16-puertos-gigabit-poe-inteligente-puerto-rojo-de-90w-190-watts-totales-2-puertos-sfp-opticos-protocolos-poeieee802-3af-ieee802-3at-hi-poe-ieee802-3bt","status":"publish","type":"product","link":"https:\/\/tecsecmty.com\/index.php\/producto\/dahua-pfs3220-16gt-190-switch-poe-de-16-puertos-gigabit-poe-inteligente-puerto-rojo-de-90w-190-watts-totales-2-puertos-sfp-opticos-protocolos-poeieee802-3af-ieee802-3at-hi-poe-ieee802-3bt\/","title":{"rendered":"DAHUA PFS3220-16GT-190 &#8211; Switch Poe de 16 Puertos Gigabit\/ Poe Inteligente\/ Puerto Rojo de 90W\/ 190 Watts Totales\/ 2 Puertos SFP Opticos\/ Protocolos Poe:IEEE802.3af, IEEE802.3at, Hi-PoE, IEEE802.3bt\/ Switching 52 Gbps\/ Protecci\u00f3n de Descargas\/"},"content":{"rendered":"<h5 class=\"card-title text-center\">Informaci\u00f3n General.<\/h5>\n<p><strong>DH-PFS3220-16GT-190\u00a0<\/strong>es un switch de red Ethernet\u00a0<strong>PoE<\/strong>, cuenta con\u00a0<strong>protecci\u00f3n contra rayos en modo com\u00fan de 4kV y en modo diferencial de 2kV<\/strong>. Este dispositivo puede admitir hasta\u00a0<strong>16 puertos PoE<\/strong>\u00a0<strong>(potencia m\u00e1xima total 190W)<\/strong>. Gracias a la conexi\u00f3n Gigabit, soporta las altas definiciones; con sus puertos de fibra \u00f3ptica soporta una transmisi\u00f3n a largas distancias.<\/p>\n<p><img fetchpriority=\"high\" decoding=\"async\" class=\"alignnone size-full wp-image-9967\" src=\"https:\/\/tecsecmty.com\/wp-content\/uploads\/2023\/02\/SWITCH-DE-RED-8-PUERTOS-POE-CAPA-2-96W-DAHUA.png\" alt=\"\" width=\"1920\" height=\"400\" \/><\/p>\n<h2>\u00bfQu\u00e9 es PoE?<\/h2>\n<p class=\"text-muted\">\n<p><strong>PoE (Power over Ethernet)<\/strong>\u00a0energ\u00eda sobre ethernet por sus siglas en ingl\u00e9s es una tecnolog\u00eda que permite que el mismo cable ethernet, alimente y suministre red LAN a un dispositivo logrando minimizar el n\u00famero de cables a utilizar en una instalaci\u00f3n y con ello los costos de instalaci\u00f3n.<\/p>\n<p><img decoding=\"async\" class=\"size-full wp-image-9968 aligncenter\" src=\"https:\/\/tecsecmty.com\/wp-content\/uploads\/2023\/02\/PoE-Inteligente-Dahua.png\" alt=\"\" width=\"400\" height=\"300\" \/><\/p>\n<h2>Diferencia entre PoE, PoE+ y High PoE.<\/h2>\n<p class=\"text-muted\">\n<p>La diferencia principal entre PoE, PoE+ y H-PoE radica en la potencia m\u00e1xima de wataje en cuanto al env\u00edo de energ\u00eda, mientras el\u00a0<strong>PoE (IEEE 802.3af)<\/strong>\u00a0tiene una potencia\u00a0<strong>m\u00e1xima de 15W, el PoE+ (IEEE 802.3at)<\/strong>\u00a0cuenta con una potencia\u00a0<strong>m\u00e1xima de 30W<\/strong>\u00a0y el\u00a0<strong>H-PoE (IEEE802.3bt)<\/strong>\u00a0cuenta con una\u00a0<strong>potencia que va desde los 60W hasta los 90W.<\/strong><\/p>\n<p><img decoding=\"async\" class=\"size-full wp-image-9969 aligncenter\" src=\"https:\/\/tecsecmty.com\/wp-content\/uploads\/2023\/02\/diferencia-PoE-dahua.png\" alt=\"\" width=\"400\" height=\"300\" \/><\/p>\n<h2>Aplicaciones<\/h2>\n<p class=\"text-muted\">\n<p>Aplicable\u00a0a\u00a0redes\u00a0de\u00a0monitoreo\u00a0de\u00a0peque\u00f1a\u00a0y\u00a0micro\u00a0escala,\u00a0como\u00a0escritorios\u00a0de\u00a0oficina,\u00a0escuelas,\u00a0hoteles,\u00a0supermercados,\u00a0hospitales.<\/p>\n<p><img loading=\"lazy\" decoding=\"async\" class=\"size-full wp-image-9970 aligncenter\" src=\"https:\/\/tecsecmty.com\/wp-content\/uploads\/2023\/02\/aplicaciones-switch-dahua.png\" alt=\"\" width=\"400\" height=\"300\" \/><\/p>\n<h2>Principales Caracter\u00edsticas.<\/h2>\n<p class=\"text-muted\">\n<ul>\n<li>PoE\u00a0inteligente<\/li>\n<li>El\u00a0puerto\u00a0rojo\u00a0admite\u00a0BT\u00a090W<\/li>\n<li>Puertos\u00a0all\u2011giga<\/li>\n<li>Transmisi\u00f3n\u00a0suave<\/li>\n<li>Amplia\u00a0temperatura\u00a0de\u00a0trabajo:\u00a0\u201110\u00a0\u00b0\u00a0C\u00a0a\u00a055\u00a0\u00b0\u00a0C\u00a0(14\u00a0\u00b0\u00a0F\u00a0a\u00a0131\u00a0\u00b0\u00a0F)<\/li>\n<\/ul>\n<p>Conecta\u00a0y\u00a0reproduce<img loading=\"lazy\" decoding=\"async\" class=\"size-full wp-image-9971 aligncenter\" src=\"https:\/\/tecsecmty.com\/wp-content\/uploads\/2023\/02\/SWITCH-DE-RED-8-PUERTOS-POE-CAPA-2-96W-DAHUA-pp-caracterisiticas.png\" alt=\"\" width=\"400\" height=\"300\" \/><\/p>\n<h2>Especificaciones<\/h2>\n<p class=\"text-muted\">\n<ul>\n<li>Capa\u00a02<\/li>\n<li>Capacidad\u00a0de\u00a0conmutaci\u00f3n: 52\u00a0Gbps<\/li>\n<li>PoE<\/li>\n<li>Puerto\u00a0\u00f3ptico: 2<\/li>\n<li>Puerto\u00a01-16\u00a0\u00d7\u00a0RJ45\u00a010\/100\/1000\u00a0M\u00a0(PoE)<\/li>\n<li>\u00a0Puerto\u00a017\u201118:\u00a02\u00a0\u00d7\u00a0RJ45\u00a010\/100\/1000\u00a0M\u00a0(enlace\u00a0ascendente)<\/li>\n<li>\u00a0Puerto\u00a019\u201120:\u00a02\u00a0\u00d7\u00a0SFP\u00a01000\u00a0M\u00a0(enlace\u00a0ascendente)<\/li>\n<li>Fuente de alimentaci\u00f3n 100\u00a0V\u00a0CA\u00a0\u2013\u00a0240\u00a0V\u00a0CA <img loading=\"lazy\" decoding=\"async\" class=\"size-full wp-image-9972 aligncenter\" src=\"https:\/\/tecsecmty.com\/wp-content\/uploads\/2023\/02\/SWITCH-DE-RED-8-PUERTOS-POE-CAPA-2-96W-DAHUA-especificaciones.png\" alt=\"\" width=\"400\" height=\"300\" \/><\/li>\n<\/ul>\n","protected":false},"excerpt":{"rendered":"<p>Informaci\u00f3n General. DH-PFS3220-16GT-190\u00a0es un switch de red Ethernet\u00a0PoE, cuenta con\u00a0protecci\u00f3n contra rayos en modo com\u00fan de 4kV y en modo diferencial de 2kV. Este dispositivo puede admitir hasta\u00a016 puertos PoE\u00a0(potencia m\u00e1xima total 190W). Gracias a la conexi\u00f3n Gigabit, soporta las altas definiciones; con sus puertos&hellip;<\/p>\n","protected":false},"featured_media":5401,"comment_status":"open","ping_status":"closed","template":"","meta":{"om_disable_all_campaigns":false,"_monsterinsights_skip_tracking":false,"_monsterinsights_sitenote_active":false,"_monsterinsights_sitenote_note":"","_monsterinsights_sitenote_category":0},"product_brand":[],"product_cat":[466],"product_tag":[438,437,431,436,434,439,432,433,435,185,430],"class_list":{"0":"post-5402","1":"product","2":"type-product","3":"status-publish","4":"has-post-thumbnail","6":"product_cat-switches-poe","7":"product_tag-controladores","8":"product_tag-fibra","9":"product_tag-networkin","10":"product_tag-poe","11":"product_tag-ptp-y-ptmp","12":"product_tag-punto-de-acceso","13":"product_tag-redes","14":"product_tag-sectoriales","15":"product_tag-switches-poe","16":"product_tag-tranceptores","17":"product_tag-ubiquiti","19":"first","20":"instock","21":"sale","22":"taxable","23":"shipping-taxable","24":"purchasable","25":"product-type-simple"},"aioseo_notices":[],"_links":{"self":[{"href":"https:\/\/tecsecmty.com\/index.php\/wp-json\/wp\/v2\/product\/5402","targetHints":{"allow":["GET"]}}],"collection":[{"href":"https:\/\/tecsecmty.com\/index.php\/wp-json\/wp\/v2\/product"}],"about":[{"href":"https:\/\/tecsecmty.com\/index.php\/wp-json\/wp\/v2\/types\/product"}],"replies":[{"embeddable":true,"href":"https:\/\/tecsecmty.com\/index.php\/wp-json\/wp\/v2\/comments?post=5402"}],"version-history":[{"count":0,"href":"https:\/\/tecsecmty.com\/index.php\/wp-json\/wp\/v2\/product\/5402\/revisions"}],"wp:featuredmedia":[{"embeddable":true,"href":"https:\/\/tecsecmty.com\/index.php\/wp-json\/wp\/v2\/media\/5401"}],"wp:attachment":[{"href":"https:\/\/tecsecmty.com\/index.php\/wp-json\/wp\/v2\/media?parent=5402"}],"wp:term":[{"taxonomy":"product_brand","embeddable":true,"href":"https:\/\/tecsecmty.com\/index.php\/wp-json\/wp\/v2\/product_brand?post=5402"},{"taxonomy":"product_cat","embeddable":true,"href":"https:\/\/tecsecmty.com\/index.php\/wp-json\/wp\/v2\/product_cat?post=5402"},{"taxonomy":"product_tag","embeddable":true,"href":"https:\/\/tecsecmty.com\/index.php\/wp-json\/wp\/v2\/product_tag?post=5402"}],"curies":[{"name":"wp","href":"https:\/\/api.w.org\/{rel}","templated":true}]}}