{"id":5406,"date":"2023-02-23T11:03:22","date_gmt":"2023-02-23T17:03:22","guid":{"rendered":"https:\/\/tecsecmty.com\/index.php\/producto\/dahua-pfs4428-24gt-370-switch-de-24-puertos-poe-gigabit-administrable-capa-2-370-watts-totales-4-puertos-sfp-1000-base-x-switching-56-gbps\/"},"modified":"2023-03-22T23:23:07","modified_gmt":"2023-03-23T05:23:07","slug":"dahua-pfs4428-24gt-370-switch-de-24-puertos-poe-gigabit-administrable-capa-2-370-watts-totales-4-puertos-sfp-1000-base-x-switching-56-gbps","status":"publish","type":"product","link":"https:\/\/tecsecmty.com\/index.php\/producto\/dahua-pfs4428-24gt-370-switch-de-24-puertos-poe-gigabit-administrable-capa-2-370-watts-totales-4-puertos-sfp-1000-base-x-switching-56-gbps\/","title":{"rendered":"DAHUA PFS4428-24GT-370 &#8211; Switch de 24 Puertos PoE Gigabit\/ Administrable Capa 2\/ 370 Watts totales\/ 4 Puertos SFP 1000 Base-X\/ Switching 56 Gbps\/"},"content":{"rendered":"<h5 class=\"card-title text-center\">Informaci\u00f3n General<\/h5>\n<p>El PFS4428-24GT-370 es un switch administrable Gigabit PoE de 24 puertos de gesti\u00f3n de red de capa 2, admite el est\u00e1ndar IEEE802.3af, IEEE802.3at, redundancia de red: STP\/RSTP\/MSTP, admite IPv4\/IPv6 y DHCP, administraci\u00f3n de red basada en SNMP, configuraci\u00f3n: Web, Telnet, Comando CLI, QoS (IEEE802.1p\/1Q) CoS\/ToS para incrementar el Determinismo, seguridad de red mejorada con IEEE802.1X, SNMP v1\/v2c\/v3, HTTPS y SSH\/SSL, amplio cach\u00e9 de datos (4M), transmisi\u00f3n en tiempo real, estudio autom\u00e1tico y envejecimiento de MAC, la capacidad de la lista de direcciones MAC es de 8K.<\/p>\n<p><img fetchpriority=\"high\" decoding=\"async\" class=\"alignnone size-full wp-image-9953\" src=\"https:\/\/tecsecmty.com\/wp-content\/uploads\/2023\/02\/Switch_24_puertos_PoE_Gigabit_Administrable-Capa-2_370W_Dahua_PFS4428-24GT-370_Over_Ppal.png\" alt=\"\" width=\"1920\" height=\"400\" \/><\/p>\n<h2>Caracter\u00edsticas<\/h2>\n<ul>\n<li>Estimaci\u00f3n PoE\u00a0 Total\u2264370W<\/li>\n<li>Tabla MAC\u00a0\u00a0\u00a0\u00a0\u00a0\u00a0 8K<\/li>\n<li>SNTP\u00a0\u00a0\u00a0\u00a0\u00a0\u00a0\u00a0\u00a0\u00a0 Soporta<\/li>\n<li>DHCP\u00a0\u00a0\u00a0\u00a0\u00a0\u00a0\u00a0\u00a0\u00a0 Admite cliente DHCP\/rel\u00e9 Admite la indagaci\u00f3n de DHCP<\/li>\n<li>VLAN\u00a0\u00a0\u00a0\u00a0\u00a0\u00a0\u00a0\u00a0 \u00a0 VLAN est\u00e1ndar 802.1Q<\/li>\n<li>Agregaci\u00f3n de puertos\u00a0\u00a0\u00a0Agregaci\u00f3n manual\/LACP<\/li>\n<li>Duplicaci\u00f3n\u00a0\u00a0\u00a0\u00a0\u00a0\u00a0 Duplicaci\u00f3n de puertos de muchos a uno<\/li>\n<li>Control de flujo\u00a0\u00a0 \u00a0 Half-duplex basado en control de tipo de contrapresi\u00f3n; D\u00faplex completo basado en trama de PAUSA<\/li>\n<li>multidifusi\u00f3n\u00a0\u00a0\u00a0\u00a0\u00a0\u00a0 Indagaci\u00f3n IGMP v2\/v3<\/li>\n<li>Caracter\u00edsticas de seguridad\u00a0\u00a0\u00a0Broadcast\/Uncast\/Multicast Storm Control, IEEE 802.1x, DHCP Snooping (IP, MAC, Puerto)<\/li>\n<li>\u00e1rbol de expansi\u00f3n\u00a0\u00a0\u00a0 Soporte STP\/RSTP\/MSTP<\/li>\n<li>LLDP\u00a0\u00a0\u00a0\u00a0\u00a0\u00a0\u00a0\u00a0\u00a0 Soporta<\/li>\n<\/ul>\n<p>Administraci\u00f3n de redes WEB, Telnet, SSH, SNMP<\/p>\n<p><img decoding=\"async\" class=\"size-full wp-image-9957 aligncenter\" src=\"https:\/\/tecsecmty.com\/wp-content\/uploads\/2023\/02\/Switch_24_puertos_PoE_Gigabit_Administrable-Capa-2_370W_Dahua_PFS4428-24GT-370_Over_M.png\" alt=\"\" width=\"400\" height=\"300\" \/><\/p>\n<h2>Especificaciones<\/h2>\n<ul>\n<li>Modelo\u00a0\u00a0\u00a0\u00a0\u00a0\u00a0\u00a0\u00a0\u00a0\u00a0\u00a0\u00a0DH-PFS4428-24GT-370<\/li>\n<li>Puerto Ethernet\u00a0\u00a0\u00a0\u00a0\u00a0\u00a0\u00a0\u00a0\u00a024*10\/100\/1000 Base-T (fuente de alimentaci\u00f3n PoE)\u00a04*1000 Base-X<\/li>\n<li>Consumo de energ\u00eda PoE\u00a0\u00a0\u00a0\u00a0\u00a0\u00a0Puerto1-24 \u226430W, Total\u2264370W<\/li>\n<li>Protocolo PoE\u00a0\u00a0\u00a0\u00a0\u00a0\u00a0\u00a0\u00a0\u00a0IEEE802.3af, IEEE802.3at<\/li>\n<li>Capacidad de conmutaci\u00f3n\u00a0\u00a0\u00a056 Gbps<\/li>\n<li>Tasa de reenv\u00edo de paquetes\u00a0\u00a0\u00a041,66Mpps<\/li>\n<li>Memoria de b\u00fafer de paquetes\u00a0\u00a0\u00a04.1Mb<\/li>\n<li>Aplicaci\u00f3n sobre Humedad\u00a0\u00a0\u00a010%~90%<\/li>\n<li>Protecci\u00f3n contra rayos\u00a0\u00a0\u00a0\u00a0\u00a0\u00a0Modo com\u00fan 2KV<\/li>\n<li>Temperatura de trabajo\u00a0\u00a0\u00a0\u00a0\u00a0\u00a00\u00b0C~45\u00b0C<\/li>\n<li>Peso\u00a0\u00a0\u00a0\u00a0\u00a0\u00a0\u00a0\u00a0\u00a0\u00a0\u00a0\u00a04.37 kg<\/li>\n<li>Dimensiones (ancho \u00d7 profundidad \u00d7 alto)440 mm x 330 mm x 44 mm<\/li>\n<li>Energ\u00eda\u00a0\u00a0\u00a0\u00a0\u00a0\u00a0\u00a0\u00a0\u00a0\u00a0\u00a0\u00a0100-240 V CA, 50\/60 Hz<\/li>\n<li><img decoding=\"async\" class=\"size-full wp-image-9958 aligncenter\" src=\"https:\/\/tecsecmty.com\/wp-content\/uploads\/2023\/02\/Dahua-1.png\" alt=\"\" width=\"400\" height=\"300\" \/><\/li>\n<\/ul>\n","protected":false},"excerpt":{"rendered":"<p>Informaci\u00f3n General El PFS4428-24GT-370 es un switch administrable Gigabit PoE de 24 puertos de gesti\u00f3n de red de capa 2, admite el est\u00e1ndar IEEE802.3af, IEEE802.3at, redundancia de red: STP\/RSTP\/MSTP, admite IPv4\/IPv6 y DHCP, administraci\u00f3n de red basada en SNMP, configuraci\u00f3n: Web, Telnet, Comando CLI, QoS&hellip;<\/p>\n","protected":false},"featured_media":5405,"comment_status":"open","ping_status":"closed","template":"","meta":{"om_disable_all_campaigns":false,"_monsterinsights_skip_tracking":false,"_monsterinsights_sitenote_active":false,"_monsterinsights_sitenote_note":"","_monsterinsights_sitenote_category":0},"product_brand":[],"product_cat":[466],"product_tag":[438,437,431,436,434,439,432,433,435,185,430],"class_list":{"0":"post-5406","1":"product","2":"type-product","3":"status-publish","4":"has-post-thumbnail","6":"product_cat-switches-poe","7":"product_tag-controladores","8":"product_tag-fibra","9":"product_tag-networkin","10":"product_tag-poe","11":"product_tag-ptp-y-ptmp","12":"product_tag-punto-de-acceso","13":"product_tag-redes","14":"product_tag-sectoriales","15":"product_tag-switches-poe","16":"product_tag-tranceptores","17":"product_tag-ubiquiti","19":"first","20":"instock","21":"sale","22":"taxable","23":"shipping-taxable","24":"purchasable","25":"product-type-simple"},"aioseo_notices":[],"_links":{"self":[{"href":"https:\/\/tecsecmty.com\/index.php\/wp-json\/wp\/v2\/product\/5406","targetHints":{"allow":["GET"]}}],"collection":[{"href":"https:\/\/tecsecmty.com\/index.php\/wp-json\/wp\/v2\/product"}],"about":[{"href":"https:\/\/tecsecmty.com\/index.php\/wp-json\/wp\/v2\/types\/product"}],"replies":[{"embeddable":true,"href":"https:\/\/tecsecmty.com\/index.php\/wp-json\/wp\/v2\/comments?post=5406"}],"version-history":[{"count":0,"href":"https:\/\/tecsecmty.com\/index.php\/wp-json\/wp\/v2\/product\/5406\/revisions"}],"wp:featuredmedia":[{"embeddable":true,"href":"https:\/\/tecsecmty.com\/index.php\/wp-json\/wp\/v2\/media\/5405"}],"wp:attachment":[{"href":"https:\/\/tecsecmty.com\/index.php\/wp-json\/wp\/v2\/media?parent=5406"}],"wp:term":[{"taxonomy":"product_brand","embeddable":true,"href":"https:\/\/tecsecmty.com\/index.php\/wp-json\/wp\/v2\/product_brand?post=5406"},{"taxonomy":"product_cat","embeddable":true,"href":"https:\/\/tecsecmty.com\/index.php\/wp-json\/wp\/v2\/product_cat?post=5406"},{"taxonomy":"product_tag","embeddable":true,"href":"https:\/\/tecsecmty.com\/index.php\/wp-json\/wp\/v2\/product_tag?post=5406"}],"curies":[{"name":"wp","href":"https:\/\/api.w.org\/{rel}","templated":true}]}}