{"id":5418,"date":"2023-02-23T11:03:36","date_gmt":"2023-02-23T17:03:36","guid":{"rendered":"https:\/\/tecsecmty.com\/index.php\/producto\/ubiquiti-usw-pro-24-poe-unifi-switch-gigabit-poe-pro-24-puertos-poe-gigabit-ethernet-2-puertos-sfp-poe-400-watts-pantalla-informativa-poe-at-poe-bt\/"},"modified":"2023-03-22T23:24:36","modified_gmt":"2023-03-23T05:24:36","slug":"ubiquiti-usw-pro-24-poe-unifi-switch-gigabit-poe-pro-24-puertos-poe-gigabit-ethernet-2-puertos-sfp-poe-400-watts-pantalla-informativa-poe-at-poe-bt","status":"publish","type":"product","link":"https:\/\/tecsecmty.com\/index.php\/producto\/ubiquiti-usw-pro-24-poe-unifi-switch-gigabit-poe-pro-24-puertos-poe-gigabit-ethernet-2-puertos-sfp-poe-400-watts-pantalla-informativa-poe-at-poe-bt\/","title":{"rendered":"UBIQUITI USW-PRO-24-POE &#8211; UniFi Switch Gigabit PoE PRO \/ 24 Puertos PoE Gigabit Ethernet \/ 2 Puertos SFP+ \/ PoE 400 Watts \/ Pantalla Informativa \/ PoE at \/ PoE bt"},"content":{"rendered":"<h2>Descripci\u00f3n General<\/h2>\n<p class=\"text-muted\">\n<p class=\"ql-align-justify\">Los switches Ubiquiti UniFi Pro PoE permiten expandir y energizar mediante PoE toda su red gracias a sus equipos de 24\/48 puertos y as\u00ed poder contar con un sistema empresarial adecuado.<\/p>\n<p class=\"ql-align-justify\"><strong>**Funciones capa 3 en pr\u00f3ximas actualizaciones<\/strong><img fetchpriority=\"high\" decoding=\"async\" class=\"alignnone size-full wp-image-9907\" src=\"https:\/\/tecsecmty.com\/wp-content\/uploads\/2023\/02\/USW6.png\" alt=\"\" width=\"1920\" height=\"400\" \/><\/p>\n<h2>M\u00faltiples operaciones<\/h2>\n<p class=\"text-muted\">\n<p class=\"ql-align-justify\">Gracias a su integraci\u00f3n con el switch de UniFi controller estos cuentan con capacidad de realizar m\u00faltiples operaciones dentro de la red.<img decoding=\"async\" class=\"alignnone size-full wp-image-9908\" src=\"https:\/\/tecsecmty.com\/wp-content\/uploads\/2023\/02\/USW1.png\" alt=\"\" width=\"1920\" height=\"400\" \/><\/p>\n<h2>Puertos de fibra para subida de informaci\u00f3n<\/h2>\n<p class=\"text-muted\">\n<p class=\"ql-align-justify\">Los puertos de fibra \u00f3ptica est\u00e1n dise\u00f1ados para la subida de informaci\u00f3n y cuentan con una gran capacidad de transmisi\u00f3n de hasta 10Gbps, por tal motivo pueden conectar servidores de almacenamiento de gran rendimiento o conectar a grandes distancias hacia alg\u00fan otro switch.<\/p>\n<p><img decoding=\"async\" class=\"alignnone size-full wp-image-9910\" src=\"https:\/\/tecsecmty.com\/wp-content\/uploads\/2023\/02\/SFP.png\" alt=\"\" width=\"1920\" height=\"400\" \/><\/p>\n<h2>Gran capacidad de suministro PoE<\/h2>\n<p class=\"text-muted\">\n<p class=\"ql-align-justify\">La serie de Switches PoE USW PRO cuentan con una gran capacidad de suministro PoE ya que cuenta con los est\u00e1ndares 802.3at que entrega hasta 32W y el est\u00e1ndar 802.3bt que permite entregar hasta 64 W por puerto (el equipo est\u00e1 limitado a 400W as\u00ed que no todos los puertos funcionan suministrando PoE en est\u00e1ndar 802.3at\/bt). As\u00ed como tambi\u00e9n cuentan con el protocolo 802.3af que suministra hasta 15.4W y as\u00ed poder conformar su red totalmente PoE.<img loading=\"lazy\" decoding=\"async\" class=\"alignnone size-full wp-image-9913\" src=\"https:\/\/tecsecmty.com\/wp-content\/uploads\/2023\/02\/USWPro24POE_Ports.png\" alt=\"\" width=\"1920\" height=\"400\" \/><\/p>\n<h2>Especificaciones t\u00e9cnicas<\/h2>\n<p class=\"text-muted\">\n<ul>\n<li class=\"ql-align-justify\">24 puertos RJ-45 10\/100\/1000Mbps RJ-45.<\/li>\n<li class=\"ql-align-justify\">2 puertos SFP + 1\/10 Gbps.<\/li>\n<li class=\"ql-align-justify\">Rendimiento sin bloqueo: 44 Gbps.<\/li>\n<li class=\"ql-align-justify\">Capacidad de switching: 88 Gbps.<\/li>\n<li class=\"ql-align-justify\">Fuente de alimentaci\u00f3n: 100 \u2013 240VAC.<\/li>\n<li class=\"ql-align-justify\">M\u00e1ximo consumo de corriente (sin PoE): 50W.<\/li>\n<li class=\"ql-align-justify\">Suministro PoE: hasta 400W.<\/li>\n<li class=\"ql-align-justify\">M\u00e1xima salida de PoE por puerto: 802.3at: 32W, 802.3bt: 64W.<\/li>\n<li class=\"ql-align-justify\">Rangos de voltaje: 802.3af: 44-57V; 802.3at\/bt: 50 \u2013 57V.<img loading=\"lazy\" decoding=\"async\" class=\"alignnone size-full wp-image-9916\" src=\"https:\/\/tecsecmty.com\/wp-content\/uploads\/2023\/02\/USW.png\" alt=\"\" width=\"1920\" height=\"400\" \/><\/li>\n<li>\n<h2>Incluye<\/h2>\n<p class=\"text-muted\">\n<ul>\n<li class=\"ql-align-justify\">Switch<\/li>\n<li class=\"ql-align-justify\">Kit de instalaci\u00f3n y tornillos<\/li>\n<li class=\"ql-align-justify\">Cable de alimentaci\u00f3n<img loading=\"lazy\" decoding=\"async\" class=\"size-full wp-image-9894 aligncenter\" src=\"https:\/\/tecsecmty.com\/wp-content\/uploads\/2023\/02\/Captura-de-pantalla-2022-08-18-095209.png\" alt=\"\" width=\"400\" height=\"300\" \/><\/li>\n<\/ul>\n<\/li>\n<\/ul>\n","protected":false},"excerpt":{"rendered":"<p>Descripci\u00f3n General Los switches Ubiquiti UniFi Pro PoE permiten expandir y energizar mediante PoE toda su red gracias a sus equipos de 24\/48 puertos y as\u00ed poder contar con un sistema empresarial adecuado. **Funciones capa 3 en pr\u00f3ximas actualizaciones M\u00faltiples operaciones Gracias a su integraci\u00f3n&hellip;<\/p>\n","protected":false},"featured_media":5417,"comment_status":"open","ping_status":"closed","template":"","meta":{"om_disable_all_campaigns":false,"_monsterinsights_skip_tracking":false,"_monsterinsights_sitenote_active":false,"_monsterinsights_sitenote_note":"","_monsterinsights_sitenote_category":0},"product_brand":[],"product_cat":[467],"product_tag":[438,437,431,436,434,439,432,433,435,185,430],"class_list":{"0":"post-5418","1":"product","2":"type-product","3":"status-publish","4":"has-post-thumbnail","6":"product_cat-switches-poe-networking-ubiquiti-redes","7":"product_tag-controladores","8":"product_tag-fibra","9":"product_tag-networkin","10":"product_tag-poe","11":"product_tag-ptp-y-ptmp","12":"product_tag-punto-de-acceso","13":"product_tag-redes","14":"product_tag-sectoriales","15":"product_tag-switches-poe","16":"product_tag-tranceptores","17":"product_tag-ubiquiti","19":"first","20":"instock","21":"sale","22":"taxable","23":"shipping-taxable","24":"purchasable","25":"product-type-simple"},"aioseo_notices":[],"_links":{"self":[{"href":"https:\/\/tecsecmty.com\/index.php\/wp-json\/wp\/v2\/product\/5418","targetHints":{"allow":["GET"]}}],"collection":[{"href":"https:\/\/tecsecmty.com\/index.php\/wp-json\/wp\/v2\/product"}],"about":[{"href":"https:\/\/tecsecmty.com\/index.php\/wp-json\/wp\/v2\/types\/product"}],"replies":[{"embeddable":true,"href":"https:\/\/tecsecmty.com\/index.php\/wp-json\/wp\/v2\/comments?post=5418"}],"version-history":[{"count":0,"href":"https:\/\/tecsecmty.com\/index.php\/wp-json\/wp\/v2\/product\/5418\/revisions"}],"wp:featuredmedia":[{"embeddable":true,"href":"https:\/\/tecsecmty.com\/index.php\/wp-json\/wp\/v2\/media\/5417"}],"wp:attachment":[{"href":"https:\/\/tecsecmty.com\/index.php\/wp-json\/wp\/v2\/media?parent=5418"}],"wp:term":[{"taxonomy":"product_brand","embeddable":true,"href":"https:\/\/tecsecmty.com\/index.php\/wp-json\/wp\/v2\/product_brand?post=5418"},{"taxonomy":"product_cat","embeddable":true,"href":"https:\/\/tecsecmty.com\/index.php\/wp-json\/wp\/v2\/product_cat?post=5418"},{"taxonomy":"product_tag","embeddable":true,"href":"https:\/\/tecsecmty.com\/index.php\/wp-json\/wp\/v2\/product_tag?post=5418"}],"curies":[{"name":"wp","href":"https:\/\/api.w.org\/{rel}","templated":true}]}}