{"id":5424,"date":"2023-02-23T11:03:45","date_gmt":"2023-02-23T17:03:45","guid":{"rendered":"https:\/\/tecsecmty.com\/index.php\/producto\/utepo-utp3gsw04tp60-switch-gigabit-poe-no-administrable-4-puertos-poe-gigabit-2-puertos-gigabit-rj45-modo-cctv-poe-60-watts\/"},"modified":"2023-03-22T23:24:38","modified_gmt":"2023-03-23T05:24:38","slug":"utepo-utp3gsw04tp60-switch-gigabit-poe-no-administrable-4-puertos-poe-gigabit-2-puertos-gigabit-rj45-modo-cctv-poe-60-watts","status":"publish","type":"product","link":"https:\/\/tecsecmty.com\/index.php\/producto\/utepo-utp3gsw04tp60-switch-gigabit-poe-no-administrable-4-puertos-poe-gigabit-2-puertos-gigabit-rj45-modo-cctv-poe-60-watts\/","title":{"rendered":"UTEPO UTP3GSW04TP60 &#8211; Switch Gigabit PoE \/ No administrable \/ 4 Puertos PoE Gigabit \/ 2 Puertos Gigabit RJ45 \/ Modo CCTV \/ PoE 60 Watts"},"content":{"rendered":"<p>&nbsp;<\/p>\n<div class=\"row aling-items-center padding-bottom-2x\">\n<div class=\"col-lg-12\">\n<h5 class=\"card-title text-center\">Informaci\u00f3n general<\/h5>\n<p class=\"ql-align-justify\">Los switches Utepo de 4 puertos full Gigabit Ethernet son equipos dedicados para la seguridad en video vigilancia y dise\u00f1ados para ofrecer una alta definici\u00f3n en sus proyectos por medio de red Ethernet. El producto combina las caracter\u00edsticas de video vigilancia y provee una r\u00e1pida transmisi\u00f3n de paquetes lo cual asegura una imagen limpia y una transmisi\u00f3n fluida. Dichos equipos cuentan con la capacidad de soportar la funci\u00f3n de \u00ab<strong>key CCTV<\/strong>\u00bb lo cual permite funcionar en modo VLAN y reducir las tormentas de red para proteger la informaci\u00f3n.<img fetchpriority=\"high\" decoding=\"async\" class=\"alignnone size-full wp-image-9856\" src=\"https:\/\/tecsecmty.com\/wp-content\/uploads\/2023\/02\/App1_1.png\" alt=\"\" width=\"1920\" height=\"400\" \/><\/p>\n<p><img decoding=\"async\" class=\"overview-center-img-web\" src=\"https:\/\/tvc.mx\/media\/57162\/App1_1.png\" alt=\"\" \/><\/p>\n<\/div>\n<\/div>\n<div class=\"row aling-items-center padding-bottom-2x\">\n<div class=\"col-lg-12\">\n<h5 class=\"card-title text-center\">Puertos Full Gigabit Ethernet.<\/h5>\n<p class=\"ql-align-justify\">El switch Utepo UTP3GSW04TP60 cuenta con 4 puertos PoE completamente para la descarga (Downlink) de informaci\u00f3n y en un puerto puede entregar hasta 30W para poder satisfacer los requerimientos de las c\u00e1maras PoE y de otros dispositivos que requieran de ese consumo para poder funcionar adecuadamente.<\/p>\n<p class=\"ql-align-justify\"><strong>*Nota:<\/strong>\u00a0si alg\u00fan dispositivo consume hasta 30W en los puertos restantes se dividen los watts que faltan para cumplir hasta el l\u00edmite (60W de suministro PoE por switch).<img fetchpriority=\"high\" decoding=\"async\" class=\"alignnone size-full wp-image-9856\" src=\"https:\/\/tecsecmty.com\/wp-content\/uploads\/2023\/02\/App1_1.png\" alt=\"\" width=\"1920\" height=\"400\" \/><\/p>\n<p><img decoding=\"async\" class=\"overview-center-img-web\" src=\"https:\/\/tvc.mx\/media\/57183\/App1_1.png\" alt=\"\" \/><\/p>\n<\/div>\n<\/div>\n<div class=\"row aling-items-center padding-bottom-2x\">\n<div class=\"col-lg-12\">\n<h5 class=\"card-title text-center\">Est\u00e1ndar PoE 802.3af\/at.<\/h5>\n<p class=\"ql-align-justify\">El switch Utepo UTP3GSW04TP60 cuenta con 4 puertos PoE completamente para la descarga (Downlink) de informaci\u00f3n y en un puerto puede entregar hasta 30W para poder satisfacer los requerimientos de las c\u00e1maras PoE y de otros dispositivos que requieran de ese consumo para poder funcionar adecuadamente.<\/p>\n<p class=\"ql-align-justify\"><strong>*Nota:<\/strong>\u00a0si alg\u00fan dispositivo consume hasta 30W en los puertos restantes se dividen los watts que faltan para cumplir hasta el l\u00edmite (60W de suministro PoE por switch).<img decoding=\"async\" class=\"size-full wp-image-9801 aligncenter\" src=\"https:\/\/tecsecmty.com\/wp-content\/uploads\/2023\/02\/App4_2-1.png\" alt=\"\" width=\"400\" height=\"300\" \/><\/p>\n<div class=\"row aling-items-center padding-bottom-2x\">\n<div class=\"col-lg-12\"><img decoding=\"async\" class=\"overview-center-img-web\" src=\"https:\/\/tvc.mx\/media\/57219\/App2_1.png\" alt=\"\" \/><\/div>\n<\/div>\n<p><img decoding=\"async\" class=\"overview-center-img-web\" src=\"https:\/\/tvc.mx\/media\/57219\/App2_1.png\" alt=\"\" \/><\/p>\n<\/div>\n<\/div>\n<div class=\"row aling-items-center padding-bottom-2x\">\n<div class=\"col-lg-12\">\n<h5 class=\"card-title text-center\">Funci\u00f3n One-Key CCTV<\/h5>\n<p class=\"ql-align-justify\">Cuenta con la capacidad de que \u00fanicamente moviendo un interruptor active la funci\u00f3n de \u00abone key CCTV\u00bb lo cual autom\u00e1ticamente habilita una VLAN para que los dispositivos que conecte en sus 4 puertos PoE no se puedan ver entre ellos mismos y a su vez ayuda a reducir las tormentas de red para proteger su informaci\u00f3n y gracias a esta funci\u00f3n permite poder expandir su red Ethernet hasta 250m de distancia.<\/p>\n<p class=\"ql-align-justify\">El puerto Uplink sigue manteniendo su est\u00e1ndar de distancia de transmisi\u00f3n: 100m.<img decoding=\"async\" class=\"size-full wp-image-9804 aligncenter\" src=\"https:\/\/tecsecmty.com\/wp-content\/uploads\/2023\/02\/App2_2-1.png\" alt=\"\" width=\"400\" height=\"300\" \/><\/p>\n<p><img decoding=\"async\" class=\"overview-center-img-web\" src=\"https:\/\/tvc.mx\/media\/57186\/App3_1.png\" alt=\"\" \/><\/p>\n<\/div>\n<\/div>\n<div class=\"row aling-items-center padding-bottom-2x\">\n<div class=\"col-lg-12\">\n<h5 class=\"card-title text-center\">Mayor estabilidad y seguridad exclusiva.<\/h5>\n<p class=\"ql-align-justify\">Gracias a su capacidad y funcionamiento, este modelo de switches Utepo cuentan con la capacidad de trabajar en ambientes extremos de temperaturas, as\u00ed como su gran capacidad de inmunidad de sobrecargas.<img loading=\"lazy\" decoding=\"async\" class=\"size-full wp-image-9805 aligncenter\" src=\"https:\/\/tecsecmty.com\/wp-content\/uploads\/2023\/02\/App5_2-1.png\" alt=\"\" width=\"400\" height=\"300\" \/><\/p>\n<p><img decoding=\"async\" class=\"overview-center-img-web\" src=\"https:\/\/tvc.mx\/media\/57189\/App5_1.png\" alt=\"\" \/><\/p>\n<\/div>\n<\/div>\n<div class=\"row aling-items-center padding-bottom-2x\">\n<div class=\"col-lg-12\">\n<h5 class=\"card-title text-center\">Funcionamiento Plug &amp; Play.<\/h5>\n<p class=\"ql-align-justify\">El equipo no requiere de configuraciones adicionales ya que solamente es necesario de conectarlo en sus puertos Downlink para as\u00ed empezar a suministrar su corriente PoE.<img loading=\"lazy\" decoding=\"async\" class=\"size-full wp-image-9808 aligncenter\" src=\"https:\/\/tecsecmty.com\/wp-content\/uploads\/2023\/02\/App6_2-1.png\" alt=\"\" width=\"400\" height=\"300\" \/><\/p>\n<p><img decoding=\"async\" class=\"overview-center-img-web\" src=\"https:\/\/tvc.mx\/media\/57192\/App6_1.png\" alt=\"\" \/><\/p>\n<\/div>\n<\/div>\n<div class=\"row aling-items-center padding-bottom-2x\">\n<div class=\"col-lg-12\">\n<h5 class=\"card-title text-center\">Especificaciones t\u00e9cnicas<\/h5>\n<ul>\n<li>Puertos: 4 puertos PoE Gigabit (GE) RJ-45 10\/100\/1000.<\/li>\n<li>Puertos Uplink: 2 RJ-45 10\/100\/1000.<\/li>\n<li>Suministro PoE: 60W. totales.<\/li>\n<li>Hasta 30W por puerto (max. 2 puertos).<\/li>\n<li>Capacidad switching: 12Gbps.<\/li>\n<li>Fuente de alimentaci\u00f3n: DC48V-57V<\/li>\n<li>Est\u00e1ndar PoE: IEEE 802.3 af\/at<\/li>\n<li>Dimensiones: 135mm x 86mm x 27mm.<\/li>\n<li>Temperatura de operaci\u00f3n: -10\u00b0c ~ 45\u00b0C.<\/li>\n<li>Humedad de operaci\u00f3n: 0 ~ 95% sin condensaci\u00f3n.<img loading=\"lazy\" decoding=\"async\" class=\"alignnone size-full wp-image-9810\" src=\"https:\/\/tecsecmty.com\/wp-content\/uploads\/2023\/02\/Overview_Utepo_1-1.png\" alt=\"\" width=\"1920\" height=\"400\" \/><\/li>\n<\/ul>\n<\/div>\n<\/div>\n","protected":false},"excerpt":{"rendered":"<p>&nbsp; Informaci\u00f3n general Los switches Utepo de 4 puertos full Gigabit Ethernet son equipos dedicados para la seguridad en video vigilancia y dise\u00f1ados para ofrecer una alta definici\u00f3n en sus proyectos por medio de red Ethernet. El producto combina las caracter\u00edsticas de video vigilancia y&hellip;<\/p>\n","protected":false},"featured_media":5423,"comment_status":"open","ping_status":"closed","template":"","meta":{"om_disable_all_campaigns":false,"_monsterinsights_skip_tracking":false,"_monsterinsights_sitenote_active":false,"_monsterinsights_sitenote_note":"","_monsterinsights_sitenote_category":0},"product_brand":[],"product_cat":[468],"product_tag":[438,437,431,436,434,439,432,433,435,185,430],"class_list":{"0":"post-5424","1":"product","2":"type-product","3":"status-publish","4":"has-post-thumbnail","6":"product_cat-switches-poe-networking-utepo","7":"product_tag-controladores","8":"product_tag-fibra","9":"product_tag-networkin","10":"product_tag-poe","11":"product_tag-ptp-y-ptmp","12":"product_tag-punto-de-acceso","13":"product_tag-redes","14":"product_tag-sectoriales","15":"product_tag-switches-poe","16":"product_tag-tranceptores","17":"product_tag-ubiquiti","19":"first","20":"instock","21":"sale","22":"taxable","23":"shipping-taxable","24":"purchasable","25":"product-type-simple"},"aioseo_notices":[],"_links":{"self":[{"href":"https:\/\/tecsecmty.com\/index.php\/wp-json\/wp\/v2\/product\/5424","targetHints":{"allow":["GET"]}}],"collection":[{"href":"https:\/\/tecsecmty.com\/index.php\/wp-json\/wp\/v2\/product"}],"about":[{"href":"https:\/\/tecsecmty.com\/index.php\/wp-json\/wp\/v2\/types\/product"}],"replies":[{"embeddable":true,"href":"https:\/\/tecsecmty.com\/index.php\/wp-json\/wp\/v2\/comments?post=5424"}],"version-history":[{"count":0,"href":"https:\/\/tecsecmty.com\/index.php\/wp-json\/wp\/v2\/product\/5424\/revisions"}],"wp:featuredmedia":[{"embeddable":true,"href":"https:\/\/tecsecmty.com\/index.php\/wp-json\/wp\/v2\/media\/5423"}],"wp:attachment":[{"href":"https:\/\/tecsecmty.com\/index.php\/wp-json\/wp\/v2\/media?parent=5424"}],"wp:term":[{"taxonomy":"product_brand","embeddable":true,"href":"https:\/\/tecsecmty.com\/index.php\/wp-json\/wp\/v2\/product_brand?post=5424"},{"taxonomy":"product_cat","embeddable":true,"href":"https:\/\/tecsecmty.com\/index.php\/wp-json\/wp\/v2\/product_cat?post=5424"},{"taxonomy":"product_tag","embeddable":true,"href":"https:\/\/tecsecmty.com\/index.php\/wp-json\/wp\/v2\/product_tag?post=5424"}],"curies":[{"name":"wp","href":"https:\/\/api.w.org\/{rel}","templated":true}]}}