{"id":5428,"date":"2023-02-23T11:03:51","date_gmt":"2023-02-23T17:03:51","guid":{"rendered":"https:\/\/tecsecmty.com\/index.php\/producto\/utepo-utp3gsw1604tsp200-switch-gigabit-poe-no-administrable-16-puertos-poe-gigabit-2-puertos-gigabit-rj45-2-puertos-gigabit-sfp-poe-180-watts\/"},"modified":"2023-03-22T23:24:38","modified_gmt":"2023-03-23T05:24:38","slug":"utepo-utp3gsw1604tsp200-switch-gigabit-poe-no-administrable-16-puertos-poe-gigabit-2-puertos-gigabit-rj45-2-puertos-gigabit-sfp-poe-180-watts","status":"publish","type":"product","link":"https:\/\/tecsecmty.com\/index.php\/producto\/utepo-utp3gsw1604tsp200-switch-gigabit-poe-no-administrable-16-puertos-poe-gigabit-2-puertos-gigabit-rj45-2-puertos-gigabit-sfp-poe-180-watts\/","title":{"rendered":"UTEPO UTP3GSW1604TSP200 &#8211; Switch Gigabit PoE \/ No administrable \/ 16 Puertos PoE Gigabit \/ 2 Puertos Gigabit RJ45 \/ 2 Puertos Gigabit SFP \/ PoE 180 Watts"},"content":{"rendered":"<p><strong>Switches Gigabit PoE<\/strong><br \/>\nLos switches Utepo de 16 puertos Ethernet Gigabit PoE, son una serie de equipos no administrados que son dise\u00f1ados para todo tipo de aplicaciones PoE ya que cuenta con 16 puertos (PoE) para descarga de informaci\u00f3n, as\u00ed como 2 puertos RJ-45 Gigabit (10\/100\/1000Mbps) para la subida\/carga de informaci\u00f3n y adicionalmente cuentan con un capacidad de 2 puertos SFP (1000Mbps) Base-X tambi\u00e9n para la subida\/carga de informaci\u00f3n.<\/p>\n<p><img fetchpriority=\"high\" decoding=\"async\" class=\"alignnone size-full wp-image-9830\" src=\"https:\/\/tecsecmty.com\/wp-content\/uploads\/2023\/02\/UTP3GSW1604TSP200_Left.png\" alt=\"\" width=\"960\" height=\"540\" \/><\/p>\n<p>&nbsp;<\/p>\n<p>F\u00e1cil instalaci\u00f3n.<br \/>\nEl equipo puede ser instalado en rack\/pared en ambientes para interiores, tambi\u00e9n es importante que cuente con los requerimientos necesarios para su instalaci\u00f3n y correcto funcionamiento del equipo, requerimientos tales como; suficiente espacio (m\u00e1s de 10cm) para las salidas de aire para facilitar la disipaci\u00f3n del calor, buen sistema de ventilaci\u00f3n, conexi\u00f3n adecuada a tierra, etc.<img decoding=\"async\" class=\"alignnone size-full wp-image-9832\" src=\"https:\/\/tecsecmty.com\/wp-content\/uploads\/2023\/02\/Rack.png\" alt=\"\" width=\"960\" height=\"540\" \/><\/p>\n<p>Especificaciones t\u00e9cnicas<br \/>\nPuertos de descarga: 16 puertos PoE\/PoE+ 10\/100\/1000Mbps.<\/p>\n<p>Puertos de subida: 2 puertos RJ-45 10\/100\/1000Mbps y 2 puertos SFP Base-X.<\/p>\n<p>Capacidad de intercambio: 56Gbps.<\/p>\n<p>M\u00e1ximo presupuesto PoE: 180W.<\/p>\n<p>Fuente de alimentaci\u00f3n: 100 ~ 240VAC 50\/60Hz.<\/p>\n<p>Temperatura de operaci\u00f3n: 0 ~40\u00b0C.<\/p>\n<p>Humedad de operaci\u00f3n: 5% &#8211; 95% (sin condensaci\u00f3n).<\/p>\n<p>Dimensiones: 442mm x 285mm x 44mm.<img decoding=\"async\" class=\"alignnone size-full wp-image-9833\" src=\"https:\/\/tecsecmty.com\/wp-content\/uploads\/2023\/02\/Especificaciones.png\" alt=\"\" width=\"960\" height=\"540\" \/><\/p>\n","protected":false},"excerpt":{"rendered":"<p>Switches Gigabit PoE Los switches Utepo de 16 puertos Ethernet Gigabit PoE, son una serie de equipos no administrados que son dise\u00f1ados para todo tipo de aplicaciones PoE ya que cuenta con 16 puertos (PoE) para descarga de informaci\u00f3n, as\u00ed como 2 puertos RJ-45 Gigabit&hellip;<\/p>\n","protected":false},"featured_media":5427,"comment_status":"open","ping_status":"closed","template":"","meta":{"om_disable_all_campaigns":false,"_monsterinsights_skip_tracking":false,"_monsterinsights_sitenote_active":false,"_monsterinsights_sitenote_note":"","_monsterinsights_sitenote_category":0},"product_brand":[],"product_cat":[468],"product_tag":[438,437,431,436,434,439,432,433,435,185,430],"class_list":{"0":"post-5428","1":"product","2":"type-product","3":"status-publish","4":"has-post-thumbnail","6":"product_cat-switches-poe-networking-utepo","7":"product_tag-controladores","8":"product_tag-fibra","9":"product_tag-networkin","10":"product_tag-poe","11":"product_tag-ptp-y-ptmp","12":"product_tag-punto-de-acceso","13":"product_tag-redes","14":"product_tag-sectoriales","15":"product_tag-switches-poe","16":"product_tag-tranceptores","17":"product_tag-ubiquiti","19":"first","20":"instock","21":"sale","22":"taxable","23":"shipping-taxable","24":"purchasable","25":"product-type-simple"},"aioseo_notices":[],"_links":{"self":[{"href":"https:\/\/tecsecmty.com\/index.php\/wp-json\/wp\/v2\/product\/5428","targetHints":{"allow":["GET"]}}],"collection":[{"href":"https:\/\/tecsecmty.com\/index.php\/wp-json\/wp\/v2\/product"}],"about":[{"href":"https:\/\/tecsecmty.com\/index.php\/wp-json\/wp\/v2\/types\/product"}],"replies":[{"embeddable":true,"href":"https:\/\/tecsecmty.com\/index.php\/wp-json\/wp\/v2\/comments?post=5428"}],"version-history":[{"count":0,"href":"https:\/\/tecsecmty.com\/index.php\/wp-json\/wp\/v2\/product\/5428\/revisions"}],"wp:featuredmedia":[{"embeddable":true,"href":"https:\/\/tecsecmty.com\/index.php\/wp-json\/wp\/v2\/media\/5427"}],"wp:attachment":[{"href":"https:\/\/tecsecmty.com\/index.php\/wp-json\/wp\/v2\/media?parent=5428"}],"wp:term":[{"taxonomy":"product_brand","embeddable":true,"href":"https:\/\/tecsecmty.com\/index.php\/wp-json\/wp\/v2\/product_brand?post=5428"},{"taxonomy":"product_cat","embeddable":true,"href":"https:\/\/tecsecmty.com\/index.php\/wp-json\/wp\/v2\/product_cat?post=5428"},{"taxonomy":"product_tag","embeddable":true,"href":"https:\/\/tecsecmty.com\/index.php\/wp-json\/wp\/v2\/product_tag?post=5428"}],"curies":[{"name":"wp","href":"https:\/\/api.w.org\/{rel}","templated":true}]}}