{"id":5436,"date":"2023-02-23T11:04:03","date_gmt":"2023-02-23T17:04:03","guid":{"rendered":"https:\/\/tecsecmty.com\/index.php\/producto\/utepo-utp3sw08tp120a1-switch-poe-de-10-puertos-8-puertos-poe-10-100-mbps-2-puertos-uplink-10-100-1000-mbps-estandar-802-3af-at-poe-120-watts-totales-hasta-250m-de-conexion-en-modo-cctv-no-ad\/"},"modified":"2023-03-22T23:24:38","modified_gmt":"2023-03-23T05:24:38","slug":"utepo-utp3sw08tp120a1-switch-poe-de-10-puertos-8-puertos-poe-10-100-mbps-2-puertos-uplink-10-100-1000-mbps-estandar-802-3af-at-poe-120-watts-totales-hasta-250m-de-conexion-en-modo-cctv-no-ad","status":"publish","type":"product","link":"https:\/\/tecsecmty.com\/index.php\/producto\/utepo-utp3sw08tp120a1-switch-poe-de-10-puertos-8-puertos-poe-10-100-mbps-2-puertos-uplink-10-100-1000-mbps-estandar-802-3af-at-poe-120-watts-totales-hasta-250m-de-conexion-en-modo-cctv-no-ad\/","title":{"rendered":"UTEPO UTP3SW08TP120A1 &#8211; Switch PoE de 10 Puertos\/ 8 Puertos PoE 10\/100 Mbps\/ 2 Puertos UPLINK 10\/100\/1000 Mbps\/ Est\u00e1ndar 802.3af &amp; at\/ PoE 120 Watts Totales\/ Hasta 250m de Conexi\u00f3n en Modo CCTV\/ No administrable #OfertasRedes #SUCURSALES"},"content":{"rendered":"<p><strong>Informaci\u00f3n general<\/strong><br \/>\nEl switch de 8 puertos Fast Ethernet Utepo cuenta con la capacidad de poder alimentar con energ\u00eda a trav\u00e9s de PoE para poder conectar sus dispositivos sin necesidad de conectar en ellos alguna fuente de energ\u00eda adicional. A su vez cuenta con dos puertos Uplink para subir la informaci\u00f3n hacia su NVR\/Servidor a una mayor velocidad ya que esos dos puertos cuentan con una capacidad Gigabit.<img fetchpriority=\"high\" decoding=\"async\" class=\"size-full wp-image-9762 aligncenter\" src=\"https:\/\/tecsecmty.com\/wp-content\/uploads\/2023\/02\/UTP3SW08TP120A1Back_2.png\" alt=\"\" width=\"400\" height=\"300\" \/><\/p>\n<p><strong>Puertos Fast Ethernet.<\/strong><\/p>\n<p>El switch Utepo UTP3SW08TP120A1 cuenta con 8 puertos PoE completamente para la descarga (Downlink) de informaci\u00f3n, puede conectar hasta 8 c\u00e1maras PoE sin necesidad de conectarlas a una fuente externa (siempre y cuando su consumo de corriente no sobrepase el total que soporta el equipo). Adicionalmente cuenta con 2 puertos para subida (Uplink) de informaci\u00f3n y as\u00ed poder tener comunicaci\u00f3n con su NVR, servidor.<img decoding=\"async\" class=\"size-full wp-image-9766 aligncenter\" src=\"https:\/\/tecsecmty.com\/wp-content\/uploads\/2023\/02\/App1_2.png\" alt=\"\" width=\"400\" height=\"300\" \/><\/p>\n<p><strong>Est\u00e1ndar PoE 802.3af\/at.<\/strong><br \/>\nEl switch Utepo UTP3SW08TP120A1 cuenta con 8 puertos PoE completamente para la descarga (Downlink) de informaci\u00f3n y en un puerto puede entregar hasta 30W para poder satisfacer los requerimientos de las c\u00e1maras PoE y de otros dispositivos que requieran de ese consumo para poder funcionar adecuadamente.<\/p>\n<p>*Nota: si alg\u00fan dispositivo consume hasta 30W en los puertos restantes se dividen los watts que faltan para cumplir hasta el l\u00edmite (120W de suministro PoE por switch).<img decoding=\"async\" class=\"size-full wp-image-9769 aligncenter\" src=\"https:\/\/tecsecmty.com\/wp-content\/uploads\/2023\/02\/App4_2.png\" alt=\"\" width=\"400\" height=\"300\" \/><\/p>\n<h2>Funci\u00f3n One key CCTV.<\/h2>\n<p class=\"text-muted\">\n<p class=\"ql-align-justify\">Cuenta con la capacidad de que \u00fanicamente moviendo un interruptor active la funci\u00f3n de \u00abone key CCTV\u00bb lo cual autom\u00e1ticamente habilita una VLAN para que los dispositivos que conecte en sus 8 puertos PoE no se puedan ver entre ellos mismos y a su vez ayuda a reducir las tormentas de red para proteger su informaci\u00f3n y gracias a esta funci\u00f3n permite poder\u00a0<strong>expandir su red Ethernet hasta 250m de distancia<\/strong>.<\/p>\n<p class=\"ql-align-justify\">El puerto Uplink sigue manteniendo su est\u00e1ndar de distancia de transmisi\u00f3n: 100m.<img loading=\"lazy\" decoding=\"async\" class=\"size-full wp-image-9770 aligncenter\" src=\"https:\/\/tecsecmty.com\/wp-content\/uploads\/2023\/02\/App2_2.png\" alt=\"\" width=\"400\" height=\"300\" \/><\/p>\n<h2>Mayor estabilidad y seguridad exclusiva.<\/h2>\n<p class=\"text-muted\">\n<p class=\"ql-align-justify\">Gracias a su capacidad y funcionamiento, este modelo de switches Utepo cuentan con la capacidad de trabajar en ambientes extremos de temperaturas, as\u00ed como su gran capacidad de inmunidad de sobrecargas.<img loading=\"lazy\" decoding=\"async\" class=\"size-full wp-image-9774 aligncenter\" src=\"https:\/\/tecsecmty.com\/wp-content\/uploads\/2023\/02\/App5_2.png\" alt=\"\" width=\"400\" height=\"300\" \/><\/p>\n<h2>Funcionamiento Plug &amp; Play.<\/h2>\n<p class=\"text-muted\">\n<p class=\"ql-align-justify\">El equipo no requiere de configuraciones adicionales ya que solamente es necesario de conectarlo en sus puertos Downlink para as\u00ed empezar a suministrar su corriente PoE.<\/p>\n<p><img loading=\"lazy\" decoding=\"async\" class=\"size-full wp-image-9776 aligncenter\" src=\"https:\/\/tecsecmty.com\/wp-content\/uploads\/2023\/02\/App6_2.png\" alt=\"\" width=\"400\" height=\"300\" \/><\/p>\n<p><strong>Especificaciones t\u00e9cnicas<\/strong><br \/>\nPuertos: 8 puertos PoE Fast Ethernet (FE) RJ-45 10\/100Mbps.<br \/>\nPuertos Uplink: 2 RJ-45 10\/100\/1000Mbps.<br \/>\nSuministro PoE: 120W. totales.<br \/>\nHasta 30W por puerto. (max. 4 puertos).<br \/>\nCapacidad switching: 5.6Gbps.<br \/>\nFuente de alimentaci\u00f3n: DC44V-57V<br \/>\nEst\u00e1ndar PoE: IEEE 802.3 af\/at<br \/>\nDimensiones: 200mm x 101.8mm x 27mm.<br \/>\nTemperatura de operaci\u00f3n: -10\u00b0c ~ 55\u00b0C.<br \/>\nHumedad de operaci\u00f3n: 5 ~ 95% sin condensaci\u00f3n.<\/p>\n<p><img loading=\"lazy\" decoding=\"async\" class=\"alignnone size-full wp-image-9746\" src=\"https:\/\/tecsecmty.com\/wp-content\/uploads\/2023\/02\/Overview_Utepo_1.png\" alt=\"\" width=\"1920\" height=\"400\" \/><\/p>\n<p>&nbsp;<\/p>\n<p>&nbsp;<\/p>\n","protected":false},"excerpt":{"rendered":"<p>Informaci\u00f3n general El switch de 8 puertos Fast Ethernet Utepo cuenta con la capacidad de poder alimentar con energ\u00eda a trav\u00e9s de PoE para poder conectar sus dispositivos sin necesidad de conectar en ellos alguna fuente de energ\u00eda adicional. A su vez cuenta con dos&hellip;<\/p>\n","protected":false},"featured_media":5435,"comment_status":"open","ping_status":"closed","template":"","meta":{"om_disable_all_campaigns":false,"_monsterinsights_skip_tracking":false,"_monsterinsights_sitenote_active":false,"_monsterinsights_sitenote_note":"","_monsterinsights_sitenote_category":0},"product_brand":[],"product_cat":[468],"product_tag":[438,437,431,436,434,439,432,433,435,185,430],"class_list":{"0":"post-5436","1":"product","2":"type-product","3":"status-publish","4":"has-post-thumbnail","6":"product_cat-switches-poe-networking-utepo","7":"product_tag-controladores","8":"product_tag-fibra","9":"product_tag-networkin","10":"product_tag-poe","11":"product_tag-ptp-y-ptmp","12":"product_tag-punto-de-acceso","13":"product_tag-redes","14":"product_tag-sectoriales","15":"product_tag-switches-poe","16":"product_tag-tranceptores","17":"product_tag-ubiquiti","19":"first","20":"instock","21":"sale","22":"taxable","23":"shipping-taxable","24":"purchasable","25":"product-type-simple"},"aioseo_notices":[],"_links":{"self":[{"href":"https:\/\/tecsecmty.com\/index.php\/wp-json\/wp\/v2\/product\/5436","targetHints":{"allow":["GET"]}}],"collection":[{"href":"https:\/\/tecsecmty.com\/index.php\/wp-json\/wp\/v2\/product"}],"about":[{"href":"https:\/\/tecsecmty.com\/index.php\/wp-json\/wp\/v2\/types\/product"}],"replies":[{"embeddable":true,"href":"https:\/\/tecsecmty.com\/index.php\/wp-json\/wp\/v2\/comments?post=5436"}],"version-history":[{"count":0,"href":"https:\/\/tecsecmty.com\/index.php\/wp-json\/wp\/v2\/product\/5436\/revisions"}],"wp:featuredmedia":[{"embeddable":true,"href":"https:\/\/tecsecmty.com\/index.php\/wp-json\/wp\/v2\/media\/5435"}],"wp:attachment":[{"href":"https:\/\/tecsecmty.com\/index.php\/wp-json\/wp\/v2\/media?parent=5436"}],"wp:term":[{"taxonomy":"product_brand","embeddable":true,"href":"https:\/\/tecsecmty.com\/index.php\/wp-json\/wp\/v2\/product_brand?post=5436"},{"taxonomy":"product_cat","embeddable":true,"href":"https:\/\/tecsecmty.com\/index.php\/wp-json\/wp\/v2\/product_cat?post=5436"},{"taxonomy":"product_tag","embeddable":true,"href":"https:\/\/tecsecmty.com\/index.php\/wp-json\/wp\/v2\/product_tag?post=5436"}],"curies":[{"name":"wp","href":"https:\/\/api.w.org\/{rel}","templated":true}]}}