{"id":5484,"date":"2023-02-23T11:05:02","date_gmt":"2023-02-23T17:05:02","guid":{"rendered":"https:\/\/tecsecmty.com\/index.php\/producto\/dahua-dh-pfs3008-8gt-l-switch-para-escritorio-8-puertos-gigabit-ethernet-10-100-1000-diseno-compacto-capa-2-switching-16-gbps-velocidad-de-reenvio-de-paquetes11-9-mbps\/"},"modified":"2023-03-22T23:22:26","modified_gmt":"2023-03-23T05:22:26","slug":"dahua-dh-pfs3008-8gt-l-switch-para-escritorio-8-puertos-gigabit-ethernet-10-100-1000-diseno-compacto-capa-2-switching-16-gbps-velocidad-de-reenvio-de-paquetes11-9-mbps","status":"publish","type":"product","link":"https:\/\/tecsecmty.com\/index.php\/producto\/dahua-dh-pfs3008-8gt-l-switch-para-escritorio-8-puertos-gigabit-ethernet-10-100-1000-diseno-compacto-capa-2-switching-16-gbps-velocidad-de-reenvio-de-paquetes11-9-mbps\/","title":{"rendered":"DAHUA DH-PFS3008-8GT-L &#8211; Switch para Escritorio 8 Puertos\/ Gigabit Ethernet\/ 10\/100\/1000\/ Dise\u00f1o Compacto\/ Capa 2\/ switching 16 Gbps\/ Velocidad de Reenvio de paquetes11.9 Mbps\/"},"content":{"rendered":"<div class=\"row aling-items-center padding-bottom-2x\">\n<div class=\"col-lg-12\">\n<h5 class=\"card-title text-center\">Informaci\u00f3n General<\/h5>\n<p>El modelo<strong>PFS3008-8GT-L<\/strong>\u00a0es un switch no administrable de la marca Dahua el cual consta de 8 puertos de red 10\/100 Mbps capa 2, con dise\u00f1o altamente integrado, compacto, port\u00e1til, f\u00e1cil de operar, adecuado para redes dom\u00e9sticas, de oficina y redes medianas.Tiene un rendimiento estable para un buen funcionamiento a largo plazo.<\/p>\n<p><img decoding=\"async\" class=\"overview-center-img-web\" src=\"https:\/\/tvc.mx\/media\/365107\/Dahua-Switch-PFS3008-8GT-L-Switch-Gigabit-8-puertos-capa2.png\" alt=\"\" \/><\/div>\n<\/div>\n<div class=\"row aling-items-center padding-bottom-2x\">\n<div class=\"col-lg-12\">\n<h5 class=\"card-title text-center\">Instalaci\u00f3n sin complicaciones<\/h5>\n<p>El switch\u00a0PFS3008-8GT-L\u00a0es f\u00e1cil de instalar, solo conecte y listo, es aplicable a peque\u00f1as y medianas oficinas as\u00ed como en redes dom\u00e9sticas.<\/p>\n<p><img decoding=\"async\" class=\"overview-center-img-web\" src=\"https:\/\/tvc.mx\/media\/145214\/Dahua-Switch-PFS3008-8GT-L-Switch-Gigabit-8-puertos-capa2-plugplay.png\" alt=\"\" \/><\/div>\n<\/div>\n<div class=\"row aling-items-center padding-bottom-2x\">\n<div class=\"col-lg-12\">\n<h5 class=\"card-title text-center\">Dise\u00f1o Compacto y Tecnolog\u00eda Ecol\u00f3gica<\/h5>\n<p>El Switch\u00a0<strong>PFS3008-8GT-L<\/strong>\u00a0cuenta con un dise\u00f1o compacto, gracias a su tama\u00f1o peque\u00f1o y un peso ligero facilitan la implementaci\u00f3n sin complicaciones, adem\u00e1s adopta tecnolog\u00eda ecol\u00f3gica ya que esta compuesto con pl\u00e1sticos ecol\u00f3gicos de alta calidad que\u00a0reducen la contaminaci\u00f3n, moderan el consumo de energ\u00eda y otros recursos.<\/p>\n<p><img decoding=\"async\" class=\"overview-center-img-web\" src=\"https:\/\/tvc.mx\/media\/145222\/Dahua-Switch-PFS3008-8GT-L-Switch-Gigabit-8-puertos-capa2-ecologico.png\" alt=\"\" \/><\/div>\n<\/div>\n<div class=\"row aling-items-center padding-bottom-2x\">\n<div class=\"col-lg-12\">\n<h5 class=\"card-title text-center\">Funcionamiento Estable 24 \/ 7<\/h5>\n<p>El switch\u00a0<strong>PFS3008-8GT-L<\/strong>\u00a0tiene un rendimiento estable para un funcionamiento a largo plazo, garantizando operaci\u00f3n continua 24\/7.<\/p>\n<p><img decoding=\"async\" class=\"overview-center-img-web\" src=\"https:\/\/tvc.mx\/media\/145238\/Dahua-Switch-PFS3008-8GT-L-Switch-Gigabit-8-puertos-capa2--rendimiento.png\" alt=\"\" \/><\/div>\n<\/div>\n<div class=\"row aling-items-center padding-bottom-2x\">\n<div class=\"col-lg-12\">\n<h5 class=\"card-title text-center\">Principales Caracter\u00edsticas<\/h5>\n<ul>\n<li>8 Puertos 10 \/ 100 Mbps.<\/li>\n<li>Capa 2.<\/li>\n<li>No administrable.<\/li>\n<li>Capacidad de conmutaci\u00f3n de 16 Gbps.<\/li>\n<li>Tasa de reenv\u00edo de paquetes de 11.9 Mpps.<\/li>\n<li>Cumplimiento de normas\u00a0IEEE802.3i, IEEE802.3u, IEEE802.3ab, IEEE802.3x.<\/li>\n<li>Protecci\u00f3n ESD ( descarga el\u00e9ctrica ) Descarga de aire: 8kV y Descarga de contacto: 4kV.<\/li>\n<li>Temperatura de operaci\u00f3n de -10\u00b0C a 55\u00b0C.<\/li>\n<li>Consumo de energ\u00eda: en espera 0.81W y con carga completa 4W.<\/li>\n<li>Dimensiones\u00a0125 mm \u00d7 65 mm \u00d7 22 mm.<\/li>\n<li>Fuente de alimentaci\u00f3n 5V\/1A DC.<\/li>\n<\/ul>\n<p><img decoding=\"async\" class=\"overview-center-img-web\" src=\"https:\/\/tvc.mx\/media\/145242\/principalcaracimg-pal.png\" alt=\"\" \/><\/div>\n<\/div>\n","protected":false},"excerpt":{"rendered":"<p>Informaci\u00f3n General El modeloPFS3008-8GT-L\u00a0es un switch no administrable de la marca Dahua el cual consta de 8 puertos de red 10\/100 Mbps capa 2, con dise\u00f1o altamente integrado, compacto, port\u00e1til, f\u00e1cil de operar, adecuado para redes dom\u00e9sticas, de oficina y redes medianas.Tiene un rendimiento estable&hellip;<\/p>\n","protected":false},"featured_media":5483,"comment_status":"open","ping_status":"closed","template":"","meta":{"om_disable_all_campaigns":false,"_monsterinsights_skip_tracking":false,"_monsterinsights_sitenote_active":false,"_monsterinsights_sitenote_note":"","_monsterinsights_sitenote_category":0},"product_brand":[],"product_cat":[475],"product_tag":[438,437,431,436,434,439,432,433,435,185,430],"class_list":{"0":"post-5484","1":"product","2":"type-product","3":"status-publish","4":"has-post-thumbnail","6":"product_cat-switches","7":"product_tag-controladores","8":"product_tag-fibra","9":"product_tag-networkin","10":"product_tag-poe","11":"product_tag-ptp-y-ptmp","12":"product_tag-punto-de-acceso","13":"product_tag-redes","14":"product_tag-sectoriales","15":"product_tag-switches-poe","16":"product_tag-tranceptores","17":"product_tag-ubiquiti","19":"first","20":"instock","21":"sale","22":"taxable","23":"shipping-taxable","24":"purchasable","25":"product-type-simple"},"aioseo_notices":[],"_links":{"self":[{"href":"https:\/\/tecsecmty.com\/index.php\/wp-json\/wp\/v2\/product\/5484","targetHints":{"allow":["GET"]}}],"collection":[{"href":"https:\/\/tecsecmty.com\/index.php\/wp-json\/wp\/v2\/product"}],"about":[{"href":"https:\/\/tecsecmty.com\/index.php\/wp-json\/wp\/v2\/types\/product"}],"replies":[{"embeddable":true,"href":"https:\/\/tecsecmty.com\/index.php\/wp-json\/wp\/v2\/comments?post=5484"}],"version-history":[{"count":0,"href":"https:\/\/tecsecmty.com\/index.php\/wp-json\/wp\/v2\/product\/5484\/revisions"}],"wp:featuredmedia":[{"embeddable":true,"href":"https:\/\/tecsecmty.com\/index.php\/wp-json\/wp\/v2\/media\/5483"}],"wp:attachment":[{"href":"https:\/\/tecsecmty.com\/index.php\/wp-json\/wp\/v2\/media?parent=5484"}],"wp:term":[{"taxonomy":"product_brand","embeddable":true,"href":"https:\/\/tecsecmty.com\/index.php\/wp-json\/wp\/v2\/product_brand?post=5484"},{"taxonomy":"product_cat","embeddable":true,"href":"https:\/\/tecsecmty.com\/index.php\/wp-json\/wp\/v2\/product_cat?post=5484"},{"taxonomy":"product_tag","embeddable":true,"href":"https:\/\/tecsecmty.com\/index.php\/wp-json\/wp\/v2\/product_tag?post=5484"}],"curies":[{"name":"wp","href":"https:\/\/api.w.org\/{rel}","templated":true}]}}