{"id":5496,"date":"2023-02-23T11:05:15","date_gmt":"2023-02-23T17:05:15","guid":{"rendered":"https:\/\/tecsecmty.com\/index.php\/producto\/dahua-pfs3024-24gt-switch-gigabit-de-24-puertos-no-administrable-capa-2-10-100-1000-base-t-carcasa-metalica-switching-48g-tasa-de-reenvio-de-paquetes-35-7-mbps-memoria-bufer-de-paquetes-2mb-c\/"},"modified":"2023-03-22T23:23:06","modified_gmt":"2023-03-23T05:23:06","slug":"dahua-pfs3024-24gt-switch-gigabit-de-24-puertos-no-administrable-capa-2-10-100-1000-base-t-carcasa-metalica-switching-48g-tasa-de-reenvio-de-paquetes-35-7-mbps-memoria-bufer-de-paquetes-2mb-c","status":"publish","type":"product","link":"https:\/\/tecsecmty.com\/index.php\/producto\/dahua-pfs3024-24gt-switch-gigabit-de-24-puertos-no-administrable-capa-2-10-100-1000-base-t-carcasa-metalica-switching-48g-tasa-de-reenvio-de-paquetes-35-7-mbps-memoria-bufer-de-paquetes-2mb-c\/","title":{"rendered":"DAHUA PFS3024-24GT &#8211; Switch Gigabit de 24 Puertos No Administrable\/ Capa 2\/ 10\/100\/1000 Base-T\/ Carcasa Metalica\/ Switching 48G\/ Tasa de Reenvio de Paquetes 35.7 Mbps\/ Memoria Bufer de Paquetes 2Mb\/ Con Proteccion de Descargas\/"},"content":{"rendered":"<div class=\"row aling-items-center padding-bottom-2x\">\n<div class=\"col-lg-12\">\n<h5 class=\"card-title text-center\">Informaci\u00f3n general<\/h5>\n<p>El\u00a0<strong>PFS302424GT<\/strong><strong>\u00a0<\/strong>es un switch no administrable de la marca dahua el cual consta de 24 puertos de red, los cuales soportan velocidades de hasta 1000Mbs en cada uno de sus 24 puertos.<\/p>\n<p><img decoding=\"async\" class=\"overview-center-img-web\" src=\"https:\/\/tvc.mx\/media\/342311\/switch-Gigabit-de-24-Puertos-dahua-modelo-PFS3024-24GT-b.png\" alt=\"\" \/><\/div>\n<\/div>\n<div class=\"row aling-items-center padding-bottom-2x\">\n<div class=\"col-lg-12\">\n<h5 class=\"card-title text-center\">Aplicaciones.<\/h5>\n<p>El\u00a0<strong>PFS302424GT<\/strong><strong>\u00a0<\/strong>es un dispositivo que ayuda a conectar dispositivos en red para ser administrados a trav\u00e9s desde un punto central, como son controles de acceso, V\u00eddeo porteros IP, C\u00e1maras IP, etc.\u00a0<strong>No\u00a0cuenta con puertos PoE<\/strong><\/p>\n<p><img decoding=\"async\" class=\"overview-center-img-web\" src=\"https:\/\/tvc.mx\/media\/342315\/aplicaciones.png\" alt=\"\" \/><\/div>\n<\/div>\n<div class=\"row aling-items-center padding-bottom-2x\">\n<div class=\"col-lg-12\">\n<h5 class=\"card-title text-center\">Caracter\u00edsticas<\/h5>\n<ul>\n<li class=\"ql-align-justify\">Swicth de acceso no administrable de capa 2<\/li>\n<li class=\"ql-align-justify\">Todos los puertos Gigabit Ethernet<\/li>\n<li class=\"ql-align-justify\">Protecci\u00f3n contra rayos<\/li>\n<li class=\"ql-align-justify\">Plug and play<\/li>\n<li class=\"ql-align-justify\">Caja met\u00e1lica adaptable<\/li>\n<li class=\"ql-align-justify\">Buena disipaci\u00f3n de calor.<\/li>\n<\/ul>\n<p><img decoding=\"async\" class=\"overview-center-img-web\" src=\"https:\/\/tvc.mx\/media\/342319\/Dahua-B.png\" alt=\"\" \/><\/div>\n<\/div>\n","protected":false},"excerpt":{"rendered":"<p>Informaci\u00f3n general El\u00a0PFS302424GT\u00a0es un switch no administrable de la marca dahua el cual consta de 24 puertos de red, los cuales soportan velocidades de hasta 1000Mbs en cada uno de sus 24 puertos. Aplicaciones. El\u00a0PFS302424GT\u00a0es un dispositivo que ayuda a conectar dispositivos en red para&hellip;<\/p>\n","protected":false},"featured_media":5495,"comment_status":"open","ping_status":"closed","template":"","meta":{"om_disable_all_campaigns":false,"_monsterinsights_skip_tracking":false,"_monsterinsights_sitenote_active":false,"_monsterinsights_sitenote_note":"","_monsterinsights_sitenote_category":0},"product_brand":[],"product_cat":[475],"product_tag":[438,437,431,436,434,439,432,433,435,185,430],"class_list":{"0":"post-5496","1":"product","2":"type-product","3":"status-publish","4":"has-post-thumbnail","6":"product_cat-switches","7":"product_tag-controladores","8":"product_tag-fibra","9":"product_tag-networkin","10":"product_tag-poe","11":"product_tag-ptp-y-ptmp","12":"product_tag-punto-de-acceso","13":"product_tag-redes","14":"product_tag-sectoriales","15":"product_tag-switches-poe","16":"product_tag-tranceptores","17":"product_tag-ubiquiti","19":"first","20":"instock","21":"sale","22":"taxable","23":"shipping-taxable","24":"purchasable","25":"product-type-simple"},"aioseo_notices":[],"_links":{"self":[{"href":"https:\/\/tecsecmty.com\/index.php\/wp-json\/wp\/v2\/product\/5496","targetHints":{"allow":["GET"]}}],"collection":[{"href":"https:\/\/tecsecmty.com\/index.php\/wp-json\/wp\/v2\/product"}],"about":[{"href":"https:\/\/tecsecmty.com\/index.php\/wp-json\/wp\/v2\/types\/product"}],"replies":[{"embeddable":true,"href":"https:\/\/tecsecmty.com\/index.php\/wp-json\/wp\/v2\/comments?post=5496"}],"version-history":[{"count":0,"href":"https:\/\/tecsecmty.com\/index.php\/wp-json\/wp\/v2\/product\/5496\/revisions"}],"wp:featuredmedia":[{"embeddable":true,"href":"https:\/\/tecsecmty.com\/index.php\/wp-json\/wp\/v2\/media\/5495"}],"wp:attachment":[{"href":"https:\/\/tecsecmty.com\/index.php\/wp-json\/wp\/v2\/media?parent=5496"}],"wp:term":[{"taxonomy":"product_brand","embeddable":true,"href":"https:\/\/tecsecmty.com\/index.php\/wp-json\/wp\/v2\/product_brand?post=5496"},{"taxonomy":"product_cat","embeddable":true,"href":"https:\/\/tecsecmty.com\/index.php\/wp-json\/wp\/v2\/product_cat?post=5496"},{"taxonomy":"product_tag","embeddable":true,"href":"https:\/\/tecsecmty.com\/index.php\/wp-json\/wp\/v2\/product_tag?post=5496"}],"curies":[{"name":"wp","href":"https:\/\/api.w.org\/{rel}","templated":true}]}}