{"id":5498,"date":"2023-02-23T11:05:17","date_gmt":"2023-02-23T17:05:17","guid":{"rendered":"https:\/\/tecsecmty.com\/index.php\/producto\/draytek-vigorswitch-g2100-switch-gigabit-de-10-puertos-administrable-8-puertos-10-100-1000mbps-2-sfp-1-puerto-consola-capa-2-con-funciones-de-capa-3-como-servidor-dhcp-y-enrutamiento-vlan-inter\/"},"modified":"2023-03-22T23:23:14","modified_gmt":"2023-03-23T05:23:14","slug":"draytek-vigorswitch-g2100-switch-gigabit-de-10-puertos-administrable-8-puertos-10-100-1000mbps-2-sfp-1-puerto-consola-capa-2-con-funciones-de-capa-3-como-servidor-dhcp-y-enrutamiento-vlan-inter","status":"publish","type":"product","link":"https:\/\/tecsecmty.com\/index.php\/producto\/draytek-vigorswitch-g2100-switch-gigabit-de-10-puertos-administrable-8-puertos-10-100-1000mbps-2-sfp-1-puerto-consola-capa-2-con-funciones-de-capa-3-como-servidor-dhcp-y-enrutamiento-vlan-inter\/","title":{"rendered":"DRAYTEK VigorSwitch G2100 &#8211; Switch Gigabit de 10 Puertos Administrable\/8 Puertos 10\/100\/1000Mbps + 2 SFP + 1 Puerto Consola\/Capa 2\/Con Funciones de Capa 3 como: Servidor DHCP y Enrutamiento VLAN\/Interface Web\/Prevenci\u00f3n de Conflictos IP\/#LONUEVO"},"content":{"rendered":"<div class=\"col-md-5 order-md-2\"><img decoding=\"async\" class=\"d-block m-auto img-thumbnail\" src=\"https:\/\/tvc.mx\/media\/378563\/G2100_left_H1125-%281%29.png\" alt=\" \" \/><\/div>\n<div class=\"col-md-7 order-md-1 text-md-left text-center\">\n<h2>Switch administrado de capa 2+ de 10 puertos<\/h2>\n<p class=\"text-muted\">\n<p>DrayTek VigorSwitch G2100 es un conmutador Gigabit administrado de capa 2+ compacto muy adecuado para hogares inteligentes y sucursales\/sitios remotos.\u00a0Tiene 2 puertos GbE SFP, 8 puertos Gigabit Ethernet y 1 puerto de consola.\u00a0Con funciones de capa 3, incluido el servidor DHCP y el enrutamiento VLAN, VigorSwitch G2100 mejora la sostenibilidad y la eficiencia de la red local, independientemente de la puerta de enlace.\u00a0Adem\u00e1s, con detecci\u00f3n y prevenci\u00f3n de conflictos de IP, vigilancia ONVIF, vigilancia de ping y mucho m\u00e1s, este es el interruptor balanceado que brinda funciones avanzadas en entornos peque\u00f1os.<\/p>\n<\/div>\n<p>&nbsp;<\/p>\n<p>&nbsp;<\/p>\n<p>&nbsp;<\/p>\n<p>&nbsp;<\/p>\n<p>&nbsp;<\/p>\n<p>&nbsp;<\/p>\n<p>&nbsp;<\/p>\n<p>&nbsp;<\/p>\n<p>&nbsp;<\/p>\n<hr class=\"padding-bottom-2x\" \/>\n<div class=\"row align-items-center padding-bottom-2x\">\n<div class=\"col-md-5\"><img decoding=\"async\" class=\"d-block m-auto img-thumbnail\" src=\"https:\/\/tvc.mx\/media\/420699\/G2100_front_H1125.png\" alt=\" \" \/><\/div>\n<div class=\"col-md-7 text-md-left text-center\">\n<h2>Caracter\u00edsticas clave<\/h2>\n<p class=\"text-muted\">\n<p>Vigilancia autom\u00e1tica y VLAN de voz<\/p>\n<ul>\n<li>Reconozca el tr\u00e1fico de las c\u00e1maras IP y los tel\u00e9fonos IP autom\u00e1ticamente y agregue la etiqueta CoS para la priorizaci\u00f3n de QoS.<\/li>\n<\/ul>\n<p>Enrutamiento de VLAN a velocidad de cable<\/p>\n<ul>\n<li>Mejore el rendimiento general de la red utilizando VigorSwitch G2100 para enrutar el tr\u00e1fico entre VLAN directamente y descargar el enrutador.<\/li>\n<\/ul>\n<p>GUI basada en web<\/p>\n<ul>\n<li>Administre y monitoree f\u00e1cilmente la red a trav\u00e9s de la consola basada en web con gr\u00e1ficos que muestran los puertos y el estado del hardware.<\/li>\n<\/ul>\n<p>M\u00faltiples cuentas de administrador<\/p>\n<ul>\n<li>M\u00faltiples cuentas de administrador con dos niveles de privilegio de administrador.<\/li>\n<\/ul>\n<p>&nbsp;<\/p>\n<\/div>\n<\/div>\n<hr class=\"padding-bottom-2x\" \/>\n<div class=\"row align-items-center padding-bottom-2x\">\n<div class=\"col-md-5 order-md-2\"><img decoding=\"async\" class=\"d-block m-auto img-thumbnail\" src=\"https:\/\/tvc.mx\/media\/420703\/2100_icp.png\" alt=\" \" \/><\/div>\n<div class=\"col-md-7 order-md-1 text-md-left text-center\">\n<h2>Detecci\u00f3n y prevenci\u00f3n de conflictos de IP<\/h2>\n<p class=\"text-muted\">\n<p>Detecci\u00f3n de conflictos<\/p>\n<ul>\n<li>Vigile el entorno y notifique al administrador de cualquier conflicto de IP.<\/li>\n<\/ul>\n<p>Prevenci\u00f3n de Conflictos<\/p>\n<ul>\n<li>Para una red m\u00e1s estable, VigorSwitch no solo puede detectar, sino tambi\u00e9n bloquear el host de IP mal configurado o malicioso.<\/li>\n<\/ul>\n<p>&nbsp;<\/p>\n<\/div>\n<\/div>\n<hr class=\"padding-bottom-2x\" \/>\n<div class=\"row align-items-center padding-bottom-2x\">\n<div class=\"col-md-5\"><img decoding=\"async\" class=\"d-block m-auto img-thumbnail\" src=\"https:\/\/tvc.mx\/media\/420707\/2100_lan_mana.png\" alt=\" \" \/><\/div>\n<div class=\"col-md-7 text-md-left text-center\">\n<h2>Gesti\u00f3n de LAN<\/h2>\n<p class=\"text-muted\">\n<p>Detecci\u00f3n autom\u00e1tica de dispositivos<\/p>\n<ul>\n<li>Todo lo que necesita es conectar el Vigor Switch\/AP al lado LAN del enrutador, Vigor Router luego descubrir\u00e1 los dispositivos que se administrar\u00e1n.<\/li>\n<\/ul>\n<p>Aprovisionamiento<\/p>\n<ul>\n<li>El perfil del conmutador, incluida la VLAN, el puerto habilitado\/deshabilitado y el l\u00edmite de velocidad, se puede configurar en el Vigor Router y aprovisionar al VigorSwitch.<\/li>\n<\/ul>\n<p>Vigilancia<\/p>\n<ul>\n<li>Vigor Router proporciona una vista jer\u00e1rquica centralizada de la gesti\u00f3n de dispositivos.\u00a0Una vez que se produce la alerta, tambi\u00e9n puede consultar el registro y recibir la notificaci\u00f3n.<\/li>\n<\/ul>\n<p>&nbsp;<\/p>\n<\/div>\n<\/div>\n<hr class=\"padding-bottom-2x\" \/>\n<div class=\"row align-items-center padding-bottom-2x\">\n<div class=\"col-md-5 order-md-2\"><img decoding=\"async\" class=\"d-block m-auto img-thumbnail\" src=\"https:\/\/tvc.mx\/media\/489536\/dry.png\" alt=\" \" \/><\/div>\n<div class=\"col-md-7 order-md-1 text-md-left text-center\">\n<h2>Incluye<\/h2>\n<p class=\"text-muted\">\n<ul>\n<li>Switch<\/li>\n<li>Kit de montaje en rack (soportes)<\/li>\n<li>Cable de consola<\/li>\n<li>Cable de alimentaci\u00f3n<\/li>\n<li>Gu\u00eda de inicio r\u00e1pido.<\/li>\n<\/ul>\n<\/div>\n<\/div>\n","protected":false},"excerpt":{"rendered":"<p>Switch administrado de capa 2+ de 10 puertos DrayTek VigorSwitch G2100 es un conmutador Gigabit administrado de capa 2+ compacto muy adecuado para hogares inteligentes y sucursales\/sitios remotos.\u00a0Tiene 2 puertos GbE SFP, 8 puertos Gigabit Ethernet y 1 puerto de consola.\u00a0Con funciones de capa 3,&hellip;<\/p>\n","protected":false},"featured_media":5497,"comment_status":"open","ping_status":"closed","template":"","meta":{"om_disable_all_campaigns":false,"_monsterinsights_skip_tracking":false,"_monsterinsights_sitenote_active":false,"_monsterinsights_sitenote_note":"","_monsterinsights_sitenote_category":0},"product_brand":[],"product_cat":[476],"product_tag":[438,437,431,436,434,439,432,433,435,185,430],"class_list":{"0":"post-5498","1":"product","2":"type-product","3":"status-publish","4":"has-post-thumbnail","6":"product_cat-switches-networking-draytek","7":"product_tag-controladores","8":"product_tag-fibra","9":"product_tag-networkin","10":"product_tag-poe","11":"product_tag-ptp-y-ptmp","12":"product_tag-punto-de-acceso","13":"product_tag-redes","14":"product_tag-sectoriales","15":"product_tag-switches-poe","16":"product_tag-tranceptores","17":"product_tag-ubiquiti","19":"first","20":"instock","21":"sale","22":"taxable","23":"shipping-taxable","24":"purchasable","25":"product-type-simple"},"aioseo_notices":[],"_links":{"self":[{"href":"https:\/\/tecsecmty.com\/index.php\/wp-json\/wp\/v2\/product\/5498","targetHints":{"allow":["GET"]}}],"collection":[{"href":"https:\/\/tecsecmty.com\/index.php\/wp-json\/wp\/v2\/product"}],"about":[{"href":"https:\/\/tecsecmty.com\/index.php\/wp-json\/wp\/v2\/types\/product"}],"replies":[{"embeddable":true,"href":"https:\/\/tecsecmty.com\/index.php\/wp-json\/wp\/v2\/comments?post=5498"}],"version-history":[{"count":0,"href":"https:\/\/tecsecmty.com\/index.php\/wp-json\/wp\/v2\/product\/5498\/revisions"}],"wp:featuredmedia":[{"embeddable":true,"href":"https:\/\/tecsecmty.com\/index.php\/wp-json\/wp\/v2\/media\/5497"}],"wp:attachment":[{"href":"https:\/\/tecsecmty.com\/index.php\/wp-json\/wp\/v2\/media?parent=5498"}],"wp:term":[{"taxonomy":"product_brand","embeddable":true,"href":"https:\/\/tecsecmty.com\/index.php\/wp-json\/wp\/v2\/product_brand?post=5498"},{"taxonomy":"product_cat","embeddable":true,"href":"https:\/\/tecsecmty.com\/index.php\/wp-json\/wp\/v2\/product_cat?post=5498"},{"taxonomy":"product_tag","embeddable":true,"href":"https:\/\/tecsecmty.com\/index.php\/wp-json\/wp\/v2\/product_tag?post=5498"}],"curies":[{"name":"wp","href":"https:\/\/api.w.org\/{rel}","templated":true}]}}