{"id":5500,"date":"2023-02-23T11:05:18","date_gmt":"2023-02-23T17:05:18","guid":{"rendered":"https:\/\/tecsecmty.com\/index.php\/producto\/draytek-vigorswitch-g2540xs-switch-gigabit-ethernet-administrable-capa-2-48-puertos-gigabit-ethernet-6-puertos-sfp-sfp-capacidad-de-switching-hasta-216-gbps\/"},"modified":"2023-03-22T23:23:14","modified_gmt":"2023-03-23T05:23:14","slug":"draytek-vigorswitch-g2540xs-switch-gigabit-ethernet-administrable-capa-2-48-puertos-gigabit-ethernet-6-puertos-sfp-sfp-capacidad-de-switching-hasta-216-gbps","status":"publish","type":"product","link":"https:\/\/tecsecmty.com\/index.php\/producto\/draytek-vigorswitch-g2540xs-switch-gigabit-ethernet-administrable-capa-2-48-puertos-gigabit-ethernet-6-puertos-sfp-sfp-capacidad-de-switching-hasta-216-gbps\/","title":{"rendered":"DrayTek VigorSwitch G2540xs &#8211; Switch Gigabit Ethernet Administrable Capa 2\/ 48 puertos Gigabit Ethernet\/ 6 Puertos SFP &amp; SFP+\/ Capacidad de switching hasta 216 Gbps"},"content":{"rendered":"<div class=\"col-md-5 order-md-2\"><img decoding=\"async\" class=\"d-block m-auto img-thumbnail\" src=\"https:\/\/tvc.mx\/media\/672582\/DRAYTEK-G2540XS-SWITCH-GIGABIT-OV1.png\" alt=\" \" \/><\/div>\n<div class=\"col-md-7 order-md-1 text-md-left text-center\">\n<h2>Descripci\u00f3n<\/h2>\n<p class=\"ql-align-justify\">DrayTek VigorSwitch G2540x\/xs es un conmutador(Switch) de 10 Gbps administrado de capa 2+.\u00a0Tiene 48 puertos Gigabit Ethernet y 6 enlaces de fibra SFP+ 10Gbps.\u00a0Compatible con funciones avanzadas de capa 3, servidor DHCP y enrutamiento VLAN, VigorSwitch G2540x\/xs mejora la eficiencia de la red y ayuda a que su red LAN funcione continuamente incluso cuando la puerta de enlace est\u00e1 fuera de l\u00ednea, lo que es ideal para colocarse como el conmutador central en SME\/SMB.<\/p>\n<\/div>\n<p>&nbsp;<\/p>\n<p>&nbsp;<\/p>\n<p>&nbsp;<\/p>\n<p>&nbsp;<\/p>\n<p>&nbsp;<\/p>\n<p>&nbsp;<\/p>\n<p>&nbsp;<\/p>\n<p>&nbsp;<\/p>\n<p>&nbsp;<\/p>\n<hr class=\"padding-bottom-2x\" \/>\n<div class=\"row align-items-center padding-bottom-2x\">\n<div class=\"col-md-5\"><img decoding=\"async\" class=\"d-block m-auto img-thumbnail\" src=\"https:\/\/tvc.mx\/media\/421099\/G2540x_left_H1125.png\" alt=\" \" \/><\/div>\n<div class=\"col-md-7 text-md-left text-center\">\n<h2>Principales Caracter\u00edsticas<\/h2>\n<ul>\n<li class=\"ql-align-justify\">Ethernet 48x GbE 10\/100\/1000Mbps, RJ-45<\/li>\n<li class=\"ql-align-justify\">6 ranuras de fibra 10G SFP+ 1000Mbps\/10Gpbs<\/li>\n<li class=\"ql-align-justify\">Capacidad de conmutaci\u00f3n de\u00a0216 Gbps<\/li>\n<li class=\"ql-align-justify\">Tama\u00f1o de b\u00fafer\u00a0de 16 Mbit<\/li>\n<\/ul>\n<p>&nbsp;<\/p>\n<\/div>\n<\/div>\n<hr class=\"padding-bottom-2x\" \/>\n<div class=\"row align-items-center padding-bottom-2x\">\n<div class=\"col-md-5 order-md-2\"><img decoding=\"async\" class=\"d-block m-auto img-thumbnail\" src=\"https:\/\/tvc.mx\/media\/421103\/2540x_DHCP_Server.png\" alt=\" \" \/><\/div>\n<div class=\"col-md-7 order-md-1 text-md-left text-center\">\n<h2>Servidor DHCP y enrutamiento VLAN<\/h2>\n<p class=\"ql-align-justify\">Mejora de la sostenibilidad y la eficiencia de la red LAN, con o sin enrutador.<\/p>\n<p class=\"ql-align-justify\">En una red LAN grande, mucho tr\u00e1fico no va a Internet, sino a los servidores en LAN.\u00a0Por ejemplo, las c\u00e1maras IP almacenan videos en NVR, los tel\u00e9fonos IP se registran en PBX, los clientes acceden al servidor de archivos, etc.<\/p>\n<p class=\"ql-align-justify\">El conmutador L2+ con servidor DHCP y funciones de enrutamiento VLAN, como dispositivo que recibe tr\u00e1fico antes que el enrutador, es ideal para compartir la carga de su enrutador y ayudar a que su red LAN funcione de manera continua incluso cuando el enrutador est\u00e1 fuera de l\u00ednea.<\/p>\n<p class=\"ql-align-justify\">Como servidor DHCP, VigorSwitch asigna direcciones IP din\u00e1micas para hasta 8 VLAN.\u00a0Con enrutamiento VLAN, VigorSwitch admite hasta 512 rutas.<\/p>\n<p>&nbsp;<\/p>\n<\/div>\n<\/div>\n<hr class=\"padding-bottom-2x\" \/>\n<div class=\"row align-items-center padding-bottom-2x\">\n<div class=\"col-md-5\"><img decoding=\"async\" class=\"d-block m-auto img-thumbnail\" src=\"https:\/\/tvc.mx\/media\/421107\/P2540x_Bind_IP_to_MAC-%281%29.png\" alt=\" \" \/><\/div>\n<div class=\"col-md-7 text-md-left text-center\">\n<h2>Vincular IP a MAC<\/h2>\n<p class=\"ql-align-justify\">Reserve una direcci\u00f3n IP para un dispositivo importante.<\/p>\n<p class=\"ql-align-justify\">Como servidor DHCP, capa 2+ VigorSwitch ayuda a reservar direcciones IP para sus dispositivos importantes a los que la mayor\u00eda de los usuarios acceden con frecuencia.<\/p>\n<p>&nbsp;<\/p>\n<\/div>\n<\/div>\n<hr class=\"padding-bottom-2x\" \/>\n<div class=\"row align-items-center padding-bottom-2x\">\n<div class=\"col-md-5 order-md-2\"><img decoding=\"async\" class=\"d-block m-auto img-thumbnail\" src=\"https:\/\/tvc.mx\/media\/674267\/DRAYTEK-G2540XS-SWITCH-GIGABIT-OV4.png\" alt=\" \" \/><\/div>\n<div class=\"col-md-7 order-md-1 text-md-left text-center\">\n<h2>ONVIF<\/h2>\n<p class=\"ql-align-justify\">Reconozca los dispositivos ONVIF en diferentes VLAN, muestre la topolog\u00eda de vigilancia, proporcione la interfaz de usuario para la transmisi\u00f3n de video y el mantenimiento del dispositivo.<\/p>\n<p class=\"ql-align-justify\">VigorSwitch detecta autom\u00e1ticamente los dispositivos ONVIF y muestra la topolog\u00eda de conexi\u00f3n de c\u00e1maras IP y NVR.<\/p>\n<p>&nbsp;<\/p>\n<\/div>\n<\/div>\n<hr class=\"padding-bottom-2x\" \/>\n<div class=\"row align-items-center padding-bottom-2x\">\n<div class=\"col-md-5\"><img decoding=\"async\" class=\"d-block m-auto img-thumbnail\" src=\"https:\/\/tvc.mx\/media\/674277\/DRAYTEK-G2540XS-SWITCH-GIGABIT-OV7.png\" alt=\" \" \/><\/div>\n<div class=\"col-md-7 text-md-left text-center\">\n<h2>Alerta de instant\u00e1nea ONVIF<\/h2>\n<p class=\"ql-align-justify\">F\u00e1cil localizaci\u00f3n de c\u00e1maras que no responden<\/p>\n<p class=\"ql-align-justify\">Ya es dif\u00edcil administrar varias c\u00e1maras IP en diferentes ubicaciones y clientes, sin mencionar el seguimiento continuo de qu\u00e9 c\u00e1mara deja de funcionar.<\/p>\n<p class=\"ql-align-justify\">Para ayudar en esta tarea, VigorSwitch sigue haciendo ping en las c\u00e1maras IP de ONVIF y tomando instant\u00e1neas de ellas peri\u00f3dicamente, y env\u00eda una alerta por correo electr\u00f3nico con la \u00faltima instant\u00e1nea cuando una c\u00e1mara no responde.<\/p>\n<p class=\"ql-align-justify\">Con los modelos PoE, VigorSwitch tambi\u00e9n puede proporcionar primeros auxilios para apagar y encender autom\u00e1ticamente el puerto en particular para reiniciar la c\u00e1mara.<\/p>\n<p>&nbsp;<\/p>\n<\/div>\n<\/div>\n<hr class=\"padding-bottom-2x\" \/>\n<div class=\"row align-items-center padding-bottom-2x\">\n<div class=\"col-md-5 order-md-2\"><img decoding=\"async\" class=\"d-block m-auto img-thumbnail\" src=\"https:\/\/tvc.mx\/media\/674302\/DRAYTEK-G2540XS-SWITCH-GIGABIT-incluye1.png\" alt=\" \" \/><\/div>\n<div class=\"col-md-7 order-md-1 text-md-left text-center\">\n<h2>Incluye<\/h2>\n<ul>\n<li class=\"ql-align-justify\">Vigor Switch G2540x\/xs<\/li>\n<li class=\"ql-align-justify\">Kit de montaje en bastidor<\/li>\n<li class=\"ql-align-justify\">Cable de consola<\/li>\n<li class=\"ql-align-justify\">Cable de alimentaci\u00f3n<\/li>\n<li class=\"ql-align-justify\">Gu\u00eda de inicio r\u00e1pido<\/li>\n<\/ul>\n<\/div>\n<\/div>\n","protected":false},"excerpt":{"rendered":"<p>Descripci\u00f3n DrayTek VigorSwitch G2540x\/xs es un conmutador(Switch) de 10 Gbps administrado de capa 2+.\u00a0Tiene 48 puertos Gigabit Ethernet y 6 enlaces de fibra SFP+ 10Gbps.\u00a0Compatible con funciones avanzadas de capa 3, servidor DHCP y enrutamiento VLAN, VigorSwitch G2540x\/xs mejora la eficiencia de la red y&hellip;<\/p>\n","protected":false},"featured_media":5499,"comment_status":"open","ping_status":"closed","template":"","meta":{"om_disable_all_campaigns":false,"_monsterinsights_skip_tracking":false,"_monsterinsights_sitenote_active":false,"_monsterinsights_sitenote_note":"","_monsterinsights_sitenote_category":0},"product_brand":[],"product_cat":[476],"product_tag":[438,437,431,436,434,439,432,433,435,185,430],"class_list":{"0":"post-5500","1":"product","2":"type-product","3":"status-publish","4":"has-post-thumbnail","6":"product_cat-switches-networking-draytek","7":"product_tag-controladores","8":"product_tag-fibra","9":"product_tag-networkin","10":"product_tag-poe","11":"product_tag-ptp-y-ptmp","12":"product_tag-punto-de-acceso","13":"product_tag-redes","14":"product_tag-sectoriales","15":"product_tag-switches-poe","16":"product_tag-tranceptores","17":"product_tag-ubiquiti","19":"first","20":"instock","21":"sale","22":"taxable","23":"shipping-taxable","24":"purchasable","25":"product-type-simple"},"aioseo_notices":[],"_links":{"self":[{"href":"https:\/\/tecsecmty.com\/index.php\/wp-json\/wp\/v2\/product\/5500","targetHints":{"allow":["GET"]}}],"collection":[{"href":"https:\/\/tecsecmty.com\/index.php\/wp-json\/wp\/v2\/product"}],"about":[{"href":"https:\/\/tecsecmty.com\/index.php\/wp-json\/wp\/v2\/types\/product"}],"replies":[{"embeddable":true,"href":"https:\/\/tecsecmty.com\/index.php\/wp-json\/wp\/v2\/comments?post=5500"}],"version-history":[{"count":0,"href":"https:\/\/tecsecmty.com\/index.php\/wp-json\/wp\/v2\/product\/5500\/revisions"}],"wp:featuredmedia":[{"embeddable":true,"href":"https:\/\/tecsecmty.com\/index.php\/wp-json\/wp\/v2\/media\/5499"}],"wp:attachment":[{"href":"https:\/\/tecsecmty.com\/index.php\/wp-json\/wp\/v2\/media?parent=5500"}],"wp:term":[{"taxonomy":"product_brand","embeddable":true,"href":"https:\/\/tecsecmty.com\/index.php\/wp-json\/wp\/v2\/product_brand?post=5500"},{"taxonomy":"product_cat","embeddable":true,"href":"https:\/\/tecsecmty.com\/index.php\/wp-json\/wp\/v2\/product_cat?post=5500"},{"taxonomy":"product_tag","embeddable":true,"href":"https:\/\/tecsecmty.com\/index.php\/wp-json\/wp\/v2\/product_tag?post=5500"}],"curies":[{"name":"wp","href":"https:\/\/api.w.org\/{rel}","templated":true}]}}