{"id":5502,"date":"2023-02-23T11:05:20","date_gmt":"2023-02-23T17:05:20","guid":{"rendered":"https:\/\/tecsecmty.com\/index.php\/producto\/draytek-vigorswitch-g1282-switch-gigabit-ethernet-administrable-web-smart-24-puertos-gigabit-ethernet-4-puertos-combo-sfp-rj45-lonuevo\/"},"modified":"2023-03-22T23:23:14","modified_gmt":"2023-03-23T05:23:14","slug":"draytek-vigorswitch-g1282-switch-gigabit-ethernet-administrable-web-smart-24-puertos-gigabit-ethernet-4-puertos-combo-sfp-rj45-lonuevo","status":"publish","type":"product","link":"https:\/\/tecsecmty.com\/index.php\/producto\/draytek-vigorswitch-g1282-switch-gigabit-ethernet-administrable-web-smart-24-puertos-gigabit-ethernet-4-puertos-combo-sfp-rj45-lonuevo\/","title":{"rendered":"DrayTek Vigorswitch G1282 &#8211; Switch Gigabit Ethernet Administrable web SMART\/ 24 puertos Gigabit Ethernet\/ 4 Puertos Combo SFP &amp; RJ45\/ #LONUEVO"},"content":{"rendered":"<div class=\"col-md-5 order-md-2\"><img decoding=\"async\" class=\"d-block m-auto img-thumbnail\" src=\"https:\/\/tvc.mx\/media\/420927\/G1282_right_H1125.png\" alt=\" \" \/><\/div>\n<div class=\"col-md-7 order-md-1 text-md-left text-center\">\n<h2>Vigorswitch G1282<\/h2>\n<p class=\"text-muted\">\n<p>DrayTek VigorSwitch G1282 es un switch Web Smart Gigabit.\u00a0Tiene 24 puertos GbE y 4 puertos combinados GbE\/SFP.<\/p>\n<p>Equipado con funciones de nivel empresarial, que incluyen detecci\u00f3n y prevenci\u00f3n de conflictos de IP, vigilancia ONVIF y vigilancia de ping, VigorSwitch G1282 es un conmutador administrado que brinda seguridad y estabilidad de red en entornos de tama\u00f1o mediano.<\/p>\n<ul>\n<li>Ethernet de 24x GbE 10\/100\/1000Mbps, RJ-45<\/li>\n<li>Combinaci\u00f3n de 4x GbE\/SFP Gigabit Ethernet, RJ-45\/SFP<\/li>\n<li>Capacidad de conmutaci\u00f3n de\u00a056 Gbps<\/li>\n<li>Tama\u00f1o de b\u00fafer\u00a0de 4,2 Mbit<\/li>\n<\/ul>\n<\/div>\n<p>&nbsp;<\/p>\n<p>&nbsp;<\/p>\n<p>&nbsp;<\/p>\n<p>&nbsp;<\/p>\n<p>&nbsp;<\/p>\n<p>&nbsp;<\/p>\n<p>&nbsp;<\/p>\n<p>&nbsp;<\/p>\n<p>&nbsp;<\/p>\n<p>&nbsp;<\/p>\n<p>&nbsp;<\/p>\n<p>&nbsp;<\/p>\n<hr class=\"padding-bottom-2x\" \/>\n<div class=\"row align-items-center padding-bottom-2x\">\n<div class=\"col-md-5\"><img decoding=\"async\" class=\"d-block m-auto img-thumbnail\" src=\"https:\/\/tvc.mx\/media\/420931\/Captura-de-pantalla-2022-05-02-164801.png\" alt=\" \" \/><\/div>\n<div class=\"col-md-7 text-md-left text-center\">\n<h2>Principales Caracter\u00edsticas<\/h2>\n<p class=\"text-muted\">\n<p>Vigilancia autom\u00e1tica y VLAN de voz<\/p>\n<ul>\n<li>Reconozca el tr\u00e1fico de las c\u00e1maras IP y los tel\u00e9fonos IP autom\u00e1ticamente y agregue la etiqueta CoS para la priorizaci\u00f3n de QoS.<\/li>\n<\/ul>\n<p>QoS (Calidad de Servicio)<\/p>\n<ul>\n<li>Mejore el rendimiento del tr\u00e1fico cr\u00edtico al priorizar el tr\u00e1fico con la etiqueta CoS, DSCP y IP Precedence.<\/li>\n<\/ul>\n<p>GUI basada en web<\/p>\n<ul>\n<li>Administre y monitoree f\u00e1cilmente la red a trav\u00e9s de la consola basada en web con gr\u00e1ficos que muestran los puertos y el estado del hardware.<\/li>\n<\/ul>\n<p>M\u00faltiples cuentas de administrador<\/p>\n<ul>\n<li>M\u00faltiples cuentas de administrador con dos niveles de privilegio de administrador.<\/li>\n<\/ul>\n<p>Gesti\u00f3n central de switches<\/p>\n<ul>\n<li>Configure VLAN f\u00e1cilmente desde el enrutador y obtenga una vista de jerarqu\u00eda centralizada de los switches.<\/li>\n<\/ul>\n<p>&nbsp;<\/p>\n<\/div>\n<\/div>\n<hr class=\"padding-bottom-2x\" \/>\n<div class=\"row align-items-center padding-bottom-2x\">\n<div class=\"col-md-5 order-md-2\"><img decoding=\"async\" class=\"d-block m-auto img-thumbnail\" src=\"https:\/\/tvc.mx\/media\/420935\/2100_icp.png\" alt=\" \" \/><\/div>\n<div class=\"col-md-7 order-md-1 text-md-left text-center\">\n<h2>Detecci\u00f3n y prevenci\u00f3n de conflictos de IP<\/h2>\n<p class=\"text-muted\">\n<p>Detecci\u00f3n de conflictos<\/p>\n<ul>\n<li>Vigila el entorno y notifica al administrador sobre cualquier conflicto de IP.<\/li>\n<\/ul>\n<p>Prevenci\u00f3n de Conflictos<\/p>\n<ul>\n<li>Para una red m\u00e1s estable, VigorSwitch no solo puede detectar, sino tambi\u00e9n bloquear el host de IP mal configurado o malicioso.<\/li>\n<\/ul>\n<p>&nbsp;<\/p>\n<\/div>\n<\/div>\n<hr class=\"padding-bottom-2x\" \/>\n<div class=\"row align-items-center padding-bottom-2x\">\n<div class=\"col-md-5\"><img decoding=\"async\" class=\"d-block m-auto img-thumbnail\" src=\"https:\/\/tvc.mx\/media\/420939\/2135_lan_management-%281%29.png\" alt=\" \" \/><\/div>\n<div class=\"col-md-7 text-md-left text-center\">\n<h2>Gesti\u00f3n de LAN<\/h2>\n<p class=\"text-muted\">\n<p>Detecci\u00f3n autom\u00e1tica de dispositivos<\/p>\n<ul>\n<li>Todo lo que necesita es conectar VigorSwitch al lado LAN del enrutador, Vigor Router luego descubrir\u00e1 los dispositivos que se administrar\u00e1n.<\/li>\n<\/ul>\n<p>Aprovisionamiento<\/p>\n<ul>\n<li>El perfil del conmutador puede configurarse en el Vigor Router.\u00a0El control de VLAN y puertos programados se puede configurar y aprovisionar a VigorSwitch de forma remota.<\/li>\n<\/ul>\n<p>Vigilancia<\/p>\n<ul>\n<li>VigorRouter proporciona una vista jer\u00e1rquica centralizada de la gesti\u00f3n de dispositivos, siempre puede verificar si el VigorSwitch administrado est\u00e1 en l\u00ednea y si hay un registro y una alerta.<\/li>\n<\/ul>\n<p>&nbsp;<\/p>\n<\/div>\n<\/div>\n<hr class=\"padding-bottom-2x\" \/>\n<div class=\"row align-items-center padding-bottom-2x\">\n<div class=\"col-md-5 order-md-2\"><img decoding=\"async\" class=\"d-block m-auto img-thumbnail\" src=\"https:\/\/tvc.mx\/media\/489640\/Captura-de-pantalla-2022-08-11-092832.png\" alt=\" \" \/><\/div>\n<div class=\"col-md-7 order-md-1 text-md-left text-center\">\n<h2>Incluye<\/h2>\n<p class=\"text-muted\">\n<ul>\n<li>Switch<\/li>\n<li>Cable de alimentaci\u00f3n<\/li>\n<li>Accesorios de montaje en rack<\/li>\n<li>Gu\u00eda de inicio r\u00e1pido<\/li>\n<\/ul>\n<\/div>\n<\/div>\n","protected":false},"excerpt":{"rendered":"<p>Vigorswitch G1282 DrayTek VigorSwitch G1282 es un switch Web Smart Gigabit.\u00a0Tiene 24 puertos GbE y 4 puertos combinados GbE\/SFP. Equipado con funciones de nivel empresarial, que incluyen detecci\u00f3n y prevenci\u00f3n de conflictos de IP, vigilancia ONVIF y vigilancia de ping, VigorSwitch G1282 es un conmutador&hellip;<\/p>\n","protected":false},"featured_media":5501,"comment_status":"open","ping_status":"closed","template":"","meta":{"om_disable_all_campaigns":false,"_monsterinsights_skip_tracking":false,"_monsterinsights_sitenote_active":false,"_monsterinsights_sitenote_note":"","_monsterinsights_sitenote_category":0},"product_brand":[],"product_cat":[476],"product_tag":[438,437,431,436,434,439,432,433,435,185,430],"class_list":{"0":"post-5502","1":"product","2":"type-product","3":"status-publish","4":"has-post-thumbnail","6":"product_cat-switches-networking-draytek","7":"product_tag-controladores","8":"product_tag-fibra","9":"product_tag-networkin","10":"product_tag-poe","11":"product_tag-ptp-y-ptmp","12":"product_tag-punto-de-acceso","13":"product_tag-redes","14":"product_tag-sectoriales","15":"product_tag-switches-poe","16":"product_tag-tranceptores","17":"product_tag-ubiquiti","19":"first","20":"instock","21":"sale","22":"taxable","23":"shipping-taxable","24":"purchasable","25":"product-type-simple"},"aioseo_notices":[],"_links":{"self":[{"href":"https:\/\/tecsecmty.com\/index.php\/wp-json\/wp\/v2\/product\/5502","targetHints":{"allow":["GET"]}}],"collection":[{"href":"https:\/\/tecsecmty.com\/index.php\/wp-json\/wp\/v2\/product"}],"about":[{"href":"https:\/\/tecsecmty.com\/index.php\/wp-json\/wp\/v2\/types\/product"}],"replies":[{"embeddable":true,"href":"https:\/\/tecsecmty.com\/index.php\/wp-json\/wp\/v2\/comments?post=5502"}],"version-history":[{"count":0,"href":"https:\/\/tecsecmty.com\/index.php\/wp-json\/wp\/v2\/product\/5502\/revisions"}],"wp:featuredmedia":[{"embeddable":true,"href":"https:\/\/tecsecmty.com\/index.php\/wp-json\/wp\/v2\/media\/5501"}],"wp:attachment":[{"href":"https:\/\/tecsecmty.com\/index.php\/wp-json\/wp\/v2\/media?parent=5502"}],"wp:term":[{"taxonomy":"product_brand","embeddable":true,"href":"https:\/\/tecsecmty.com\/index.php\/wp-json\/wp\/v2\/product_brand?post=5502"},{"taxonomy":"product_cat","embeddable":true,"href":"https:\/\/tecsecmty.com\/index.php\/wp-json\/wp\/v2\/product_cat?post=5502"},{"taxonomy":"product_tag","embeddable":true,"href":"https:\/\/tecsecmty.com\/index.php\/wp-json\/wp\/v2\/product_tag?post=5502"}],"curies":[{"name":"wp","href":"https:\/\/api.w.org\/{rel}","templated":true}]}}