{"id":5514,"date":"2023-02-23T11:05:34","date_gmt":"2023-02-23T17:05:34","guid":{"rendered":"https:\/\/tecsecmty.com\/index.php\/producto\/ubiquiti-usw-pro-aggregation-unifi-switch-aggregation-capa-3-switch-con-28-puertos-sfp-10g-y-4-puertos-sfp-25g\/"},"modified":"2023-03-22T23:24:36","modified_gmt":"2023-03-23T05:24:36","slug":"ubiquiti-usw-pro-aggregation-unifi-switch-aggregation-capa-3-switch-con-28-puertos-sfp-10g-y-4-puertos-sfp-25g","status":"publish","type":"product","link":"https:\/\/tecsecmty.com\/index.php\/producto\/ubiquiti-usw-pro-aggregation-unifi-switch-aggregation-capa-3-switch-con-28-puertos-sfp-10g-y-4-puertos-sfp-25g\/","title":{"rendered":"UBIQUITI USW-PRO-AGGREGATION Unifi Switch Aggregation capa 3 switch con 28 puertos SFP+ (10G) y 4 puertos SFP+ (25G)"},"content":{"rendered":"<div class=\"col-md-5 order-md-2\"><img decoding=\"async\" class=\"d-block m-auto img-thumbnail\" src=\"https:\/\/tvc.mx\/media\/319579\/USW-Aggregation-PRO_005_6ae8948d-3cbb-4594-8e9c-25375d166edc_grande.png\" alt=\" \" \/><\/div>\n<div class=\"col-md-7 order-md-1 text-md-left text-center\">\n<h2>Descripci\u00f3n General<\/h2>\n<p class=\"text-muted\">\n<ul>\n<li class=\"ql-align-justify\">Switch Pro Aggregation es un conmutador de capa 3 totalmente administrado con (28) puertos 10G SFP + y (4) puertos 25 G SFP 28 dise\u00f1ados para mejorar la capacidad de conmutaci\u00f3n y el rendimiento de su red mediante la creaci\u00f3n de enlaces de agregaci\u00f3n de alto ancho de banda. Este conmutador para montaje en rack tambi\u00e9n ofrece una capacidad de conmutaci\u00f3n de 760 Gbps y cuenta con una pantalla t\u00e1ctil a color LCD de 1.3 \u00abque muestra de manera concisa informaci\u00f3n clave sobre el sistema y la conexi\u00f3n.<\/li>\n<li class=\"ql-align-justify\">Adem\u00e1s, Switch Pro Aggregation ofrece una protecci\u00f3n mejorada contra fallas de la fuente de alimentaci\u00f3n cuando se conecta al sistema de energ\u00eda redundante SmartPower (se vende por separado). Este interruptor se puede monitorear o configurar desde cualquier lugar con la aplicaci\u00f3n web y la aplicaci\u00f3n m\u00f3vil potentes e intuitivas de UniFi Network.<\/li>\n<\/ul>\n<\/div>\n<p>&nbsp;<\/p>\n<p>&nbsp;<\/p>\n<p>&nbsp;<\/p>\n<p>&nbsp;<\/p>\n<p>&nbsp;<\/p>\n<p>&nbsp;<\/p>\n<p>&nbsp;<\/p>\n<p>&nbsp;<\/p>\n<p>&nbsp;<\/p>\n<p>&nbsp;<\/p>\n<p>&nbsp;<\/p>\n<hr class=\"padding-bottom-2x\" \/>\n<div class=\"row align-items-center padding-bottom-2x\">\n<div class=\"col-md-5\"><img decoding=\"async\" class=\"d-block m-auto img-thumbnail\" src=\"https:\/\/tvc.mx\/media\/493618\/USW-Aggregation-PRO_004_8c5f0ced-7553-4696-89ed-062a12d1c74e_grande.png\" alt=\" \" \/><\/div>\n<div class=\"col-md-7 text-md-left text-center\">\n<h2>Principales Caracter\u00edsticas<\/h2>\n<p class=\"text-muted\">\n<ul>\n<li class=\"ql-align-justify\">(1) Pantalla t\u00e1ctil a color LCD de 1,3 \u201dcon gesti\u00f3n de switches AR<\/li>\n<li class=\"ql-align-justify\">(28) puertos 10G SFP +<\/li>\n<li class=\"ql-align-justify\">(4) puertos 25G SFP28<\/li>\n<li class=\"ql-align-justify\">(1) Entrada USP RPS DC<\/li>\n<li class=\"ql-align-justify\">Capacidad de conmutaci\u00f3n de 760 Gbps<\/li>\n<li class=\"ql-align-justify\">Funciones de conmutaci\u00f3n de capa 3<\/li>\n<\/ul>\n<p>&nbsp;<\/p>\n<\/div>\n<\/div>\n<hr class=\"padding-bottom-2x\" \/>\n<div class=\"row align-items-center padding-bottom-2x\">\n<div class=\"col-md-5 order-md-2\"><img decoding=\"async\" class=\"d-block m-auto img-thumbnail\" src=\"https:\/\/tvc.mx\/media\/493620\/Captura-de-pantalla-2022-08-18-092239.png\" alt=\" \" \/><\/div>\n<div class=\"col-md-7 order-md-1 text-md-left text-center\">\n<h2>Incluye<\/h2>\n<p class=\"text-muted\">\n<ul>\n<li class=\"ql-align-justify\">Switch<\/li>\n<li class=\"ql-align-justify\">Kit de instalaci\u00f3n y tornillos<\/li>\n<li class=\"ql-align-justify\">Cable de alimentaci\u00f3n<\/li>\n<\/ul>\n<\/div>\n<\/div>\n","protected":false},"excerpt":{"rendered":"<p>Descripci\u00f3n General Switch Pro Aggregation es un conmutador de capa 3 totalmente administrado con (28) puertos 10G SFP + y (4) puertos 25 G SFP 28 dise\u00f1ados para mejorar la capacidad de conmutaci\u00f3n y el rendimiento de su red mediante la creaci\u00f3n de enlaces de&hellip;<\/p>\n","protected":false},"featured_media":5513,"comment_status":"open","ping_status":"closed","template":"","meta":{"om_disable_all_campaigns":false,"_monsterinsights_skip_tracking":false,"_monsterinsights_sitenote_active":false,"_monsterinsights_sitenote_note":"","_monsterinsights_sitenote_category":0},"product_brand":[],"product_cat":[477],"product_tag":[438,437,431,436,434,439,432,433,435,185,430],"class_list":{"0":"post-5514","1":"product","2":"type-product","3":"status-publish","4":"has-post-thumbnail","6":"product_cat-switches-networking-ubiquiti-redes","7":"product_tag-controladores","8":"product_tag-fibra","9":"product_tag-networkin","10":"product_tag-poe","11":"product_tag-ptp-y-ptmp","12":"product_tag-punto-de-acceso","13":"product_tag-redes","14":"product_tag-sectoriales","15":"product_tag-switches-poe","16":"product_tag-tranceptores","17":"product_tag-ubiquiti","19":"first","20":"instock","21":"sale","22":"taxable","23":"shipping-taxable","24":"purchasable","25":"product-type-simple"},"aioseo_notices":[],"_links":{"self":[{"href":"https:\/\/tecsecmty.com\/index.php\/wp-json\/wp\/v2\/product\/5514","targetHints":{"allow":["GET"]}}],"collection":[{"href":"https:\/\/tecsecmty.com\/index.php\/wp-json\/wp\/v2\/product"}],"about":[{"href":"https:\/\/tecsecmty.com\/index.php\/wp-json\/wp\/v2\/types\/product"}],"replies":[{"embeddable":true,"href":"https:\/\/tecsecmty.com\/index.php\/wp-json\/wp\/v2\/comments?post=5514"}],"version-history":[{"count":0,"href":"https:\/\/tecsecmty.com\/index.php\/wp-json\/wp\/v2\/product\/5514\/revisions"}],"wp:featuredmedia":[{"embeddable":true,"href":"https:\/\/tecsecmty.com\/index.php\/wp-json\/wp\/v2\/media\/5513"}],"wp:attachment":[{"href":"https:\/\/tecsecmty.com\/index.php\/wp-json\/wp\/v2\/media?parent=5514"}],"wp:term":[{"taxonomy":"product_brand","embeddable":true,"href":"https:\/\/tecsecmty.com\/index.php\/wp-json\/wp\/v2\/product_brand?post=5514"},{"taxonomy":"product_cat","embeddable":true,"href":"https:\/\/tecsecmty.com\/index.php\/wp-json\/wp\/v2\/product_cat?post=5514"},{"taxonomy":"product_tag","embeddable":true,"href":"https:\/\/tecsecmty.com\/index.php\/wp-json\/wp\/v2\/product_tag?post=5514"}],"curies":[{"name":"wp","href":"https:\/\/api.w.org\/{rel}","templated":true}]}}