{"id":5524,"date":"2023-02-23T11:05:46","date_gmt":"2023-02-23T17:05:46","guid":{"rendered":"https:\/\/tecsecmty.com\/index.php\/producto\/utepo-sfp125g550m-transceptor-fibra-optica-sfp-multimodo-conector-lc-velocidad-1250-mbps-hasta-550m-de-conexion\/"},"modified":"2023-03-22T23:24:36","modified_gmt":"2023-03-23T05:24:36","slug":"utepo-sfp125g550m-transceptor-fibra-optica-sfp-multimodo-conector-lc-velocidad-1250-mbps-hasta-550m-de-conexion","status":"publish","type":"product","link":"https:\/\/tecsecmty.com\/index.php\/producto\/utepo-sfp125g550m-transceptor-fibra-optica-sfp-multimodo-conector-lc-velocidad-1250-mbps-hasta-550m-de-conexion\/","title":{"rendered":"UTEPO SFP125G550M &#8211; Transceptor fibra \u00d3PTICA SFP multimodo \/ Conector LC \/ Velocidad 1250 Mbps \/ Hasta 550M de CONEXI\u00d3N"},"content":{"rendered":"<div class=\"row align-items-center padding-bottom-2x\">\n<div class=\"col-md-5\"><img decoding=\"async\" class=\"d-block m-auto img-thumbnail\" src=\"https:\/\/tvc.mx\/media\/490434\/20191127095226_9120.png\" alt=\" \" \/><\/div>\n<div class=\"col-md-7 text-md-left text-center\">\n<h2>SFP125G550M<\/h2>\n<p class=\"text-muted\">\n<p>El m\u00f3dulo \u00f3ptico SFP es un m\u00f3dulo \u00f3ptico SFP est\u00e1ndar.\u00a0El producto utiliza dos fibras multimodo, la velocidad puede alcanzar 1,25 Gbps, la distancia de transmisi\u00f3n puede alcanzar los 550 m.\u00a0El equipo puede adaptar el transceptor de fibra \u00f3ptica con ranura SFP, equipo de conmutador Ethernet \u00f3ptico, tambi\u00e9n se puede utilizar en Ethernet, telecomunicaciones, comunicaci\u00f3n de fibra \u00f3ptica.<\/p>\n<p>&nbsp;<\/p>\n<\/div>\n<\/div>\n<hr class=\"padding-bottom-2x\" \/>\n<div class=\"row align-items-center padding-bottom-2x\">\n<div class=\"col-md-5 order-md-2\"><img decoding=\"async\" class=\"d-block m-auto img-thumbnail\" src=\"https:\/\/tvc.mx\/media\/490436\/Aplic-3.png\" alt=\" \" \/><\/div>\n<div class=\"col-md-7 order-md-1 text-md-left text-center\">\n<h2>Principales Caracter\u00edsticas<\/h2>\n<p class=\"text-muted\">\n<ul>\n<li class=\"ql-align-justify\">Use el tipo de paquete SFP, conector LC, compatible con el est\u00e1ndar SFF8472.<\/li>\n<li class=\"ql-align-justify\">Utilice un l\u00e1ser FP de 850 nm y un fotodetector PIN.<\/li>\n<li class=\"ql-align-justify\">Admite conexi\u00f3n en caliente.<\/li>\n<li class=\"ql-align-justify\">La fibra multimodo puede alcanzar una distancia de transmisi\u00f3n de datos de 550 m.<\/li>\n<li class=\"ql-align-justify\">Cumple con el puerto de entrada y salida de datos est\u00e1ndar (LVPECL).<\/li>\n<li class=\"ql-align-justify\">Bajo EMI para el medio ambiente, alta protecci\u00f3n electrost\u00e1tica.<\/li>\n<li class=\"ql-align-justify\">Cumple con el est\u00e1ndar de seguridad l\u00e1ser IEC-60825.<\/li>\n<\/ul>\n<p>&nbsp;<\/p>\n<\/div>\n<\/div>\n<hr class=\"padding-bottom-2x\" \/>\n<div class=\"row align-items-center padding-bottom-2x\">\n<div class=\"col-md-5\"><img decoding=\"async\" class=\"d-block m-auto img-thumbnail\" src=\"https:\/\/tvc.mx\/media\/490438\/Overview_Utepo_2.png\" alt=\" \" \/><\/div>\n<div class=\"col-md-7 text-md-left text-center\">\n<h2>Incluye<\/h2>\n<p class=\"text-muted\">\n<ul>\n<li>SFP-1.25G-550M (1)<\/li>\n<li>Manual de usuario (1)<\/li>\n<\/ul>\n<\/div>\n<\/div>\n","protected":false},"excerpt":{"rendered":"<p>SFP125G550M El m\u00f3dulo \u00f3ptico SFP es un m\u00f3dulo \u00f3ptico SFP est\u00e1ndar.\u00a0El producto utiliza dos fibras multimodo, la velocidad puede alcanzar 1,25 Gbps, la distancia de transmisi\u00f3n puede alcanzar los 550 m.\u00a0El equipo puede adaptar el transceptor de fibra \u00f3ptica con ranura SFP, equipo de conmutador&hellip;<\/p>\n","protected":false},"featured_media":5523,"comment_status":"open","ping_status":"closed","template":"","meta":{"om_disable_all_campaigns":false,"_monsterinsights_skip_tracking":false,"_monsterinsights_sitenote_active":false,"_monsterinsights_sitenote_note":"","_monsterinsights_sitenote_category":0},"product_brand":[],"product_cat":[480],"product_tag":[438,437,431,436,434,439,432,433,435,185,430],"class_list":{"0":"post-5524","1":"product","2":"type-product","3":"status-publish","4":"has-post-thumbnail","6":"product_cat-transceptores-de-fibra-networking-utepo","7":"product_tag-controladores","8":"product_tag-fibra","9":"product_tag-networkin","10":"product_tag-poe","11":"product_tag-ptp-y-ptmp","12":"product_tag-punto-de-acceso","13":"product_tag-redes","14":"product_tag-sectoriales","15":"product_tag-switches-poe","16":"product_tag-tranceptores","17":"product_tag-ubiquiti","19":"first","20":"instock","21":"sale","22":"taxable","23":"shipping-taxable","24":"purchasable","25":"product-type-simple"},"aioseo_notices":[],"_links":{"self":[{"href":"https:\/\/tecsecmty.com\/index.php\/wp-json\/wp\/v2\/product\/5524","targetHints":{"allow":["GET"]}}],"collection":[{"href":"https:\/\/tecsecmty.com\/index.php\/wp-json\/wp\/v2\/product"}],"about":[{"href":"https:\/\/tecsecmty.com\/index.php\/wp-json\/wp\/v2\/types\/product"}],"replies":[{"embeddable":true,"href":"https:\/\/tecsecmty.com\/index.php\/wp-json\/wp\/v2\/comments?post=5524"}],"version-history":[{"count":0,"href":"https:\/\/tecsecmty.com\/index.php\/wp-json\/wp\/v2\/product\/5524\/revisions"}],"wp:featuredmedia":[{"embeddable":true,"href":"https:\/\/tecsecmty.com\/index.php\/wp-json\/wp\/v2\/media\/5523"}],"wp:attachment":[{"href":"https:\/\/tecsecmty.com\/index.php\/wp-json\/wp\/v2\/media?parent=5524"}],"wp:term":[{"taxonomy":"product_brand","embeddable":true,"href":"https:\/\/tecsecmty.com\/index.php\/wp-json\/wp\/v2\/product_brand?post=5524"},{"taxonomy":"product_cat","embeddable":true,"href":"https:\/\/tecsecmty.com\/index.php\/wp-json\/wp\/v2\/product_cat?post=5524"},{"taxonomy":"product_tag","embeddable":true,"href":"https:\/\/tecsecmty.com\/index.php\/wp-json\/wp\/v2\/product_tag?post=5524"}],"curies":[{"name":"wp","href":"https:\/\/api.w.org\/{rel}","templated":true}]}}