{"id":5532,"date":"2023-02-23T11:05:55","date_gmt":"2023-02-23T17:05:55","guid":{"rendered":"https:\/\/tecsecmty.com\/index.php\/producto\/ubiquiti-uacc-om-sm-1g-s-2-modulo-sfp-monomodo-transceptor-mini-gbic-rendimiento-hasta-1-25gbps-conector-tipo-lc-conexion-hasta-3km\/"},"modified":"2023-03-22T23:24:33","modified_gmt":"2023-03-23T05:24:33","slug":"ubiquiti-uacc-om-sm-1g-s-2-modulo-sfp-monomodo-transceptor-mini-gbic-rendimiento-hasta-1-25gbps-conector-tipo-lc-conexion-hasta-3km","status":"publish","type":"product","link":"https:\/\/tecsecmty.com\/index.php\/producto\/ubiquiti-uacc-om-sm-1g-s-2-modulo-sfp-monomodo-transceptor-mini-gbic-rendimiento-hasta-1-25gbps-conector-tipo-lc-conexion-hasta-3km\/","title":{"rendered":"Ubiquiti UACC-OM-SM-1G-S-2 &#8211; M\u00f3dulo SFP MonoModo\/ Transceptor Mini Gbic\/ Rendimiento hasta 1.25Gbps\/ Conector tipo LC\/ Conexi\u00f3n hasta 3Km"},"content":{"rendered":"<div class=\"row align-items-center padding-bottom-2x\">\n<div class=\"col-md-5\"><img decoding=\"async\" class=\"d-block m-auto img-thumbnail\" src=\"https:\/\/tvc.mx\/media\/488786\/Ubiquiti-UACC-OM-SM-1G-S-2-Trans.png\" alt=\" \" \/><\/div>\n<div class=\"col-md-7 text-md-left text-center\">\n<h2>UACC-OM-SM-1G-S-2<\/h2>\n<p class=\"text-muted\">\n<p>M\u00f3dulo transceptor de fibra, simplex, monomodo.<\/p>\n<p>El m\u00f3dulo \u00f3ptico monomodo bidireccional de 1 Gbps es un transceptor simplex que ofrece una velocidad de hasta 1,25 Gbps en distancias de hasta 3 kil\u00f3metros.<\/p>\n<p>&nbsp;<\/p>\n<\/div>\n<\/div>\n<hr class=\"padding-bottom-2x\" \/>\n<div class=\"row align-items-center padding-bottom-2x\">\n<div class=\"col-md-5 order-md-2\"><img decoding=\"async\" class=\"d-block m-auto img-thumbnail\" src=\"https:\/\/tvc.mx\/media\/488762\/ufiber-cat-460x280.png\" alt=\" \" \/><\/div>\n<div class=\"col-md-7 order-md-1 text-md-left text-center\">\n<h2>Principales Caracter\u00edsticas<\/h2>\n<p class=\"text-muted\">\n<ul>\n<li><strong>Medios compatibles:<\/strong><\/li>\n<li>Fibra monomodo<\/li>\n<li><strong>Tipo de conector:<\/strong><\/li>\n<li>1x LC<\/li>\n<li><strong>Longitud de onda de TX:<\/strong><\/li>\n<li>1310nm Azul 1550nm Amarillo<\/li>\n<li><strong>Longitud de onda RX:<\/strong><\/li>\n<li>1550nm Azul 1310nm Amarillo<\/li>\n<li><strong>Velocidad de datos:<\/strong><\/li>\n<li>1,25 Gbps SFP+<\/li>\n<li><strong>Distancia de cable:<\/strong><\/li>\n<li>3 kil\u00f3metros<\/li>\n<\/ul>\n<\/div>\n<\/div>\n","protected":false},"excerpt":{"rendered":"<p>UACC-OM-SM-1G-S-2 M\u00f3dulo transceptor de fibra, simplex, monomodo. El m\u00f3dulo \u00f3ptico monomodo bidireccional de 1 Gbps es un transceptor simplex que ofrece una velocidad de hasta 1,25 Gbps en distancias de hasta 3 kil\u00f3metros. &nbsp; Principales Caracter\u00edsticas Medios compatibles: Fibra monomodo Tipo de conector: 1x LC&hellip;<\/p>\n","protected":false},"featured_media":5531,"comment_status":"open","ping_status":"closed","template":"","meta":{"om_disable_all_campaigns":false,"_monsterinsights_skip_tracking":false,"_monsterinsights_sitenote_active":false,"_monsterinsights_sitenote_note":"","_monsterinsights_sitenote_category":0},"product_brand":[],"product_cat":[479],"product_tag":[438,437,431,436,434,439,432,433,435,185,430],"class_list":{"0":"post-5532","1":"product","2":"type-product","3":"status-publish","4":"has-post-thumbnail","6":"product_cat-transceptores-de-fibra-networking-ubiquiti-redes","7":"product_tag-controladores","8":"product_tag-fibra","9":"product_tag-networkin","10":"product_tag-poe","11":"product_tag-ptp-y-ptmp","12":"product_tag-punto-de-acceso","13":"product_tag-redes","14":"product_tag-sectoriales","15":"product_tag-switches-poe","16":"product_tag-tranceptores","17":"product_tag-ubiquiti","19":"first","20":"instock","21":"sale","22":"taxable","23":"shipping-taxable","24":"purchasable","25":"product-type-simple"},"aioseo_notices":[],"_links":{"self":[{"href":"https:\/\/tecsecmty.com\/index.php\/wp-json\/wp\/v2\/product\/5532","targetHints":{"allow":["GET"]}}],"collection":[{"href":"https:\/\/tecsecmty.com\/index.php\/wp-json\/wp\/v2\/product"}],"about":[{"href":"https:\/\/tecsecmty.com\/index.php\/wp-json\/wp\/v2\/types\/product"}],"replies":[{"embeddable":true,"href":"https:\/\/tecsecmty.com\/index.php\/wp-json\/wp\/v2\/comments?post=5532"}],"version-history":[{"count":0,"href":"https:\/\/tecsecmty.com\/index.php\/wp-json\/wp\/v2\/product\/5532\/revisions"}],"wp:featuredmedia":[{"embeddable":true,"href":"https:\/\/tecsecmty.com\/index.php\/wp-json\/wp\/v2\/media\/5531"}],"wp:attachment":[{"href":"https:\/\/tecsecmty.com\/index.php\/wp-json\/wp\/v2\/media?parent=5532"}],"wp:term":[{"taxonomy":"product_brand","embeddable":true,"href":"https:\/\/tecsecmty.com\/index.php\/wp-json\/wp\/v2\/product_brand?post=5532"},{"taxonomy":"product_cat","embeddable":true,"href":"https:\/\/tecsecmty.com\/index.php\/wp-json\/wp\/v2\/product_cat?post=5532"},{"taxonomy":"product_tag","embeddable":true,"href":"https:\/\/tecsecmty.com\/index.php\/wp-json\/wp\/v2\/product_tag?post=5532"}],"curies":[{"name":"wp","href":"https:\/\/api.w.org\/{rel}","templated":true}]}}