{"id":5542,"date":"2023-02-23T11:06:06","date_gmt":"2023-02-23T17:06:06","guid":{"rendered":"https:\/\/tecsecmty.com\/index.php\/producto\/ubiquiti-uck-g2-plus-controlador-unifi-cloud-key-procesador-de-8-nucleos-2gb-ram-1tb-almacenamiento-administracion-unificada-para-equipos-unifi\/"},"modified":"2023-03-22T23:24:34","modified_gmt":"2023-03-23T05:24:34","slug":"ubiquiti-uck-g2-plus-controlador-unifi-cloud-key-procesador-de-8-nucleos-2gb-ram-1tb-almacenamiento-administracion-unificada-para-equipos-unifi","status":"publish","type":"product","link":"https:\/\/tecsecmty.com\/index.php\/producto\/ubiquiti-uck-g2-plus-controlador-unifi-cloud-key-procesador-de-8-nucleos-2gb-ram-1tb-almacenamiento-administracion-unificada-para-equipos-unifi\/","title":{"rendered":"UBIQUITI UCK-G2-PLUS &#8211; Controlador UniFi Cloud Key \/ Procesador de 8 n\u00facleos \/ 2GB RAM \/ 1TB Almacenamiento \/ Administraci\u00f3n Unificada para Equipos UniFi"},"content":{"rendered":"<div class=\"col-md-5 order-md-2\"><img decoding=\"async\" class=\"d-block m-auto img-thumbnail\" src=\"https:\/\/tvc.mx\/media\/553887\/UCKG2PLUS_1-%281%29-%281%29-%281%29.png\" alt=\" \" \/><\/div>\n<div class=\"col-md-7 order-md-1 text-md-left text-center\">\n<h2>Administraci\u00f3n de equipos UniFi<\/h2>\n<p class=\"text-muted\">\n<p class=\"ql-align-justify\">Los equipos UniFi Cloud Key Gen2 cuentan con la capacidad de configuraci\u00f3n y administraci\u00f3n de docenas de dispositivos UniFi que se encuentren dentro de su red.<\/p>\n<\/div>\n<p>&nbsp;<\/p>\n<p>&nbsp;<\/p>\n<p>&nbsp;<\/p>\n<p>&nbsp;<\/p>\n<p>&nbsp;<\/p>\n<p>&nbsp;<\/p>\n<p>&nbsp;<\/p>\n<p>&nbsp;<\/p>\n<p>&nbsp;<\/p>\n<hr class=\"padding-bottom-2x\" \/>\n<div class=\"row align-items-center padding-bottom-2x\">\n<div class=\"col-md-5\"><img decoding=\"async\" class=\"d-block m-auto img-thumbnail\" src=\"https:\/\/tvc.mx\/media\/27490\/UCKG2_2.PNG\" alt=\" \" \/><\/div>\n<div class=\"col-md-7 text-md-left text-center\">\n<h2>Incre\u00edble escalabilidad<\/h2>\n<p class=\"text-muted\">\n<p class=\"ql-align-justify\">Configuraci\u00f3n, aprovisionamiento de equipos, agregar equipos y administraci\u00f3n de estos son algunas de las funciones que puede realizar con los dispositivos UniFi agregados en su red, ya sea en una red privada o bien en varias todo desde un panel de control centralizado.<\/p>\n<p>&nbsp;<\/p>\n<\/div>\n<\/div>\n<hr class=\"padding-bottom-2x\" \/>\n<div class=\"row align-items-center padding-bottom-2x\">\n<div class=\"col-md-5 order-md-2\"><img decoding=\"async\" class=\"d-block m-auto img-thumbnail\" src=\"https:\/\/tvc.mx\/media\/27492\/UCKG2_5.PNG\" alt=\" \" \/><\/div>\n<div class=\"col-md-7 order-md-1 text-md-left text-center\">\n<h2>Administraci\u00f3n de m\u00faltiples sitios<\/h2>\n<p class=\"text-muted\">\n<p class=\"ql-align-justify\">Los equipos UCK-G2 instalados en cada sitio de implementaci\u00f3n ofrece un servicio siempre activo dentro de la red, pero a su vez cada sitio es accesible a trav\u00e9s de la red UniFi Cloud para permitir la configuraci\u00f3n de sus equipos.<\/p>\n<p>&nbsp;<\/p>\n<\/div>\n<\/div>\n<hr class=\"padding-bottom-2x\" \/>\n<div class=\"row align-items-center padding-bottom-2x\">\n<div class=\"col-md-5\"><img decoding=\"async\" class=\"d-block m-auto img-thumbnail\" src=\"https:\/\/tvc.mx\/media\/27493\/UCKG2_6.PNG\" alt=\" \" \/><\/div>\n<div class=\"col-md-7 text-md-left text-center\">\n<h2>Administraci\u00f3n a trav\u00e9s de su aplicaci\u00f3n m\u00f3vil<\/h2>\n<p class=\"text-muted\">\n<p class=\"ql-align-justify\">La aplicaci\u00f3n se puede descargar desde Play Store y App Store y provee un acceso remoto hacia su dispositivo UniFi Controller. A su vez permite analizar y administrar el estado de los dispositivos, tr\u00e1fico de la red todo desde cualquier parte del mundo simplemente usando su cuenta Ubiquiti.<\/p>\n<p>&nbsp;<\/p>\n<\/div>\n<\/div>\n<hr class=\"padding-bottom-2x\" \/>\n<div class=\"row align-items-center padding-bottom-2x\">\n<div class=\"col-md-5 order-md-2\"><img decoding=\"async\" class=\"d-block m-auto img-thumbnail\" src=\"https:\/\/tvc.mx\/media\/489648\/Captura-de-pantalla-2022-08-11-093500.png\" alt=\" \" \/><\/div>\n<div class=\"col-md-7 order-md-1 text-md-left text-center\">\n<h2>Incluye<\/h2>\n<p class=\"text-muted\">\n<ul>\n<li>UniFi Cloud Key Gen2 Plus<\/li>\n<\/ul>\n<p>*Fuente de alimentaci\u00f3n USB NO incluida<\/p>\n<\/div>\n<\/div>\n","protected":false},"excerpt":{"rendered":"<p>Administraci\u00f3n de equipos UniFi Los equipos UniFi Cloud Key Gen2 cuentan con la capacidad de configuraci\u00f3n y administraci\u00f3n de docenas de dispositivos UniFi que se encuentren dentro de su red. &nbsp; &nbsp; &nbsp; &nbsp; &nbsp; &nbsp; &nbsp; &nbsp; &nbsp; Incre\u00edble escalabilidad Configuraci\u00f3n, aprovisionamiento de equipos,&hellip;<\/p>\n","protected":false},"featured_media":5541,"comment_status":"open","ping_status":"closed","template":"","meta":{"om_disable_all_campaigns":false,"_monsterinsights_skip_tracking":false,"_monsterinsights_sitenote_active":false,"_monsterinsights_sitenote_note":"","_monsterinsights_sitenote_category":0},"product_brand":[],"product_cat":[484],"product_tag":[438,437,431,436,434,439,432,433,435,185,430],"class_list":{"0":"post-5542","1":"product","2":"type-product","3":"status-publish","4":"has-post-thumbnail","6":"product_cat-controladores-redes-wifi","7":"product_tag-controladores","8":"product_tag-fibra","9":"product_tag-networkin","10":"product_tag-poe","11":"product_tag-ptp-y-ptmp","12":"product_tag-punto-de-acceso","13":"product_tag-redes","14":"product_tag-sectoriales","15":"product_tag-switches-poe","16":"product_tag-tranceptores","17":"product_tag-ubiquiti","19":"first","20":"instock","21":"sale","22":"taxable","23":"shipping-taxable","24":"purchasable","25":"product-type-simple"},"aioseo_notices":[],"_links":{"self":[{"href":"https:\/\/tecsecmty.com\/index.php\/wp-json\/wp\/v2\/product\/5542","targetHints":{"allow":["GET"]}}],"collection":[{"href":"https:\/\/tecsecmty.com\/index.php\/wp-json\/wp\/v2\/product"}],"about":[{"href":"https:\/\/tecsecmty.com\/index.php\/wp-json\/wp\/v2\/types\/product"}],"replies":[{"embeddable":true,"href":"https:\/\/tecsecmty.com\/index.php\/wp-json\/wp\/v2\/comments?post=5542"}],"version-history":[{"count":0,"href":"https:\/\/tecsecmty.com\/index.php\/wp-json\/wp\/v2\/product\/5542\/revisions"}],"wp:featuredmedia":[{"embeddable":true,"href":"https:\/\/tecsecmty.com\/index.php\/wp-json\/wp\/v2\/media\/5541"}],"wp:attachment":[{"href":"https:\/\/tecsecmty.com\/index.php\/wp-json\/wp\/v2\/media?parent=5542"}],"wp:term":[{"taxonomy":"product_brand","embeddable":true,"href":"https:\/\/tecsecmty.com\/index.php\/wp-json\/wp\/v2\/product_brand?post=5542"},{"taxonomy":"product_cat","embeddable":true,"href":"https:\/\/tecsecmty.com\/index.php\/wp-json\/wp\/v2\/product_cat?post=5542"},{"taxonomy":"product_tag","embeddable":true,"href":"https:\/\/tecsecmty.com\/index.php\/wp-json\/wp\/v2\/product_tag?post=5542"}],"curies":[{"name":"wp","href":"https:\/\/api.w.org\/{rel}","templated":true}]}}