{"id":5550,"date":"2023-02-23T11:06:15","date_gmt":"2023-02-23T17:06:15","guid":{"rendered":"https:\/\/tecsecmty.com\/index.php\/producto\/ubiquiti-u6-lr-punto-de-acceso-wifi-6-3-0-gbps-con-radios-de-5-ghz-4x4-mu-mimo-y-ofdma-y-2-4-ghz-4x4-mimo-lonuevo\/"},"modified":"2023-03-22T23:24:33","modified_gmt":"2023-03-23T05:24:33","slug":"ubiquiti-u6-lr-punto-de-acceso-wifi-6-3-0-gbps-con-radios-de-5-ghz-4x4-mu-mimo-y-ofdma-y-2-4-ghz-4x4-mimo-lonuevo","status":"publish","type":"product","link":"https:\/\/tecsecmty.com\/index.php\/producto\/ubiquiti-u6-lr-punto-de-acceso-wifi-6-3-0-gbps-con-radios-de-5-ghz-4x4-mu-mimo-y-ofdma-y-2-4-ghz-4x4-mimo-lonuevo\/","title":{"rendered":"UBIQUITI U6-LR Punto de Acceso WiFi 6 3.0 Gbps con radios de 5 GHz (4&#215;4 MU-MIMO y OFDMA) y 2.4 GHz 4&#215;4 MIMO #LONUEVO"},"content":{"rendered":"<div class=\"col-md-5 order-md-2\"><img decoding=\"async\" class=\"d-block m-auto img-thumbnail\" src=\"https:\/\/tvc.mx\/media\/319503\/U6-LR_04_ff10fb73-17d7-45ff-ad25-5a284977cdeb_grande.png\" alt=\" \" \/><\/div>\n<div class=\"col-md-7 order-md-1 text-md-left text-center\">\n<h2>Punto de acceso WiFi 6 de largo alcance<\/h2>\n<p class=\"text-muted\">\n<p class=\"ql-align-justify\">El UAP WiFi 6 de largo alcance (U6 LR) es un punto de acceso de alto rendimiento que brinda una potente cobertura WiFi 6 de cuatro flujos a las redes empresariales. El U6 LR puede alcanzar una tasa de rendimiento total de hasta 3 Gbps con sus bandas de 5 GHz (4&#215;4 MU-MIMO y OFDMA) y 2,4 GHz (4&#215;4 MIMO).\u00a0Tambi\u00e9n tiene un patr\u00f3n de antena inclinado hacia los lados para expandir su \u00e1rea de cobertura.<\/p>\n<p class=\"ql-align-justify\">El U6 LR resistente al agua y al polvo se puede montar en interiores o exteriores, mezcl\u00e1ndose a la perfecci\u00f3n en pr\u00e1cticamente cualquier entorno para que nunca tenga que alterar la est\u00e9tica de su espacio para disfrutar de una excelente cobertura inal\u00e1mbrica.<\/p>\n<p class=\"ql-align-justify\">El U6 LR simplifica el proceso de llevar WiFi 6 a las redes empresariales que admiten una gran cantidad de clientes.\u00a0Puede configurarse en minutos y administrarse por completo con la aplicaci\u00f3n web o la aplicaci\u00f3n m\u00f3vil UniFi Network.<\/p>\n<\/div>\n<p>&nbsp;<\/p>\n<p>&nbsp;<\/p>\n<p>&nbsp;<\/p>\n<p>&nbsp;<\/p>\n<p>&nbsp;<\/p>\n<p>&nbsp;<\/p>\n<p>&nbsp;<\/p>\n<p>&nbsp;<\/p>\n<p>&nbsp;<\/p>\n<p>&nbsp;<\/p>\n<p>&nbsp;<\/p>\n<p>&nbsp;<\/p>\n<hr class=\"padding-bottom-2x\" \/>\n<div class=\"row align-items-center padding-bottom-2x\">\n<div class=\"col-md-5\"><img decoding=\"async\" class=\"d-block m-auto img-thumbnail\" src=\"https:\/\/tvc.mx\/media\/412271\/U6-LR_03_f0eb280a-fdbb-4dfe-b62c-b45c40b29e58_1500x3x.png\" alt=\" \" \/><\/div>\n<div class=\"col-md-7 text-md-left text-center\">\n<h2>Caracter\u00edsticas Principales<\/h2>\n<p class=\"text-muted\">\n<ul>\n<li>WiFi 4&#215;4 de alta eficiencia 6 (802.11ax)<\/li>\n<li>Banda de 5 GHz (4&#215;4 MU-MIMO y OFDMA) con tasa de rendimiento de 2,4 Gbps<\/li>\n<li>Banda de 2,4 GHz (4&#215;4 MIMO) con tasa de rendimiento de 600 Mbps<\/li>\n<li>Alimentado por 802.3at PoE (el inyector PoE se vende por separado)<\/li>\n<li>Protecci\u00f3n contra el agua y el polvo con clasificaci\u00f3n IP54 para una versatilidad de montaje en interiores y exteriores<\/li>\n<\/ul>\n<p>&nbsp;<\/p>\n<\/div>\n<\/div>\n<hr class=\"padding-bottom-2x\" \/>\n<div class=\"row align-items-center padding-bottom-2x\">\n<div class=\"col-md-5 order-md-2\"><img decoding=\"async\" class=\"d-block m-auto img-thumbnail\" src=\"https:\/\/tvc.mx\/media\/412275\/Captura-de-pantalla-2022-04-21-134411.png\" alt=\" \" \/><\/div>\n<div class=\"col-md-7 order-md-1 text-md-left text-center\">\n<h2>Incluye<\/h2>\n<p class=\"text-muted\">\n<ul>\n<li>UAP U6-LR<\/li>\n<li>Bases para instalaci\u00f3n<\/li>\n<li>Tornillos y kit de instalaci\u00f3n<\/li>\n<li>Se alimenta con Adaptador PoE de 48 V, 0,5 A\u00a0<strong>(no incluido)<\/strong><\/li>\n<li>Se puede alimentar tambi\u00e9n con el siguiente Adaptador PoE:\u00a0<strong>UTP7201GE-PSE30, Clave TVC: UGC084005\u00a0<\/strong><\/li>\n<\/ul>\n<\/div>\n<\/div>\n","protected":false},"excerpt":{"rendered":"<p>Punto de acceso WiFi 6 de largo alcance El UAP WiFi 6 de largo alcance (U6 LR) es un punto de acceso de alto rendimiento que brinda una potente cobertura WiFi 6 de cuatro flujos a las redes empresariales. El U6 LR puede alcanzar una&hellip;<\/p>\n","protected":false},"featured_media":5549,"comment_status":"open","ping_status":"closed","template":"","meta":{"om_disable_all_campaigns":false,"_monsterinsights_skip_tracking":false,"_monsterinsights_sitenote_active":false,"_monsterinsights_sitenote_note":"","_monsterinsights_sitenote_category":0},"product_brand":[],"product_cat":[485],"product_tag":[438,437,431,436,434,439,432,433,435,185,430],"class_list":{"0":"post-5550","1":"product","2":"type-product","3":"status-publish","4":"has-post-thumbnail","6":"product_cat-puntos-de-acceso","7":"product_tag-controladores","8":"product_tag-fibra","9":"product_tag-networkin","10":"product_tag-poe","11":"product_tag-ptp-y-ptmp","12":"product_tag-punto-de-acceso","13":"product_tag-redes","14":"product_tag-sectoriales","15":"product_tag-switches-poe","16":"product_tag-tranceptores","17":"product_tag-ubiquiti","19":"first","20":"instock","21":"sale","22":"taxable","23":"shipping-taxable","24":"purchasable","25":"product-type-simple"},"aioseo_notices":[],"_links":{"self":[{"href":"https:\/\/tecsecmty.com\/index.php\/wp-json\/wp\/v2\/product\/5550","targetHints":{"allow":["GET"]}}],"collection":[{"href":"https:\/\/tecsecmty.com\/index.php\/wp-json\/wp\/v2\/product"}],"about":[{"href":"https:\/\/tecsecmty.com\/index.php\/wp-json\/wp\/v2\/types\/product"}],"replies":[{"embeddable":true,"href":"https:\/\/tecsecmty.com\/index.php\/wp-json\/wp\/v2\/comments?post=5550"}],"version-history":[{"count":0,"href":"https:\/\/tecsecmty.com\/index.php\/wp-json\/wp\/v2\/product\/5550\/revisions"}],"wp:featuredmedia":[{"embeddable":true,"href":"https:\/\/tecsecmty.com\/index.php\/wp-json\/wp\/v2\/media\/5549"}],"wp:attachment":[{"href":"https:\/\/tecsecmty.com\/index.php\/wp-json\/wp\/v2\/media?parent=5550"}],"wp:term":[{"taxonomy":"product_brand","embeddable":true,"href":"https:\/\/tecsecmty.com\/index.php\/wp-json\/wp\/v2\/product_brand?post=5550"},{"taxonomy":"product_cat","embeddable":true,"href":"https:\/\/tecsecmty.com\/index.php\/wp-json\/wp\/v2\/product_cat?post=5550"},{"taxonomy":"product_tag","embeddable":true,"href":"https:\/\/tecsecmty.com\/index.php\/wp-json\/wp\/v2\/product_tag?post=5550"}],"curies":[{"name":"wp","href":"https:\/\/api.w.org\/{rel}","templated":true}]}}