{"id":5552,"date":"2023-02-23T11:06:20","date_gmt":"2023-02-23T17:06:20","guid":{"rendered":"https:\/\/tecsecmty.com\/index.php\/producto\/ubiquiti-uap-ac-hd-access-point-inalambrico-unifi-ac-hd-doble-banda-802-11ac-interior-mu-mimo-4x4-25-dbm-hasta-2533-mbps-incluye-inyector-poe\/"},"modified":"2023-03-22T23:24:33","modified_gmt":"2023-03-23T05:24:33","slug":"ubiquiti-uap-ac-hd-access-point-inalambrico-unifi-ac-hd-doble-banda-802-11ac-interior-mu-mimo-4x4-25-dbm-hasta-2533-mbps-incluye-inyector-poe","status":"publish","type":"product","link":"https:\/\/tecsecmty.com\/index.php\/producto\/ubiquiti-uap-ac-hd-access-point-inalambrico-unifi-ac-hd-doble-banda-802-11ac-interior-mu-mimo-4x4-25-dbm-hasta-2533-mbps-incluye-inyector-poe\/","title":{"rendered":"UBIQUITI UAP-AC-HD &#8211; Access Point Inal\u00e1mbrico UniFi AC HD \/ Doble Banda 802.11ac \/ Interior \/ MU-MIMO 4&#215;4 \/ 25 dBm \/ Hasta 2533 Mbps \/ Incluye Inyector PoE \/"},"content":{"rendered":"<div class=\"col-md-5 order-md-2\"><img decoding=\"async\" class=\"d-block m-auto img-thumbnail\" src=\"https:\/\/tvc.mx\/media\/2700\/UAPACHDInterfaz.png\" alt=\" \" \/><\/div>\n<div class=\"col-md-7 order-md-1 text-md-left text-center\">\n<h2>UAP<\/h2>\n<p class=\"text-muted\">\n<p class=\"ql-align-justify\">Los equipos Unifi AP HD cuentan con el mejor rendimiento de Access Point en la industria a un precio inigualable para poder ofrecer la mejor soluci\u00f3n a su red inal\u00e1mbrica.<\/p>\n<\/div>\n<p>&nbsp;<\/p>\n<p>&nbsp;<\/p>\n<p>&nbsp;<\/p>\n<p>&nbsp;<\/p>\n<p>&nbsp;<\/p>\n<p>&nbsp;<\/p>\n<p>&nbsp;<\/p>\n<p>&nbsp;<\/p>\n<p>&nbsp;<\/p>\n<hr class=\"padding-bottom-2x\" \/>\n<div class=\"row align-items-center padding-bottom-2x\">\n<div class=\"col-md-5\"><img decoding=\"async\" class=\"d-block m-auto img-thumbnail\" src=\"https:\/\/tvc.mx\/media\/2701\/MuMimo.png\" alt=\" \" \/><\/div>\n<div class=\"col-md-7 text-md-left text-center\">\n<h2>Tecnolog\u00eda MU-MIMO para aplicaciones de alta densidad.<\/h2>\n<p class=\"text-muted\">\n<p class=\"ql-align-justify\">Los Access Point UAPACHD cuentan con la tecnolog\u00eda 802.11ac Wave2 MU-MIMO (Multi-User, Multiple Input, Multiple Output) lo cual permite comunicar el Access Point con m\u00faltiples clientes al mismo tiempo incrementando de forma significativa el rendimiento y el funcionamiento de su red inal\u00e1mbrica para todos los usuarios.<\/p>\n<p>&nbsp;<\/p>\n<\/div>\n<\/div>\n<hr class=\"padding-bottom-2x\" \/>\n<div class=\"row align-items-center padding-bottom-2x\">\n<div class=\"col-md-5 order-md-2\"><img decoding=\"async\" class=\"d-block m-auto img-thumbnail\" src=\"https:\/\/tvc.mx\/media\/2702\/Acceleration.png\" alt=\" \" \/><\/div>\n<div class=\"col-md-7 order-md-1 text-md-left text-center\">\n<h2>Aceleraci\u00f3n de hardware en radio y CPU.<\/h2>\n<p class=\"text-muted\">\n<p class=\"ql-align-justify\">Cuenta con un hardware fuera de carga independiente para 2.4 y 5GHz lo cual incrementa el rendimiento de m\u00faltiples usuarios y disminuye la latencia y a su vez cuenta con un hardware dedicado para la administraci\u00f3n de QoS, control de invitados y clientes.<\/p>\n<p>&nbsp;<\/p>\n<\/div>\n<\/div>\n<hr class=\"padding-bottom-2x\" \/>\n<div class=\"row align-items-center padding-bottom-2x\">\n<div class=\"col-md-5\"><img decoding=\"async\" class=\"d-block m-auto img-thumbnail\" src=\"https:\/\/tvc.mx\/media\/2703\/Beamforming.png\" alt=\" \" \/><\/div>\n<div class=\"col-md-7 text-md-left text-center\">\n<h2>MU-MIMO optimizado y beamforming.<\/h2>\n<p class=\"text-muted\">\n<p class=\"ql-align-justify\">El equipo cuenta con un sistema de antenas optimizado para trabajar con est\u00e1ndar 802.11ac Wave2 MU-MIMO y as\u00ed poder tener un haz de frecuencia el cual permita enviar y recibir datos utilizando m\u00faltiples antenas para poder incrementar el rendimiento de la tasa de transferencia y rango.<\/p>\n<p>&nbsp;<\/p>\n<\/div>\n<\/div>\n<hr class=\"padding-bottom-2x\" \/>\n<div class=\"row align-items-center padding-bottom-2x\">\n<div class=\"col-md-5 order-md-2\"><img decoding=\"async\" class=\"d-block m-auto img-thumbnail\" src=\"https:\/\/tvc.mx\/media\/2704\/AdvancedFeatures.png\" alt=\" \" \/><\/div>\n<div class=\"col-md-7 order-md-1 text-md-left text-center\">\n<h2>Caracter\u00edsticas avanzadas en controlador Unifi.<\/h2>\n<p class=\"text-muted\">\n<p class=\"ql-align-justify\">Unifi controller es la soluci\u00f3n principal de software la cual permite integrar switches de alto rendimiento, gateways y otras opciones Unifi para poder administrar todo desde el mismo.<\/p>\n<p>&nbsp;<\/p>\n<\/div>\n<\/div>\n<hr class=\"padding-bottom-2x\" \/>\n<div class=\"row align-items-center padding-bottom-2x\">\n<div class=\"col-md-5\"><img decoding=\"async\" class=\"d-block m-auto img-thumbnail\" src=\"https:\/\/tvc.mx\/media\/2705\/Especificaciones.png\" alt=\" \" \/><\/div>\n<div class=\"col-md-7 text-md-left text-center\">\n<h2>Especificaciones t\u00e9cnicas<\/h2>\n<p class=\"text-muted\">\n<ul>\n<li>Interfaz de red: 2 puertos Ethernet RJ-45 10\/100\/1000<\/li>\n<li>Antenas: 2 antena banda doble, 2.4GHz; 3dBi, 5GHz: 4dBi.<\/li>\n<li>Est\u00e1ndar inal\u00e1mbrico: 802.11a\/b\/g\/n\/ac\/ac-Wave2.<\/li>\n<li>Seguridad inal\u00e1mbrica: WEP, WPA-PSK, WPA-Enterprise (WPA\/WPA2, TKIP\/AES).<\/li>\n<li>48 Vcd, adaptador Gigabit PoE, 0.5 A (Incluido)<\/li>\n<li>M\u00e1ximo consumo de corriente: 17W.<\/li>\n<li>Temperatura de operaci\u00f3n: -10\u00b0C ~ 70\u00b0C.<\/li>\n<li>Humedad de operaci\u00f3n: 5 a 95% (sin condensaci\u00f3n).<\/li>\n<\/ul>\n<p>&nbsp;<\/p>\n<\/div>\n<\/div>\n<hr class=\"padding-bottom-2x\" \/>\n<div class=\"row align-items-center padding-bottom-2x\">\n<div class=\"col-md-5 order-md-2\"><img decoding=\"async\" class=\"d-block m-auto img-thumbnail\" src=\"https:\/\/tvc.mx\/media\/504542\/Captura-de-pantalla-2022-09-08-093259.png\" alt=\" \" \/><\/div>\n<div class=\"col-md-7 order-md-1 text-md-left text-center\">\n<h2>Incluye<\/h2>\n<p class=\"text-muted\">\n<ul>\n<li>UAP-AC-HD<\/li>\n<li>Kit de instalaci\u00f3n<\/li>\n<li>Kit de tornillos<\/li>\n<li>Inyector PoE<\/li>\n<li>Cable de alimentaci\u00f3n<\/li>\n<\/ul>\n<\/div>\n<\/div>\n","protected":false},"excerpt":{"rendered":"<p>UAP Los equipos Unifi AP HD cuentan con el mejor rendimiento de Access Point en la industria a un precio inigualable para poder ofrecer la mejor soluci\u00f3n a su red inal\u00e1mbrica. &nbsp; &nbsp; &nbsp; &nbsp; &nbsp; &nbsp; &nbsp; &nbsp; &nbsp; Tecnolog\u00eda MU-MIMO para aplicaciones de&hellip;<\/p>\n","protected":false},"featured_media":5551,"comment_status":"open","ping_status":"closed","template":"","meta":{"om_disable_all_campaigns":false,"_monsterinsights_skip_tracking":false,"_monsterinsights_sitenote_active":false,"_monsterinsights_sitenote_note":"","_monsterinsights_sitenote_category":0},"product_brand":[],"product_cat":[485],"product_tag":[438,437,431,436,434,439,432,433,435,185,430],"class_list":{"0":"post-5552","1":"product","2":"type-product","3":"status-publish","4":"has-post-thumbnail","6":"product_cat-puntos-de-acceso","7":"product_tag-controladores","8":"product_tag-fibra","9":"product_tag-networkin","10":"product_tag-poe","11":"product_tag-ptp-y-ptmp","12":"product_tag-punto-de-acceso","13":"product_tag-redes","14":"product_tag-sectoriales","15":"product_tag-switches-poe","16":"product_tag-tranceptores","17":"product_tag-ubiquiti","19":"first","20":"instock","21":"sale","22":"taxable","23":"shipping-taxable","24":"purchasable","25":"product-type-simple"},"aioseo_notices":[],"_links":{"self":[{"href":"https:\/\/tecsecmty.com\/index.php\/wp-json\/wp\/v2\/product\/5552","targetHints":{"allow":["GET"]}}],"collection":[{"href":"https:\/\/tecsecmty.com\/index.php\/wp-json\/wp\/v2\/product"}],"about":[{"href":"https:\/\/tecsecmty.com\/index.php\/wp-json\/wp\/v2\/types\/product"}],"replies":[{"embeddable":true,"href":"https:\/\/tecsecmty.com\/index.php\/wp-json\/wp\/v2\/comments?post=5552"}],"version-history":[{"count":0,"href":"https:\/\/tecsecmty.com\/index.php\/wp-json\/wp\/v2\/product\/5552\/revisions"}],"wp:featuredmedia":[{"embeddable":true,"href":"https:\/\/tecsecmty.com\/index.php\/wp-json\/wp\/v2\/media\/5551"}],"wp:attachment":[{"href":"https:\/\/tecsecmty.com\/index.php\/wp-json\/wp\/v2\/media?parent=5552"}],"wp:term":[{"taxonomy":"product_brand","embeddable":true,"href":"https:\/\/tecsecmty.com\/index.php\/wp-json\/wp\/v2\/product_brand?post=5552"},{"taxonomy":"product_cat","embeddable":true,"href":"https:\/\/tecsecmty.com\/index.php\/wp-json\/wp\/v2\/product_cat?post=5552"},{"taxonomy":"product_tag","embeddable":true,"href":"https:\/\/tecsecmty.com\/index.php\/wp-json\/wp\/v2\/product_tag?post=5552"}],"curies":[{"name":"wp","href":"https:\/\/api.w.org\/{rel}","templated":true}]}}