{"id":5558,"date":"2023-02-23T11:06:30","date_gmt":"2023-02-23T17:06:30","guid":{"rendered":"https:\/\/tecsecmty.com\/index.php\/producto\/ubiquiti-uap-ac-lr-access-point-inalambrico-de-largo-alcance-unifi-ac-doble-banda-802-11ac-interior-mimo-2x2-24-dbm-hasta-1317-mbps-incluye-inyector-poe\/"},"modified":"2023-03-22T23:24:33","modified_gmt":"2023-03-23T05:24:33","slug":"ubiquiti-uap-ac-lr-access-point-inalambrico-de-largo-alcance-unifi-ac-doble-banda-802-11ac-interior-mimo-2x2-24-dbm-hasta-1317-mbps-incluye-inyector-poe","status":"publish","type":"product","link":"https:\/\/tecsecmty.com\/index.php\/producto\/ubiquiti-uap-ac-lr-access-point-inalambrico-de-largo-alcance-unifi-ac-doble-banda-802-11ac-interior-mimo-2x2-24-dbm-hasta-1317-mbps-incluye-inyector-poe\/","title":{"rendered":"UBIQUITI UAP-AC-LR &#8211; Access Point Inal\u00e1mbrico de largo alcance UniFi AC \/ Doble Banda 802.11ac \/ Interior \/ MIMO 2&#215;2 \/ 24 dBm \/ Hasta 1317 Mbps \/ Incluye Inyector PoE"},"content":{"rendered":"<div class=\"col-md-5 order-md-2\"><img decoding=\"async\" class=\"d-block m-auto img-thumbnail\" src=\"https:\/\/tvc.mx\/media\/67287\/UAPACLR_400x3001.png\" alt=\" \" \/><\/div>\n<div class=\"col-md-7 order-md-1 text-md-left text-center\">\n<h2>Descripci\u00f3n General Acces Point UAP AC LR<\/h2>\n<p class=\"text-muted\">\n<p class=\"ql-align-justify\">La serie de equipos Unifi AC LR AP, cuenta con caracter\u00edsticas m\u00e1s actuales del protocolo 802.11ac, y tambi\u00e9n con un dise\u00f1o refinado e ideal para el despliegue de redes inal\u00e1mbricas con un alto rendimiento en transmisi\u00f3n de informaci\u00f3n.<\/p>\n<\/div>\n<p>&nbsp;<\/p>\n<p>&nbsp;<\/p>\n<p>&nbsp;<\/p>\n<p>&nbsp;<\/p>\n<p>&nbsp;<\/p>\n<p>&nbsp;<\/p>\n<p>&nbsp;<\/p>\n<p>&nbsp;<\/p>\n<p>&nbsp;<\/p>\n<hr class=\"padding-bottom-2x\" \/>\n<div class=\"row align-items-center padding-bottom-2x\">\n<div class=\"col-md-5\"><img decoding=\"async\" class=\"d-block m-auto img-thumbnail\" src=\"https:\/\/tvc.mx\/media\/504376\/UAP-AC-LR_Back_grande.png\" alt=\" \" \/><\/div>\n<div class=\"col-md-7 text-md-left text-center\">\n<h2>Especificaciones t\u00e9cnicas<\/h2>\n<p class=\"text-muted\">\n<ul>\n<li>Interfaz de red: 1 puerto Ethernet RJ-45 10\/100\/1000<\/li>\n<li>Antenas: 1 antena banda doble con tripolaridad, 2.4GHz; 3dBi, 5GHz: 6dBi.<\/li>\n<li>Est\u00e1ndar inal\u00e1mbrico: 802.11a\/b\/g\/n\/ac.<\/li>\n<li>Fuente de alimentaci\u00f3n: Adaptador Poe Gigabit a 24V, 0.5A. (Incluido)<\/li>\n<li>Seguridad inal\u00e1mbrica: WEP, WPA-PSK, WPA-Enterprise (WPA\/WPA2, TKIP\/AES).<\/li>\n<li>M\u00e1ximo consumo de corriente: 6.5W.<\/li>\n<li>M\u00e9todo de alimentaci\u00f3n: PoE pasivo (Hilos 4,5, retorno 7,8).<\/li>\n<li>Temperatura de operaci\u00f3n: -10\u00b0C ~ 70\u00b0C.<\/li>\n<\/ul>\n<p class=\"ql-align-center\"><img decoding=\"async\" src=\"https:\/\/ftp3.syscom.mx\/usuarios\/dquezada\/Ubiquiti\/UniFi\/UAP-AC-LR\/comparativa.PNG\" \/><\/p>\n<p>&nbsp;<\/p>\n<\/div>\n<\/div>\n<hr class=\"padding-bottom-2x\" \/>\n<div class=\"row align-items-center padding-bottom-2x\">\n<div class=\"col-md-5 order-md-2\"><img decoding=\"async\" class=\"d-block m-auto img-thumbnail\" src=\"https:\/\/tvc.mx\/media\/67290\/UAPACLR_400x3002.png\" alt=\" \" \/><\/div>\n<div class=\"col-md-7 order-md-1 text-md-left text-center\">\n<h2>Innovador dise\u00f1o de la antena.<\/h2>\n<p class=\"text-muted\">\n<p class=\"ql-align-justify\">El innovador dise\u00f1o de la antena provee una gran distancia y un \u00e1rea de cobertura en enlace sim\u00e9trico, adem\u00e1s la ganancia de la antena del equipo UniFi AC LR AP cuenta con un rendimiento \u00f3ptimo que el de una sola v\u00eda, por lo que permite una alta transmisi\u00f3n de corriente para conectar a los clientes a grandes distancias.<\/p>\n<p>&nbsp;<\/p>\n<\/div>\n<\/div>\n<hr class=\"padding-bottom-2x\" \/>\n<div class=\"row align-items-center padding-bottom-2x\">\n<div class=\"col-md-5\"><img decoding=\"async\" class=\"d-block m-auto img-thumbnail\" src=\"https:\/\/tvc.mx\/media\/67293\/UAPACLR_400x3003.png\" alt=\" \" \/><\/div>\n<div class=\"col-md-7 text-md-left text-center\">\n<h2>Dise\u00f1ado para un \u00f3ptimo rendimiento de RF.<\/h2>\n<p class=\"text-muted\">\n<p class=\"ql-align-justify\">Cuenta con el m\u00e1s nuevo dise\u00f1o de controladores UniFi por lo cual optimiza el rendimiento de RF.<\/p>\n<p>&nbsp;<\/p>\n<\/div>\n<\/div>\n<hr class=\"padding-bottom-2x\" \/>\n<div class=\"row align-items-center padding-bottom-2x\">\n<div class=\"col-md-5 order-md-2\"><img decoding=\"async\" class=\"d-block m-auto img-thumbnail\" src=\"https:\/\/tvc.mx\/media\/67296\/UAPACLR_400x3004.png\" alt=\" \" \/><\/div>\n<div class=\"col-md-7 order-md-1 text-md-left text-center\">\n<h2>Administraci\u00f3n escalable empresarial WiFi.<\/h2>\n<p class=\"text-muted\">\n<p class=\"ql-align-justify\">El software controlador UniFi V4 es una potente herramienta empresarial inal\u00e1mbrica que es ideal para un desarrollo de clientes de alta densidad y que requieren una baja latencia y un alto desempe\u00f1o. Con el software se puede contar con el control virtual de los planos, lo que permite una ilimitada escalabilidad bajo un controlador centralizado.<\/p>\n<p>&nbsp;<\/p>\n<\/div>\n<\/div>\n<hr class=\"padding-bottom-2x\" \/>\n<div class=\"row align-items-center padding-bottom-2x\">\n<div class=\"col-md-5\"><img decoding=\"async\" class=\"d-block m-auto img-thumbnail\" src=\"https:\/\/tvc.mx\/media\/504356\/Captura-de-pantalla-2022-09-08-091419.png\" alt=\" \" \/><\/div>\n<div class=\"col-md-7 text-md-left text-center\">\n<h2>Incluye<\/h2>\n<p class=\"text-muted\">\n<ul>\n<li>UniFi AP AC LR<\/li>\n<li>Soporte de montaje<\/li>\n<li>Placa de apoyo de techo<\/li>\n<li>Tornillos de cabeza plana (cant.: 4)<\/li>\n<li>Tuercas Keps (cant.: 4)<\/li>\n<li>Tornillos (cant.: 4)<\/li>\n<li>Tacos para tornillos (cant.: 4)<\/li>\n<li>Gigabit PoE* (24 V, 0,5 A) con soporte de montaje<\/li>\n<li>Cable de alimentaci\u00f3n<\/li>\n<\/ul>\n<\/div>\n<\/div>\n","protected":false},"excerpt":{"rendered":"<p>Descripci\u00f3n General Acces Point UAP AC LR La serie de equipos Unifi AC LR AP, cuenta con caracter\u00edsticas m\u00e1s actuales del protocolo 802.11ac, y tambi\u00e9n con un dise\u00f1o refinado e ideal para el despliegue de redes inal\u00e1mbricas con un alto rendimiento en transmisi\u00f3n de informaci\u00f3n.&hellip;<\/p>\n","protected":false},"featured_media":5557,"comment_status":"open","ping_status":"closed","template":"","meta":{"om_disable_all_campaigns":false,"_monsterinsights_skip_tracking":false,"_monsterinsights_sitenote_active":false,"_monsterinsights_sitenote_note":"","_monsterinsights_sitenote_category":0},"product_brand":[],"product_cat":[485],"product_tag":[438,437,431,436,434,439,432,433,435,185,430],"class_list":{"0":"post-5558","1":"product","2":"type-product","3":"status-publish","4":"has-post-thumbnail","6":"product_cat-puntos-de-acceso","7":"product_tag-controladores","8":"product_tag-fibra","9":"product_tag-networkin","10":"product_tag-poe","11":"product_tag-ptp-y-ptmp","12":"product_tag-punto-de-acceso","13":"product_tag-redes","14":"product_tag-sectoriales","15":"product_tag-switches-poe","16":"product_tag-tranceptores","17":"product_tag-ubiquiti","19":"first","20":"instock","21":"sale","22":"taxable","23":"shipping-taxable","24":"purchasable","25":"product-type-simple"},"aioseo_notices":[],"_links":{"self":[{"href":"https:\/\/tecsecmty.com\/index.php\/wp-json\/wp\/v2\/product\/5558","targetHints":{"allow":["GET"]}}],"collection":[{"href":"https:\/\/tecsecmty.com\/index.php\/wp-json\/wp\/v2\/product"}],"about":[{"href":"https:\/\/tecsecmty.com\/index.php\/wp-json\/wp\/v2\/types\/product"}],"replies":[{"embeddable":true,"href":"https:\/\/tecsecmty.com\/index.php\/wp-json\/wp\/v2\/comments?post=5558"}],"version-history":[{"count":0,"href":"https:\/\/tecsecmty.com\/index.php\/wp-json\/wp\/v2\/product\/5558\/revisions"}],"wp:featuredmedia":[{"embeddable":true,"href":"https:\/\/tecsecmty.com\/index.php\/wp-json\/wp\/v2\/media\/5557"}],"wp:attachment":[{"href":"https:\/\/tecsecmty.com\/index.php\/wp-json\/wp\/v2\/media?parent=5558"}],"wp:term":[{"taxonomy":"product_brand","embeddable":true,"href":"https:\/\/tecsecmty.com\/index.php\/wp-json\/wp\/v2\/product_brand?post=5558"},{"taxonomy":"product_cat","embeddable":true,"href":"https:\/\/tecsecmty.com\/index.php\/wp-json\/wp\/v2\/product_cat?post=5558"},{"taxonomy":"product_tag","embeddable":true,"href":"https:\/\/tecsecmty.com\/index.php\/wp-json\/wp\/v2\/product_tag?post=5558"}],"curies":[{"name":"wp","href":"https:\/\/api.w.org\/{rel}","templated":true}]}}