{"id":5560,"date":"2023-02-23T11:06:32","date_gmt":"2023-02-23T17:06:32","guid":{"rendered":"https:\/\/tecsecmty.com\/index.php\/producto\/ubiquiti-uap-ac-m-access-point-inalambrico-unifi-mesh-ac-doble-banda-802-11ac-exterior-mimo-2x2-20-dbm-hasta-1167-mbps-incluye-inyector-poe\/"},"modified":"2023-03-22T23:24:33","modified_gmt":"2023-03-23T05:24:33","slug":"ubiquiti-uap-ac-m-access-point-inalambrico-unifi-mesh-ac-doble-banda-802-11ac-exterior-mimo-2x2-20-dbm-hasta-1167-mbps-incluye-inyector-poe","status":"publish","type":"product","link":"https:\/\/tecsecmty.com\/index.php\/producto\/ubiquiti-uap-ac-m-access-point-inalambrico-unifi-mesh-ac-doble-banda-802-11ac-exterior-mimo-2x2-20-dbm-hasta-1167-mbps-incluye-inyector-poe\/","title":{"rendered":"UBIQUITI UAP-AC-M &#8211; Access Point Inal\u00e1mbrico UniFi Mesh AC \/ Doble Banda 802.11ac \/ Exterior \/ MIMO 2&#215;2 \/ 20 dBm \/ Hasta 1167 Mbps \/ Incluye Inyector PoE"},"content":{"rendered":"<div class=\"col-md-5 order-md-2\"><img decoding=\"async\" class=\"d-block m-auto img-thumbnail\" src=\"https:\/\/tvc.mx\/media\/67377\/Uapacm400x3001.png\" alt=\" \" \/><\/div>\n<div class=\"col-md-7 order-md-1 text-md-left text-center\">\n<h2>Descripci\u00f3n General UAP AC M<\/h2>\n<p class=\"text-muted\">\n<p class=\"ql-align-justify\">UniFi es el revolucionario sistema Wi-Fi que combina Rendimiento empresarial, escalabilidad ilimitada y Controlador central de gesti\u00f3n. Los puntos de acceso UniFi AC Mesh tienen un dise\u00f1o industrial refinado y se pueden instalar f\u00e1cilmente Utilizando el hardware de montaje incluido.<\/p>\n<p class=\"ql-align-justify\">F\u00e1cilmente accesible a trav\u00e9s de cualquier navegador web est\u00e1ndar, el software UniFi Controller es un potente motor de software Ideal para implementaciones de cliente de alta densidad.<\/p>\n<\/div>\n<p>&nbsp;<\/p>\n<p>&nbsp;<\/p>\n<p>&nbsp;<\/p>\n<p>&nbsp;<\/p>\n<p>&nbsp;<\/p>\n<p>&nbsp;<\/p>\n<p>&nbsp;<\/p>\n<p>&nbsp;<\/p>\n<p>&nbsp;<\/p>\n<hr class=\"padding-bottom-2x\" \/>\n<div class=\"row align-items-center padding-bottom-2x\">\n<div class=\"col-md-5\"><img decoding=\"async\" class=\"d-block m-auto img-thumbnail\" src=\"https:\/\/tvc.mx\/media\/467372\/UAPAICW400x3005.png\" alt=\" \" \/><\/div>\n<div class=\"col-md-7 text-md-left text-center\">\n<h2>Principales Caracter\u00edsticas<\/h2>\n<p class=\"text-muted\">\n<ul>\n<li>Est\u00e1ndar Wi-Fi : 802.11a\/b\/g\/n\/ac.<\/li>\n<li>Doble banda: 5GHz y 2.4 GHz.<\/li>\n<li>MIMO: 2X2.<\/li>\n<li>Hasta 867 Mbps en 5GHz (802.11ac).<\/li>\n<li>Hasta 300 Mbps en 2.4GHz y 5 GHz (802.11n).<\/li>\n<li>1 Puerto Gigabit 10\/100\/1000.<\/li>\n<li>PoE de entrada de 24 V 0.5A, opci\u00f3n de 802.3af (Incluido).<\/li>\n<li>En PoE pasivo soporta de 44 V a 57 V.<\/li>\n<li>2 Antenas desmontables: 3 dBi en 2.4 GHz y 4 dBi en 5 GHz.<\/li>\n<li>Potencia de salida: 100 mW en 2.4 GHz y 100 mW en 5 GHz.<\/li>\n<li>Dimensiones: 353 x 46 x 34.4 mm.<\/li>\n<li>Incluye Adaptador PoE.<\/li>\n<li>Hasta 16 Saltos Mesh.<\/li>\n<\/ul>\n<p>&nbsp;<\/p>\n<\/div>\n<\/div>\n<hr class=\"padding-bottom-2x\" \/>\n<div class=\"row align-items-center padding-bottom-2x\">\n<div class=\"col-md-5 order-md-2\"><img decoding=\"async\" class=\"d-block m-auto img-thumbnail\" src=\"https:\/\/tvc.mx\/media\/67380\/Uapacm400x3002.png\" alt=\" \" \/><\/div>\n<div class=\"col-md-7 order-md-1 text-md-left text-center\">\n<h2>Escenarios de Aplicaci\u00f3n<\/h2>\n<p class=\"text-muted\">\n<p class=\"ql-align-justify\">Con Mesh Multi-Hop, Un \u00e1rea al aire libre grande, tal Como un parque con una infraestructura m\u00ednima, puede dar como Ventaja crear\u00a0una red de malla compuesta por Modelos UniFi AC Mesh.<\/p>\n<p>&nbsp;<\/p>\n<\/div>\n<\/div>\n<hr class=\"padding-bottom-2x\" \/>\n<div class=\"row align-items-center padding-bottom-2x\">\n<div class=\"col-md-5\"><img decoding=\"async\" class=\"d-block m-auto img-thumbnail\" src=\"https:\/\/tvc.mx\/media\/67383\/Uapacm400x3003.png\" alt=\" \" \/><\/div>\n<div class=\"col-md-7 text-md-left text-center\">\n<h2>Cobertura Omnidireccional, Interior o Exterior.<\/h2>\n<p class=\"text-muted\">\n<p>El UAP-AC-M incluye antenas regulables omni-direccionales de doble banda. Usted tiene la opci\u00f3n de usar una antena omni de 5 GHz para la cobertura de haz puntual en alta densidad Con numerosos puntos de acceso y clientes, como Salas de conferencias o centros de eventos.<\/p>\n<p>&nbsp;<\/p>\n<\/div>\n<\/div>\n<hr class=\"padding-bottom-2x\" \/>\n<div class=\"row align-items-center padding-bottom-2x\">\n<div class=\"col-md-5 order-md-2\"><img decoding=\"async\" class=\"d-block m-auto img-thumbnail\" src=\"https:\/\/tvc.mx\/media\/67386\/Uapacm400x3004.png\" alt=\" \" \/><\/div>\n<div class=\"col-md-7 order-md-1 text-md-left text-center\">\n<h2>Instalaciones UniFi AC para Exterior<\/h2>\n<p class=\"text-muted\">\n<p>Modelos de malla para instalaciones exteriores que requieren Instalaci\u00f3n r\u00e1pida y desmontaje, como una feria de la calle, Festivales de m\u00fasica, o lugares de conciertos.<\/p>\n<p>&nbsp;<\/p>\n<\/div>\n<\/div>\n<hr class=\"padding-bottom-2x\" \/>\n<div class=\"row align-items-center padding-bottom-2x\">\n<div class=\"col-md-5\"><img decoding=\"async\" class=\"d-block m-auto img-thumbnail\" src=\"https:\/\/tvc.mx\/media\/67389\/Uapacm400x3005.png\" alt=\" \" \/><\/div>\n<div class=\"col-md-7 text-md-left text-center\">\n<h2>Integraci\u00f3n plug and play.<\/h2>\n<p class=\"text-muted\">\n<p>La antena RocketDish\u00ae LW se encuentra fabricada para integrarse con el montaje Rocket\u00ae, por tal motivo no se requieren herramientas para instalar su equipo Rocket BaseStation.<\/p>\n<p>&nbsp;<\/p>\n<p>&nbsp;<\/p>\n<\/div>\n<\/div>\n<hr class=\"padding-bottom-2x\" \/>\n<div class=\"row align-items-center padding-bottom-2x\">\n<div class=\"col-md-5 order-md-2\"><img decoding=\"async\" class=\"d-block m-auto img-thumbnail\" src=\"https:\/\/tvc.mx\/media\/467366\/Captura-de-pantalla-2022-06-28-180958.png\" alt=\" \" \/><\/div>\n<div class=\"col-md-7 order-md-1 text-md-left text-center\">\n<h2>Incluye<\/h2>\n<p class=\"text-muted\">\n<ul>\n<li>1 UniFi Mesh<\/li>\n<li>2 Antenas<\/li>\n<li>1 Soporte de montaje en pared<\/li>\n<li>2 Tornillos<\/li>\n<li>2 Tacos para tornillos<\/li>\n<li>2 Bridas<\/li>\n<li>1 Adaptador de montaje r\u00e1pido<\/li>\n<li>1 Inyector PoE de 24V, 0.5A<\/li>\n<\/ul>\n<\/div>\n<\/div>\n","protected":false},"excerpt":{"rendered":"<p>Descripci\u00f3n General UAP AC M UniFi es el revolucionario sistema Wi-Fi que combina Rendimiento empresarial, escalabilidad ilimitada y Controlador central de gesti\u00f3n. Los puntos de acceso UniFi AC Mesh tienen un dise\u00f1o industrial refinado y se pueden instalar f\u00e1cilmente Utilizando el hardware de montaje incluido.&hellip;<\/p>\n","protected":false},"featured_media":5559,"comment_status":"open","ping_status":"closed","template":"","meta":{"om_disable_all_campaigns":false,"_monsterinsights_skip_tracking":false,"_monsterinsights_sitenote_active":false,"_monsterinsights_sitenote_note":"","_monsterinsights_sitenote_category":0},"product_brand":[],"product_cat":[485],"product_tag":[438,437,431,436,434,439,432,433,435,185,430],"class_list":{"0":"post-5560","1":"product","2":"type-product","3":"status-publish","4":"has-post-thumbnail","6":"product_cat-puntos-de-acceso","7":"product_tag-controladores","8":"product_tag-fibra","9":"product_tag-networkin","10":"product_tag-poe","11":"product_tag-ptp-y-ptmp","12":"product_tag-punto-de-acceso","13":"product_tag-redes","14":"product_tag-sectoriales","15":"product_tag-switches-poe","16":"product_tag-tranceptores","17":"product_tag-ubiquiti","19":"first","20":"instock","21":"sale","22":"taxable","23":"shipping-taxable","24":"purchasable","25":"product-type-simple"},"aioseo_notices":[],"_links":{"self":[{"href":"https:\/\/tecsecmty.com\/index.php\/wp-json\/wp\/v2\/product\/5560","targetHints":{"allow":["GET"]}}],"collection":[{"href":"https:\/\/tecsecmty.com\/index.php\/wp-json\/wp\/v2\/product"}],"about":[{"href":"https:\/\/tecsecmty.com\/index.php\/wp-json\/wp\/v2\/types\/product"}],"replies":[{"embeddable":true,"href":"https:\/\/tecsecmty.com\/index.php\/wp-json\/wp\/v2\/comments?post=5560"}],"version-history":[{"count":0,"href":"https:\/\/tecsecmty.com\/index.php\/wp-json\/wp\/v2\/product\/5560\/revisions"}],"wp:featuredmedia":[{"embeddable":true,"href":"https:\/\/tecsecmty.com\/index.php\/wp-json\/wp\/v2\/media\/5559"}],"wp:attachment":[{"href":"https:\/\/tecsecmty.com\/index.php\/wp-json\/wp\/v2\/media?parent=5560"}],"wp:term":[{"taxonomy":"product_brand","embeddable":true,"href":"https:\/\/tecsecmty.com\/index.php\/wp-json\/wp\/v2\/product_brand?post=5560"},{"taxonomy":"product_cat","embeddable":true,"href":"https:\/\/tecsecmty.com\/index.php\/wp-json\/wp\/v2\/product_cat?post=5560"},{"taxonomy":"product_tag","embeddable":true,"href":"https:\/\/tecsecmty.com\/index.php\/wp-json\/wp\/v2\/product_tag?post=5560"}],"curies":[{"name":"wp","href":"https:\/\/api.w.org\/{rel}","templated":true}]}}