{"id":5562,"date":"2023-02-23T11:06:33","date_gmt":"2023-02-23T17:06:33","guid":{"rendered":"https:\/\/tecsecmty.com\/index.php\/producto\/ubiquiti-uap-ac-m-pro-access-point-inalambrico-unifi-mesh-ac-doble-banda-802-11ac-exterior-mimo-3x3-22-dbm-hasta-1750-mbps-incluye-inyector-poe\/"},"modified":"2023-03-22T23:24:34","modified_gmt":"2023-03-23T05:24:34","slug":"ubiquiti-uap-ac-m-pro-access-point-inalambrico-unifi-mesh-ac-doble-banda-802-11ac-exterior-mimo-3x3-22-dbm-hasta-1750-mbps-incluye-inyector-poe","status":"publish","type":"product","link":"https:\/\/tecsecmty.com\/index.php\/producto\/ubiquiti-uap-ac-m-pro-access-point-inalambrico-unifi-mesh-ac-doble-banda-802-11ac-exterior-mimo-3x3-22-dbm-hasta-1750-mbps-incluye-inyector-poe\/","title":{"rendered":"UBIQUITI UAP-AC-M-PRO &#8211; Access Point Inal\u00e1mbrico UniFi Mesh AC \/ Doble Banda 802.11ac \/ Exterior \/ MIMO 3&#215;3 \/ 22 dBm \/ Hasta 1750 Mbps \/ Incluye Inyector PoE"},"content":{"rendered":"<div class=\"col-md-5 order-md-2\"><img decoding=\"async\" class=\"d-block m-auto img-thumbnail\" src=\"https:\/\/tvc.mx\/media\/72174\/uapacmproban1.png\" alt=\" \" \/><\/div>\n<div class=\"col-md-7 order-md-1 text-md-left text-center\">\n<h2>Descripci\u00f3n General<\/h2>\n<p class=\"text-muted\">\n<p>La serie de equipos Unifi AC Pro AP, cuenta con caracteristicas mas actuales del protocolo 802.11ac, un dise\u00f1o elegante y con tecnologia MIMO 3&#215;3, lo cual es ideal para el maximo rendimiento y despliegue de sus redes inalambricas.<\/p>\n<\/div>\n<p>&nbsp;<\/p>\n<p>&nbsp;<\/p>\n<p>&nbsp;<\/p>\n<p>&nbsp;<\/p>\n<p>&nbsp;<\/p>\n<p>&nbsp;<\/p>\n<hr class=\"padding-bottom-2x\" \/>\n<div class=\"row align-items-center padding-bottom-2x\">\n<div class=\"col-md-5\"><img decoding=\"async\" class=\"d-block m-auto img-thumbnail\" src=\"https:\/\/tvc.mx\/media\/72255\/bannerblanco.png\" alt=\" \" \/><\/div>\n<div class=\"col-md-7 text-md-left text-center\">\n<h2>Principales Caracter\u00edsticas<\/h2>\n<p class=\"text-muted\">\n<ul>\n<li>1 Puerto Gigabit 10\/100\/100 Mbps<\/li>\n<li>PoE de entrada de 48 V 0.5A (Incluido)<\/li>\n<li>Opci\u00f3n de 802.3af (En PoE pasivo soporta de 44 V a 57 V.<\/li>\n<li>Est\u00e1ndar Wi-Fi 802.11a\/b\/g\/n\/ac.<\/li>\n<li>Tecnolog\u00eda MIMO 3X3<\/li>\n<li>Doble banda 5GHz y 2.4 GHz..<\/li>\n<li>Hasta 1300 Mbps en 5GHz (802.11ac).<\/li>\n<li>Hasta 450\u00a0Mbps en 2.4GHz y 5 GHz (802.11n).<\/li>\n<li>3 Antenas integradas de 8 dBi.<\/li>\n<li>Potencia de salida del radio: 160 mW en 2.4 GHz y 160 mW en 5 GHz.<\/li>\n<li>Dimensiones: 343.2 x 181.2 x 60.2 mm.<\/li>\n<li>Incluye alimentador PoE.<\/li>\n<li>Hasta 16 Saltos en Mesh (hasta 16 UAP AC M PRO por v\u00eda Wi-Fi)<\/li>\n<\/ul>\n<p>&nbsp;<\/p>\n<\/div>\n<\/div>\n<hr class=\"padding-bottom-2x\" \/>\n<div class=\"row align-items-center padding-bottom-2x\">\n<div class=\"col-md-5 order-md-2\"><img decoding=\"async\" class=\"d-block m-auto img-thumbnail\" src=\"https:\/\/tvc.mx\/media\/72180\/uapacmproban2.png\" alt=\" \" \/><\/div>\n<div class=\"col-md-7 order-md-1 text-md-left text-center\">\n<h2>Tecnologia MIMO 11AC 3&#215;3 con radio dual<\/h2>\n<p class=\"text-muted\">\n<p class=\"ql-align-justify\">El equipo UniFi AC Pro AP, soporta de forma simultanea la conectividad dual band en frecuencias de 2.4 y 5GHz, gracias a su tecnolog\u00eda MIMO 3&#215;3 lo cual pueden incrementar su velocidad hasta 5 veces mas.<\/p>\n<p>&nbsp;<\/p>\n<\/div>\n<\/div>\n<hr class=\"padding-bottom-2x\" \/>\n<div class=\"row align-items-center padding-bottom-2x\">\n<div class=\"col-md-5\"><img decoding=\"async\" class=\"d-block m-auto img-thumbnail\" src=\"https:\/\/tvc.mx\/media\/72183\/uapacmproban3.png\" alt=\" \" \/><\/div>\n<div class=\"col-md-7 text-md-left text-center\">\n<h2>Dise\u00f1ado para un optimo rendimiento de RF<\/h2>\n<p class=\"text-muted\">\n<p>Cuenta con el m\u00e1s nuevo dise\u00f1o de controladores UniFi por lo cual optimiza el rendimiento de RF.<\/p>\n<p>Expande los l\u00edmites del WiFi de \u00e1rea amplia.Bienvenido a la tecnolog\u00eda de malla UniFi<\/p>\n<p>UniFi crea un sistema de dispositivos de extremo a extremo altamente escalable que abarca m\u00faltiples ubicaciones en todo el mundo: todo controlado por una \u00fanica interfaz a la que se accede a trav\u00e9s de Internet o una red local.<\/p>\n<p>&nbsp;<\/p>\n<\/div>\n<\/div>\n<hr class=\"padding-bottom-2x\" \/>\n<div class=\"row align-items-center padding-bottom-2x\">\n<div class=\"col-md-5 order-md-2\"><img decoding=\"async\" class=\"d-block m-auto img-thumbnail\" src=\"https:\/\/tvc.mx\/media\/72252\/uapacmproban4.png\" alt=\" \" \/><\/div>\n<div class=\"col-md-7 order-md-1 text-md-left text-center\">\n<h2>Dise\u00f1o versatil<\/h2>\n<p class=\"text-muted\">\n<p class=\"ql-align-justify\">El equipo UniFi AC Pro AP, soporta velocidades Gigabit, tambi\u00e9n puede reducir la conexi\u00f3n de cables ya que soporta el protocolo 802.3af y gracias a su dise\u00f1o, puede ser utilizado en interiores como en exteriores.<\/p>\n<p>&nbsp;<\/p>\n<\/div>\n<\/div>\n<hr class=\"padding-bottom-2x\" \/>\n<div class=\"row align-items-center padding-bottom-2x\">\n<div class=\"col-md-5\"><img decoding=\"async\" class=\"d-block m-auto img-thumbnail\" src=\"https:\/\/tvc.mx\/media\/503970\/Captura-de-pantalla-2022-09-07-172818.png\" alt=\" \" \/><\/div>\n<div class=\"col-md-7 text-md-left text-center\">\n<h2>Incluye<\/h2>\n<p class=\"text-muted\">\n<ul>\n<li>UAP-AC-M-PRO<\/li>\n<li>Kit de instalaci\u00f3n<\/li>\n<li>Kit de tornillos<\/li>\n<li>Inyector PoE<\/li>\n<li>Cable de alimentaci\u00f3n<\/li>\n<\/ul>\n<\/div>\n<\/div>\n","protected":false},"excerpt":{"rendered":"<p>Descripci\u00f3n General La serie de equipos Unifi AC Pro AP, cuenta con caracteristicas mas actuales del protocolo 802.11ac, un dise\u00f1o elegante y con tecnologia MIMO 3&#215;3, lo cual es ideal para el maximo rendimiento y despliegue de sus redes inalambricas. &nbsp; &nbsp; &nbsp; &nbsp; &nbsp;&hellip;<\/p>\n","protected":false},"featured_media":5561,"comment_status":"open","ping_status":"closed","template":"","meta":{"om_disable_all_campaigns":false,"_monsterinsights_skip_tracking":false,"_monsterinsights_sitenote_active":false,"_monsterinsights_sitenote_note":"","_monsterinsights_sitenote_category":0},"product_brand":[],"product_cat":[485],"product_tag":[438,437,431,436,434,439,432,433,435,185,430],"class_list":{"0":"post-5562","1":"product","2":"type-product","3":"status-publish","4":"has-post-thumbnail","6":"product_cat-puntos-de-acceso","7":"product_tag-controladores","8":"product_tag-fibra","9":"product_tag-networkin","10":"product_tag-poe","11":"product_tag-ptp-y-ptmp","12":"product_tag-punto-de-acceso","13":"product_tag-redes","14":"product_tag-sectoriales","15":"product_tag-switches-poe","16":"product_tag-tranceptores","17":"product_tag-ubiquiti","19":"first","20":"instock","21":"sale","22":"taxable","23":"shipping-taxable","24":"purchasable","25":"product-type-simple"},"aioseo_notices":[],"_links":{"self":[{"href":"https:\/\/tecsecmty.com\/index.php\/wp-json\/wp\/v2\/product\/5562","targetHints":{"allow":["GET"]}}],"collection":[{"href":"https:\/\/tecsecmty.com\/index.php\/wp-json\/wp\/v2\/product"}],"about":[{"href":"https:\/\/tecsecmty.com\/index.php\/wp-json\/wp\/v2\/types\/product"}],"replies":[{"embeddable":true,"href":"https:\/\/tecsecmty.com\/index.php\/wp-json\/wp\/v2\/comments?post=5562"}],"version-history":[{"count":0,"href":"https:\/\/tecsecmty.com\/index.php\/wp-json\/wp\/v2\/product\/5562\/revisions"}],"wp:featuredmedia":[{"embeddable":true,"href":"https:\/\/tecsecmty.com\/index.php\/wp-json\/wp\/v2\/media\/5561"}],"wp:attachment":[{"href":"https:\/\/tecsecmty.com\/index.php\/wp-json\/wp\/v2\/media?parent=5562"}],"wp:term":[{"taxonomy":"product_brand","embeddable":true,"href":"https:\/\/tecsecmty.com\/index.php\/wp-json\/wp\/v2\/product_brand?post=5562"},{"taxonomy":"product_cat","embeddable":true,"href":"https:\/\/tecsecmty.com\/index.php\/wp-json\/wp\/v2\/product_cat?post=5562"},{"taxonomy":"product_tag","embeddable":true,"href":"https:\/\/tecsecmty.com\/index.php\/wp-json\/wp\/v2\/product_tag?post=5562"}],"curies":[{"name":"wp","href":"https:\/\/api.w.org\/{rel}","templated":true}]}}