{"id":5566,"date":"2023-02-23T11:06:40","date_gmt":"2023-02-23T17:06:40","guid":{"rendered":"https:\/\/tecsecmty.com\/index.php\/producto\/ubiquiti-uap-iw-hd-access-point-inalambrico-de-doble-banda-unifi-ac-para-pared-interior-mu-mimo-4x4-5-puertos-gigabit-poe-hasta-2033mbps-lonuevo\/"},"modified":"2023-03-22T23:24:34","modified_gmt":"2023-03-23T05:24:34","slug":"ubiquiti-uap-iw-hd-access-point-inalambrico-de-doble-banda-unifi-ac-para-pared-interior-mu-mimo-4x4-5-puertos-gigabit-poe-hasta-2033mbps-lonuevo","status":"publish","type":"product","link":"https:\/\/tecsecmty.com\/index.php\/producto\/ubiquiti-uap-iw-hd-access-point-inalambrico-de-doble-banda-unifi-ac-para-pared-interior-mu-mimo-4x4-5-puertos-gigabit-poe-hasta-2033mbps-lonuevo\/","title":{"rendered":"UBIQUITI UAP-IW-HD- ACCESS POINT INALAMBRICO DE DOBLE BANDA UNIFI AC PARA PARED\/ INTERIOR\/ MU-MIMO 4X4\/ 5 PUERTOS GIGABIT\/ POE\/ HASTA 2033MBPS #LONUEVO"},"content":{"rendered":"<div class=\"col-md-5 order-md-2\"><img decoding=\"async\" class=\"d-block m-auto img-thumbnail\" src=\"https:\/\/tvc.mx\/media\/378171\/UAP-IW_HD_Front-2_grande.png\" alt=\" \" \/><\/div>\n<div class=\"col-md-7 order-md-1 text-md-left text-center\">\n<h2>UAP-IW-HD<\/h2>\n<p class=\"text-muted\">\n<p>El UAP IW HD puede alcanzar una tasa de rendimiento agregado de m\u00e1s de 2 Gbps con sus bandas de 5 GHz (4&#215;4 MU-MIMO) y 2,4 GHz (2&#215;2 MIMO), lo que le permite admitir m\u00e1s de 200 clientes conectados simult\u00e1neamente.\u00a0Este punto de acceso funciona con 802.3af PoE* y est\u00e1 equipado con (5) puertos GbE RJ45, incluido uno para paso PoE configurable de 48 V.<\/p>\n<p>El UAP IW HD es el punto de acceso plug-and-play perfecto para aquellos que buscan una manera discreta y f\u00e1cil de usar de ampliar su cobertura inal\u00e1mbrica.\u00a0Se puede configurar en minutos y administrar completamente con la aplicaci\u00f3n web o la aplicaci\u00f3n m\u00f3vil de UniFi Network.<\/p>\n<\/div>\n<p>&nbsp;<\/p>\n<p>&nbsp;<\/p>\n<p>&nbsp;<\/p>\n<p>&nbsp;<\/p>\n<p>&nbsp;<\/p>\n<p>&nbsp;<\/p>\n<p>&nbsp;<\/p>\n<p>&nbsp;<\/p>\n<p>&nbsp;<\/p>\n<hr class=\"padding-bottom-2x\" \/>\n<div class=\"row align-items-center padding-bottom-2x\">\n<div class=\"col-md-5\"><img decoding=\"async\" class=\"d-block m-auto img-thumbnail\" src=\"https:\/\/tvc.mx\/media\/492564\/UAP-IW-HD_Back_grandevethrthrth.png\" alt=\" \" \/><\/div>\n<div class=\"col-md-7 text-md-left text-center\">\n<h2>Principales Caracter\u00edsticas<\/h2>\n<p class=\"text-muted\">\n<ul>\n<li>Banda de 5 GHz (4&#215;4 MU-MIMO) con una tasa de rendimiento de 1,733 Gbps<\/li>\n<li class=\"ql-indent-1\">Banda de 2,4 GHz (2&#215;2 MIMO) con una tasa de rendimiento de 300 Mbps<\/li>\n<li class=\"ql-indent-1\">Capacidad para m\u00e1s de 200 clientes simult\u00e1neos<\/li>\n<li class=\"ql-indent-1\">Alimentado por 802.3af PoE*<\/li>\n<li class=\"ql-indent-1\">(5) puertos GbE RJ45, incluido (1) para transferencia PoE configurable (Puerto 1)<\/li>\n<\/ul>\n<p>&nbsp;<\/p>\n<\/div>\n<\/div>\n<hr class=\"padding-bottom-2x\" \/>\n<div class=\"row align-items-center padding-bottom-2x\">\n<div class=\"col-md-5 order-md-2\"><img decoding=\"async\" class=\"d-block m-auto img-thumbnail\" src=\"https:\/\/tvc.mx\/media\/492566\/rfergg.png\" alt=\" \" \/><\/div>\n<div class=\"col-md-7 order-md-1 text-md-left text-center\">\n<h2>Incluye<\/h2>\n<p class=\"text-muted\">\n<ul>\n<li class=\"ql-indent-1\">UAP-IW-HD<\/li>\n<li class=\"ql-indent-1\">Incluye: Kit de montaje en pared<\/li>\n<li class=\"ql-indent-1\"><strong>Inyector PoE no incluido<\/strong><\/li>\n<\/ul>\n<\/div>\n<\/div>\n","protected":false},"excerpt":{"rendered":"<p>UAP-IW-HD El UAP IW HD puede alcanzar una tasa de rendimiento agregado de m\u00e1s de 2 Gbps con sus bandas de 5 GHz (4&#215;4 MU-MIMO) y 2,4 GHz (2&#215;2 MIMO), lo que le permite admitir m\u00e1s de 200 clientes conectados simult\u00e1neamente.\u00a0Este punto de acceso funciona&hellip;<\/p>\n","protected":false},"featured_media":5565,"comment_status":"open","ping_status":"closed","template":"","meta":{"om_disable_all_campaigns":false,"_monsterinsights_skip_tracking":false,"_monsterinsights_sitenote_active":false,"_monsterinsights_sitenote_note":"","_monsterinsights_sitenote_category":0},"product_brand":[],"product_cat":[485],"product_tag":[438,437,431,436,434,439,432,433,435,185,430],"class_list":{"0":"post-5566","1":"product","2":"type-product","3":"status-publish","4":"has-post-thumbnail","6":"product_cat-puntos-de-acceso","7":"product_tag-controladores","8":"product_tag-fibra","9":"product_tag-networkin","10":"product_tag-poe","11":"product_tag-ptp-y-ptmp","12":"product_tag-punto-de-acceso","13":"product_tag-redes","14":"product_tag-sectoriales","15":"product_tag-switches-poe","16":"product_tag-tranceptores","17":"product_tag-ubiquiti","19":"first","20":"instock","21":"sale","22":"taxable","23":"shipping-taxable","24":"purchasable","25":"product-type-simple"},"aioseo_notices":[],"_links":{"self":[{"href":"https:\/\/tecsecmty.com\/index.php\/wp-json\/wp\/v2\/product\/5566","targetHints":{"allow":["GET"]}}],"collection":[{"href":"https:\/\/tecsecmty.com\/index.php\/wp-json\/wp\/v2\/product"}],"about":[{"href":"https:\/\/tecsecmty.com\/index.php\/wp-json\/wp\/v2\/types\/product"}],"replies":[{"embeddable":true,"href":"https:\/\/tecsecmty.com\/index.php\/wp-json\/wp\/v2\/comments?post=5566"}],"version-history":[{"count":0,"href":"https:\/\/tecsecmty.com\/index.php\/wp-json\/wp\/v2\/product\/5566\/revisions"}],"wp:featuredmedia":[{"embeddable":true,"href":"https:\/\/tecsecmty.com\/index.php\/wp-json\/wp\/v2\/media\/5565"}],"wp:attachment":[{"href":"https:\/\/tecsecmty.com\/index.php\/wp-json\/wp\/v2\/media?parent=5566"}],"wp:term":[{"taxonomy":"product_brand","embeddable":true,"href":"https:\/\/tecsecmty.com\/index.php\/wp-json\/wp\/v2\/product_brand?post=5566"},{"taxonomy":"product_cat","embeddable":true,"href":"https:\/\/tecsecmty.com\/index.php\/wp-json\/wp\/v2\/product_cat?post=5566"},{"taxonomy":"product_tag","embeddable":true,"href":"https:\/\/tecsecmty.com\/index.php\/wp-json\/wp\/v2\/product_tag?post=5566"}],"curies":[{"name":"wp","href":"https:\/\/api.w.org\/{rel}","templated":true}]}}