{"id":5568,"date":"2023-02-23T11:06:42","date_gmt":"2023-02-23T17:06:42","guid":{"rendered":"https:\/\/tecsecmty.com\/index.php\/producto\/ubiquiti-uap-nanohd-access-point-inalambrico-unifi-ac-nano-hd-doble-banda-802-11ac-interior-mu-mimo-4x4-26-dbm-hasta-2033-mbps-incluye-inyector-poe\/"},"modified":"2023-03-22T23:24:34","modified_gmt":"2023-03-23T05:24:34","slug":"ubiquiti-uap-nanohd-access-point-inalambrico-unifi-ac-nano-hd-doble-banda-802-11ac-interior-mu-mimo-4x4-26-dbm-hasta-2033-mbps-incluye-inyector-poe","status":"publish","type":"product","link":"https:\/\/tecsecmty.com\/index.php\/producto\/ubiquiti-uap-nanohd-access-point-inalambrico-unifi-ac-nano-hd-doble-banda-802-11ac-interior-mu-mimo-4x4-26-dbm-hasta-2033-mbps-incluye-inyector-poe\/","title":{"rendered":"UBIQUITI UAP-NANOHD &#8211; Access Point Inal\u00e1mbrico UniFi AC Nano HD \/ Doble Banda 802.11ac \/ Interior \/ MU-MIMO 4&#215;4 \/ 26 dBm \/ Hasta 2033 Mbps \/ Incluye Inyector PoE"},"content":{"rendered":"<div class=\"col-md-5 order-md-2\"><img decoding=\"async\" class=\"d-block m-auto img-thumbnail\" src=\"https:\/\/tvc.mx\/media\/68598\/UAP-nanoHD400x3001.png\" alt=\" \" \/><\/div>\n<div class=\"col-md-7 order-md-1 text-md-left text-center\">\n<h2>Descripci\u00f3n General UAPNANOHD<\/h2>\n<p class=\"text-muted\">\n<p>UniFi\u00ae es el revolucionario sistema de Wi-Fi que combina rendimiento empresarial, escalabilidad ilimitada y un controlador de gesti\u00f3n central. El AP UniFi nanoHD tiene un dise\u00f1o industrial refinado y se puede instalar f\u00e1cilmente utilizando el hardware de montaje incluido.<\/p>\n<\/div>\n<p>&nbsp;<\/p>\n<p>&nbsp;<\/p>\n<p>&nbsp;<\/p>\n<p>&nbsp;<\/p>\n<p>&nbsp;<\/p>\n<p>&nbsp;<\/p>\n<p>&nbsp;<\/p>\n<p>&nbsp;<\/p>\n<p>&nbsp;<\/p>\n<hr class=\"padding-bottom-2x\" \/>\n<div class=\"row align-items-center padding-bottom-2x\">\n<div class=\"col-md-5\"><img decoding=\"async\" class=\"d-block m-auto img-thumbnail\" src=\"https:\/\/tvc.mx\/media\/503510\/Captura-de-pantalla-2022-09-07-125741.png\" alt=\" \" \/><\/div>\n<div class=\"col-md-7 text-md-left text-center\">\n<h2>Principales Caracter\u00edsticas<\/h2>\n<p class=\"text-muted\">\n<ul>\n<li>1 puerto ethernet: 10\/100\/1000\u00a0Soporta PoE pasivo de 44-57V compatible con PoE 802.3af.<\/li>\n<li>Caracter\u00edsticas principales:Doble banda; 2.4 GHz y 5 GHz.<\/li>\n<li>Antena optimizada para 802.11ac Wave 2. MU-MIMO 4&#215;4 EN 5 Ghz;<\/li>\n<li>SSID: 8 por banda.<\/li>\n<li>Modo de operaci\u00f3n:\u00a0Acces Point y Repetidor Uplink (Repetidor inal\u00e1mbrico de UAPNANOHD cableado)<\/li>\n<li>Potencia de salida en banda 2.4 GHz: 300 Mbps<\/li>\n<li>Potencia de salida en banda 5 GHz: 1733 Mbps<\/li>\n<li>Ganancia de antenas: 2.4 GHz 2.8 dBi y 5 GHz 3 dBi.<\/li>\n<li>Consumo maximo: 11.5 W<\/li>\n<li>Hasta 300 Mbps en banda 2.4Ghz<\/li>\n<li>Hasta\u00a01733 Mbps en banda 5Ghz<\/li>\n<li>Adaptador Gigabit PoE de 48 Vcd, 0.5 A (incluido)<\/li>\n<\/ul>\n<p>&nbsp;<\/p>\n<\/div>\n<\/div>\n<hr class=\"padding-bottom-2x\" \/>\n<div class=\"row align-items-center padding-bottom-2x\">\n<div class=\"col-md-5 order-md-2\"><img decoding=\"async\" class=\"d-block m-auto img-thumbnail\" src=\"https:\/\/tvc.mx\/media\/68604\/UAP-nanoHD400x3002.png\" alt=\" \" \/><\/div>\n<div class=\"col-md-7 order-md-1 text-md-left text-center\">\n<h2>Desarrollado para redes definidas por software<\/h2>\n<p class=\"text-muted\">\n<h3 class=\"ql-align-justify\">Implemente f\u00e1cilmente su UniFi Enterprise System usando el software UniFi Controller incluido. Administre miles de dispositivos UniFi en m\u00faltiples sitios y ampl\u00ede su red seg\u00fan sea necesario sin ning\u00fan tipo de tarifa de licencia en curso.<\/h3>\n<p>&nbsp;<\/p>\n<\/div>\n<\/div>\n<hr class=\"padding-bottom-2x\" \/>\n<div class=\"row align-items-center padding-bottom-2x\">\n<div class=\"col-md-5\"><img decoding=\"async\" class=\"d-block m-auto img-thumbnail\" src=\"https:\/\/tvc.mx\/media\/68607\/UAP-nanoHD400x3003.png\" alt=\" \" \/><\/div>\n<div class=\"col-md-7 text-md-left text-center\">\n<h2>Dise\u00f1ado para una integraci\u00f3n perfecta *<\/h2>\n<p class=\"text-muted\">\n<h3 class=\"ql-align-justify\">El Punto de acceso UniFi nanoHD presenta un factor de forma de bajo perfil. El soporte de techo opcional o las caratulas personalizadas permiten que el AP se integre a\u00fan m\u00e1s discretamente en su configuraci\u00f3n.<\/h3>\n<p>&nbsp;<\/p>\n<\/div>\n<\/div>\n<hr class=\"padding-bottom-2x\" \/>\n<div class=\"row align-items-center padding-bottom-2x\">\n<div class=\"col-md-5 order-md-2\"><img decoding=\"async\" class=\"d-block m-auto img-thumbnail\" src=\"https:\/\/tvc.mx\/media\/68610\/UAP-nanoHD400x3004.png\" alt=\" \" \/><\/div>\n<div class=\"col-md-7 order-md-1 text-md-left text-center\">\n<h2>Nuestro Access Point m\u00e1s peque\u00f1o<\/h2>\n<p class=\"text-muted\">\n<h3 class=\"ql-align-justify\">Nuestro punto de acceso UniFi m\u00e1s peque\u00f1o disponible en el mercado. UAP nanoHD es un 30% m\u00e1s peque\u00f1o que la versi\u00f3n UAP AC Pro.<\/h3>\n<p>&nbsp;<\/p>\n<\/div>\n<\/div>\n<hr class=\"padding-bottom-2x\" \/>\n<div class=\"row align-items-center padding-bottom-2x\">\n<div class=\"col-md-5\"><img decoding=\"async\" class=\"d-block m-auto img-thumbnail\" src=\"https:\/\/tvc.mx\/media\/503488\/Captura-de-pantalla-2022-09-07-125207.png\" alt=\" \" \/><\/div>\n<div class=\"col-md-7 text-md-left text-center\">\n<h2>Incluye<\/h2>\n<p class=\"text-muted\">\n<ul>\n<li>UAP-NanoHD<\/li>\n<li>Base de instalaci\u00f3n<\/li>\n<li>Kit de instalaci\u00f3n<\/li>\n<li>Inyector PoE<\/li>\n<li>Cable de alimentaci\u00f3n<\/li>\n<\/ul>\n<\/div>\n<\/div>\n","protected":false},"excerpt":{"rendered":"<p>Descripci\u00f3n General UAPNANOHD UniFi\u00ae es el revolucionario sistema de Wi-Fi que combina rendimiento empresarial, escalabilidad ilimitada y un controlador de gesti\u00f3n central. El AP UniFi nanoHD tiene un dise\u00f1o industrial refinado y se puede instalar f\u00e1cilmente utilizando el hardware de montaje incluido. &nbsp; &nbsp; &nbsp;&hellip;<\/p>\n","protected":false},"featured_media":5567,"comment_status":"open","ping_status":"closed","template":"","meta":{"om_disable_all_campaigns":false,"_monsterinsights_skip_tracking":false,"_monsterinsights_sitenote_active":false,"_monsterinsights_sitenote_note":"","_monsterinsights_sitenote_category":0},"product_brand":[],"product_cat":[485],"product_tag":[438,437,431,436,434,439,432,433,435,185,430],"class_list":{"0":"post-5568","1":"product","2":"type-product","3":"status-publish","4":"has-post-thumbnail","6":"product_cat-puntos-de-acceso","7":"product_tag-controladores","8":"product_tag-fibra","9":"product_tag-networkin","10":"product_tag-poe","11":"product_tag-ptp-y-ptmp","12":"product_tag-punto-de-acceso","13":"product_tag-redes","14":"product_tag-sectoriales","15":"product_tag-switches-poe","16":"product_tag-tranceptores","17":"product_tag-ubiquiti","19":"first","20":"instock","21":"sale","22":"taxable","23":"shipping-taxable","24":"purchasable","25":"product-type-simple"},"aioseo_notices":[],"_links":{"self":[{"href":"https:\/\/tecsecmty.com\/index.php\/wp-json\/wp\/v2\/product\/5568","targetHints":{"allow":["GET"]}}],"collection":[{"href":"https:\/\/tecsecmty.com\/index.php\/wp-json\/wp\/v2\/product"}],"about":[{"href":"https:\/\/tecsecmty.com\/index.php\/wp-json\/wp\/v2\/types\/product"}],"replies":[{"embeddable":true,"href":"https:\/\/tecsecmty.com\/index.php\/wp-json\/wp\/v2\/comments?post=5568"}],"version-history":[{"count":0,"href":"https:\/\/tecsecmty.com\/index.php\/wp-json\/wp\/v2\/product\/5568\/revisions"}],"wp:featuredmedia":[{"embeddable":true,"href":"https:\/\/tecsecmty.com\/index.php\/wp-json\/wp\/v2\/media\/5567"}],"wp:attachment":[{"href":"https:\/\/tecsecmty.com\/index.php\/wp-json\/wp\/v2\/media?parent=5568"}],"wp:term":[{"taxonomy":"product_brand","embeddable":true,"href":"https:\/\/tecsecmty.com\/index.php\/wp-json\/wp\/v2\/product_brand?post=5568"},{"taxonomy":"product_cat","embeddable":true,"href":"https:\/\/tecsecmty.com\/index.php\/wp-json\/wp\/v2\/product_cat?post=5568"},{"taxonomy":"product_tag","embeddable":true,"href":"https:\/\/tecsecmty.com\/index.php\/wp-json\/wp\/v2\/product_tag?post=5568"}],"curies":[{"name":"wp","href":"https:\/\/api.w.org\/{rel}","templated":true}]}}