{"id":5570,"date":"2023-02-23T11:06:43","date_gmt":"2023-02-23T17:06:43","guid":{"rendered":"https:\/\/tecsecmty.com\/index.php\/producto\/ubiquiti-uapacedu-access-point-inalambrico-unifi-ac-interior-mimo-3x3-22-dbm-hasta-1750mbps-ofertasaaa\/"},"modified":"2023-03-22T23:24:34","modified_gmt":"2023-03-23T05:24:34","slug":"ubiquiti-uapacedu-access-point-inalambrico-unifi-ac-interior-mimo-3x3-22-dbm-hasta-1750mbps-ofertasaaa","status":"publish","type":"product","link":"https:\/\/tecsecmty.com\/index.php\/producto\/ubiquiti-uapacedu-access-point-inalambrico-unifi-ac-interior-mimo-3x3-22-dbm-hasta-1750mbps-ofertasaaa\/","title":{"rendered":"UBIQUITI UAPACEDU- ACCESS POINT INALAMBRICO UNIFI AC\/ INTERIOR\/ MIMO 3&#215;3\/ 22 DBM\/ HASTA 1750MBPS #OFERTASAAA"},"content":{"rendered":"<table border=\"0\" align=\"center\">\n<tbody>\n<tr>\n<td bgcolor=\"#0099ff\" width=\"700\" height=\"22\"><strong><span class=\"nuevo\">Informacion General\u00a0<\/span><\/strong><\/td>\n<\/tr>\n<\/tbody>\n<\/table>\n<p>&nbsp;<\/p>\n<p class=\"texto\"><img decoding=\"async\" src=\"http:\/\/soporte.tvc.mx\/Ingenieria\/UBIQUITI\/Productos\/UBI008003\/Imagenes\/UBNT_logo.png\" alt=\"\" width=\"334\" height=\"97\" \/><\/p>\n<p class=\"texto\">\n<h2>Unifi AP AC Edu Dual-Radio AP con sistema de megafon\u00eda<\/h2>\n<p>Con la \u00faltima tecnolog\u00eda Wi-Fi\u00a0<strong>802.11ac<\/strong>, 3&#215;3 MIMO, el UniFi AC EDU AP integra convenientemente las capacidades de Wi-Fi y megafon\u00eda, por lo que es ideal para su despliegue en Escuelas, Hospitales,Universidades, Recintos, Centros comerciales, etc.<\/p>\n<p>&nbsp;<\/p>\n<p><img fetchpriority=\"high\" decoding=\"async\" src=\"http:\/\/soporte.tvc.mx\/Ingenieria\/UBIQUITI\/Productos\/UBI009016\/Imagenes\/descargazad.jpg\" alt=\"\" width=\"283\" height=\"178\" align=\"middle\" \/><\/p>\n<table border=\"0\" align=\"center\">\n<tbody>\n<tr>\n<td bgcolor=\"#0099ff\" width=\"700\" height=\"22\"><strong>Aplicaciones<\/strong><\/td>\n<\/tr>\n<\/tbody>\n<\/table>\n<h2>UniFied Wi-Fi y la integraci\u00f3n del sistema de direcciones p\u00fablicas<\/h2>\n<p>Haga anuncios a trav\u00e9s de Wi-Fi: no se necesita hardware por separado.<\/p>\n<p>&nbsp;<\/p>\n<p><img decoding=\"async\" src=\"http:\/\/soporte.tvc.mx\/Ingenieria\/UBIQUITI\/Productos\/UBI009016\/Imagenes\/unifi-ap-ac-edu-features-unified-1.jpg\" alt=\"\" width=\"707\" height=\"244\" \/><\/p>\n<p>La aplicaci\u00f3n m\u00f3vil UniFi EDU ya est\u00e1 disponible en la App Store para iOS y Google Play Store para Android.<br \/>\n<a href=\"https:\/\/itunes.apple.com\/us\/app\/unifi-edu\/id1063878143\"><img loading=\"lazy\" decoding=\"async\" src=\"http:\/\/soporte.tvc.mx\/Ingenieria\/UBIQUITI\/Productos\/UBI009016\/Imagenes\/appstore.png\" alt=\"\" width=\"136\" height=\"37\" \/><\/a>\u00a0<a href=\"https:\/\/play.google.com\/store\/apps\/details?id=com.ubnt.unifi.edu&amp;hl=en\"><img loading=\"lazy\" decoding=\"async\" src=\"http:\/\/soporte.tvc.mx\/Ingenieria\/UBIQUITI\/Productos\/UBI009016\/Imagenes\/google-play-badge.png\" alt=\"\" width=\"129\" height=\"37\" \/><\/a><\/p>\n<p>&nbsp;<\/p>\n<h2>Rendimiento ac\u00fastico avanzado<\/h2>\n<p>El UniFi AC EDU AP proporciona sonido de alta calidad con reproducci\u00f3n de voz precisa.&nbsp;<\/p>\n<p><img loading=\"lazy\" decoding=\"async\" src=\"http:\/\/soporte.tvc.mx\/Ingenieria\/UBIQUITI\/Productos\/UBI009016\/Imagenes\/imagesxsd.jpg\" alt=\"\" width=\"307\" height=\"164\" \/><\/p>\n<p>&nbsp;<\/p>\n<h2>Dual-Radio 3&#215;3 MIMO<\/h2>\n<p>El UniFi AC EDU AP admite tecnolog\u00eda dual-band 3&#215;3 MIMO simult\u00e1nea en las bandas de radio de 2,4 y 5 GHz para hasta 1750 Mbps.&nbsp;<\/p>\n<p><img loading=\"lazy\" decoding=\"async\" src=\"http:\/\/soporte.tvc.mx\/Ingenieria\/UBIQUITI\/Productos\/UBI009016\/Imagenes\/unifi-ap-ac-edu-features-3x3-mimo.jpg\" alt=\"\" width=\"500\" height=\"288\" \/><\/p>\n<p>&nbsp;<\/p>\n<h2>Aplicaci\u00f3n de anuncio m\u00f3vil<\/h2>\n<p>Transmita anuncios con claridad desde su dispositivo con iOS o Android usando nuestra aplicaci\u00f3n m\u00f3vil.<\/p>\n<p>Ve a la App Store y Google Play.<\/p>\n<p><a href=\"https:\/\/itunes.apple.com\/us\/app\/unifi-edu\/id1063878143\"><img loading=\"lazy\" decoding=\"async\" src=\"http:\/\/soporte.tvc.mx\/Ingenieria\/UBIQUITI\/Productos\/UBI009016\/Imagenes\/appstore.png\" alt=\"\" width=\"136\" height=\"37\" \/><\/a>\u00a0<a href=\"https:\/\/play.google.com\/store\/apps\/details?id=com.ubnt.unifi.edu&amp;hl=en\"><img loading=\"lazy\" decoding=\"async\" src=\"http:\/\/soporte.tvc.mx\/Ingenieria\/UBIQUITI\/Productos\/UBI009016\/Imagenes\/google-play-badge.png\" alt=\"\" width=\"129\" height=\"37\" \/><\/a><\/p>\n<p><img loading=\"lazy\" decoding=\"async\" src=\"http:\/\/soporte.tvc.mx\/Ingenieria\/UBIQUITI\/Productos\/UBI009016\/Imagenes\/unifi-ap-ac-edu-features-mobile-app2-2x.jpg\" alt=\"\" width=\"482\" height=\"232\" \/><\/p>\n<p>&nbsp;<\/p>\n<table border=\"0\" align=\"center\">\n<tbody>\n<tr>\n<td bgcolor=\"#0099ff\" width=\"790\" height=\"22\"><strong>Especificaciones t\u00e9cnicas<\/strong><\/td>\n<\/tr>\n<\/tbody>\n<\/table>\n<p><img loading=\"lazy\" decoding=\"async\" src=\"http:\/\/soporte.tvc.mx\/Ingenieria\/UBIQUITI\/Productos\/UBI009016\/Imagenes\/specfs.jpg\" alt=\"\" width=\"451\" height=\"720\" \/><\/p>\n<div id=\"ccca\" class=\"ccca\">\n<p class=\"negritas\" align=\"left\"><strong><span class=\"centrado\"><span class=\"CC\">Principales Caracteristicas:<\/span><\/span><\/strong><\/p>\n<div align=\"left\">\n<ul>\n<li>Frecuencia de operaci\u00f3n: Dual Band 2.4 &#8211; 5GHz.<\/li>\n<li>Estandares\u00a0Wi-Fi\u00a0802.11 a\/b\/g\/n\/ac<\/li>\n<li>Mimo 3X3<\/li>\n<li>Hasta 1300 Mbps en 5GHz (802.11ac), Hasta 450 Mbps en 2.4GHz y 5 GHz (802.11n)<\/li>\n<li>Interface Ethernet: (2)10\/100\/1000 PoE IN 48V 0.5A, soporta alimentaci\u00f3n 802.3at.<\/li>\n<li><strong>N\u00famero m\u00e1ximo de dispositivos WiFi conectados:<\/strong>\u00a0250 \u00a0dispositivos m\u00e1ximo<\/li>\n<li>Ganancia: 2 antenas duales de 3 dBi.<\/li>\n<li>Potencia de salida: 22 dBm<\/li>\n<li>Soporta hasta 8 SSID por radio<\/li>\n<\/ul>\n<\/div>\n<\/div>\n","protected":false},"excerpt":{"rendered":"<p>Informacion General\u00a0 &nbsp; Unifi AP AC Edu Dual-Radio AP con sistema de megafon\u00eda Con la \u00faltima tecnolog\u00eda Wi-Fi\u00a0802.11ac, 3&#215;3 MIMO, el UniFi AC EDU AP integra convenientemente las capacidades de Wi-Fi y megafon\u00eda, por lo que es ideal para su despliegue en Escuelas, Hospitales,Universidades, Recintos,&hellip;<\/p>\n","protected":false},"featured_media":5569,"comment_status":"open","ping_status":"closed","template":"","meta":{"om_disable_all_campaigns":false,"_monsterinsights_skip_tracking":false,"_monsterinsights_sitenote_active":false,"_monsterinsights_sitenote_note":"","_monsterinsights_sitenote_category":0},"product_brand":[],"product_cat":[485],"product_tag":[438,437,431,436,434,439,432,433,435,185,430],"class_list":{"0":"post-5570","1":"product","2":"type-product","3":"status-publish","4":"has-post-thumbnail","6":"product_cat-puntos-de-acceso","7":"product_tag-controladores","8":"product_tag-fibra","9":"product_tag-networkin","10":"product_tag-poe","11":"product_tag-ptp-y-ptmp","12":"product_tag-punto-de-acceso","13":"product_tag-redes","14":"product_tag-sectoriales","15":"product_tag-switches-poe","16":"product_tag-tranceptores","17":"product_tag-ubiquiti","19":"first","20":"instock","21":"sale","22":"taxable","23":"shipping-taxable","24":"purchasable","25":"product-type-simple"},"aioseo_notices":[],"_links":{"self":[{"href":"https:\/\/tecsecmty.com\/index.php\/wp-json\/wp\/v2\/product\/5570","targetHints":{"allow":["GET"]}}],"collection":[{"href":"https:\/\/tecsecmty.com\/index.php\/wp-json\/wp\/v2\/product"}],"about":[{"href":"https:\/\/tecsecmty.com\/index.php\/wp-json\/wp\/v2\/types\/product"}],"replies":[{"embeddable":true,"href":"https:\/\/tecsecmty.com\/index.php\/wp-json\/wp\/v2\/comments?post=5570"}],"version-history":[{"count":0,"href":"https:\/\/tecsecmty.com\/index.php\/wp-json\/wp\/v2\/product\/5570\/revisions"}],"wp:featuredmedia":[{"embeddable":true,"href":"https:\/\/tecsecmty.com\/index.php\/wp-json\/wp\/v2\/media\/5569"}],"wp:attachment":[{"href":"https:\/\/tecsecmty.com\/index.php\/wp-json\/wp\/v2\/media?parent=5570"}],"wp:term":[{"taxonomy":"product_brand","embeddable":true,"href":"https:\/\/tecsecmty.com\/index.php\/wp-json\/wp\/v2\/product_brand?post=5570"},{"taxonomy":"product_cat","embeddable":true,"href":"https:\/\/tecsecmty.com\/index.php\/wp-json\/wp\/v2\/product_cat?post=5570"},{"taxonomy":"product_tag","embeddable":true,"href":"https:\/\/tecsecmty.com\/index.php\/wp-json\/wp\/v2\/product_tag?post=5570"}],"curies":[{"name":"wp","href":"https:\/\/api.w.org\/{rel}","templated":true}]}}