{"id":5572,"date":"2023-02-23T11:06:45","date_gmt":"2023-02-23T17:06:45","guid":{"rendered":"https:\/\/tecsecmty.com\/index.php\/producto\/ubiquiti-u6-pro-punto-de-acceso-wifi-6-pro-mimo-4x4-doble-banda-802-11ax-interior-tasa-de-transferencia-de-hasta-4-8gbps-en-5ghz\/"},"modified":"2023-03-22T23:24:33","modified_gmt":"2023-03-23T05:24:33","slug":"ubiquiti-u6-pro-punto-de-acceso-wifi-6-pro-mimo-4x4-doble-banda-802-11ax-interior-tasa-de-transferencia-de-hasta-4-8gbps-en-5ghz","status":"publish","type":"product","link":"https:\/\/tecsecmty.com\/index.php\/producto\/ubiquiti-u6-pro-punto-de-acceso-wifi-6-pro-mimo-4x4-doble-banda-802-11ax-interior-tasa-de-transferencia-de-hasta-4-8gbps-en-5ghz\/","title":{"rendered":"Ubiquiti U6-PRO &#8211; Punto de acceso WiFi 6 PRO\/ MIMO 4&#215;4\/ Doble Banda 802.11ax\/ Interior\/ Tasa de transferencia de hasta 4.8Gbps en 5GHz\/"},"content":{"rendered":"<div class=\"col-md-5 order-md-2\"><img decoding=\"async\" class=\"d-block m-auto img-thumbnail\" src=\"https:\/\/tvc.mx\/media\/355167\/U6-Pro_02_275aa25b-40db-4d82-a77c-c4d746c896e0_grande.png\" alt=\" \" \/><\/div>\n<div class=\"col-md-7 order-md-1 text-md-left text-center\">\n<h2>U6 PRO<\/h2>\n<p class=\"text-muted\">\n<p>El punto de acceso WiFi 6 Pro (U6 Pro) es un punto de acceso WiFi 6 de banda dual y alto rendimiento ideal para uso dom\u00e9stico y de oficina.\u00a0El U6 Pro es capaz de alcanzar una tasa de rendimiento total de hasta 5,3 Gbps con sus bandas de 5 GHz (4&#215;4 MIMO) y 2,4 GHz (2&#215;2 MIMO), lo que le permite admitir m\u00e1s de 300 clientes conectados simult\u00e1neamente mientras mantiene una experiencia inal\u00e1mbrica uniforme y confiable en toda su red.<\/p>\n<p>Tambi\u00e9n puede aislar el tr\u00e1fico de invitados para garantizar una seguridad y una velocidad \u00f3ptimas.\u00a0El U6 Pro tambi\u00e9n funciona en MIMO 4&#215;4 completo con canales de 160 MHz para crear enlaces ascendentes inal\u00e1mbricos de alta capacidad y facilitar una transferencia de datos m\u00e1s r\u00e1pida.\u00a0Se puede configurar en minutos y administrar completamente con la aplicaci\u00f3n UniFi Network.<\/p>\n<\/div>\n<p>&nbsp;<\/p>\n<p>&nbsp;<\/p>\n<p>&nbsp;<\/p>\n<p>&nbsp;<\/p>\n<p>&nbsp;<\/p>\n<p>&nbsp;<\/p>\n<p>&nbsp;<\/p>\n<p>&nbsp;<\/p>\n<p>&nbsp;<\/p>\n<p>&nbsp;<\/p>\n<hr class=\"padding-bottom-2x\" \/>\n<div class=\"row align-items-center padding-bottom-2x\">\n<div class=\"col-md-5\"><img decoding=\"async\" class=\"d-block m-auto img-thumbnail\" src=\"https:\/\/tvc.mx\/media\/355171\/U6-Pro_05_6339773d-589b-4a15-b95b-5e104acb26bf_grande.png\" alt=\" \" \/><\/div>\n<div class=\"col-md-7 text-md-left text-center\">\n<h2>Principales Caracter\u00edsticas<\/h2>\n<p class=\"text-muted\">\n<ul>\n<li>Wi-Fi 6 de doble banda (802.11ax)<\/li>\n<li>Banda de 5 GHz (4&#215;4 MU-MIMO) con una tasa de rendimiento de 4,8 Gbps<\/li>\n<li>Banda de 2,4 GHz (2&#215;2 MIMO) con una tasa de rendimiento de 573,5 Mbps<\/li>\n<li>Funciona en MIMO 4&#215;4 completo con un ancho de banda de 160 MHz<\/li>\n<li>Capacidad para m\u00e1s de 300 clientes simult\u00e1neos<\/li>\n<li>Guest Traffic Isolation, que mejora la seguridad de la red inal\u00e1mbrica y reduce la congesti\u00f3n del tr\u00e1fico<\/li>\n<li>Incluye placa de montaje universal, placa trasera y juego de tornillos<\/li>\n<\/ul>\n<p>&nbsp;<\/p>\n<\/div>\n<\/div>\n<hr class=\"padding-bottom-2x\" \/>\n<div class=\"row align-items-center padding-bottom-2x\">\n<div class=\"col-md-5 order-md-2\"><img decoding=\"async\" class=\"d-block m-auto img-thumbnail\" src=\"https:\/\/tvc.mx\/media\/515635\/Captura-de-pantalla-2022-09-22-141010.png\" alt=\" \" \/><\/div>\n<div class=\"col-md-7 order-md-1 text-md-left text-center\">\n<h2>Incluye<\/h2>\n<p class=\"text-muted\">\n<ul>\n<li>U6-PRO<\/li>\n<li>Bases para montaje<\/li>\n<li>Kits de tornillos<\/li>\n<\/ul>\n<\/div>\n<\/div>\n","protected":false},"excerpt":{"rendered":"<p>U6 PRO El punto de acceso WiFi 6 Pro (U6 Pro) es un punto de acceso WiFi 6 de banda dual y alto rendimiento ideal para uso dom\u00e9stico y de oficina.\u00a0El U6 Pro es capaz de alcanzar una tasa de rendimiento total de hasta 5,3&hellip;<\/p>\n","protected":false},"featured_media":5571,"comment_status":"open","ping_status":"closed","template":"","meta":{"om_disable_all_campaigns":false,"_monsterinsights_skip_tracking":false,"_monsterinsights_sitenote_active":false,"_monsterinsights_sitenote_note":"","_monsterinsights_sitenote_category":0},"product_brand":[],"product_cat":[485],"product_tag":[438,437,431,436,434,439,432,433,435,185,430],"class_list":{"0":"post-5572","1":"product","2":"type-product","3":"status-publish","4":"has-post-thumbnail","6":"product_cat-puntos-de-acceso","7":"product_tag-controladores","8":"product_tag-fibra","9":"product_tag-networkin","10":"product_tag-poe","11":"product_tag-ptp-y-ptmp","12":"product_tag-punto-de-acceso","13":"product_tag-redes","14":"product_tag-sectoriales","15":"product_tag-switches-poe","16":"product_tag-tranceptores","17":"product_tag-ubiquiti","19":"first","20":"instock","21":"sale","22":"taxable","23":"shipping-taxable","24":"purchasable","25":"product-type-simple"},"aioseo_notices":[],"_links":{"self":[{"href":"https:\/\/tecsecmty.com\/index.php\/wp-json\/wp\/v2\/product\/5572","targetHints":{"allow":["GET"]}}],"collection":[{"href":"https:\/\/tecsecmty.com\/index.php\/wp-json\/wp\/v2\/product"}],"about":[{"href":"https:\/\/tecsecmty.com\/index.php\/wp-json\/wp\/v2\/types\/product"}],"replies":[{"embeddable":true,"href":"https:\/\/tecsecmty.com\/index.php\/wp-json\/wp\/v2\/comments?post=5572"}],"version-history":[{"count":0,"href":"https:\/\/tecsecmty.com\/index.php\/wp-json\/wp\/v2\/product\/5572\/revisions"}],"wp:featuredmedia":[{"embeddable":true,"href":"https:\/\/tecsecmty.com\/index.php\/wp-json\/wp\/v2\/media\/5571"}],"wp:attachment":[{"href":"https:\/\/tecsecmty.com\/index.php\/wp-json\/wp\/v2\/media?parent=5572"}],"wp:term":[{"taxonomy":"product_brand","embeddable":true,"href":"https:\/\/tecsecmty.com\/index.php\/wp-json\/wp\/v2\/product_brand?post=5572"},{"taxonomy":"product_cat","embeddable":true,"href":"https:\/\/tecsecmty.com\/index.php\/wp-json\/wp\/v2\/product_cat?post=5572"},{"taxonomy":"product_tag","embeddable":true,"href":"https:\/\/tecsecmty.com\/index.php\/wp-json\/wp\/v2\/product_tag?post=5572"}],"curies":[{"name":"wp","href":"https:\/\/api.w.org\/{rel}","templated":true}]}}