{"id":5574,"date":"2023-02-23T11:06:46","date_gmt":"2023-02-23T17:06:46","guid":{"rendered":"https:\/\/tecsecmty.com\/index.php\/producto\/airmax-kit-rocket-prims-5ac-gen2-con-antena-rd-5g31-ac-ofertasubiquiti-losindispensables\/"},"modified":"2023-03-22T23:20:49","modified_gmt":"2023-03-23T05:20:49","slug":"airmax-kit-rocket-prims-5ac-gen2-con-antena-rd-5g31-ac-ofertasubiquiti-losindispensables","status":"publish","type":"product","link":"https:\/\/tecsecmty.com\/index.php\/producto\/airmax-kit-rocket-prims-5ac-gen2-con-antena-rd-5g31-ac-ofertasubiquiti-losindispensables\/","title":{"rendered":"AirMax KIT Rocket Prims 5AC Gen2 con antena RD-5G31-AC #OfertasUbiquiti #LosIndispensables"},"content":{"rendered":"<div class=\"col-md-5 order-md-2\"><img decoding=\"async\" class=\"d-block m-auto img-thumbnail\" src=\"https:\/\/tvc.mx\/media\/434879\/RP5ACGEN2Gallery1.png\" alt=\" \" \/><\/div>\n<div class=\"col-md-7 order-md-1 text-md-left text-center\">\n<h2>Airmax\u00ae BaseStation AC con Tecnolog\u00eda airPrism<\/h2>\n<p class=\"text-muted\">\n<p class=\"ql-align-justify\">Los\u00a0puntos de acceso\u00a0Rocket\u00a0\u00ae\u00a0Prism incorporan las tecnolog\u00edas airMAX ac y airPrism de alto rendimiento para un m\u00e1ximo rendimiento de redes inal\u00e1mbricas en \u00e1reas de alta densidad, tanto en 5 como a 2,4 GHz.<\/p>\n<\/div>\n<p>&nbsp;<\/p>\n<p>&nbsp;<\/p>\n<p>&nbsp;<\/p>\n<p>&nbsp;<\/p>\n<p>&nbsp;<\/p>\n<p>&nbsp;<\/p>\n<p>&nbsp;<\/p>\n<p>&nbsp;<\/p>\n<p>&nbsp;<\/p>\n<hr class=\"padding-bottom-2x\" \/>\n<div class=\"row align-items-center padding-bottom-2x\">\n<div class=\"col-md-5\"><img decoding=\"async\" class=\"d-block m-auto img-thumbnail\" src=\"https:\/\/tvc.mx\/media\/434883\/RP5ACGEN2Ban6.png\" alt=\" \" \/><\/div>\n<div class=\"col-md-7 text-md-left text-center\">\n<h2>Revolucionaria tecnolog\u00eda de filtrado<\/h2>\n<p class=\"text-muted\">\n<p class=\"ql-align-justify\">La tecnolog\u00eda airPrism patentada de Ubiquiti proporciona una avanzada selectividad de radio en el desempe\u00f1o de banda inal\u00e1mbrica sin licencia.\u00a0La tecnolog\u00eda airPrism a\u00edsla las se\u00f1ales dentro del canal operativo para aumentar la capacidad y el rendimiento en las implementaciones de coubicaci\u00f3n.<\/p>\n<p>&nbsp;<\/p>\n<\/div>\n<\/div>\n<hr class=\"padding-bottom-2x\" \/>\n<div class=\"row align-items-center padding-bottom-2x\">\n<div class=\"col-md-5 order-md-2\"><img decoding=\"async\" class=\"d-block m-auto img-thumbnail\" src=\"https:\/\/tvc.mx\/media\/434887\/RPP5acGEN2Ban7.png\" alt=\" \" \/><\/div>\n<div class=\"col-md-7 order-md-1 text-md-left text-center\">\n<h2>Dise\u00f1ado para alto rendimiento<\/h2>\n<p class=\"text-muted\">\n<p class=\"ql-align-justify\">El Rocket\u00a0\u00ae\u00a0Prism AC cuenta con carcasa de metal con blindaje EMI, GPS, circuito de airePrism y el\u00a0analizador de espectro en tiempo real\u00a0airView\u00a0\u00ae\u00a0para ofrecer la m\u00e1xima eficiencia \/ rendimiento espectral.<\/p>\n<p>&nbsp;<\/p>\n<\/div>\n<\/div>\n<hr class=\"padding-bottom-2x\" \/>\n<div class=\"row align-items-center padding-bottom-2x\">\n<div class=\"col-md-5\"><img decoding=\"async\" class=\"d-block m-auto img-thumbnail\" src=\"https:\/\/tvc.mx\/media\/434891\/RocketDish5g31Back-%281%29.png\" alt=\" \" \/><\/div>\n<div class=\"col-md-7 text-md-left text-center\">\n<h2>Dise\u00f1o avanzado de rendimiento<\/h2>\n<p class=\"text-muted\">\n<p class=\"ql-align-justify\">Las antenas RocketDish AC cuentan con avances significativos en escalabilidad, aislamiento de ruido y rendimiento del haz de transmisi\u00f3n que complementan a los equipos Rocket 5ac para las funciones de punto a punto (PtP). Estos equipos son compatibles con los equipos Rocket M5; sin embargo, para tener un \u00f3ptimo funcionamiento en el rendimiento se requiere de equipos Rocket 5ac.<\/p>\n<p>&nbsp;<\/p>\n<\/div>\n<\/div>\n<hr class=\"padding-bottom-2x\" \/>\n<div class=\"row align-items-center padding-bottom-2x\">\n<div class=\"col-md-5 order-md-2\"><img decoding=\"async\" class=\"d-block m-auto img-thumbnail\" src=\"https:\/\/tvc.mx\/media\/434895\/FeatureBeamTargeting.png\" alt=\" \" \/><\/div>\n<div class=\"col-md-7 order-md-1 text-md-left text-center\">\n<h2>Potente haz de directividad<\/h2>\n<p class=\"text-muted\">\n<p>Las antenas cuentan con una caracter\u00edstica superior para el aislamiento y un F\/B alto para un mejor rango de SNR (Signal to Noise), lo cual permite utilizar una modulaci\u00f3n alta para una m\u00e1xima tasa de transferencia.<\/p>\n<p>&nbsp;<\/p>\n<\/div>\n<\/div>\n<hr class=\"padding-bottom-2x\" \/>\n<div class=\"row align-items-center padding-bottom-2x\">\n<div class=\"col-md-5\"><img decoding=\"async\" class=\"d-block m-auto img-thumbnail\" src=\"https:\/\/tvc.mx\/media\/434899\/FeatureInterference-%281%29.png\" alt=\" \" \/><\/div>\n<div class=\"col-md-7 text-md-left text-center\">\n<h2>Reducci\u00f3n de interferencia para una alta ganancia<\/h2>\n<p class=\"text-muted\">\n<p>Las mejoras en el rango F\/B y la disminuci\u00f3n de los l\u00f3bulos laterales reducen significativamente la interferencia, por tal motivo la innovaci\u00f3n en este tipo de antenas es para proveer una ganancia superior y un rendimiento superior del haz para una alta capacidad.<\/p>\n<\/div>\n<\/div>\n","protected":false},"excerpt":{"rendered":"<p>Airmax\u00ae BaseStation AC con Tecnolog\u00eda airPrism Los\u00a0puntos de acceso\u00a0Rocket\u00a0\u00ae\u00a0Prism incorporan las tecnolog\u00edas airMAX ac y airPrism de alto rendimiento para un m\u00e1ximo rendimiento de redes inal\u00e1mbricas en \u00e1reas de alta densidad, tanto en 5 como a 2,4 GHz. &nbsp; &nbsp; &nbsp; &nbsp; &nbsp; &nbsp; &nbsp;&hellip;<\/p>\n","protected":false},"featured_media":5573,"comment_status":"open","ping_status":"closed","template":"","meta":{"om_disable_all_campaigns":false,"_monsterinsights_skip_tracking":false,"_monsterinsights_sitenote_active":false,"_monsterinsights_sitenote_note":"","_monsterinsights_sitenote_category":0},"product_brand":[],"product_cat":[487],"product_tag":[438,437,431,436,434,439,432,433,435,185,430],"class_list":{"0":"post-5574","1":"product","2":"type-product","3":"status-publish","4":"has-post-thumbnail","6":"product_cat-paquetes","7":"product_tag-controladores","8":"product_tag-fibra","9":"product_tag-networkin","10":"product_tag-poe","11":"product_tag-ptp-y-ptmp","12":"product_tag-punto-de-acceso","13":"product_tag-redes","14":"product_tag-sectoriales","15":"product_tag-switches-poe","16":"product_tag-tranceptores","17":"product_tag-ubiquiti","19":"first","20":"instock","21":"sale","22":"taxable","23":"shipping-taxable","24":"purchasable","25":"product-type-simple"},"aioseo_notices":[],"_links":{"self":[{"href":"https:\/\/tecsecmty.com\/index.php\/wp-json\/wp\/v2\/product\/5574","targetHints":{"allow":["GET"]}}],"collection":[{"href":"https:\/\/tecsecmty.com\/index.php\/wp-json\/wp\/v2\/product"}],"about":[{"href":"https:\/\/tecsecmty.com\/index.php\/wp-json\/wp\/v2\/types\/product"}],"replies":[{"embeddable":true,"href":"https:\/\/tecsecmty.com\/index.php\/wp-json\/wp\/v2\/comments?post=5574"}],"version-history":[{"count":0,"href":"https:\/\/tecsecmty.com\/index.php\/wp-json\/wp\/v2\/product\/5574\/revisions"}],"wp:featuredmedia":[{"embeddable":true,"href":"https:\/\/tecsecmty.com\/index.php\/wp-json\/wp\/v2\/media\/5573"}],"wp:attachment":[{"href":"https:\/\/tecsecmty.com\/index.php\/wp-json\/wp\/v2\/media?parent=5574"}],"wp:term":[{"taxonomy":"product_brand","embeddable":true,"href":"https:\/\/tecsecmty.com\/index.php\/wp-json\/wp\/v2\/product_brand?post=5574"},{"taxonomy":"product_cat","embeddable":true,"href":"https:\/\/tecsecmty.com\/index.php\/wp-json\/wp\/v2\/product_cat?post=5574"},{"taxonomy":"product_tag","embeddable":true,"href":"https:\/\/tecsecmty.com\/index.php\/wp-json\/wp\/v2\/product_tag?post=5574"}],"curies":[{"name":"wp","href":"https:\/\/api.w.org\/{rel}","templated":true}]}}