{"id":5576,"date":"2023-02-23T11:06:49","date_gmt":"2023-02-23T17:06:49","guid":{"rendered":"https:\/\/tecsecmty.com\/index.php\/producto\/kit-airfiber-af-5xhd-con-antena-fiber-23-dbi-slam-45-para-enlace-ptp-carrier-class-backhaul-de-500-mbps-hasta-6-km-banda-libre-5-8ghz-ofertasubiquiti-losindispensables\/"},"modified":"2023-03-22T23:23:37","modified_gmt":"2023-03-23T05:23:37","slug":"kit-airfiber-af-5xhd-con-antena-fiber-23-dbi-slam-45-para-enlace-ptp-carrier-class-backhaul-de-500-mbps-hasta-6-km-banda-libre-5-8ghz-ofertasubiquiti-losindispensables","status":"publish","type":"product","link":"https:\/\/tecsecmty.com\/index.php\/producto\/kit-airfiber-af-5xhd-con-antena-fiber-23-dbi-slam-45-para-enlace-ptp-carrier-class-backhaul-de-500-mbps-hasta-6-km-banda-libre-5-8ghz-ofertasubiquiti-losindispensables\/","title":{"rendered":"KIT Airfiber AF-5XHD con Antena Fiber 23 dBi Slam-45 para enlace PTP carrier class BACKHAUL de 500 MBPS hasta 6 km, Banda libre 5.8Ghz #OfertasUbiquiti #LosIndispensables"},"content":{"rendered":"<div class=\"col-md-5 order-md-2\"><img decoding=\"async\" class=\"d-block m-auto img-thumbnail\" src=\"https:\/\/tvc.mx\/media\/453357\/Principal-%281%29.png\" alt=\" \" \/><\/div>\n<div class=\"col-md-7 order-md-1 text-md-left text-center\">\n<h2>Airfiber AF5XHD<\/h2>\n<p>Un nuevo est\u00e1ndar en enlaces Backhaul para WISP (por sus siglas en ingles de Proveedor de servicios de internet) todo esto es gracias a que los equipos Ubiquiti AF5XHD cuentan con una eficiencia espectral verdadero de hasta 1Gbps, tecnolog\u00eda para enlaces PtP resistentes al ruido del entorno y espec\u00edficamente dise\u00f1ado para servicios WISP.<\/p>\n<\/div>\n<p>&nbsp;<\/p>\n<p>&nbsp;<\/p>\n<p>&nbsp;<\/p>\n<p>&nbsp;<\/p>\n<p>&nbsp;<\/p>\n<p>&nbsp;<\/p>\n<p>&nbsp;<\/p>\n<p>&nbsp;<\/p>\n<p>&nbsp;<\/p>\n<p>&nbsp;<\/p>\n<p>&nbsp;<\/p>\n<div class=\"row align-items-center padding-bottom-2x\">\n<div class=\"col-md-5\"><img decoding=\"async\" class=\"d-block m-auto img-thumbnail\" src=\"https:\/\/tvc.mx\/media\/453360\/FeatureGraph.png\" alt=\" \" \/><\/div>\n<div class=\"col-md-7 text-md-left text-center\">\n<h2>Tecnolog\u00eda LTU<\/h2>\n<p>En la imagen que se muestra en la parte inferior se puede observar una comparativa en eficiencia espectral entre tecnolog\u00edas\u00a0801.11n, 802.11ac AirFiber original y LTU.<\/p>\n<p>&nbsp;<\/p>\n<\/div>\n<\/div>\n<hr class=\"padding-bottom-2x\" \/>\n<div class=\"row align-items-center padding-bottom-2x\">\n<div class=\"col-md-5 order-md-2\"><img decoding=\"async\" class=\"d-block m-auto img-thumbnail\" src=\"https:\/\/tvc.mx\/media\/453363\/AntennaCompactFootprint.png\" alt=\" \" \/><\/div>\n<div class=\"col-md-7 order-md-1 text-md-left text-center\">\n<h2>Antena Direccional AF-5G23-S45<\/h2>\n<p class=\"ql-align-justify\">El factor de forma compacto permite que las antenas AirFiberX puedan ser utilizadas en diversas aplicaciones, desde las torres de soporte de red de retorno al punto a punto y sirviendo de puente entre los edificios.<\/p>\n<p>&nbsp;<\/p>\n<\/div>\n<\/div>\n<hr class=\"padding-bottom-2x\" \/>\n<div class=\"row align-items-center padding-bottom-2x\">\n<div class=\"col-md-5\"><img decoding=\"async\" class=\"d-block m-auto img-thumbnail\" src=\"https:\/\/tvc.mx\/media\/453366\/RfIsolation.png\" alt=\" \" \/><\/div>\n<div class=\"col-md-7 text-md-left text-center\">\n<h2>Dise\u00f1o de aislamiento de RF avanzado<\/h2>\n<p class=\"ql-align-justify\">El innovador dise\u00f1o industrial mejora el aislamiento de RF para reducir significativamente la interferencia y entregar ganancia superior para la alta capacidad, en redes de m\u00faltiples puntos.<\/p>\n<p>&nbsp;<\/p>\n<\/div>\n<\/div>\n<hr class=\"padding-bottom-2x\" \/>\n<div class=\"row align-items-center padding-bottom-2x\">\n<div class=\"col-md-5 order-md-2\"><img decoding=\"async\" class=\"d-block m-auto img-thumbnail\" src=\"https:\/\/tvc.mx\/media\/453369\/KITAIRFIBER.png\" alt=\" \" \/><\/div>\n<div class=\"col-md-7 order-md-1 text-md-left text-center\">\n<h2>Incluye<\/h2>\n<ul>\n<li>2 &#8211; AF-5XHD<\/li>\n<li>2 &#8211; AF-5G23-S45<\/li>\n<\/ul>\n<\/div>\n<\/div>\n","protected":false},"excerpt":{"rendered":"<p>Airfiber AF5XHD Un nuevo est\u00e1ndar en enlaces Backhaul para WISP (por sus siglas en ingles de Proveedor de servicios de internet) todo esto es gracias a que los equipos Ubiquiti AF5XHD cuentan con una eficiencia espectral verdadero de hasta 1Gbps, tecnolog\u00eda para enlaces PtP resistentes&hellip;<\/p>\n","protected":false},"featured_media":5575,"comment_status":"open","ping_status":"closed","template":"","meta":{"om_disable_all_campaigns":false,"_monsterinsights_skip_tracking":false,"_monsterinsights_sitenote_active":false,"_monsterinsights_sitenote_note":"","_monsterinsights_sitenote_category":0},"product_brand":[],"product_cat":[487],"product_tag":[438,437,431,436,434,439,432,433,435,185,430],"class_list":{"0":"post-5576","1":"product","2":"type-product","3":"status-publish","4":"has-post-thumbnail","6":"product_cat-paquetes","7":"product_tag-controladores","8":"product_tag-fibra","9":"product_tag-networkin","10":"product_tag-poe","11":"product_tag-ptp-y-ptmp","12":"product_tag-punto-de-acceso","13":"product_tag-redes","14":"product_tag-sectoriales","15":"product_tag-switches-poe","16":"product_tag-tranceptores","17":"product_tag-ubiquiti","19":"first","20":"instock","21":"sale","22":"taxable","23":"shipping-taxable","24":"purchasable","25":"product-type-simple"},"aioseo_notices":[],"_links":{"self":[{"href":"https:\/\/tecsecmty.com\/index.php\/wp-json\/wp\/v2\/product\/5576","targetHints":{"allow":["GET"]}}],"collection":[{"href":"https:\/\/tecsecmty.com\/index.php\/wp-json\/wp\/v2\/product"}],"about":[{"href":"https:\/\/tecsecmty.com\/index.php\/wp-json\/wp\/v2\/types\/product"}],"replies":[{"embeddable":true,"href":"https:\/\/tecsecmty.com\/index.php\/wp-json\/wp\/v2\/comments?post=5576"}],"version-history":[{"count":0,"href":"https:\/\/tecsecmty.com\/index.php\/wp-json\/wp\/v2\/product\/5576\/revisions"}],"wp:featuredmedia":[{"embeddable":true,"href":"https:\/\/tecsecmty.com\/index.php\/wp-json\/wp\/v2\/media\/5575"}],"wp:attachment":[{"href":"https:\/\/tecsecmty.com\/index.php\/wp-json\/wp\/v2\/media?parent=5576"}],"wp:term":[{"taxonomy":"product_brand","embeddable":true,"href":"https:\/\/tecsecmty.com\/index.php\/wp-json\/wp\/v2\/product_brand?post=5576"},{"taxonomy":"product_cat","embeddable":true,"href":"https:\/\/tecsecmty.com\/index.php\/wp-json\/wp\/v2\/product_cat?post=5576"},{"taxonomy":"product_tag","embeddable":true,"href":"https:\/\/tecsecmty.com\/index.php\/wp-json\/wp\/v2\/product_tag?post=5576"}],"curies":[{"name":"wp","href":"https:\/\/api.w.org\/{rel}","templated":true}]}}