{"id":5578,"date":"2023-02-23T11:06:50","date_gmt":"2023-02-23T17:06:50","guid":{"rendered":"https:\/\/tecsecmty.com\/index.php\/producto\/kit-5-piezas-ufiber-loco-gpon-onu-unidad-de-red-optica-con-1-puerto-wan-gpon-sc-apc-1-puerto-lan-gigabit-ethernet-ofertasubiquiti\/"},"modified":"2023-03-22T23:23:37","modified_gmt":"2023-03-23T05:23:37","slug":"kit-5-piezas-ufiber-loco-gpon-onu-unidad-de-red-optica-con-1-puerto-wan-gpon-sc-apc-1-puerto-lan-gigabit-ethernet-ofertasubiquiti","status":"publish","type":"product","link":"https:\/\/tecsecmty.com\/index.php\/producto\/kit-5-piezas-ufiber-loco-gpon-onu-unidad-de-red-optica-con-1-puerto-wan-gpon-sc-apc-1-puerto-lan-gigabit-ethernet-ofertasubiquiti\/","title":{"rendered":"KIT 5 piezas UFiber loco GPON ONU, Unidad de red \u00f3ptica con 1 puerto WAN GPON (SC\/APC) + 1 puerto LAN Gigabit Ethernet #OfertasUbiquiti"},"content":{"rendered":"<div class=\"col-md-5 order-md-2\"><img decoding=\"async\" class=\"d-block m-auto img-thumbnail\" src=\"https:\/\/tvc.mx\/media\/493152\/Ubiquiti-UF-LOCO-Gpon-Principal1-%281%29.png\" alt=\" \" \/><\/div>\n<div class=\"col-md-7 order-md-1 text-md-left text-center\">\n<h2>Unidad de red \u00f3ptica GPON de bajo costo<\/h2>\n<p class=\"text-muted\">\n<p>Con un elegante dise\u00f1o industrial, la locomotora U Fiber es un CPE GPON robusto y de alto rendimiento que presenta un consumo de energ\u00eda extremadamente bajo y dos opciones de energ\u00eda.<\/p>\n<\/div>\n<p>&nbsp;<\/p>\n<p>&nbsp;<\/p>\n<p>&nbsp;<\/p>\n<p>&nbsp;<\/p>\n<p>&nbsp;<\/p>\n<p>&nbsp;<\/p>\n<p>&nbsp;<\/p>\n<p>&nbsp;<\/p>\n<p>&nbsp;<\/p>\n<hr class=\"padding-bottom-2x\" \/>\n<div class=\"row align-items-center padding-bottom-2x\">\n<div class=\"col-md-5\"><img decoding=\"async\" class=\"d-block m-auto img-thumbnail\" src=\"https:\/\/tvc.mx\/media\/493154\/Ubiquiti-UF-LOCO-Gpon-Funcion2.png\" alt=\" \" \/><\/div>\n<div class=\"col-md-7 text-md-left text-center\">\n<h2>LED\u00b4s de estado<\/h2>\n<p class=\"text-muted\">\n<p>Los LED de f\u00e1cil lectura proporcionan informaci\u00f3n de estado: conexi\u00f3n Ethernet, intensidad de la se\u00f1al y alimentaci\u00f3n.<\/p>\n<p>&nbsp;<\/p>\n<\/div>\n<\/div>\n<hr class=\"padding-bottom-2x\" \/>\n<div class=\"row align-items-center padding-bottom-2x\">\n<div class=\"col-md-5 order-md-2\"><img decoding=\"async\" class=\"d-block m-auto img-thumbnail\" src=\"https:\/\/tvc.mx\/media\/493156\/Ubiquiti-UF-LOCO-Gpon-Funcion3.png\" alt=\" \" \/><\/div>\n<div class=\"col-md-7 order-md-1 text-md-left text-center\">\n<h2>Versatilidad en energ\u00eda<\/h2>\n<p class=\"text-muted\">\n<p>El UFiber loco puede ser alimentado por un adaptador de corriente Micro-USB (incluido) o PoE pasivo de 24V.<\/p>\n<p>&nbsp;<\/p>\n<\/div>\n<\/div>\n<hr class=\"padding-bottom-2x\" \/>\n<div class=\"row align-items-center padding-bottom-2x\">\n<div class=\"col-md-5\"><img decoding=\"async\" class=\"d-block m-auto img-thumbnail\" src=\"https:\/\/tvc.mx\/media\/493158\/Ubiquiti-UF-LOCO-Gpon-Funcion4.png\" alt=\" \" \/><\/div>\n<div class=\"col-md-7 text-md-left text-center\">\n<h2>Dise\u00f1ado para la integraci\u00f3n<\/h2>\n<p class=\"text-muted\">\n<p>Se pueden conectar hasta 128 dispositivos UFiber loco a un solo puerto GPON. Permite enlaces GPON de hasta 20 km, UFiber loco se integra con UFiber OLT, UFiber OLT 4 y dispositivos OLT de terceros.<\/p>\n<p>&nbsp;<\/p>\n<\/div>\n<\/div>\n<hr class=\"padding-bottom-2x\" \/>\n<div class=\"row align-items-center padding-bottom-2x\">\n<div class=\"col-md-5 order-md-2\"><img decoding=\"async\" class=\"d-block m-auto img-thumbnail\" src=\"https:\/\/tvc.mx\/media\/493160\/Captura-de-pantalla-2022-04-05-113043.png\" alt=\" \" \/><\/div>\n<div class=\"col-md-7 order-md-1 text-md-left text-center\">\n<h2>Principales Caracter\u00edsticas<\/h2>\n<p class=\"text-muted\">\n<ul>\n<li>CPE GPON de alto rendimiento<\/li>\n<li>Hasta 2,4 Gbps de bajada y 1,2 Gbps de subida<\/li>\n<li>Admite enlaces GPON de hasta 20 km<\/li>\n<li>Potentes funciones de gesti\u00f3n de capa 2\/3<\/li>\n<li>Puerto WAN GPON<\/li>\n<li>Puerto LAN Gigabit RJ45<\/li>\n<li>Conector de fibra SC\/APC<\/li>\n<\/ul>\n<p>&nbsp;<\/p>\n<\/div>\n<\/div>\n<hr class=\"padding-bottom-2x\" \/>\n<div class=\"row align-items-center padding-bottom-2x\">\n<div class=\"col-md-5\"><img decoding=\"async\" class=\"d-block m-auto img-thumbnail\" src=\"https:\/\/tvc.mx\/media\/493168\/Captura-de-pantalla-2022-08-17-135604.png\" alt=\" \" \/><\/div>\n<div class=\"col-md-7 text-md-left text-center\">\n<h2>Incluye<\/h2>\n<p class=\"text-muted\">\n<ul>\n<li>5 UFiber LOCO<\/li>\n<\/ul>\n<\/div>\n<\/div>\n","protected":false},"excerpt":{"rendered":"<p>Unidad de red \u00f3ptica GPON de bajo costo Con un elegante dise\u00f1o industrial, la locomotora U Fiber es un CPE GPON robusto y de alto rendimiento que presenta un consumo de energ\u00eda extremadamente bajo y dos opciones de energ\u00eda. &nbsp; &nbsp; &nbsp; &nbsp; &nbsp; &nbsp;&hellip;<\/p>\n","protected":false},"featured_media":5577,"comment_status":"open","ping_status":"closed","template":"","meta":{"om_disable_all_campaigns":false,"_monsterinsights_skip_tracking":false,"_monsterinsights_sitenote_active":false,"_monsterinsights_sitenote_note":"","_monsterinsights_sitenote_category":0},"product_brand":[],"product_cat":[487],"product_tag":[438,437,431,436,434,439,432,433,435,185,430],"class_list":{"0":"post-5578","1":"product","2":"type-product","3":"status-publish","4":"has-post-thumbnail","6":"product_cat-paquetes","7":"product_tag-controladores","8":"product_tag-fibra","9":"product_tag-networkin","10":"product_tag-poe","11":"product_tag-ptp-y-ptmp","12":"product_tag-punto-de-acceso","13":"product_tag-redes","14":"product_tag-sectoriales","15":"product_tag-switches-poe","16":"product_tag-tranceptores","17":"product_tag-ubiquiti","19":"first","20":"instock","21":"sale","22":"taxable","23":"shipping-taxable","24":"purchasable","25":"product-type-simple"},"aioseo_notices":[],"_links":{"self":[{"href":"https:\/\/tecsecmty.com\/index.php\/wp-json\/wp\/v2\/product\/5578","targetHints":{"allow":["GET"]}}],"collection":[{"href":"https:\/\/tecsecmty.com\/index.php\/wp-json\/wp\/v2\/product"}],"about":[{"href":"https:\/\/tecsecmty.com\/index.php\/wp-json\/wp\/v2\/types\/product"}],"replies":[{"embeddable":true,"href":"https:\/\/tecsecmty.com\/index.php\/wp-json\/wp\/v2\/comments?post=5578"}],"version-history":[{"count":0,"href":"https:\/\/tecsecmty.com\/index.php\/wp-json\/wp\/v2\/product\/5578\/revisions"}],"wp:featuredmedia":[{"embeddable":true,"href":"https:\/\/tecsecmty.com\/index.php\/wp-json\/wp\/v2\/media\/5577"}],"wp:attachment":[{"href":"https:\/\/tecsecmty.com\/index.php\/wp-json\/wp\/v2\/media?parent=5578"}],"wp:term":[{"taxonomy":"product_brand","embeddable":true,"href":"https:\/\/tecsecmty.com\/index.php\/wp-json\/wp\/v2\/product_brand?post=5578"},{"taxonomy":"product_cat","embeddable":true,"href":"https:\/\/tecsecmty.com\/index.php\/wp-json\/wp\/v2\/product_cat?post=5578"},{"taxonomy":"product_tag","embeddable":true,"href":"https:\/\/tecsecmty.com\/index.php\/wp-json\/wp\/v2\/product_tag?post=5578"}],"curies":[{"name":"wp","href":"https:\/\/api.w.org\/{rel}","templated":true}]}}