{"id":5580,"date":"2023-02-23T11:06:53","date_gmt":"2023-02-23T17:06:53","guid":{"rendered":"https:\/\/tecsecmty.com\/index.php\/producto\/kit-unifi-controlador-unifi-cloud-key-con-montaje-para-rack-de-19-pulgadas-incluye-un-controlador-unifi-uck-g2-plus-administracion-unificada-de-los-equipos-unifi-montaje-unifi-para-rack-de-19-pulgadas\/"},"modified":"2023-03-22T23:23:37","modified_gmt":"2023-03-23T05:23:37","slug":"kit-unifi-controlador-unifi-cloud-key-con-montaje-para-rack-de-19-pulgadas-incluye-un-controlador-unifi-uck-g2-plus-administracion-unificada-de-los-equipos-unifi-montaje-unifi-para-rack-de-19-pulgadas","status":"publish","type":"product","link":"https:\/\/tecsecmty.com\/index.php\/producto\/kit-unifi-controlador-unifi-cloud-key-con-montaje-para-rack-de-19-pulgadas-incluye-un-controlador-unifi-uck-g2-plus-administracion-unificada-de-los-equipos-unifi-montaje-unifi-para-rack-de-19-pulgadas\/","title":{"rendered":"KIT UNIFI Controlador UniFi Cloud Key con Montaje para Rack de 19 pulgadas-Incluye un controlador UniFi UCK-G2-PLUS\/Administraci\u00f3n Unificada de los equipos UniFi\/Montaje UniFi para rack de 19 pulgadas CKG2-RM"},"content":{"rendered":"<div class=\"row align-items-center padding-bottom-2x\">\n<div class=\"col-md-5\"><img decoding=\"async\" class=\"d-block m-auto img-thumbnail\" src=\"https:\/\/tvc.mx\/media\/553911\/UCKG2PLUS_1-%281%29-%281%29-%281%29.png\" alt=\" \" \/><\/div>\n<div class=\"col-md-7 text-md-left text-center\">\n<h2>UCK-G2-PLUS<\/h2>\n<p class=\"ql-align-justify\">El UCK-G2-PLUS cuenta con la capacidad de configuraci\u00f3n y administraci\u00f3n de docenas de dispositivos UniFi que se encuentren dentro de su red.<\/p>\n<p>&nbsp;<\/p>\n<\/div>\n<\/div>\n<hr class=\"padding-bottom-2x\" \/>\n<div class=\"row align-items-center padding-bottom-2x\">\n<div class=\"col-md-5 order-md-2\"><img decoding=\"async\" class=\"d-block m-auto img-thumbnail\" src=\"https:\/\/tvc.mx\/media\/553907\/UCKG2_2-%281%29.png\" alt=\" \" \/><\/div>\n<div class=\"col-md-7 order-md-1 text-md-left text-center\">\n<h2>Incre\u00edble escalabilidad<\/h2>\n<p class=\"ql-align-justify\">Configuraci\u00f3n, aprovisionamiento de equipos, agregar equipos y administraci\u00f3n de estos son algunas de las funciones que puede realizar con los dispositivos UniFi agregados en su red, ya sea en una red privada o bien en varias todo desde un panel de control centralizado.<\/p>\n<p>&nbsp;<\/p>\n<\/div>\n<\/div>\n<hr class=\"padding-bottom-2x\" \/>\n<div class=\"row aling-items-center padding-bottom-2x\">\n<div class=\"col-lg-12\">\n<h5 class=\"card-title text-center\">Administraci\u00f3n de m\u00faltiples sitios<\/h5>\n<h5><\/h5>\n<p>Los equipos UCK-G2 instalados en cada sitio de implementaci\u00f3n ofrece un servicio siempre activo dentro de la red, pero a su vez cada sitio es accesible a trav\u00e9s de la red UniFi Cloud para permitir la configuraci\u00f3n de sus equipos.<\/p>\n<p><img decoding=\"async\" class=\"overview-center-img-web\" src=\"https:\/\/tvc.mx\/media\/553903\/UCKG2_5-%282%29.png\" alt=\"\" \/><\/p>\n<\/div>\n<\/div>\n<div class=\"row aling-items-center padding-bottom-2x\">\n<div class=\"col-lg-12\">\n<h5 class=\"card-title text-center\">Administraci\u00f3n a trav\u00e9s de su aplicaci\u00f3n m\u00f3vil<\/h5>\n<p>La aplicaci\u00f3n se puede descargar desde Play Store y App Store y provee un acceso remoto hacia su dispositivo UniFi Controller. A su vez permite analizar y administrar el estado de los dispositivos, tr\u00e1fico de la red todo desde cualquier parte del mundo simplemente usando su cuenta Ubiquiti.<\/p>\n<p><img decoding=\"async\" class=\"overview-center-img-web\" src=\"https:\/\/tvc.mx\/media\/553915\/UCKG2_6.png\" alt=\"\" \/><\/p>\n<\/div>\n<\/div>\n<div class=\"row align-items-center padding-bottom-2x\">\n<div class=\"col-md-5\"><img decoding=\"async\" class=\"d-block m-auto img-thumbnail\" src=\"https:\/\/tvc.mx\/media\/553919\/Ubiquiti-Unifi-ckg2rm-rack-de-mo.png\" alt=\" \" \/><\/div>\n<div class=\"col-md-7 text-md-left text-center\">\n<h2>CKG2-RM<\/h2>\n<p>Monte su CloudKey G2 o CloudKey G2 Plus\u00a0en un bastidor de 19 \u00abcon el accesorio de montaje en bastidor Cloud Key G2. El Cloud Key G2 y el Cloud Key G2 Plus se bloquean de forma segura en la parte posterior del accesorio de montaje en bastidor para una instalaci\u00f3n limpia y segura. La nube La pantalla clave del panel frontal, el conector Ethernet RJ45, el bot\u00f3n de reinicio y el LED de estado est\u00e1n expuestos en el panel frontal para facilitar el acceso.<\/p>\n<h2>Principales Caracter\u00edsticas<\/h2>\n<ul>\n<li>Dimensiones 27,10 x 46,80 x 119,75 mm (1.07 x 1.84 x 4.71 \u00ab)<\/li>\n<li>Peso 172 g (6.07 onzas)<\/li>\n<li>Caja de aluminio<\/li>\n<li>Interfaz de gesti\u00f3n UniFi<\/li>\n<li>Interfaz de red (1) Puerto Ethernet 10\/100\/1000<\/li>\n<li>Botones (1) Restablecer a los valores predeterminados de energ\u00eda<\/li>\n<li>M\u00e9todo de alimentaci\u00f3n 802.3af PoE DC 5V, 1A<\/li>\n<li>Fuente de alimentaci\u00f3n 802.3af PoE o USB-C 5V, m\u00ednimo 1A<\/li>\n<li>Max. Consumo de energ\u00eda 5W<\/li>\n<li>Temperatura de funcionamiento 0 a 35 \u00b0 C (32 a 104 \u00b0 F)<\/li>\n<li>Humedad de funcionamiento 20 a 80% sin condensaci\u00f3n<\/li>\n<li>Certificaciones CE, FCC, IC<\/li>\n<li>Incluye Tornillos de Montaje<\/li>\n<li>Compatible con UCK-G2 Y UCK-G2-PLUS (No Incluidos)<\/li>\n<\/ul>\n<p>&nbsp;<\/p>\n<\/div>\n<\/div>\n<hr class=\"padding-bottom-2x\" \/>\n<div class=\"row align-items-center padding-bottom-2x\">\n<div class=\"col-md-5\"><img decoding=\"async\" class=\"d-block m-auto img-thumbnail\" src=\"https:\/\/tvc.mx\/media\/553927\/Ubiquiti-Unifi-ckg2rm-montaje-en.png\" alt=\" \" \/><\/div>\n<div class=\"col-md-7 text-md-left text-center\">\n<h2>Incluye<\/h2>\n<ul>\n<li>UCK-G2-PLUS (Controlador UniFi)<\/li>\n<li>Se alimenta con PoE 802.3af (NO incluido) o fuente 9V 2A a USB tipo C 2.0\/3.0 (no incluido)<\/li>\n<\/ul>\n<ul>\n<li>CKG2-RM (Montaje para Rack de 19 pulgadas)<\/li>\n<\/ul>\n<\/div>\n<\/div>\n","protected":false},"excerpt":{"rendered":"<p>UCK-G2-PLUS El UCK-G2-PLUS cuenta con la capacidad de configuraci\u00f3n y administraci\u00f3n de docenas de dispositivos UniFi que se encuentren dentro de su red. &nbsp; Incre\u00edble escalabilidad Configuraci\u00f3n, aprovisionamiento de equipos, agregar equipos y administraci\u00f3n de estos son algunas de las funciones que puede realizar con&hellip;<\/p>\n","protected":false},"featured_media":5579,"comment_status":"open","ping_status":"closed","template":"","meta":{"om_disable_all_campaigns":false,"_monsterinsights_skip_tracking":false,"_monsterinsights_sitenote_active":false,"_monsterinsights_sitenote_note":"","_monsterinsights_sitenote_category":0},"product_brand":[],"product_cat":[487],"product_tag":[438,437,431,436,434,439,432,433,435,185,430],"class_list":{"0":"post-5580","1":"product","2":"type-product","3":"status-publish","4":"has-post-thumbnail","6":"product_cat-paquetes","7":"product_tag-controladores","8":"product_tag-fibra","9":"product_tag-networkin","10":"product_tag-poe","11":"product_tag-ptp-y-ptmp","12":"product_tag-punto-de-acceso","13":"product_tag-redes","14":"product_tag-sectoriales","15":"product_tag-switches-poe","16":"product_tag-tranceptores","17":"product_tag-ubiquiti","19":"first","20":"instock","21":"sale","22":"taxable","23":"shipping-taxable","24":"purchasable","25":"product-type-simple"},"aioseo_notices":[],"_links":{"self":[{"href":"https:\/\/tecsecmty.com\/index.php\/wp-json\/wp\/v2\/product\/5580","targetHints":{"allow":["GET"]}}],"collection":[{"href":"https:\/\/tecsecmty.com\/index.php\/wp-json\/wp\/v2\/product"}],"about":[{"href":"https:\/\/tecsecmty.com\/index.php\/wp-json\/wp\/v2\/types\/product"}],"replies":[{"embeddable":true,"href":"https:\/\/tecsecmty.com\/index.php\/wp-json\/wp\/v2\/comments?post=5580"}],"version-history":[{"count":0,"href":"https:\/\/tecsecmty.com\/index.php\/wp-json\/wp\/v2\/product\/5580\/revisions"}],"wp:featuredmedia":[{"embeddable":true,"href":"https:\/\/tecsecmty.com\/index.php\/wp-json\/wp\/v2\/media\/5579"}],"wp:attachment":[{"href":"https:\/\/tecsecmty.com\/index.php\/wp-json\/wp\/v2\/media?parent=5580"}],"wp:term":[{"taxonomy":"product_brand","embeddable":true,"href":"https:\/\/tecsecmty.com\/index.php\/wp-json\/wp\/v2\/product_brand?post=5580"},{"taxonomy":"product_cat","embeddable":true,"href":"https:\/\/tecsecmty.com\/index.php\/wp-json\/wp\/v2\/product_cat?post=5580"},{"taxonomy":"product_tag","embeddable":true,"href":"https:\/\/tecsecmty.com\/index.php\/wp-json\/wp\/v2\/product_tag?post=5580"}],"curies":[{"name":"wp","href":"https:\/\/api.w.org\/{rel}","templated":true}]}}